{"id":1126,"date":"2023-12-05T10:35:52","date_gmt":"2023-12-05T10:35:52","guid":{"rendered":"https:\/\/dahabkitesurfing.com\/?page_id=1126"},"modified":"2024-07-26T15:15:24","modified_gmt":"2024-07-26T15:15:24","slug":"soziale-strome","status":"publish","type":"page","link":"https:\/\/dahabkitesurfing.com\/de\/soziale-strome\/","title":{"rendered":"Soziale Medien"},"content":{"rendered":"<div data-elementor-type=\"wp-page\" data-elementor-id=\"1126\" class=\"elementor elementor-1126\" data-elementor-post-type=\"page\">\n\t\t\t\t\t\t<section class=\"elementor-section elementor-top-section elementor-element elementor-element-8b756ab elementor-section-boxed elementor-section-height-default elementor-section-height-default\" data-id=\"8b756ab\" data-element_type=\"section\">\n\t\t\t\t\t\t<div class=\"elementor-container elementor-column-gap-default\">\n\t\t\t\t\t<div class=\"elementor-column elementor-col-100 elementor-top-column elementor-element elementor-element-8043a3c\" data-id=\"8043a3c\" data-element_type=\"column\">\n\t\t\t<div class=\"elementor-widget-wrap elementor-element-populated\">\n\t\t\t\t\t\t<div class=\"elementor-element elementor-element-7e89660 elementor-widget elementor-widget-heading\" data-id=\"7e89660\" data-element_type=\"widget\" data-widget_type=\"heading.default\">\n\t\t\t\t<div class=\"elementor-widget-container\">\n\t\t\t\t\t<h1 class=\"elementor-heading-title elementor-size-default\">Unsere sozialen Medienkan\u00e4le<\/h1>\t\t\t\t<\/div>\n\t\t\t\t<\/div>\n\t\t\t\t<div class=\"elementor-element elementor-element-7d8477a elementor-widget elementor-widget-heading\" data-id=\"7d8477a\" data-element_type=\"widget\" data-widget_type=\"heading.default\">\n\t\t\t\t<div class=\"elementor-widget-container\">\n\t\t\t\t\t<h2 class=\"elementor-heading-title elementor-size-default\">Folgen Sie uns!<\/h2>\t\t\t\t<\/div>\n\t\t\t\t<\/div>\n\t\t\t\t<div class=\"elementor-element elementor-element-9d79aa1 elementor-widget__width-initial elementor-widget elementor-widget-text-editor\" data-id=\"9d79aa1\" data-element_type=\"widget\" data-widget_type=\"text-editor.default\">\n\t\t\t\t<div class=\"elementor-widget-container\">\n\t\t\t\t\t\t\t\t\t<p><img decoding=\"async\" class=\"emoji\" role=\"img\" draggable=\"false\" src=\"https:\/\/s.w.org\/images\/core\/emoji\/14.0.0\/svg\/1f30a.svg\" alt=\"\ud83c\udf0a\" \/> Willkommen in der faszinierenden Welt von Dahab Dream Kite, wo der Wind auf die Wellen trifft und die Tr\u00e4ume fliegen! <img decoding=\"async\" class=\"emoji\" role=\"img\" draggable=\"false\" src=\"https:\/\/s.w.org\/images\/core\/emoji\/14.0.0\/svg\/1f3c4-200d-2642-fe0f.svg\" alt=\"\ud83c\udfc4\u200d\u2642\ufe0f\" \/><img decoding=\"async\" class=\"emoji\" role=\"img\" draggable=\"false\" src=\"https:\/\/s.w.org\/images\/core\/emoji\/14.0.0\/svg\/2728.svg\" alt=\"\u2728\" \/> Tauchen Sie ein in den Nervenkitzel des Windes, den Reiz des Meeres und den Rausch des Kiteboardens. Wir laden Sie ein, sich unserer lebhaften Community in den sozialen Medien anzuschlie\u00dfen.<\/p><p><img decoding=\"async\" class=\"emoji\" role=\"img\" draggable=\"false\" src=\"https:\/\/s.w.org\/images\/core\/emoji\/14.0.0\/svg\/1f680.svg\" alt=\"\ud83d\ude80\" \/> Bei Dahab Dream Kite jagen wir nicht nur Tr\u00e4ume, wir leben sie! Unsere Social Media-Kan\u00e4le sind Ihre Eintrittskarte in ein virtuelles Paradies, wo jeder Beitrag einen Einblick in die adrenalingeladenen Abenteuer, die atemberaubenden Landschaften und die Kameradschaft gibt, die den Kiteboarding-Lifestyle ausmachen.<\/p><p><img decoding=\"async\" class=\"emoji\" role=\"img\" draggable=\"false\" src=\"https:\/\/s.w.org\/images\/core\/emoji\/14.0.0\/svg\/1f308.svg\" alt=\"\ud83c\udf08\" \/> Warum sollten Sie uns folgen? Weil wir nicht nur eine Marke sind; wir sind eine Bewegung. Hier ist, was Sie erwarten k\u00f6nnen:<\/p><p><img decoding=\"async\" class=\"emoji\" role=\"img\" draggable=\"false\" src=\"https:\/\/s.w.org\/images\/core\/emoji\/14.0.0\/svg\/31-20e3.svg\" alt=\"1\ufe0f\u20e3\" \/> **Unvergessliche Visuals**: Machen Sie sich auf einen visuellen Leckerbissen gefasst! Unsere sozialen Medien sind eine Leinwand aus lebhaften Kites, t\u00fcrkisfarbenem Wasser und sonnenverw\u00f6hnten Str\u00e4nden, die Sie in das Herz des Kitesurfing-Hotels von Dahab versetzen werden.<\/p><p><img decoding=\"async\" class=\"emoji\" role=\"img\" draggable=\"false\" src=\"https:\/\/s.w.org\/images\/core\/emoji\/14.0.0\/svg\/32-20e3.svg\" alt=\"2\ufe0f\u20e3\" \/> **Experten-Tipps &amp; Tricks**: Egal, ob Sie ein erfahrener Profi oder ein neugieriger Anf\u00e4nger sind, unsere Kan\u00e4le sind Ihre Anlaufstelle f\u00fcr wertvolle Einblicke, Profi-Tipps und Tricks der Branche. Verbessern Sie Ihr Kiteboarding-Spiel mit dem Wissen, das unsere erfahrenen Experten teilen.<\/p><p><img decoding=\"async\" class=\"emoji\" role=\"img\" draggable=\"false\" src=\"https:\/\/s.w.org\/images\/core\/emoji\/14.0.0\/svg\/33-20e3.svg\" alt=\"3\ufe0f\u20e3\" \/> **Gemeinschaftsanschluss**: Werden Sie Teil einer globalen Gemeinschaft von Kite-Enthusiasten, die Ihre Leidenschaft teilen. Von atemberaubenden Tricks bis hin zu herzerw\u00e4rmenden Erfolgsgeschichten - unsere Kan\u00e4le sind ein Knotenpunkt f\u00fcr Gleichgesinnte, um sich zu vernetzen, zu inspirieren und gegenseitig zu unterst\u00fctzen.<\/p><p><img decoding=\"async\" class=\"emoji\" role=\"img\" draggable=\"false\" src=\"https:\/\/s.w.org\/images\/core\/emoji\/14.0.0\/svg\/34-20e3.svg\" alt=\"4\ufe0f\u20e3\" \/> **Exklusive Deals &amp; Events**: Seien Sie der Erste, der von unseren neuesten Ausr\u00fcstungsangeboten, exklusiven Aktionen und aufregenden Events erf\u00e4hrt. Als Teil der Dahab Dream Kite Familie haben Sie VIP-Zugang zu den hei\u00dfesten Trends und M\u00f6glichkeiten in der Kiteboarding-Welt.<\/p><p><img decoding=\"async\" class=\"emoji\" role=\"img\" draggable=\"false\" src=\"https:\/\/s.w.org\/images\/core\/emoji\/14.0.0\/svg\/35-20e3.svg\" alt=\"5\ufe0f\u20e3\" \/> **Inspiration jenseits des Boards**: Tauchen Sie ein in eine Welt, in der Kiteboarding mehr als nur ein Sport ist, es ist ein Lebensstil. Entdecken Sie die Kultur, die Mentalit\u00e4t und die Geschichten, die Dahab Dream Kite zu einem Leuchtturm f\u00fcr alle machen, die das Abenteuer, die Freiheit und die Verbindung zur Natur suchen.<\/p><p>Sind Sie also bereit, den Wind der Aufregung zu nutzen? Folgen Sie uns auf Facebook und Instagram und begeben Sie sich auf eine Reise, auf der Tr\u00e4ume fliegen und jeder Tag eine Gelegenheit f\u00fcr ein neues Abenteuer ist. Dahab Dream Kite - wo der Wind fl\u00fcstert und Tr\u00e4ume lebendig werden! <img decoding=\"async\" class=\"emoji\" role=\"img\" draggable=\"false\" src=\"https:\/\/s.w.org\/images\/core\/emoji\/14.0.0\/svg\/1f32c.svg\" alt=\"\ud83c\udf2c\ufe0f\" \/><img decoding=\"async\" class=\"emoji\" role=\"img\" draggable=\"false\" src=\"https:\/\/s.w.org\/images\/core\/emoji\/14.0.0\/svg\/1f919.svg\" alt=\"\ud83e\udd19\" \/> #DahabDreamKite #RideTheDream #KiteboardingAdventures<\/p>\t\t\t\t\t\t\t\t<\/div>\n\t\t\t\t<\/div>\n\t\t\t\t\t<\/div>\n\t\t<\/div>\n\t\t\t\t\t<\/div>\n\t\t<\/section>\n\t\t\t\t<\/div>","protected":false},"excerpt":{"rendered":"<p>Unsere Social Media-Kan\u00e4le Folgen Sie uns! Willkommen in der faszinierenden Welt von Dahab Dream Kite, wo der Wind auf die Wellen trifft und Tr\u00e4ume wahr werden! Tauchen Sie ein in den Nervenkitzel des Windes, den Reiz des Meeres und den Rausch des Kiteboardens. Wir laden Sie ein, sich unserer lebhaften Gemeinschaft auf den sozialen Medien anzuschlie\u00dfen [...]<\/p>","protected":false},"author":1,"featured_media":0,"parent":0,"menu_order":0,"comment_status":"closed","ping_status":"closed","template":"elementor_header_footer","meta":{"slim_seo":{"title":"Soziale Medien - Dahab Dream Kite","description":"Unsere Social Media-Kan\u00e4le Folgen Sie uns! Willkommen in der faszinierenden Welt von Dahab Dream Kite, wo der Wind auf die Wellen trifft und die Tr\u00e4ume fliegen! Tauchen Sie ein"},"footnotes":""},"class_list":["post-1126","page","type-page","status-publish","hentry"],"_links":{"self":[{"href":"https:\/\/dahabkitesurfing.com\/de\/wp-json\/wp\/v2\/pages\/1126","targetHints":{"allow":["GET"]}}],"collection":[{"href":"https:\/\/dahabkitesurfing.com\/de\/wp-json\/wp\/v2\/pages"}],"about":[{"href":"https:\/\/dahabkitesurfing.com\/de\/wp-json\/wp\/v2\/types\/page"}],"author":[{"embeddable":true,"href":"https:\/\/dahabkitesurfing.com\/de\/wp-json\/wp\/v2\/users\/1"}],"replies":[{"embeddable":true,"href":"https:\/\/dahabkitesurfing.com\/de\/wp-json\/wp\/v2\/comments?post=1126"}],"version-history":[{"count":17,"href":"https:\/\/dahabkitesurfing.com\/de\/wp-json\/wp\/v2\/pages\/1126\/revisions"}],"predecessor-version":[{"id":1234,"href":"https:\/\/dahabkitesurfing.com\/de\/wp-json\/wp\/v2\/pages\/1126\/revisions\/1234"}],"wp:attachment":[{"href":"https:\/\/dahabkitesurfing.com\/de\/wp-json\/wp\/v2\/media?parent=1126"}],"curies":[{"name":"wp","href":"https:\/\/api.w.org\/{rel}","templated":true}]}}