{"id":133,"date":"2023-04-03T08:52:47","date_gmt":"2023-04-03T08:52:47","guid":{"rendered":"https:\/\/dahabkitesurfing.com\/?page_id=133"},"modified":"2023-09-28T13:38:24","modified_gmt":"2023-09-28T13:38:24","slug":"galerie","status":"publish","type":"page","link":"https:\/\/dahabkitesurfing.com\/de\/galerie\/","title":{"rendered":"Galerie"},"content":{"rendered":"<div data-elementor-type=\"wp-page\" data-elementor-id=\"133\" class=\"elementor elementor-133\" data-elementor-post-type=\"page\">\n\t\t\t\t\t\t<section class=\"elementor-section elementor-top-section elementor-element elementor-element-382978fa elementor-section-boxed elementor-section-height-default elementor-section-height-default\" data-id=\"382978fa\" data-element_type=\"section\">\n\t\t\t\t\t\t<div class=\"elementor-container elementor-column-gap-default\">\n\t\t\t\t\t<div class=\"elementor-column elementor-col-100 elementor-top-column elementor-element elementor-element-5230bd7b\" data-id=\"5230bd7b\" data-element_type=\"column\">\n\t\t\t<div class=\"elementor-widget-wrap elementor-element-populated\">\n\t\t\t\t\t\t<div class=\"elementor-element elementor-element-a505176 elementor-widget elementor-widget-heading\" data-id=\"a505176\" data-element_type=\"widget\" data-widget_type=\"heading.default\">\n\t\t\t\t<div class=\"elementor-widget-container\">\n\t\t\t\t\t<h1 class=\"elementor-heading-title elementor-size-default\">Dahab Traumdrachen-Galerie<\/h1>\t\t\t\t<\/div>\n\t\t\t\t<\/div>\n\t\t\t\t<div class=\"elementor-element elementor-element-3ea156b4 elementor-widget__width-initial elementor-widget elementor-widget-heading\" data-id=\"3ea156b4\" data-element_type=\"widget\" data-widget_type=\"heading.default\">\n\t\t\t\t<div class=\"elementor-widget-container\">\n\t\t\t\t\t<h2 class=\"elementor-heading-title elementor-size-default\">Kitesurfen! Ein Lebensstil, den man einfangen muss<\/h2>\t\t\t\t<\/div>\n\t\t\t\t<\/div>\n\t\t\t\t<section class=\"elementor-section elementor-inner-section elementor-element elementor-element-fa21e34 elementor-section-boxed elementor-section-height-default elementor-section-height-default\" data-id=\"fa21e34\" data-element_type=\"section\">\n\t\t\t\t\t\t<div class=\"elementor-container elementor-column-gap-default\">\n\t\t\t\t\t<div class=\"elementor-column elementor-col-50 elementor-inner-column elementor-element elementor-element-f2091dd\" data-id=\"f2091dd\" data-element_type=\"column\">\n\t\t\t<div class=\"elementor-widget-wrap elementor-element-populated\">\n\t\t\t\t\t\t<div class=\"elementor-element elementor-element-1155715 elementor-widget elementor-widget-text-editor\" data-id=\"1155715\" data-element_type=\"widget\" data-widget_type=\"text-editor.default\">\n\t\t\t\t<div class=\"elementor-widget-container\">\n\t\t\t\t\t\t\t\t\t<p style=\"text-align: left;\">Die Bildergalerie von Dahab Dream Kite zeigt eine Reihe sch\u00f6ner Fotos von ihren Kitesurfing-Abenteuern.<\/p><p>Diese Bilder fangen die Aufregung und den Nervenkitzel des Kitesurfens und die atemberaubenden Landschaften von Dahab und der Umgebung ein.<\/p><p>In der Galerie finden Sie Fotos von Kitesurfern in Aktion, die durch die L\u00fcfte schweben und beeindruckende Tricks vorf\u00fchren.<\/p><p>Es gibt auch Bilder von kristallklarem Wasser und Sandstr\u00e4nden, die Dahab zu einem beliebten Ziel f\u00fcr Kitesurfer machen.<\/p>\t\t\t\t\t\t\t\t<\/div>\n\t\t\t\t<\/div>\n\t\t\t\t\t<\/div>\n\t\t<\/div>\n\t\t\t\t<div class=\"elementor-column elementor-col-50 elementor-inner-column elementor-element elementor-element-ef1a725\" data-id=\"ef1a725\" data-element_type=\"column\">\n\t\t\t<div class=\"elementor-widget-wrap elementor-element-populated\">\n\t\t\t\t\t\t<div class=\"elementor-element elementor-element-cc893ee elementor-widget elementor-widget-text-editor\" data-id=\"cc893ee\" data-element_type=\"widget\" data-widget_type=\"text-editor.default\">\n\t\t\t\t<div class=\"elementor-widget-container\">\n\t\t\t\t\t\t\t\t\t<p>Zus\u00e4tzlich zu diesen Action-Fotos enth\u00e4lt die Dahab Dream Kite-Bildergalerie auch Fotos von den Einrichtungen und der Ausr\u00fcstung des Unternehmens.<\/p><p>Dazu geh\u00f6ren Bilder ihrer Kites und Boards und Bilder des Teams erfahrener Lehrer, die die Kitesurfing-Kurse leiten.<\/p><p>Insgesamt ist die Dahab Dream Kite Bildergalerie ein Zeugnis f\u00fcr die Sch\u00f6nheit und den Reiz des Kitesurfens in Dahab.<\/p><p>Es ist eine hervorragende Ressource f\u00fcr alle, die sich f\u00fcr diesen aufregenden Sport interessieren und gibt einen Einblick in die unglaublichen Erfahrungen, die Dahab Dream Kite bietet.<\/p>\t\t\t\t\t\t\t\t<\/div>\n\t\t\t\t<\/div>\n\t\t\t\t\t<\/div>\n\t\t<\/div>\n\t\t\t\t\t<\/div>\n\t\t<\/section>\n\t\t\t\t<div class=\"elementor-element elementor-element-74a8ce6a elementor-widget elementor-widget-gallery\" data-id=\"74a8ce6a\" data-element_type=\"widget\" data-settings=\"{&quot;columns&quot;:3,&quot;columns_tablet&quot;:3,&quot;columns_mobile&quot;:2,&quot;image_hover_animation&quot;:&quot;grow&quot;,&quot;gallery_layout&quot;:&quot;grid&quot;,&quot;gap&quot;:{&quot;unit&quot;:&quot;px&quot;,&quot;size&quot;:10,&quot;sizes&quot;:[]},&quot;gap_tablet&quot;:{&quot;unit&quot;:&quot;px&quot;,&quot;size&quot;:10,&quot;sizes&quot;:[]},&quot;gap_mobile&quot;:{&quot;unit&quot;:&quot;px&quot;,&quot;size&quot;:10,&quot;sizes&quot;:[]},&quot;link_to&quot;:&quot;file&quot;,&quot;aspect_ratio&quot;:&quot;3:2&quot;,&quot;content_hover_animation&quot;:&quot;fade-in&quot;}\" data-widget_type=\"gallery.default\">\n\t\t\t\t<div class=\"elementor-widget-container\">\n\t\t\t\t\t\t\t<div class=\"elementor-gallery__container\">\n\t\t\t\t\t\t\t<a class=\"e-gallery-item elementor-gallery-item elementor-animated-content\" href=\"https:\/\/dahabkitesurfing.com\/wp-content\/uploads\/2023\/04\/dream-kite-kitesurfers-against-a-wind-window-teaching-aid.jpg\" data-elementor-open-lightbox=\"yes\" data-elementor-lightbox-slideshow=\"74a8ce6a\" data-elementor-lightbox-title=\"Dream Kite Kitesurfers against a wind window teaching aid\" data-elementor-lightbox-description=\"Dream Kite Kitesurfers against a wind window teaching aid\" data-e-action-hash=\"#elementor-action%3Aaction%3Dlightbox%26settings%3DeyJpZCI6MTg4LCJ1cmwiOiJodHRwczpcL1wvZGFoYWJraXRlc3VyZmluZy5jb21cL3dwLWNvbnRlbnRcL3VwbG9hZHNcLzIwMjNcLzA0XC9kcmVhbS1raXRlLWtpdGVzdXJmZXJzLWFnYWluc3QtYS13aW5kLXdpbmRvdy10ZWFjaGluZy1haWQuanBnIiwic2xpZGVzaG93IjoiNzRhOGNlNmEifQ%3D%3D\">\n\t\t\t\t\t<div class=\"e-gallery-image elementor-gallery-item__image\" data-thumbnail=\"https:\/\/dahabkitesurfing.com\/wp-content\/uploads\/2023\/04\/dream-kite-kitesurfers-against-a-wind-window-teaching-aid.jpg\" data-width=\"1080\" data-height=\"720\" aria-label=\"Dream Kite Kitesurfer gegen ein Windfenster als Lehrmittel\" role=\"img\" ><\/div>\n\t\t\t\t\t\t\t\t\t\t\t\t\t\t<\/a>\n\t\t\t\t\t\t\t<a class=\"e-gallery-item elementor-gallery-item elementor-animated-content\" href=\"https:\/\/dahabkitesurfing.com\/wp-content\/uploads\/2023\/04\/dahab-dream-kite-kitesurfing-instructor-sahleh.jpg\" data-elementor-open-lightbox=\"yes\" data-elementor-lightbox-slideshow=\"74a8ce6a\" data-elementor-lightbox-title=\"Dahab Dream Kite Kitesurfing Instructor Sahleh\" data-elementor-lightbox-description=\"Dahab Dream Kite Kitesurfing Instructor Sahleh\" data-e-action-hash=\"#elementor-action%3Aaction%3Dlightbox%26settings%3DeyJpZCI6MTkwLCJ1cmwiOiJodHRwczpcL1wvZGFoYWJraXRlc3VyZmluZy5jb21cL3dwLWNvbnRlbnRcL3VwbG9hZHNcLzIwMjNcLzA0XC9kYWhhYi1kcmVhbS1raXRlLWtpdGVzdXJmaW5nLWluc3RydWN0b3Itc2FobGVoLmpwZyIsInNsaWRlc2hvdyI6Ijc0YThjZTZhIn0%3D\">\n\t\t\t\t\t<div class=\"e-gallery-image elementor-gallery-item__image\" data-thumbnail=\"https:\/\/dahabkitesurfing.com\/wp-content\/uploads\/2023\/04\/dahab-dream-kite-kitesurfing-instructor-sahleh.jpg\" data-width=\"1080\" data-height=\"720\" aria-label=\"Dahab Dream Kite Kitesurfing Instructor Sahleh\" role=\"img\" ><\/div>\n\t\t\t\t\t\t\t\t\t\t\t\t\t\t<\/a>\n\t\t\t\t\t\t\t<a class=\"e-gallery-item elementor-gallery-item elementor-animated-content\" href=\"https:\/\/dahabkitesurfing.com\/wp-content\/uploads\/2023\/04\/dahab-dream-kite-dahab-lagoon-kitesurfer.jpg\" data-elementor-open-lightbox=\"yes\" data-elementor-lightbox-slideshow=\"74a8ce6a\" data-elementor-lightbox-title=\"Dahab Dream Kite Dahab Lagoon Kite Surfer\" data-elementor-lightbox-description=\"Dahab Dream Kite Dahab Lagoon Kite Surfer\" data-e-action-hash=\"#elementor-action%3Aaction%3Dlightbox%26settings%3DeyJpZCI6MTg1LCJ1cmwiOiJodHRwczpcL1wvZGFoYWJraXRlc3VyZmluZy5jb21cL3dwLWNvbnRlbnRcL3VwbG9hZHNcLzIwMjNcLzA0XC9kYWhhYi1kcmVhbS1raXRlLWRhaGFiLWxhZ29vbi1raXRlc3VyZmVyLmpwZyIsInNsaWRlc2hvdyI6Ijc0YThjZTZhIn0%3D\">\n\t\t\t\t\t<div class=\"e-gallery-image elementor-gallery-item__image\" data-thumbnail=\"https:\/\/dahabkitesurfing.com\/wp-content\/uploads\/2023\/04\/dahab-dream-kite-dahab-lagoon-kitesurfer.jpg\" data-width=\"1080\" data-height=\"720\" aria-label=\"Dahab Traumdrachen Dahab Lagune Kite Surfer\" role=\"img\" ><\/div>\n\t\t\t\t\t\t\t\t\t\t\t\t\t\t<\/a>\n\t\t\t\t\t\t\t<a class=\"e-gallery-item elementor-gallery-item elementor-animated-content\" href=\"https:\/\/dahabkitesurfing.com\/wp-content\/uploads\/2023\/04\/Kite-Boards-and-Dahab-Dog.jpg\" data-elementor-open-lightbox=\"yes\" data-elementor-lightbox-slideshow=\"74a8ce6a\" data-elementor-lightbox-title=\"Kite Boards and Dahab Dog\" data-elementor-lightbox-description=\"Kite Boards and Dahab Dog\" data-e-action-hash=\"#elementor-action%3Aaction%3Dlightbox%26settings%3DeyJpZCI6NTkxLCJ1cmwiOiJodHRwczpcL1wvZGFoYWJraXRlc3VyZmluZy5jb21cL3dwLWNvbnRlbnRcL3VwbG9hZHNcLzIwMjNcLzA0XC9LaXRlLUJvYXJkcy1hbmQtRGFoYWItRG9nLmpwZyIsInNsaWRlc2hvdyI6Ijc0YThjZTZhIn0%3D\">\n\t\t\t\t\t<div class=\"e-gallery-image elementor-gallery-item__image\" data-thumbnail=\"https:\/\/dahabkitesurfing.com\/wp-content\/uploads\/2023\/04\/Kite-Boards-and-Dahab-Dog.jpg\" data-width=\"1200\" data-height=\"800\" aria-label=\"Kite Boards und Dahab Hund\" role=\"img\" ><\/div>\n\t\t\t\t\t\t\t\t\t\t\t\t\t\t<\/a>\n\t\t\t\t\t\t\t<a class=\"e-gallery-item elementor-gallery-item elementor-animated-content\" href=\"https:\/\/dahabkitesurfing.com\/wp-content\/uploads\/2023\/04\/dream-kite-kitesurfing-school-dahab-egypt.jpg\" data-elementor-open-lightbox=\"yes\" data-elementor-lightbox-slideshow=\"74a8ce6a\" data-elementor-lightbox-title=\"Dream Kite Kitesurfing School Dahab Egypt\" data-elementor-lightbox-description=\"Dream Kite Kitesurfing School Dahab Egypt\" data-e-action-hash=\"#elementor-action%3Aaction%3Dlightbox%26settings%3DeyJpZCI6MTg2LCJ1cmwiOiJodHRwczpcL1wvZGFoYWJraXRlc3VyZmluZy5jb21cL3dwLWNvbnRlbnRcL3VwbG9hZHNcLzIwMjNcLzA0XC9kcmVhbS1raXRlLWtpdGVzdXJmaW5nLXNjaG9vbC1kYWhhYi1lZ3lwdC5qcGciLCJzbGlkZXNob3ciOiI3NGE4Y2U2YSJ9\">\n\t\t\t\t\t<div class=\"e-gallery-image elementor-gallery-item__image\" data-thumbnail=\"https:\/\/dahabkitesurfing.com\/wp-content\/uploads\/2023\/04\/dream-kite-kitesurfing-school-dahab-egypt.jpg\" data-width=\"1080\" data-height=\"720\" aria-label=\"Dream Kite Kitesurfing Schule Dahab \u00c4gypten\" role=\"img\" ><\/div>\n\t\t\t\t\t\t\t\t\t\t\t\t\t\t<\/a>\n\t\t\t\t\t\t\t<a class=\"e-gallery-item elementor-gallery-item elementor-animated-content\" href=\"https:\/\/dahabkitesurfing.com\/wp-content\/uploads\/2023\/04\/kite-control-with-students-blue-lagoon-dahab-egypt.jpg\" data-elementor-open-lightbox=\"yes\" data-elementor-lightbox-slideshow=\"74a8ce6a\" data-elementor-lightbox-title=\"Kite Control with Students Blue Lagoon Dahab Egypt\" data-elementor-lightbox-description=\"Kite Control with Students Blue Lagoon Dahab Egypt\" data-e-action-hash=\"#elementor-action%3Aaction%3Dlightbox%26settings%3DeyJpZCI6MTg3LCJ1cmwiOiJodHRwczpcL1wvZGFoYWJraXRlc3VyZmluZy5jb21cL3dwLWNvbnRlbnRcL3VwbG9hZHNcLzIwMjNcLzA0XC9raXRlLWNvbnRyb2wtd2l0aC1zdHVkZW50cy1ibHVlLWxhZ29vbi1kYWhhYi1lZ3lwdC5qcGciLCJzbGlkZXNob3ciOiI3NGE4Y2U2YSJ9\">\n\t\t\t\t\t<div class=\"e-gallery-image elementor-gallery-item__image\" data-thumbnail=\"https:\/\/dahabkitesurfing.com\/wp-content\/uploads\/2023\/04\/kite-control-with-students-blue-lagoon-dahab-egypt.jpg\" data-width=\"1080\" data-height=\"720\" aria-label=\"Kite Control mit Studenten Blaue Lagune Dahab \u00c4gypten\" role=\"img\" ><\/div>\n\t\t\t\t\t\t\t\t\t\t\t\t\t\t<\/a>\n\t\t\t\t\t\t\t<a class=\"e-gallery-item elementor-gallery-item elementor-animated-content\" href=\"https:\/\/dahabkitesurfing.com\/wp-content\/uploads\/2023\/04\/Dahab-Dream-Kite-Wooden-Sign.jpg\" data-elementor-open-lightbox=\"yes\" data-elementor-lightbox-slideshow=\"74a8ce6a\" data-elementor-lightbox-title=\"Dahab Dream Kite Wooden Sign\" data-elementor-lightbox-description=\"Dahab Dream Kite Wooden Sign\" data-e-action-hash=\"#elementor-action%3Aaction%3Dlightbox%26settings%3DeyJpZCI6NTkwLCJ1cmwiOiJodHRwczpcL1wvZGFoYWJraXRlc3VyZmluZy5jb21cL3dwLWNvbnRlbnRcL3VwbG9hZHNcLzIwMjNcLzA0XC9EYWhhYi1EcmVhbS1LaXRlLVdvb2Rlbi1TaWduLmpwZyIsInNsaWRlc2hvdyI6Ijc0YThjZTZhIn0%3D\">\n\t\t\t\t\t<div class=\"e-gallery-image elementor-gallery-item__image\" data-thumbnail=\"https:\/\/dahabkitesurfing.com\/wp-content\/uploads\/2023\/04\/Dahab-Dream-Kite-Wooden-Sign.jpg\" data-width=\"1200\" data-height=\"800\" aria-label=\"Dahab Traumdrachen Holzschild\" role=\"img\" ><\/div>\n\t\t\t\t\t\t\t\t\t\t\t\t\t\t<\/a>\n\t\t\t\t\t\t\t<a class=\"e-gallery-item elementor-gallery-item elementor-animated-content\" href=\"https:\/\/dahabkitesurfing.com\/wp-content\/uploads\/2023\/04\/blue-lagoon-dream-kite-dahab-egypt.jpg\" data-elementor-open-lightbox=\"yes\" data-elementor-lightbox-slideshow=\"74a8ce6a\" data-elementor-lightbox-title=\"Blue Lagoon Dream Kite Dahab Egypt\" data-elementor-lightbox-description=\"Blue Lagoon Dream Kite Dahab Egypt\" data-e-action-hash=\"#elementor-action%3Aaction%3Dlightbox%26settings%3DeyJpZCI6MTg0LCJ1cmwiOiJodHRwczpcL1wvZGFoYWJraXRlc3VyZmluZy5jb21cL3dwLWNvbnRlbnRcL3VwbG9hZHNcLzIwMjNcLzA0XC9ibHVlLWxhZ29vbi1kcmVhbS1raXRlLWRhaGFiLWVneXB0LmpwZyIsInNsaWRlc2hvdyI6Ijc0YThjZTZhIn0%3D\">\n\t\t\t\t\t<div class=\"e-gallery-image elementor-gallery-item__image\" data-thumbnail=\"https:\/\/dahabkitesurfing.com\/wp-content\/uploads\/2023\/04\/blue-lagoon-dream-kite-dahab-egypt.jpg\" data-width=\"1080\" data-height=\"720\" aria-label=\"Blaue Lagune Traumdrachen Dahab \u00c4gypten\" role=\"img\" ><\/div>\n\t\t\t\t\t\t\t\t\t\t\t\t\t\t<\/a>\n\t\t\t\t\t\t\t<a class=\"e-gallery-item elementor-gallery-item elementor-animated-content\" href=\"https:\/\/dahabkitesurfing.com\/wp-content\/uploads\/2023\/04\/dream-kite-fun-back-flip-camel-in-sea.jpg\" data-elementor-open-lightbox=\"yes\" data-elementor-lightbox-slideshow=\"74a8ce6a\" data-elementor-lightbox-title=\"Dream Kite Fun Back Flip Camel In Sea\" data-elementor-lightbox-description=\"Dream Kite Fun Back Flip Camel In Sea\" data-e-action-hash=\"#elementor-action%3Aaction%3Dlightbox%26settings%3DeyJpZCI6MTgzLCJ1cmwiOiJodHRwczpcL1wvZGFoYWJraXRlc3VyZmluZy5jb21cL3dwLWNvbnRlbnRcL3VwbG9hZHNcLzIwMjNcLzA0XC9kcmVhbS1raXRlLWZ1bi1iYWNrLWZsaXAtY2FtZWwtaW4tc2VhLmpwZyIsInNsaWRlc2hvdyI6Ijc0YThjZTZhIn0%3D\">\n\t\t\t\t\t<div class=\"e-gallery-image elementor-gallery-item__image\" data-thumbnail=\"https:\/\/dahabkitesurfing.com\/wp-content\/uploads\/2023\/04\/dream-kite-fun-back-flip-camel-in-sea.jpg\" data-width=\"1080\" data-height=\"720\" aria-label=\"Traumdrachen Fun Back Flip Kamel Im Meer\" role=\"img\" ><\/div>\n\t\t\t\t\t\t\t\t\t\t\t\t\t\t<\/a>\n\t\t\t\t\t\t\t<a class=\"e-gallery-item elementor-gallery-item elementor-animated-content\" href=\"https:\/\/dahabkitesurfing.com\/wp-content\/uploads\/2023\/04\/kitesurfing-equipement-shop-dahab-dream-kite.jpg\" data-elementor-open-lightbox=\"yes\" data-elementor-lightbox-slideshow=\"74a8ce6a\" data-elementor-lightbox-title=\"Kitesurfing Equipment Shop Dahab Dream Kite\" data-elementor-lightbox-description=\"Kitesurfing Equipment Shop Dahab Dream Kite\" data-e-action-hash=\"#elementor-action%3Aaction%3Dlightbox%26settings%3DeyJpZCI6MTg5LCJ1cmwiOiJodHRwczpcL1wvZGFoYWJraXRlc3VyZmluZy5jb21cL3dwLWNvbnRlbnRcL3VwbG9hZHNcLzIwMjNcLzA0XC9raXRlc3VyZmluZy1lcXVpcGVtZW50LXNob3AtZGFoYWItZHJlYW0ta2l0ZS5qcGciLCJzbGlkZXNob3ciOiI3NGE4Y2U2YSJ9\">\n\t\t\t\t\t<div class=\"e-gallery-image elementor-gallery-item__image\" data-thumbnail=\"https:\/\/dahabkitesurfing.com\/wp-content\/uploads\/2023\/04\/kitesurfing-equipement-shop-dahab-dream-kite.jpg\" data-width=\"1080\" data-height=\"720\" aria-label=\"Kitesurfing Ausr\u00fcstung Shop Dahab Dream Kite\" role=\"img\" ><\/div>\n\t\t\t\t\t\t\t\t\t\t\t\t\t\t<\/a>\n\t\t\t\t\t\t\t<a class=\"e-gallery-item elementor-gallery-item elementor-animated-content\" href=\"https:\/\/dahabkitesurfing.com\/wp-content\/uploads\/2023\/04\/sahleh-with-kitesurf-student.jpg\" data-elementor-open-lightbox=\"yes\" data-elementor-lightbox-slideshow=\"74a8ce6a\" data-elementor-lightbox-title=\"Sahleh with Kitesurf Student\" data-elementor-lightbox-description=\"Sahleh with Kitesurf Student\" data-e-action-hash=\"#elementor-action%3Aaction%3Dlightbox%26settings%3DeyJpZCI6MTgyLCJ1cmwiOiJodHRwczpcL1wvZGFoYWJraXRlc3VyZmluZy5jb21cL3dwLWNvbnRlbnRcL3VwbG9hZHNcLzIwMjNcLzA0XC9zYWhsZWgtd2l0aC1raXRlc3VyZi1zdHVkZW50LmpwZyIsInNsaWRlc2hvdyI6Ijc0YThjZTZhIn0%3D\">\n\t\t\t\t\t<div class=\"e-gallery-image elementor-gallery-item__image\" data-thumbnail=\"https:\/\/dahabkitesurfing.com\/wp-content\/uploads\/2023\/04\/sahleh-with-kitesurf-student.jpg\" data-width=\"1080\" data-height=\"720\" aria-label=\"Sahleh mit Kitesurf Student\" role=\"img\" ><\/div>\n\t\t\t\t\t\t\t\t\t\t\t\t\t\t<\/a>\n\t\t\t\t\t\t\t<a class=\"e-gallery-item elementor-gallery-item elementor-animated-content\" href=\"https:\/\/dahabkitesurfing.com\/wp-content\/uploads\/2023\/04\/dream-kite-kitesurf-school-dahab-cat.jpg\" data-elementor-open-lightbox=\"yes\" data-elementor-lightbox-slideshow=\"74a8ce6a\" data-elementor-lightbox-title=\"Dream Kite Kitesurf School Dahab Cat\" data-elementor-lightbox-description=\"Dream Kite Kitesurf School Dahab Cat\" data-e-action-hash=\"#elementor-action%3Aaction%3Dlightbox%26settings%3DeyJpZCI6MTkxLCJ1cmwiOiJodHRwczpcL1wvZGFoYWJraXRlc3VyZmluZy5jb21cL3dwLWNvbnRlbnRcL3VwbG9hZHNcLzIwMjNcLzA0XC9kcmVhbS1raXRlLWtpdGVzdXJmLXNjaG9vbC1kYWhhYi1jYXQuanBnIiwic2xpZGVzaG93IjoiNzRhOGNlNmEifQ%3D%3D\">\n\t\t\t\t\t<div class=\"e-gallery-image elementor-gallery-item__image\" data-thumbnail=\"https:\/\/dahabkitesurfing.com\/wp-content\/uploads\/2023\/04\/dream-kite-kitesurf-school-dahab-cat.jpg\" data-width=\"1080\" data-height=\"720\" aria-label=\"Dream Kite Kitesurf Schule Dahab Katze\" role=\"img\" ><\/div>\n\t\t\t\t\t\t\t\t\t\t\t\t\t\t<\/a>\n\t\t\t\t\t<\/div>\n\t\t\t\t\t<\/div>\n\t\t\t\t<\/div>\n\t\t\t\t\t<\/div>\n\t\t<\/div>\n\t\t\t\t\t<\/div>\n\t\t<\/section>\n\t\t\t\t<\/div>","protected":false},"excerpt":{"rendered":"<p>Dahab Dream Kite Galerie Kitesurfen! Ein Lebensstil, der festgehalten werden sollte Die Dahab Dream Kite Bildergalerie zeigt eine Reihe von wundersch\u00f6nen Fotos von ihren Kitesurfing-Abenteuern. Diese Bilder fangen die Aufregung und den Nervenkitzel des Kitesurfens und die atemberaubenden Landschaften von Dahab und der Umgebung ein. Die Galerie zeigt Fotos von Kitesurfern in Aktion, die sich [...]<\/p>","protected":false},"author":1,"featured_media":190,"parent":0,"menu_order":0,"comment_status":"closed","ping_status":"closed","template":"elementor_header_footer","meta":{"slim_seo":{"title":"Galerie - Dahab Traumdrachen","description":"Dahab Dream Kite Galerie Kitesurfen! Ein Lebensstil, der festgehalten werden muss Die Dahab Dream Kite Bildergalerie zeigt eine Reihe von sch\u00f6nen Fotos von ihren Kitesurfing"},"footnotes":""},"class_list":["post-133","page","type-page","status-publish","has-post-thumbnail","hentry"],"_links":{"self":[{"href":"https:\/\/dahabkitesurfing.com\/de\/wp-json\/wp\/v2\/pages\/133","targetHints":{"allow":["GET"]}}],"collection":[{"href":"https:\/\/dahabkitesurfing.com\/de\/wp-json\/wp\/v2\/pages"}],"about":[{"href":"https:\/\/dahabkitesurfing.com\/de\/wp-json\/wp\/v2\/types\/page"}],"author":[{"embeddable":true,"href":"https:\/\/dahabkitesurfing.com\/de\/wp-json\/wp\/v2\/users\/1"}],"replies":[{"embeddable":true,"href":"https:\/\/dahabkitesurfing.com\/de\/wp-json\/wp\/v2\/comments?post=133"}],"version-history":[{"count":26,"href":"https:\/\/dahabkitesurfing.com\/de\/wp-json\/wp\/v2\/pages\/133\/revisions"}],"predecessor-version":[{"id":849,"href":"https:\/\/dahabkitesurfing.com\/de\/wp-json\/wp\/v2\/pages\/133\/revisions\/849"}],"wp:featuredmedia":[{"embeddable":true,"href":"https:\/\/dahabkitesurfing.com\/de\/wp-json\/wp\/v2\/media\/190"}],"wp:attachment":[{"href":"https:\/\/dahabkitesurfing.com\/de\/wp-json\/wp\/v2\/media?parent=133"}],"curies":[{"name":"wp","href":"https:\/\/api.w.org\/{rel}","templated":true}]}}