{"id":147,"date":"2023-04-03T09:02:21","date_gmt":"2023-04-03T09:02:21","guid":{"rendered":"https:\/\/dahabkitesurfing.com\/?page_id=147"},"modified":"2025-10-17T22:10:38","modified_gmt":"2025-10-17T22:10:38","slug":"kitesurf-schule","status":"publish","type":"page","link":"https:\/\/dahabkitesurfing.com\/de\/kitesurf-schule\/","title":{"rendered":"Kitesurfing Schule in Dahab"},"content":{"rendered":"<div data-elementor-type=\"wp-page\" data-elementor-id=\"147\" class=\"elementor elementor-147\" data-elementor-post-type=\"page\">\n\t\t\t\t\t\t<section class=\"elementor-section elementor-top-section elementor-element elementor-element-a7ac824 elementor-section-boxed elementor-section-height-default elementor-section-height-default\" data-id=\"a7ac824\" data-element_type=\"section\">\n\t\t\t\t\t\t<div class=\"elementor-container elementor-column-gap-default\">\n\t\t\t\t\t<div class=\"elementor-column elementor-col-100 elementor-top-column elementor-element elementor-element-b5b331d\" data-id=\"b5b331d\" data-element_type=\"column\">\n\t\t\t<div class=\"elementor-widget-wrap elementor-element-populated\">\n\t\t\t\t\t\t<section class=\"elementor-section elementor-inner-section elementor-element elementor-element-4017c1e elementor-section-boxed elementor-section-height-default elementor-section-height-default\" data-id=\"4017c1e\" data-element_type=\"section\">\n\t\t\t\t\t\t<div class=\"elementor-container elementor-column-gap-default\">\n\t\t\t\t\t<div class=\"elementor-column elementor-col-100 elementor-inner-column elementor-element elementor-element-336b754\" data-id=\"336b754\" data-element_type=\"column\">\n\t\t\t<div class=\"elementor-widget-wrap elementor-element-populated\">\n\t\t\t\t\t\t<div class=\"elementor-element elementor-element-b9397fa elementor-widget elementor-widget-heading\" data-id=\"b9397fa\" data-element_type=\"widget\" data-widget_type=\"heading.default\">\n\t\t\t\t<div class=\"elementor-widget-container\">\n\t\t\t\t\t<h1 class=\"elementor-heading-title elementor-size-default\">Dahab Traum-Drachen<br>Kitesurfing Schule in Dahab<\/h1>\t\t\t\t<\/div>\n\t\t\t\t<\/div>\n\t\t\t\t\t<\/div>\n\t\t<\/div>\n\t\t\t\t\t<\/div>\n\t\t<\/section>\n\t\t\t\t\t<\/div>\n\t\t<\/div>\n\t\t\t\t\t<\/div>\n\t\t<\/section>\n\t\t\t\t<section class=\"elementor-section elementor-top-section elementor-element elementor-element-54a0dcc elementor-section-boxed elementor-section-height-default elementor-section-height-default\" data-id=\"54a0dcc\" data-element_type=\"section\">\n\t\t\t\t\t\t<div class=\"elementor-container elementor-column-gap-default\">\n\t\t\t\t\t<div class=\"elementor-column elementor-col-66 elementor-top-column elementor-element elementor-element-9cb5337\" data-id=\"9cb5337\" data-element_type=\"column\">\n\t\t\t<div class=\"elementor-widget-wrap elementor-element-populated\">\n\t\t\t\t\t\t<div class=\"elementor-element elementor-element-694a3d9 elementor-widget__width-initial elementor-widget elementor-widget-text-editor\" data-id=\"694a3d9\" data-element_type=\"widget\" data-widget_type=\"text-editor.default\">\n\t\t\t\t<div class=\"elementor-widget-container\">\n\t\t\t\t\t\t\t\t\t<p>Kitesurfen ist ein aufregender und spannender Wassersport, bei dem ein Kiteboard mit Hilfe eines Drachens \u00fcber das Wasser bewegt wird.<\/p><p>Dahab Dream Kite ist eine gute Anlaufstelle, wenn Sie an einer Kitesurfing-Schule in Dahab interessiert sind.<\/p><p>Dahab Dream Kite in Dahab, \u00c4gypten, ist eine Kitesurfing-Schule, die eine Reihe von Kursen f\u00fcr alle Erfahrungsstufen anbietet.<\/p><p>Vom Anf\u00e4nger bis zum Fortgeschrittenen, das Team von Dahab Dream Kite kann Ihnen helfen, das Kitesurfen in einer sicheren und angenehmen Umgebung zu erlernen.<\/p><p>Der Kitesurfing-Unterricht bei Dahab Dream Kite wird von erfahrenen und zertifizierten Lehrern durchgef\u00fchrt, die Ihnen zum Erfolg verhelfen wollen.<\/p><p>Der Unterricht ist unterhaltsam, informativ und auf Ihre Bed\u00fcrfnisse zugeschnitten, so dass Sie in Ihrem eigenen Tempo vorankommen k\u00f6nnen.<\/p><p>Zus\u00e4tzlich zu den Kitesurfing-Kursen bietet Dahab Dream Kite auch eine Reihe von Kitesurfing-Ausr\u00fcstungen zur Miete an.<\/p><p>Egal, ob Sie ein erfahrener Kitesurfer sind, der eine neue Ausr\u00fcstung ausprobieren m\u00f6chte, oder ein Anf\u00e4nger, der alles braucht, um loszulegen - Dahab Dream Kite hat alles f\u00fcr Sie.<\/p><p>Dahab Dream Kite ist ein <a title=\"IKO (International Kiteboarding Organization) angeschlossene Schule\" href=\"https:\/\/www.ikointl.com\/\" target=\"_blank\" rel=\"noopener\">IKO (International Kiteboarding Organization) angeschlossene Schule<\/a>Das bedeutet, dass wir uns an die IKO-Standards f\u00fcr den Unterricht im Kitesurfen halten.<\/p><p>Unsere Studenten erhalten nach erfolgreichem Abschluss unserer Kurse international anerkannte Zertifizierungen.<\/p><p>Warum also warten? Wenn Sie bereit sind, den aufregenden Sport des Kitesurfens zu erleben, fangen Sie noch heute an!<\/p>\t\t\t\t\t\t\t\t<\/div>\n\t\t\t\t<\/div>\n\t\t\t\t<div class=\"elementor-element elementor-element-8fd646b elementor-align-center elementor-invisible elementor-widget elementor-widget-button\" data-id=\"8fd646b\" data-element_type=\"widget\" data-settings=\"{&quot;_animation&quot;:&quot;shake&quot;}\" data-widget_type=\"button.default\">\n\t\t\t\t<div class=\"elementor-widget-container\">\n\t\t\t\t\t\t\t\t\t<div class=\"elementor-button-wrapper\">\n\t\t\t\t\t<a class=\"elementor-button elementor-button-link elementor-size-sm\" href=\"https:\/\/dahabkitesurfing.com\/de\/kitesurfing-kurse\/\">\n\t\t\t\t\t\t<span class=\"elementor-button-content-wrapper\">\n\t\t\t\t\t\t\t\t\t<span class=\"elementor-button-text\">Siehe unsere Kitesurfing in Dahab Kurse<\/span>\n\t\t\t\t\t<\/span>\n\t\t\t\t\t<\/a>\n\t\t\t\t<\/div>\n\t\t\t\t\t\t\t\t<\/div>\n\t\t\t\t<\/div>\n\t\t\t\t\t<\/div>\n\t\t<\/div>\n\t\t\t\t<div class=\"elementor-column elementor-col-33 elementor-top-column elementor-element elementor-element-d7dfb4b\" data-id=\"d7dfb4b\" data-element_type=\"column\">\n\t\t\t<div class=\"elementor-widget-wrap elementor-element-populated\">\n\t\t\t\t\t\t<div class=\"elementor-element elementor-element-d05f509 elementor-widget elementor-widget-image\" data-id=\"d05f509\" data-element_type=\"widget\" data-widget_type=\"image.default\">\n\t\t\t\t<div class=\"elementor-widget-container\">\n\t\t\t\t\t\t\t\t\t\t\t\t\t\t\t<img decoding=\"async\" src=\"https:\/\/dahabkitesurfing.com\/wp-content\/uploads\/elementor\/thumbs\/Kitesurf-Instructor-Saleh-with-Student-rdcmcg91saext00m5dzcfbs2namqehtf961x49ibhc.jpg\" title=\"Kitesurf-Lehrer Saleh mit Sch\u00fcler\" alt=\"Kitesurf-Lehrer Saleh mit Sch\u00fcler\" loading=\"lazy\" \/>\t\t\t\t\t\t\t\t\t\t\t\t\t\t\t<\/div>\n\t\t\t\t<\/div>\n\t\t\t\t\t<\/div>\n\t\t<\/div>\n\t\t\t\t\t<\/div>\n\t\t<\/section>\n\t\t\t\t<section class=\"elementor-section elementor-top-section elementor-element elementor-element-2bb42a7 elementor-section-boxed elementor-section-height-default elementor-section-height-default\" data-id=\"2bb42a7\" data-element_type=\"section\">\n\t\t\t\t\t\t<div class=\"elementor-container elementor-column-gap-default\">\n\t\t\t\t\t<div class=\"elementor-column elementor-col-100 elementor-top-column elementor-element elementor-element-5df6726\" data-id=\"5df6726\" data-element_type=\"column\">\n\t\t\t<div class=\"elementor-widget-wrap elementor-element-populated\">\n\t\t\t\t\t\t<div class=\"elementor-element elementor-element-4c0abfe elementor-widget elementor-widget-heading\" data-id=\"4c0abfe\" data-element_type=\"widget\" data-widget_type=\"heading.default\">\n\t\t\t\t<div class=\"elementor-widget-container\">\n\t\t\t\t\t<h2 class=\"elementor-heading-title elementor-size-xxl\">Kitesurfing Schule in Dahab - Blaue Lagune<\/h2>\t\t\t\t<\/div>\n\t\t\t\t<\/div>\n\t\t\t\t<div class=\"elementor-element elementor-element-c2facda elementor-widget elementor-widget-text-editor\" data-id=\"c2facda\" data-element_type=\"widget\" data-widget_type=\"text-editor.default\">\n\t\t\t\t<div class=\"elementor-widget-container\">\n\t\t\t\t\t\t\t\t\t<p>Die Blaue Lagune in Dahab, \u00c4gypten, ist ein bekanntes Ziel f\u00fcr Kitesurfing-Fans.<\/p><p>Sie liegt etwa 10 Kilometer (6,2 Meilen) n\u00f6rdlich der Stadt Dahab an der s\u00fcd\u00f6stlichen K\u00fcste der Sinai-Halbinsel am Roten Meer.<\/p><p>Kitesurfen in der Blauen Lagune ist aufgrund der idealen Bedingungen f\u00fcr Kitesurfer sehr beliebt.<\/p><p>Die Lagune ist ein flaches, gesch\u00fctztes Gew\u00e4sser mit kristallklarem, t\u00fcrkisblauem Wasser.<\/p><p>Er ist von einer wundersch\u00f6nen W\u00fcstenlandschaft umgeben, mit dem Sinai-Gebirge im Hintergrund.<\/p><p>Die Kombination aus flachem Wasser, best\u00e4ndigen Winden und einer atemberaubenden Landschaft macht die Blaue Lagune zu einem erstklassigen Ort zum Kitesurfen.<\/p><p>Wenn Sie an der Blauen Lagune ankommen, haben Sie ausreichend Platz, um Ihre Kitesurfing-Sessions zu starten und zu genie\u00dfen.<\/p><p>Die Sch\u00f6nheit des Ortes und die verl\u00e4sslichen Windbedingungen machen ihn zu einem Muss f\u00fcr Kitesurfer in Dahab und er ist daf\u00fcr bekannt, dass er ein unvergessliches Kitesurferlebnis in \u00c4gypten bietet.<\/p>\t\t\t\t\t\t\t\t<\/div>\n\t\t\t\t<\/div>\n\t\t\t\t<section class=\"elementor-section elementor-inner-section elementor-element elementor-element-4023cd1 elementor-section-boxed elementor-section-height-default elementor-section-height-default\" data-id=\"4023cd1\" data-element_type=\"section\">\n\t\t\t\t\t\t<div class=\"elementor-container elementor-column-gap-default\">\n\t\t\t\t\t<div class=\"elementor-column elementor-col-50 elementor-inner-column elementor-element elementor-element-8ea9150\" data-id=\"8ea9150\" data-element_type=\"column\">\n\t\t\t<div class=\"elementor-widget-wrap elementor-element-populated\">\n\t\t\t\t\t\t<div class=\"elementor-element elementor-element-57d6ec2 elementor-widget elementor-widget-image\" data-id=\"57d6ec2\" data-element_type=\"widget\" data-widget_type=\"image.default\">\n\t\t\t\t<div class=\"elementor-widget-container\">\n\t\t\t\t\t\t\t\t\t\t\t\t\t\t\t<img fetchpriority=\"high\" decoding=\"async\" width=\"768\" height=\"512\" src=\"https:\/\/dahabkitesurfing.com\/wp-content\/uploads\/Kitesurfing-School-Blue-Lagoona-Dahab-Dream-Kite-768x512.jpg\" class=\"attachment-medium_large size-medium_large wp-image-839\" alt=\"Kitesurfing Schule Blue Lagoona Dahab Dream Kite\" srcset=\"https:\/\/dahabkitesurfing.com\/wp-content\/uploads\/Kitesurfing-School-Blue-Lagoona-Dahab-Dream-Kite-768x512.jpg 768w, https:\/\/dahabkitesurfing.com\/wp-content\/uploads\/Kitesurfing-School-Blue-Lagoona-Dahab-Dream-Kite-600x400.jpg 600w, https:\/\/dahabkitesurfing.com\/wp-content\/uploads\/Kitesurfing-School-Blue-Lagoona-Dahab-Dream-Kite-300x200.jpg 300w, https:\/\/dahabkitesurfing.com\/wp-content\/uploads\/Kitesurfing-School-Blue-Lagoona-Dahab-Dream-Kite-1024x683.jpg 1024w, https:\/\/dahabkitesurfing.com\/wp-content\/uploads\/Kitesurfing-School-Blue-Lagoona-Dahab-Dream-Kite-18x12.jpg 18w, https:\/\/dahabkitesurfing.com\/wp-content\/uploads\/Kitesurfing-School-Blue-Lagoona-Dahab-Dream-Kite.jpg 1200w\" sizes=\"(max-width: 768px) 100vw, 768px\" \/>\t\t\t\t\t\t\t\t\t\t\t\t\t\t\t<\/div>\n\t\t\t\t<\/div>\n\t\t\t\t\t<\/div>\n\t\t<\/div>\n\t\t\t\t<div class=\"elementor-column elementor-col-50 elementor-inner-column elementor-element elementor-element-a161107\" data-id=\"a161107\" data-element_type=\"column\">\n\t\t\t<div class=\"elementor-widget-wrap elementor-element-populated\">\n\t\t\t\t\t\t<div class=\"elementor-element elementor-element-6b42236 elementor-widget elementor-widget-image\" data-id=\"6b42236\" data-element_type=\"widget\" data-widget_type=\"image.default\">\n\t\t\t\t<div class=\"elementor-widget-container\">\n\t\t\t\t\t\t\t\t\t\t\t\t\t\t\t<img decoding=\"async\" width=\"768\" height=\"512\" src=\"https:\/\/dahabkitesurfing.com\/wp-content\/uploads\/kitesurfing-safety-boat-blue-lagoon-dahab-768x512.jpg\" class=\"attachment-medium_large size-medium_large wp-image-834\" alt=\"kitesurfing schule sicherheitsboot blaue lagune dahab\" srcset=\"https:\/\/dahabkitesurfing.com\/wp-content\/uploads\/kitesurfing-safety-boat-blue-lagoon-dahab-768x512.jpg 768w, https:\/\/dahabkitesurfing.com\/wp-content\/uploads\/kitesurfing-safety-boat-blue-lagoon-dahab-600x400.jpg 600w, https:\/\/dahabkitesurfing.com\/wp-content\/uploads\/kitesurfing-safety-boat-blue-lagoon-dahab-300x200.jpg 300w, https:\/\/dahabkitesurfing.com\/wp-content\/uploads\/kitesurfing-safety-boat-blue-lagoon-dahab-1024x683.jpg 1024w, https:\/\/dahabkitesurfing.com\/wp-content\/uploads\/kitesurfing-safety-boat-blue-lagoon-dahab-18x12.jpg 18w, https:\/\/dahabkitesurfing.com\/wp-content\/uploads\/kitesurfing-safety-boat-blue-lagoon-dahab.jpg 1200w\" sizes=\"(max-width: 768px) 100vw, 768px\" \/>\t\t\t\t\t\t\t\t\t\t\t\t\t\t\t<\/div>\n\t\t\t\t<\/div>\n\t\t\t\t\t<\/div>\n\t\t<\/div>\n\t\t\t\t\t<\/div>\n\t\t<\/section>\n\t\t\t\t<div class=\"elementor-element elementor-element-6ca9514 elementor-widget elementor-widget-heading\" data-id=\"6ca9514\" data-element_type=\"widget\" data-widget_type=\"heading.default\">\n\t\t\t\t<div class=\"elementor-widget-container\">\n\t\t\t\t\t<h3 class=\"elementor-heading-title elementor-size-xl\">Andere Dinge, die Sie in der Blauen Lagune tun k\u00f6nnen<\/h3>\t\t\t\t<\/div>\n\t\t\t\t<\/div>\n\t\t\t\t<div class=\"elementor-element elementor-element-e8dede1 elementor-widget elementor-widget-text-editor\" data-id=\"e8dede1\" data-element_type=\"widget\" data-widget_type=\"text-editor.default\">\n\t\t\t\t<div class=\"elementor-widget-container\">\n\t\t\t\t\t\t\t\t\t<div class=\"flex-1 overflow-hidden\"><div class=\"react-scroll-to-bottom--css-gmcoc-79elbk h-full dark:bg-gray-800\"><div class=\"react-scroll-to-bottom--css-gmcoc-1n7m0yu\"><div class=\"flex flex-col text-sm dark:bg-gray-800\"><div class=\"group w-full text-token-text-primary border-b border-black\/10 dark:border-gray-900\/50 bg-gray-50 dark:bg-[#444654]\" data-testid=\"conversation-turn-5\"><div class=\"p-4 justify-center text-base md:gap-6 md:py-6 m-auto\"><div class=\"flex flex-1 gap-4 text-base mx-auto md:gap-6 md:max-w-2xl lg:max-w-[38rem] xl:max-w-3xl }\"><div class=\"relative flex w-[calc(100%-50px)] flex-col gap-1 md:gap-3 lg:w-[calc(100%-115px)]\"><div class=\"flex flex-grow flex-col gap-3 max-w-full\"><div class=\"min-h-[20px] flex flex-col items-start gap-3 overflow-x-auto whitespace-pre-wrap break-words\"><div class=\"markdown prose w-full break-words dark:prose-invert light\"><p>Die Blaue Lagune in Dahab, \u00c4gypten, ist zwar in erster Linie f\u00fcr ihre ausgezeichneten Bedingungen zum Kitesurfen bekannt, aber es gibt noch zahlreiche andere Aktivit\u00e4ten und Attraktionen, die Besucher in und um diesen malerischen Ort genie\u00dfen k\u00f6nnen:<\/p><ol><li><p><strong>Schnorcheln und Tauchen<\/strong>: Die Blaue Lagune bietet fantastische M\u00f6glichkeiten zum Schnorcheln und Tauchen. Das klare, ruhige Wasser beherbergt eine Vielzahl von Meereslebewesen und Korallenriffen und ist damit ein hervorragender Ort f\u00fcr Unterwassererkundungen.<\/p><\/li><li><p><strong>Entspannung<\/strong>: Die ruhige Atmosph\u00e4re und die atemberaubende nat\u00fcrliche Sch\u00f6nheit der Blauen Lagune machen sie zu einem idealen Ort der Entspannung. Sie k\u00f6nnen am Strand faulenzen, Sonne tanken oder die atemberaubende Aussicht auf die W\u00fcste und die Berge genie\u00dfen.<\/p><\/li><li><p><strong>Schwimmen<\/strong>: Das ruhige und flache Wasser der Lagune eignet sich perfekt zum Schwimmen, vor allem f\u00fcr diejenigen, die sich nicht mit Kitesurfen oder anderen Wassersportarten besch\u00e4ftigen. Es ist ein sicherer und angenehmer Ort f\u00fcr ein erfrischendes Bad.<\/p><\/li><li><p><strong>Kamel- und Reitausfl\u00fcge<\/strong>: Sie k\u00f6nnen auf Kamelen oder Pferden entlang des Strandes und der W\u00fcste reiten, was Ihrem Besuch einen Hauch von Abenteuer verleiht.<\/p><\/li><li><p><strong>Yoga und Wellness-Retreats<\/strong>: Einige Resorts und Yogazentren in der Gegend bieten Yoga- und Wellness-Retreats an, bei denen Sie Entspannung mit Fitness und Selbstf\u00fcrsorge verbinden k\u00f6nnen.<\/p><\/li><li><p><strong>Sternguckerei<\/strong>: Der klare Nachthimmel in der W\u00fcste, die die Blaue Lagune umgibt, ist perfekt f\u00fcr die Sternenbeobachtung. Genie\u00dfen Sie die Sch\u00f6nheit der Sterne und Konstellationen abseits der Lichter der Stadt.<\/p><\/li><li><p><strong>Attraktionen in der N\u00e4he erkunden<\/strong>: Dahab hat verschiedene Attraktionen zu bieten, darunter den ber\u00fchmten Tauchplatz Blue Hole, das Lighthouse Reef und den Dahab Canyon. Sie k\u00f6nnen Tagesausfl\u00fcge oder Touren unternehmen, um diese nahe gelegenen Naturwunder zu erkunden.<\/p><\/li><\/ol><p>Die Blaue Lagune ist nicht nur ein Hotspot f\u00fcr eine Kitesurfing-Schule in Dahab, sondern auch ein Reiseziel, das vielf\u00e4ltige Aktivit\u00e4ten und Erlebnisse bietet und damit sowohl f\u00fcr Abenteuerlustige als auch f\u00fcr Ruhesuchende geeignet ist.<\/p><\/div><\/div><\/div><\/div><\/div><\/div><\/div><\/div><\/div><\/div><\/div>\t\t\t\t\t\t\t\t<\/div>\n\t\t\t\t<\/div>\n\t\t\t\t\t<\/div>\n\t\t<\/div>\n\t\t\t\t\t<\/div>\n\t\t<\/section>\n\t\t\t\t<section class=\"elementor-section elementor-top-section elementor-element elementor-element-22fa3782 elementor-section-boxed elementor-section-height-default elementor-section-height-default\" data-id=\"22fa3782\" data-element_type=\"section\">\n\t\t\t\t\t\t<div class=\"elementor-container elementor-column-gap-default\">\n\t\t\t\t\t<div class=\"elementor-column elementor-col-100 elementor-top-column elementor-element elementor-element-2fd311a2\" data-id=\"2fd311a2\" data-element_type=\"column\">\n\t\t\t<div class=\"elementor-widget-wrap elementor-element-populated\">\n\t\t\t\t\t\t<div class=\"elementor-element elementor-element-3bc5acb4 elementor-widget elementor-widget-heading\" data-id=\"3bc5acb4\" data-element_type=\"widget\" data-widget_type=\"heading.default\">\n\t\t\t\t<div class=\"elementor-widget-container\">\n\t\t\t\t\t<h2 class=\"elementor-heading-title elementor-size-default\">Die Sch\u00f6nheit des Kitesurfens<\/h2>\t\t\t\t<\/div>\n\t\t\t\t<\/div>\n\t\t\t\t<div class=\"elementor-element elementor-element-d0a9d73 elementor-widget elementor-widget-text-editor\" data-id=\"d0a9d73\" data-element_type=\"widget\" data-widget_type=\"text-editor.default\">\n\t\t\t\t<div class=\"elementor-widget-container\">\n\t\t\t\t\t\t\t\t\t<p>Die Sch\u00f6nheit des Kitesurfens in Dahab wird von unserem Kite-Lehrer Saleh im folgenden Video beschrieben. Das Video enth\u00e4lt Szenen unseres Hauptschulungsgel\u00e4ndes in der Blauen Lagune und unsere Kitesurfing-Schule in Dahab ist ganz in der N\u00e4he.<\/p><p>Unser anderes Kitesurfing-Schulungsgebiet ist die Lagoona in Dahab. Genie\u00dfen Sie das Video und wir freuen uns darauf, mit Ihnen zu kitesurfen.<\/p>\t\t\t\t\t\t\t\t<\/div>\n\t\t\t\t<\/div>\n\t\t\t\t<section class=\"elementor-section elementor-inner-section elementor-element elementor-element-6e3d7bd2 elementor-section-boxed elementor-section-height-default elementor-section-height-default\" data-id=\"6e3d7bd2\" data-element_type=\"section\">\n\t\t\t\t\t\t<div class=\"elementor-container elementor-column-gap-default\">\n\t\t\t\t\t<div class=\"elementor-column elementor-col-100 elementor-inner-column elementor-element elementor-element-4f6acb70\" data-id=\"4f6acb70\" data-element_type=\"column\">\n\t\t\t<div class=\"elementor-widget-wrap elementor-element-populated\">\n\t\t\t\t\t\t<div class=\"elementor-element elementor-element-6b7cdab0 elementor-widget__width-initial elementor-widget elementor-widget-video\" data-id=\"6b7cdab0\" data-element_type=\"widget\" data-settings=\"{&quot;video_type&quot;:&quot;hosted&quot;,&quot;controls&quot;:&quot;yes&quot;}\" data-widget_type=\"video.default\">\n\t\t\t\t<div class=\"elementor-widget-container\">\n\t\t\t\t\t\t\t<div class=\"e-hosted-video elementor-wrapper elementor-open-inline\">\n\t\t\t\t\t<video class=\"elementor-video\" src=\"https:\/\/dahabkitesurfing.com\/kitesurfing dahab Traumdrachen.mp4\" controls=\"\" preload=\"metadata\" controlslist=\"nodownload\" poster=\"https:\/\/dahabkitesurfing.com\/wp-content\/uploads\/2023\/04\/kitesurfing-dahab-dream-kite.jpg\"><\/video>\n\t\t\t\t<\/div>\n\t\t\t\t\t\t<\/div>\n\t\t\t\t<\/div>\n\t\t\t\t<div class=\"elementor-element elementor-element-ac54e75 elementor-align-center elementor-invisible elementor-widget elementor-widget-button\" data-id=\"ac54e75\" data-element_type=\"widget\" data-settings=\"{&quot;_animation&quot;:&quot;shake&quot;}\" data-widget_type=\"button.default\">\n\t\t\t\t<div class=\"elementor-widget-container\">\n\t\t\t\t\t\t\t\t\t<div class=\"elementor-button-wrapper\">\n\t\t\t\t\t<a class=\"elementor-button elementor-button-link elementor-size-sm\" href=\"https:\/\/dahabkitesurfing.com\/de\/kitesurfing-kurse\/\">\n\t\t\t\t\t\t<span class=\"elementor-button-content-wrapper\">\n\t\t\t\t\t\t\t\t\t<span class=\"elementor-button-text\">Siehe unsere Kitesurfing in Dahab Kurse<\/span>\n\t\t\t\t\t<\/span>\n\t\t\t\t\t<\/a>\n\t\t\t\t<\/div>\n\t\t\t\t\t\t\t\t<\/div>\n\t\t\t\t<\/div>\n\t\t\t\t\t<\/div>\n\t\t<\/div>\n\t\t\t\t\t<\/div>\n\t\t<\/section>\n\t\t\t\t\t<\/div>\n\t\t<\/div>\n\t\t\t\t\t<\/div>\n\t\t<\/section>\n\t\t\t\t<section class=\"elementor-section elementor-top-section elementor-element elementor-element-814fdcd elementor-section-boxed elementor-section-height-default elementor-section-height-default\" data-id=\"814fdcd\" data-element_type=\"section\">\n\t\t\t\t\t\t<div class=\"elementor-container elementor-column-gap-default\">\n\t\t\t\t\t<div class=\"elementor-column elementor-col-100 elementor-top-column elementor-element elementor-element-44760be\" data-id=\"44760be\" data-element_type=\"column\">\n\t\t\t<div class=\"elementor-widget-wrap\">\n\t\t\t\t\t\t\t<\/div>\n\t\t<\/div>\n\t\t\t\t\t<\/div>\n\t\t<\/section>\n\t\t\t\t<\/div>","protected":false},"excerpt":{"rendered":"<p>Dahab Dream Kite Kitesurfing Schule in Dahab Kitesurfen ist ein aufregender und spannender Wassersport, bei dem ein Kiteboard mit Hilfe eines Drachens \u00fcber das Wasser bewegt wird. Dahab Dream Kite ist eine gute Anlaufstelle, wenn Sie sich f\u00fcr eine Kitesurfing-Schule in Dahab interessieren. Dahab Dream Kite befindet sich in Dahab, \u00c4gypten, und ist eine Kitesurfing-Schule [...]<\/p>","protected":false},"author":1,"featured_media":186,"parent":0,"menu_order":0,"comment_status":"closed","ping_status":"closed","template":"elementor_header_footer","meta":{"slim_seo":{"title":"Kitesurfing School in Dahab - Dahab Dream Kite","description":"Dahab Dream Kite Kitesurfing School in Dahab Kitesurfen ist ein aufregender und spannender Wassersport, bei dem ein Kiteboard mit Hilfe eines Drachens \u00fcber das Wasser gesteuert wird."},"footnotes":""},"class_list":["post-147","page","type-page","status-publish","has-post-thumbnail","hentry"],"_links":{"self":[{"href":"https:\/\/dahabkitesurfing.com\/de\/wp-json\/wp\/v2\/pages\/147","targetHints":{"allow":["GET"]}}],"collection":[{"href":"https:\/\/dahabkitesurfing.com\/de\/wp-json\/wp\/v2\/pages"}],"about":[{"href":"https:\/\/dahabkitesurfing.com\/de\/wp-json\/wp\/v2\/types\/page"}],"author":[{"embeddable":true,"href":"https:\/\/dahabkitesurfing.com\/de\/wp-json\/wp\/v2\/users\/1"}],"replies":[{"embeddable":true,"href":"https:\/\/dahabkitesurfing.com\/de\/wp-json\/wp\/v2\/comments?post=147"}],"version-history":[{"count":77,"href":"https:\/\/dahabkitesurfing.com\/de\/wp-json\/wp\/v2\/pages\/147\/revisions"}],"predecessor-version":[{"id":1292,"href":"https:\/\/dahabkitesurfing.com\/de\/wp-json\/wp\/v2\/pages\/147\/revisions\/1292"}],"wp:featuredmedia":[{"embeddable":true,"href":"https:\/\/dahabkitesurfing.com\/de\/wp-json\/wp\/v2\/media\/186"}],"wp:attachment":[{"href":"https:\/\/dahabkitesurfing.com\/de\/wp-json\/wp\/v2\/media?parent=147"}],"curies":[{"name":"wp","href":"https:\/\/api.w.org\/{rel}","templated":true}]}}