{"id":683,"date":"2023-04-26T08:35:50","date_gmt":"2023-04-26T08:35:50","guid":{"rendered":"https:\/\/dahabkitesurfing.com\/?page_id=683"},"modified":"2023-09-28T13:35:56","modified_gmt":"2023-09-28T13:35:56","slug":"unterkunft-in-dahab","status":"publish","type":"page","link":"https:\/\/dahabkitesurfing.com\/de\/unterkunft-in-dahab\/","title":{"rendered":"Unterkunft in Dahab"},"content":{"rendered":"<div data-elementor-type=\"wp-page\" data-elementor-id=\"683\" class=\"elementor elementor-683\" data-elementor-post-type=\"page\">\n\t\t\t\t\t\t<section class=\"elementor-section elementor-top-section elementor-element elementor-element-111b17e elementor-section-boxed elementor-section-height-default elementor-section-height-default\" data-id=\"111b17e\" data-element_type=\"section\">\n\t\t\t\t\t\t<div class=\"elementor-container elementor-column-gap-default\">\n\t\t\t\t\t<div class=\"elementor-column elementor-col-100 elementor-top-column elementor-element elementor-element-2309a1f\" data-id=\"2309a1f\" data-element_type=\"column\">\n\t\t\t<div class=\"elementor-widget-wrap elementor-element-populated\">\n\t\t\t\t\t\t<div class=\"elementor-element elementor-element-e339aca elementor-widget elementor-widget-heading\" data-id=\"e339aca\" data-element_type=\"widget\" data-widget_type=\"heading.default\">\n\t\t\t\t<div class=\"elementor-widget-container\">\n\t\t\t\t\t<h1 class=\"elementor-heading-title elementor-size-xl\">Empfohlene Unterkunft in Dahab<\/h1>\t\t\t\t<\/div>\n\t\t\t\t<\/div>\n\t\t\t\t<div class=\"elementor-element elementor-element-1d758c8 elementor-widget elementor-widget-text-editor\" data-id=\"1d758c8\" data-element_type=\"widget\" data-widget_type=\"text-editor.default\">\n\t\t\t\t<div class=\"elementor-widget-container\">\n\t\t\t\t\t\t\t\t\t<p>Wir empfehlen Sindbad Camp f\u00fcr Ihre Unterkunft in Dahab sehr.<\/p><p>Sie bieten sehr budgetfreundliche Preise, die schwer zu schlagen sind, wenn Sie in Dahab \u00fcbernachten m\u00f6chten.<\/p><p>Wir sind aus einem ganz einfachen Grund eng mit ihnen verbunden.<\/p><p>Sie geh\u00f6ren zu den besten Orten, an denen man \u00fcbernachten kann.<\/p><p>Sie haben eine sehr freundliche Atmosph\u00e4re und eine tolle Lage.<\/p>\t\t\t\t\t\t\t\t<\/div>\n\t\t\t\t<\/div>\n\t\t\t\t\t<\/div>\n\t\t<\/div>\n\t\t\t\t\t<\/div>\n\t\t<\/section>\n\t\t\t\t<section class=\"elementor-section elementor-top-section elementor-element elementor-element-6787392 elementor-section-boxed elementor-section-height-default elementor-section-height-default\" data-id=\"6787392\" data-element_type=\"section\">\n\t\t\t\t\t\t<div class=\"elementor-container elementor-column-gap-default\">\n\t\t\t\t\t<div class=\"elementor-column elementor-col-100 elementor-top-column elementor-element elementor-element-e428a15\" data-id=\"e428a15\" data-element_type=\"column\">\n\t\t\t<div class=\"elementor-widget-wrap elementor-element-populated\">\n\t\t\t\t\t\t<div class=\"elementor-element elementor-element-cd74649 elementor-widget elementor-widget-heading\" data-id=\"cd74649\" data-element_type=\"widget\" data-widget_type=\"heading.default\">\n\t\t\t\t<div class=\"elementor-widget-container\">\n\t\t\t\t\t<h2 class=\"elementor-heading-title elementor-size-xl\">Sindbad Camp Dahab<\/h2>\t\t\t\t<\/div>\n\t\t\t\t<\/div>\n\t\t\t\t<div class=\"elementor-element elementor-element-2c3cbdb elementor-widget elementor-widget-image\" data-id=\"2c3cbdb\" data-element_type=\"widget\" data-widget_type=\"image.default\">\n\t\t\t\t<div class=\"elementor-widget-container\">\n\t\t\t\t\t\t\t\t\t\t\t\t\t\t\t<img fetchpriority=\"high\" decoding=\"async\" width=\"800\" height=\"450\" src=\"https:\/\/dahabkitesurfing.com\/wp-content\/uploads\/2023\/05\/Sindbad-Camp-Dahab-Eygpt-1024x576.jpg\" class=\"attachment-large size-large wp-image-730\" alt=\"Sindbad Camp Dahab Eygpt\" srcset=\"https:\/\/dahabkitesurfing.com\/wp-content\/uploads\/2023\/05\/Sindbad-Camp-Dahab-Eygpt-1024x576.jpg 1024w, https:\/\/dahabkitesurfing.com\/wp-content\/uploads\/2023\/05\/Sindbad-Camp-Dahab-Eygpt-600x338.jpg 600w, https:\/\/dahabkitesurfing.com\/wp-content\/uploads\/2023\/05\/Sindbad-Camp-Dahab-Eygpt-300x169.jpg 300w, https:\/\/dahabkitesurfing.com\/wp-content\/uploads\/2023\/05\/Sindbad-Camp-Dahab-Eygpt-768x432.jpg 768w, https:\/\/dahabkitesurfing.com\/wp-content\/uploads\/2023\/05\/Sindbad-Camp-Dahab-Eygpt.jpg 1200w\" sizes=\"(max-width: 800px) 100vw, 800px\" \/>\t\t\t\t\t\t\t\t\t\t\t\t\t\t\t<\/div>\n\t\t\t\t<\/div>\n\t\t\t\t<div class=\"elementor-element elementor-element-4c7efdb elementor-widget-mobile__width-initial elementor-widget elementor-widget-text-editor\" data-id=\"4c7efdb\" data-element_type=\"widget\" data-widget_type=\"text-editor.default\">\n\t\t\t\t<div class=\"elementor-widget-container\">\n\t\t\t\t\t\t\t\t\t<p>Sindbad ist das letzte traditionelle Beduinencamp in Dahab, das direkt am Meer liegt und \u00fcber einen unbebauten Strand verf\u00fcgt.<\/p><p>Es befindet sich in der Lighthouse Area von Dahab, einem lebhaften Viertel mit vielen guten Restaurants und sch\u00f6nen Gesch\u00e4ften.<\/p><p>In der N\u00e4he des Camps gibt es einen einfachen Zugang zum Meer, wo Sie schwimmen, schnorcheln, windsurfen oder tauchen k\u00f6nnen.<\/p><p>Ein gem\u00fctlicher Ort mit einem echten Gemeinschaftsgef\u00fchl, an dem Sie Freunde und Mitreisende aus der ganzen Welt finden k\u00f6nnen, und das alles in einer gro\u00dfen famili\u00e4ren Atmosph\u00e4re, die den traditionellen Geist von Dahab vermittelt.<\/p><p>Viele fr\u00fchere und heutige G\u00e4ste sagen, es sei der beste Ort in Dahab, um zu \u00fcbernachten.<\/p><p>Das Camp bietet verschiedene Privatzimmer, von sehr einfach bis ziemlich luxuri\u00f6s.<\/p><p>Es gibt ein kleines Restaurant im Camp, in dem ein einfaches, aber schmackhaftes Fr\u00fchst\u00fcck und Mittagessen zu vern\u00fcnftigen Preisen angeboten wird.<\/p><p>Im Camp gibt es kostenloses WIFI.<\/p><p>Um diese Unterkunft in Dahab zu buchen, besuchen Sie bitte die Website des Sindbad Camps und kontaktieren Sie Marcel (The Camp Manager) \u00fcber die Kontaktseite.<\/p><p>Hier ist der Link zu ihrer Website: <strong><a href=\"https:\/\/www.sindbaddahab.com\/\" target=\"_blank\" rel=\"noopener\">Sindbad Camp Dahab<\/a><\/strong><\/p><p><strong>Sehr wichtige Informationen:<\/strong> <br \/>Bitte erw\u00e4hnen Sie <strong>Marcel<\/strong> (Sindbad Camp Manager), dass Sie versuchen, \u00fcber Dahab Dream Kite zu buchen, da das Sindbad Camp eine sehr beliebte Unterkunft ist, und Sie erhalten <strong>eine vorrangige Buchung<\/strong>. Er kann auch Ihren Taxiservice zum und vom Flughafen Sharm el Sheik organisieren.<\/p>\t\t\t\t\t\t\t\t<\/div>\n\t\t\t\t<\/div>\n\t\t\t\t<section class=\"elementor-section elementor-inner-section elementor-element elementor-element-49c9825 elementor-section-boxed elementor-section-height-default elementor-section-height-default\" data-id=\"49c9825\" data-element_type=\"section\">\n\t\t\t\t\t\t<div class=\"elementor-container elementor-column-gap-default\">\n\t\t\t\t\t<div class=\"elementor-column elementor-col-50 elementor-inner-column elementor-element elementor-element-ccffe75\" data-id=\"ccffe75\" data-element_type=\"column\">\n\t\t\t<div class=\"elementor-widget-wrap elementor-element-populated\">\n\t\t\t\t\t\t<div class=\"elementor-element elementor-element-da7cc49 elementor-widget elementor-widget-image\" data-id=\"da7cc49\" data-element_type=\"widget\" data-widget_type=\"image.default\">\n\t\t\t\t<div class=\"elementor-widget-container\">\n\t\t\t\t\t\t\t\t\t\t\t\t\t\t\t<img decoding=\"async\" width=\"800\" height=\"450\" src=\"https:\/\/dahabkitesurfing.com\/wp-content\/uploads\/2023\/05\/Sindbad-Camp-Room-1024x576.jpg\" class=\"attachment-large size-large wp-image-747\" alt=\"Unterkunft in Dahab Sindbad Camp Zimmer\" srcset=\"https:\/\/dahabkitesurfing.com\/wp-content\/uploads\/2023\/05\/Sindbad-Camp-Room-1024x576.jpg 1024w, https:\/\/dahabkitesurfing.com\/wp-content\/uploads\/2023\/05\/Sindbad-Camp-Room-600x338.jpg 600w, https:\/\/dahabkitesurfing.com\/wp-content\/uploads\/2023\/05\/Sindbad-Camp-Room-300x169.jpg 300w, https:\/\/dahabkitesurfing.com\/wp-content\/uploads\/2023\/05\/Sindbad-Camp-Room-768x432.jpg 768w, https:\/\/dahabkitesurfing.com\/wp-content\/uploads\/2023\/05\/Sindbad-Camp-Room.jpg 1200w\" sizes=\"(max-width: 800px) 100vw, 800px\" \/>\t\t\t\t\t\t\t\t\t\t\t\t\t\t\t<\/div>\n\t\t\t\t<\/div>\n\t\t\t\t\t<\/div>\n\t\t<\/div>\n\t\t\t\t<div class=\"elementor-column elementor-col-50 elementor-inner-column elementor-element elementor-element-5c000bf\" data-id=\"5c000bf\" data-element_type=\"column\">\n\t\t\t<div class=\"elementor-widget-wrap elementor-element-populated\">\n\t\t\t\t\t\t<div class=\"elementor-element elementor-element-3733ec0 elementor-widget elementor-widget-image\" data-id=\"3733ec0\" data-element_type=\"widget\" data-widget_type=\"image.default\">\n\t\t\t\t<div class=\"elementor-widget-container\">\n\t\t\t\t\t\t\t\t\t\t\t\t\t\t\t<img decoding=\"async\" width=\"800\" height=\"450\" src=\"https:\/\/dahabkitesurfing.com\/wp-content\/uploads\/2023\/05\/Sindbad-Camp-Arisha-Area-1024x576.jpg\" class=\"attachment-large size-large wp-image-732\" alt=\"Sindbad Camp Arisha Gebiet\" srcset=\"https:\/\/dahabkitesurfing.com\/wp-content\/uploads\/2023\/05\/Sindbad-Camp-Arisha-Area-1024x576.jpg 1024w, https:\/\/dahabkitesurfing.com\/wp-content\/uploads\/2023\/05\/Sindbad-Camp-Arisha-Area-600x338.jpg 600w, https:\/\/dahabkitesurfing.com\/wp-content\/uploads\/2023\/05\/Sindbad-Camp-Arisha-Area-300x169.jpg 300w, https:\/\/dahabkitesurfing.com\/wp-content\/uploads\/2023\/05\/Sindbad-Camp-Arisha-Area-768x432.jpg 768w, https:\/\/dahabkitesurfing.com\/wp-content\/uploads\/2023\/05\/Sindbad-Camp-Arisha-Area.jpg 1200w\" sizes=\"(max-width: 800px) 100vw, 800px\" \/>\t\t\t\t\t\t\t\t\t\t\t\t\t\t\t<\/div>\n\t\t\t\t<\/div>\n\t\t\t\t\t<\/div>\n\t\t<\/div>\n\t\t\t\t\t<\/div>\n\t\t<\/section>\n\t\t\t\t\t<\/div>\n\t\t<\/div>\n\t\t\t\t\t<\/div>\n\t\t<\/section>\n\t\t\t\t<section class=\"elementor-section elementor-top-section elementor-element elementor-element-7246210 elementor-section-boxed elementor-section-height-default elementor-section-height-default\" data-id=\"7246210\" data-element_type=\"section\">\n\t\t\t\t\t\t<div class=\"elementor-container elementor-column-gap-default\">\n\t\t\t\t\t<div class=\"elementor-column elementor-col-100 elementor-top-column elementor-element elementor-element-bcc0647\" data-id=\"bcc0647\" data-element_type=\"column\">\n\t\t\t<div class=\"elementor-widget-wrap elementor-element-populated\">\n\t\t\t\t\t\t<div class=\"elementor-element elementor-element-5fe8730 elementor-widget elementor-widget-heading\" data-id=\"5fe8730\" data-element_type=\"widget\" data-widget_type=\"heading.default\">\n\t\t\t\t<div class=\"elementor-widget-container\">\n\t\t\t\t\t<h2 class=\"elementor-heading-title elementor-size-xl\">Der perfekte Aufenthalt in Dahab: Erkundung der besten Unterkunftsm\u00f6glichkeiten<\/h2>\t\t\t\t<\/div>\n\t\t\t\t<\/div>\n\t\t\t\t<div class=\"elementor-element elementor-element-d1fef33 elementor-widget elementor-widget-text-editor\" data-id=\"d1fef33\" data-element_type=\"widget\" data-widget_type=\"text-editor.default\">\n\t\t\t\t<div class=\"elementor-widget-container\">\n\t\t\t\t\t\t\t\t\t<p>Dahab, \u00c4gypten, bietet eine Vielzahl von Unterkunftsm\u00f6glichkeiten f\u00fcr Touristen. Ob Sie nun ein luxuri\u00f6ses Resort am Strand oder ein preisg\u00fcnstiges Hostel suchen, es gibt eine Auswahl f\u00fcr unterschiedliche Vorlieben und Budgets. Hier sind einige g\u00e4ngige Unterkunftsarten, die Sie in Dahab finden k\u00f6nnen:<\/p>\t\t\t\t\t\t\t\t<\/div>\n\t\t\t\t<\/div>\n\t\t\t\t\t<\/div>\n\t\t<\/div>\n\t\t\t\t\t<\/div>\n\t\t<\/section>\n\t\t\t\t<section class=\"elementor-section elementor-top-section elementor-element elementor-element-bd23cd0 elementor-section-boxed elementor-section-height-default elementor-section-height-default\" data-id=\"bd23cd0\" data-element_type=\"section\">\n\t\t\t\t\t\t<div class=\"elementor-container elementor-column-gap-default\">\n\t\t\t\t\t<div class=\"elementor-column elementor-col-50 elementor-top-column elementor-element elementor-element-487af59\" data-id=\"487af59\" data-element_type=\"column\">\n\t\t\t<div class=\"elementor-widget-wrap elementor-element-populated\">\n\t\t\t\t\t\t<div class=\"elementor-element elementor-element-9f2d312 elementor-widget elementor-widget-heading\" data-id=\"9f2d312\" data-element_type=\"widget\" data-widget_type=\"heading.default\">\n\t\t\t\t<div class=\"elementor-widget-container\">\n\t\t\t\t\t<h3 class=\"elementor-heading-title elementor-size-large\">Resorts:<\/h3>\t\t\t\t<\/div>\n\t\t\t\t<\/div>\n\t\t\t\t<div class=\"elementor-element elementor-element-1615488 elementor-widget elementor-widget-text-editor\" data-id=\"1615488\" data-element_type=\"widget\" data-widget_type=\"text-editor.default\">\n\t\t\t\t<div class=\"elementor-widget-container\">\n\t\t\t\t\t\t\t\t\t<p>Dahab, \u00c4gypten, bietet eine Vielzahl von Unterkunftsm\u00f6glichkeiten f\u00fcr Touristen. Ob Sie nun ein luxuri\u00f6ses Resort am Strand oder ein preisg\u00fcnstiges Hostel suchen, es gibt eine Auswahl f\u00fcr unterschiedliche Vorlieben und Budgets. Hier sind einige g\u00e4ngige Unterkunftsarten, die Sie in Dahab finden k\u00f6nnen:<\/p>\t\t\t\t\t\t\t\t<\/div>\n\t\t\t\t<\/div>\n\t\t\t\t<div class=\"elementor-element elementor-element-34cba3e elementor-widget elementor-widget-heading\" data-id=\"34cba3e\" data-element_type=\"widget\" data-widget_type=\"heading.default\">\n\t\t\t\t<div class=\"elementor-widget-container\">\n\t\t\t\t\t<h3 class=\"elementor-heading-title elementor-size-large\">Hotels:<\/h3>\t\t\t\t<\/div>\n\t\t\t\t<\/div>\n\t\t\t\t<div class=\"elementor-element elementor-element-fe5addb elementor-widget elementor-widget-text-editor\" data-id=\"fe5addb\" data-element_type=\"widget\" data-widget_type=\"text-editor.default\">\n\t\t\t\t<div class=\"elementor-widget-container\">\n\t\t\t\t\t\t\t\t\t<p>In Dahab gibt es zahlreiche Hotels, die von preisg\u00fcnstigen \u00fcber mittlere bis hin zu gehobenen Optionen reichen. Diese Hotels bieten komfortable Zimmer, unterschiedliche Annehmlichkeiten und Dienstleistungen wie Restaurants, Bars und manchmal Swimmingpools.<\/p>\t\t\t\t\t\t\t\t<\/div>\n\t\t\t\t<\/div>\n\t\t\t\t<div class=\"elementor-element elementor-element-4157ba1 elementor-widget elementor-widget-heading\" data-id=\"4157ba1\" data-element_type=\"widget\" data-widget_type=\"heading.default\">\n\t\t\t\t<div class=\"elementor-widget-container\">\n\t\t\t\t\t<h3 class=\"elementor-heading-title elementor-size-large\">Bed and Breakfasts (B&amp;Bs):<\/h3>\t\t\t\t<\/div>\n\t\t\t\t<\/div>\n\t\t\t\t<div class=\"elementor-element elementor-element-6e3250b elementor-widget elementor-widget-text-editor\" data-id=\"6e3250b\" data-element_type=\"widget\" data-widget_type=\"text-editor.default\">\n\t\t\t\t<div class=\"elementor-widget-container\">\n\t\t\t\t\t\t\t\t\t<p>B&amp;Bs sind beliebt bei Reisenden, die eine intime und gem\u00fctliche Atmosph\u00e4re suchen. Sie bieten in der Regel komfortable Zimmer mit Fr\u00fchst\u00fcck, das im Zimmerpreis inbegriffen ist. B&amp;Bs in Dahab k\u00f6nnen sich im Stadtzentrum oder in der N\u00e4he des Strandes befinden und bieten ein charmantes und pers\u00f6nliches Erlebnis.<\/p>\t\t\t\t\t\t\t\t<\/div>\n\t\t\t\t<\/div>\n\t\t\t\t\t<\/div>\n\t\t<\/div>\n\t\t\t\t<div class=\"elementor-column elementor-col-50 elementor-top-column elementor-element elementor-element-0517695\" data-id=\"0517695\" data-element_type=\"column\">\n\t\t\t<div class=\"elementor-widget-wrap elementor-element-populated\">\n\t\t\t\t\t\t<div class=\"elementor-element elementor-element-dfe47d3 elementor-widget elementor-widget-heading\" data-id=\"dfe47d3\" data-element_type=\"widget\" data-widget_type=\"heading.default\">\n\t\t\t\t<div class=\"elementor-widget-container\">\n\t\t\t\t\t<h3 class=\"elementor-heading-title elementor-size-large\">G\u00e4steh\u00e4user:<\/h3>\t\t\t\t<\/div>\n\t\t\t\t<\/div>\n\t\t\t\t<div class=\"elementor-element elementor-element-6fb6e6b elementor-widget elementor-widget-text-editor\" data-id=\"6fb6e6b\" data-element_type=\"widget\" data-widget_type=\"text-editor.default\">\n\t\t\t\t<div class=\"elementor-widget-container\">\n\t\t\t\t\t\t\t\t\t<p>G\u00e4steh\u00e4user sind kleinere Einrichtungen, die ein lokales und informelles Ambiente bieten. Sie haben oft weniger Zimmer und werden von lokalen Gastgebern gef\u00fchrt. G\u00e4steh\u00e4user sind eine gute Option f\u00fcr Reisende, die eine authentische und budgetfreundliche Erfahrung suchen.<\/p>\t\t\t\t\t\t\t\t<\/div>\n\t\t\t\t<\/div>\n\t\t\t\t<div class=\"elementor-element elementor-element-c44a90c elementor-widget elementor-widget-heading\" data-id=\"c44a90c\" data-element_type=\"widget\" data-widget_type=\"heading.default\">\n\t\t\t\t<div class=\"elementor-widget-container\">\n\t\t\t\t\t<h3 class=\"elementor-heading-title elementor-size-large\">Herbergen:<\/h3>\t\t\t\t<\/div>\n\t\t\t\t<\/div>\n\t\t\t\t<div class=\"elementor-element elementor-element-9c71b5f elementor-widget elementor-widget-text-editor\" data-id=\"9c71b5f\" data-element_type=\"widget\" data-widget_type=\"text-editor.default\">\n\t\t\t\t<div class=\"elementor-widget-container\">\n\t\t\t\t\t\t\t\t\t<p>In Dahab gibt es einige Hostels, die sich an preisbewusste Reisende, Soloabenteurer und Rucksacktouristen richten. Die Herbergen bieten in der Regel Unterk\u00fcnfte im Schlafsaal-Stil mit gemeinsamen Einrichtungen wie Badezimmern und Gemeinschaftsr\u00e4umen. Einige Herbergen bieten auch Privatzimmer an.<\/p>\t\t\t\t\t\t\t\t<\/div>\n\t\t\t\t<\/div>\n\t\t\t\t<div class=\"elementor-element elementor-element-8440bb0 elementor-widget elementor-widget-heading\" data-id=\"8440bb0\" data-element_type=\"widget\" data-widget_type=\"heading.default\">\n\t\t\t\t<div class=\"elementor-widget-container\">\n\t\t\t\t\t<h3 class=\"elementor-heading-title elementor-size-large\">Ferienvermietung:<\/h3>\t\t\t\t<\/div>\n\t\t\t\t<\/div>\n\t\t\t\t<div class=\"elementor-element elementor-element-3fad83b elementor-widget elementor-widget-text-editor\" data-id=\"3fad83b\" data-element_type=\"widget\" data-widget_type=\"text-editor.default\">\n\t\t\t\t<div class=\"elementor-widget-container\">\n\t\t\t\t\t\t\t\t\t<p>Online-Plattformen wie Airbnb und Ferienvermietungen sind immer beliebter geworden. In Dahab k\u00f6nnen Sie Apartments, Villen und Ferienh\u00e4user f\u00fcr kurze Zeit mieten. Diese Option ist ideal f\u00fcr Familien oder Gruppen, die ein unabh\u00e4ngiges und h\u00e4usliches Erlebnis bevorzugen.<\/p><p>\u00a0<\/p>\t\t\t\t\t\t\t\t<\/div>\n\t\t\t\t<\/div>\n\t\t\t\t\t<\/div>\n\t\t<\/div>\n\t\t\t\t\t<\/div>\n\t\t<\/section>\n\t\t\t\t<section class=\"elementor-section elementor-top-section elementor-element elementor-element-ba4bcf9 elementor-section-boxed elementor-section-height-default elementor-section-height-default\" data-id=\"ba4bcf9\" data-element_type=\"section\">\n\t\t\t\t\t\t<div class=\"elementor-container elementor-column-gap-default\">\n\t\t\t\t\t<div class=\"elementor-column elementor-col-100 elementor-top-column elementor-element elementor-element-e276186\" data-id=\"e276186\" data-element_type=\"column\">\n\t\t\t<div class=\"elementor-widget-wrap elementor-element-populated\">\n\t\t\t\t\t\t<div class=\"elementor-element elementor-element-ac481ac elementor-widget elementor-widget-text-editor\" data-id=\"ac481ac\" data-element_type=\"widget\" data-widget_type=\"text-editor.default\">\n\t\t\t\t<div class=\"elementor-widget-container\">\n\t\t\t\t\t\t\t\t\t<p>Es ist immer ratsam, sich \u00fcber die verschiedenen Unterk\u00fcnfte in Dahab zu informieren und Bewertungen zu lesen, um die Unterkunft zu finden, die Ihren Bed\u00fcrfnissen und Vorlieben am besten entspricht.<\/p>\t\t\t\t\t\t\t\t<\/div>\n\t\t\t\t<\/div>\n\t\t\t\t\t<\/div>\n\t\t<\/div>\n\t\t\t\t\t<\/div>\n\t\t<\/section>\n\t\t\t\t<\/div>","protected":false},"excerpt":{"rendered":"<p>Empfohlene Unterkunft in Dahab Wir empfehlen Ihnen das Sindbad Camp f\u00fcr Ihre Unterkunft in Dahab. Sie bieten sehr budgetfreundliche Preise, die kaum zu schlagen sind, wenn Sie in Dahab \u00fcbernachten m\u00f6chten. Wir arbeiten aus einem ganz einfachen Grund eng mit ihnen zusammen. Sie geh\u00f6ren zu den besten Unterk\u00fcnften. Sie haben ein sehr [...]<\/p>","protected":false},"author":1,"featured_media":730,"parent":0,"menu_order":0,"comment_status":"closed","ping_status":"closed","template":"elementor_header_footer","meta":{"slim_seo":{"title":"Unterkunft in Dahab - Dahab Dream Kite","description":"Empfohlene Unterkunft in Dahab Wir empfehlen Ihnen das Sindbad Camp f\u00fcr Ihre Unterkunft in Dahab. Sie bieten sehr budgetfreundliche Preise, die nur schwer zu \u00fcbertreffen sind."},"footnotes":""},"class_list":["post-683","page","type-page","status-publish","has-post-thumbnail","hentry"],"_links":{"self":[{"href":"https:\/\/dahabkitesurfing.com\/de\/wp-json\/wp\/v2\/pages\/683","targetHints":{"allow":["GET"]}}],"collection":[{"href":"https:\/\/dahabkitesurfing.com\/de\/wp-json\/wp\/v2\/pages"}],"about":[{"href":"https:\/\/dahabkitesurfing.com\/de\/wp-json\/wp\/v2\/types\/page"}],"author":[{"embeddable":true,"href":"https:\/\/dahabkitesurfing.com\/de\/wp-json\/wp\/v2\/users\/1"}],"replies":[{"embeddable":true,"href":"https:\/\/dahabkitesurfing.com\/de\/wp-json\/wp\/v2\/comments?post=683"}],"version-history":[{"count":36,"href":"https:\/\/dahabkitesurfing.com\/de\/wp-json\/wp\/v2\/pages\/683\/revisions"}],"predecessor-version":[{"id":1034,"href":"https:\/\/dahabkitesurfing.com\/de\/wp-json\/wp\/v2\/pages\/683\/revisions\/1034"}],"wp:featuredmedia":[{"embeddable":true,"href":"https:\/\/dahabkitesurfing.com\/de\/wp-json\/wp\/v2\/media\/730"}],"wp:attachment":[{"href":"https:\/\/dahabkitesurfing.com\/de\/wp-json\/wp\/v2\/media?parent=683"}],"curies":[{"name":"wp","href":"https:\/\/api.w.org\/{rel}","templated":true}]}}