{"id":1284,"date":"2025-10-07T16:22:04","date_gmt":"2025-10-07T16:22:04","guid":{"rendered":"https:\/\/dahabkitesurfing.com\/?post_type=product&#038;p=1284"},"modified":"2025-10-26T08:39:12","modified_gmt":"2025-10-26T08:39:12","slug":"entdeckung-kiteboarder-level-1","status":"publish","type":"product","link":"https:\/\/dahabkitesurfing.com\/de\/produkt\/entdeckung-kiteboarder-level-1\/","title":{"rendered":"Entdeckung Kiteboarder Level 1"},"content":{"rendered":"<p>Der IKO Discovery Kiteboarder Level 1 Kurs ist der Ausgangspunkt f\u00fcr alle, die neu im Kitesurfen sind und die Grundlagen des Sports erlernen m\u00f6chten.<\/p>\n<p>Durchschnittlich 2 Stunden Unterricht. Abh\u00e4ngig von den Kenntnissen des Sch\u00fclers, den Wetterbedingungen w\u00e4hrend des Kurses, der Spotkonfiguration (flach? seicht? Wellen? ...)<\/p>\n<p>In diesem Kurs lernen Sie die grundlegenden Fertigkeiten zur Steuerung des Kites, Sicherheitsma\u00dfnahmen und wichtige Kenntnisse \u00fcber die Kiteboarding-Ausr\u00fcstung.<\/p>\n<p>Sie werden auch lernen, wie Sie den Kite sicher starten und landen, die Power kontrollieren und depowern.<\/p>\n<p>Der Kurs konzentriert sich auf den Aufbau einer soliden Grundlage von Kite-Kontrollf\u00e4higkeiten und Sicherheitsbewusstsein, um ein sicheres und angenehmes Kiteboarding-Erlebnis zu gew\u00e4hrleisten.<\/p>\n<p>Nach Abschluss des Kurses erhalten Sie die IKO Discovery Kiteboarder Level 1 Zertifizierung, die Ihnen bescheinigt, dass Sie die grundlegenden F\u00e4higkeiten und Kenntnisse erworben haben, die Sie ben\u00f6tigen, um Ihre Kiteboarding-Reise mit einer starken Grundlage zu beginnen.<\/p>\n<p>&nbsp;<\/p>\n<div class=\"elementor-element elementor-element-8d8f8b0 elementor-widget elementor-widget-heading\" data-id=\"8d8f8b0\" data-element_type=\"widget\" data-widget_type=\"heading.default\">\n<div class=\"elementor-widget-container\">\n<h3 class=\"elementor-heading-title elementor-size-large\">In diesem Kurs behandelte Fertigkeiten:<\/h3>\n<\/div>\n<\/div>\n<div class=\"elementor-element elementor-element-1e3f6fb elementor-widget elementor-widget-text-editor\" data-id=\"1e3f6fb\" data-element_type=\"widget\" data-widget_type=\"text-editor.default\">\n<div class=\"elementor-widget-container\">\n<p>SEA (Spot, Umwelt, Aktivit\u00e4t) Bewertung. Halten, Tragen und Sichern eines Drachens an Land. Aufbau des Drachens.<\/p>\n<p>Verwendung der Sicherheitssysteme, Vorflugkontrolle, Start und Landung als Assistent.<\/p>\n<p>Steuern Sie zuerst und erkunden Sie den Rand des Windfensters, lassen Sie die Stange los, verdrehen und l\u00f6sen Sie die Leinen.<\/p>\n<p>Einh\u00e4ndiges Fliegen, Einf\u00fchrung in das Trimmen, Gehen beim Fliegen des Drachens, Starten und Landen als Pilot, Windfenster-Theorie.<\/p>\n<p>Schnellausl\u00f6sung w\u00e4hrend des Fluges, Selbstlandung, Verpackung der Ausr\u00fcstung.<\/p>\n<\/div>\n<\/div>","protected":false},"excerpt":{"rendered":"<p>Der IKO Discovery Kiteboarder Level 1 Kurs ist der Ausgangspunkt f\u00fcr alle, die neu im Kitesurfen sind und die Grundlagen des Sports erlernen m\u00f6chten.<\/p>\n<p>Durchschnittlich 2 Stunden Unterricht. Abh\u00e4ngig von den Kenntnissen des Sch\u00fclers, den Wetterbedingungen w\u00e4hrend des Kurses, der Spotkonfiguration (flach? seicht? Wellen? ...)<\/p>\n<p>In diesem Kurs lernen Sie die grundlegenden Fertigkeiten zur Steuerung des Kites, Sicherheitsma\u00dfnahmen und wichtige Kenntnisse \u00fcber die Kiteboarding-Ausr\u00fcstung.<\/p>\n<p>Sie werden auch lernen, wie Sie den Kite sicher starten und landen, die Power kontrollieren und depowern.<\/p>","protected":false},"featured_media":187,"comment_status":"open","ping_status":"closed","template":"","meta":{"slim_seo":{"title":"Discovery Kiteboarder Level 1 - Dahab Dream Kite","description":"Der IKO Discovery Kiteboarder Level 1 Kurs ist der Ausgangspunkt f\u00fcr alle, die neu im Kitesurfen sind und die Grundlagen des Sports erlernen m\u00f6chten. 2 Stunde"}},"product_brand":[],"product_cat":[32,33],"product_tag":[34],"class_list":{"0":"post-1284","1":"product","2":"type-product","3":"status-publish","4":"has-post-thumbnail","6":"product_cat-courses","7":"product_cat-kitesurfing-courses","8":"product_tag-kitesurfing-course","10":"first","11":"instock","12":"virtual","13":"purchasable","14":"product-type-simple"},"_links":{"self":[{"href":"https:\/\/dahabkitesurfing.com\/de\/wp-json\/wp\/v2\/product\/1284","targetHints":{"allow":["GET"]}}],"collection":[{"href":"https:\/\/dahabkitesurfing.com\/de\/wp-json\/wp\/v2\/product"}],"about":[{"href":"https:\/\/dahabkitesurfing.com\/de\/wp-json\/wp\/v2\/types\/product"}],"replies":[{"embeddable":true,"href":"https:\/\/dahabkitesurfing.com\/de\/wp-json\/wp\/v2\/comments?post=1284"}],"wp:featuredmedia":[{"embeddable":true,"href":"https:\/\/dahabkitesurfing.com\/de\/wp-json\/wp\/v2\/media\/187"}],"wp:attachment":[{"href":"https:\/\/dahabkitesurfing.com\/de\/wp-json\/wp\/v2\/media?parent=1284"}],"wp:term":[{"taxonomy":"product_brand","embeddable":true,"href":"https:\/\/dahabkitesurfing.com\/de\/wp-json\/wp\/v2\/product_brand?post=1284"},{"taxonomy":"product_cat","embeddable":true,"href":"https:\/\/dahabkitesurfing.com\/de\/wp-json\/wp\/v2\/product_cat?post=1284"},{"taxonomy":"product_tag","embeddable":true,"href":"https:\/\/dahabkitesurfing.com\/de\/wp-json\/wp\/v2\/product_tag?post=1284"}],"curies":[{"name":"wp","href":"https:\/\/api.w.org\/{rel}","templated":true}]}}