{"id":1299,"date":"2025-10-26T08:00:48","date_gmt":"2025-10-26T08:00:48","guid":{"rendered":"https:\/\/dahabkitesurfing.com\/?post_type=product&#038;p=1299"},"modified":"2025-10-26T08:37:36","modified_gmt":"2025-10-26T08:37:36","slug":"fortgeschrittener-kiteboarder-level-2","status":"publish","type":"product","link":"https:\/\/dahabkitesurfing.com\/de\/produkt\/fortgeschrittener-kiteboarder-level-2\/","title":{"rendered":"Fortgeschrittener Kiteboarder Level 2"},"content":{"rendered":"<p>Der IKO Intermediate Kiteboarder Level 2 Kurs ist f\u00fcr diejenigen gedacht, die bereits den IKO Discovery Kiteboarder Level 1 Kurs absolviert haben und \u00fcber grundlegende Kenntnisse der Kitekontrolle verf\u00fcgen.<\/p>\n<p>Durchschnittlich 4 Stunden Unterricht. Abh\u00e4ngig von den Kenntnissen des Sch\u00fclers, den Wetterbedingungen w\u00e4hrend des Kurses, der Spotkonfiguration (flach? seicht? Wellen? ...)<\/p>\n<p>In diesem Kurs lernen Sie fortgeschrittene Techniken zur Kitekontrolle und verfeinern Ihre F\u00e4higkeiten zur Boardkontrolle.<\/p>\n<p>Sie werden auch anfangen, Body-Drags, Selbstrettung und die Einf\u00fchrung in den Packdown zu lernen.<\/p>\n<p>Der Kurs behandelt Sicherheitsverfahren, wie z.B. die Einf\u00fchrung in die ROW (Right of Way) Regeln.<\/p>\n<p>Nach Abschluss des Kurses erhalten Sie die IKO Intermediate Kiteboarder Level 2 Zertifizierung, die Ihnen bescheinigt, dass Sie ein solides Niveau an Kiteboarding-Kenntnissen erreicht haben und auf dem besten Weg sind, ein unabh\u00e4ngiger Kiteboarder zu werden.<\/p>\n<p>&nbsp;<\/p>\n<h2>In diesem Kurs behandelte Fertigkeiten:<\/h2>\n<div class=\"elementor-element elementor-element-bb8eb8f elementor-widget elementor-widget-text-editor\" data-id=\"bb8eb8f\" data-element_type=\"widget\" data-widget_type=\"text-editor.default\">\n<div class=\"elementor-widget-container\">\n<p>Betreten und verlassen Sie das Wasser, w\u00e4hrend Sie den Drachen steuern.<\/p>\n<p>Body-drag mit zwei H\u00e4nden, Kite stabil. Body-Drag mit einem Power-Schlag.<\/p>\n<p>Body-Drag gegen den Wind, Body-Drag mit dem Brett, Einf\u00fchrung in die Selbstrettung und das Ablegen. Einf\u00fchrung in die ROW (Vorfahrtsregeln).<\/p>\n<p>Steady-pull, Wasserstart, Kontrollierter Stopp.<\/p>\n<\/div>\n<\/div>","protected":false},"excerpt":{"rendered":"<p>Der IKO Intermediate Kiteboarder Level 2 Kurs ist f\u00fcr diejenigen gedacht, die bereits den IKO Discovery Kiteboarder Level 1 Kurs absolviert haben und \u00fcber grundlegende Kenntnisse der Kitekontrolle verf\u00fcgen.<\/p>\n<p>Durchschnittlich 4 Stunden Unterricht. Abh\u00e4ngig von den Kenntnissen des Sch\u00fclers, den Wetterbedingungen w\u00e4hrend des Kurses, der Spotkonfiguration (flach? seicht? Wellen? ...)<\/p>\n<p>In diesem Kurs lernen Sie fortgeschrittene Techniken zur Kitekontrolle und verfeinern Ihre F\u00e4higkeiten zur Boardkontrolle.<\/p>","protected":false},"featured_media":701,"comment_status":"closed","ping_status":"closed","template":"","meta":{"slim_seo":{"title":"Intermediate Kiteboarder Level 2 - Dahab Dream Kite","description":"Der IKO Intermediate Kiteboarder Level 2 Kurs ist f\u00fcr diejenigen gedacht, die bereits den IKO Discovery Kiteboarder Level 1 Kurs absolviert haben und \u00fcber eine Grundausr\u00fcstung verf\u00fcgen."}},"product_brand":[],"product_cat":[32,33],"product_tag":[],"class_list":{"0":"post-1299","1":"product","2":"type-product","3":"status-publish","4":"has-post-thumbnail","6":"product_cat-courses","7":"product_cat-kitesurfing-courses","9":"first","10":"instock","11":"virtual","12":"purchasable","13":"product-type-simple"},"_links":{"self":[{"href":"https:\/\/dahabkitesurfing.com\/de\/wp-json\/wp\/v2\/product\/1299","targetHints":{"allow":["GET"]}}],"collection":[{"href":"https:\/\/dahabkitesurfing.com\/de\/wp-json\/wp\/v2\/product"}],"about":[{"href":"https:\/\/dahabkitesurfing.com\/de\/wp-json\/wp\/v2\/types\/product"}],"replies":[{"embeddable":true,"href":"https:\/\/dahabkitesurfing.com\/de\/wp-json\/wp\/v2\/comments?post=1299"}],"wp:featuredmedia":[{"embeddable":true,"href":"https:\/\/dahabkitesurfing.com\/de\/wp-json\/wp\/v2\/media\/701"}],"wp:attachment":[{"href":"https:\/\/dahabkitesurfing.com\/de\/wp-json\/wp\/v2\/media?parent=1299"}],"wp:term":[{"taxonomy":"product_brand","embeddable":true,"href":"https:\/\/dahabkitesurfing.com\/de\/wp-json\/wp\/v2\/product_brand?post=1299"},{"taxonomy":"product_cat","embeddable":true,"href":"https:\/\/dahabkitesurfing.com\/de\/wp-json\/wp\/v2\/product_cat?post=1299"},{"taxonomy":"product_tag","embeddable":true,"href":"https:\/\/dahabkitesurfing.com\/de\/wp-json\/wp\/v2\/product_tag?post=1299"}],"curies":[{"name":"wp","href":"https:\/\/api.w.org\/{rel}","templated":true}]}}