{"id":1300,"date":"2025-10-26T08:05:51","date_gmt":"2025-10-26T08:05:51","guid":{"rendered":"https:\/\/dahabkitesurfing.com\/?post_type=product&#038;p=1300"},"modified":"2025-10-26T08:35:20","modified_gmt":"2025-10-26T08:35:20","slug":"unabhangiger-kiteboarder-level-3","status":"publish","type":"product","link":"https:\/\/dahabkitesurfing.com\/de\/produkt\/unabhangiger-kiteboarder-level-3\/","title":{"rendered":"Unabh\u00e4ngiger Kiteboarder Level 3"},"content":{"rendered":"<p>Dieses Programm ist f\u00fcr Kiteboarder gedacht, die bereits die IKO Intermediate Kiteboarder Level 2 Zertifizierung erreicht haben und bereit sind, ihre F\u00e4higkeiten auf die n\u00e4chste Stufe der Unabh\u00e4ngigkeit zu bringen.<\/p>\n<p>Durchschnittlich 8 Stunden Unterricht. Abh\u00e4ngig von den Kenntnissen des Sch\u00fclers, den Wetterbedingungen w\u00e4hrend des Kurses, der Spotkonfiguration (flach? seicht? Wellen? ...)<\/p>\n<p>Auf dieser Stufe entwickeln Sie die F\u00e4higkeiten und Kenntnisse, die Sie ben\u00f6tigen, um selbstst\u00e4ndig kiten zu k\u00f6nnen, ohne dass Sie einen Lehrer oder Betreuer ben\u00f6tigen.<\/p>\n<p>Sie lernen, die Wetter- und Windbedingungen einzusch\u00e4tzen, eine geeignete Kiteboarding-Ausr\u00fcstung auszuw\u00e4hlen und einen vollst\u00e4ndigen Ausr\u00fcstungscheck vor dem Start durchzuf\u00fchren.<\/p>\n<p>Sie werden sich auch darauf konzentrieren, Ihre Kite-Kontrollf\u00e4higkeiten zu verfeinern, einschlie\u00dflich Power Control, Depower Control und Kite-Relaunching.<\/p>\n<p>Dar\u00fcber hinaus erlernen Sie fortgeschrittene Board-Kontrollf\u00e4higkeiten, wie z.B. konstantes Aufw\u00e4rtsfahren bei verschiedenen Wind- und Wasserbedingungen, Transitioning und grundlegende Spr\u00fcnge.<\/p>\n<p>Sicherheit ist ebenfalls ein wichtiger Bestandteil dieses Levels. Sie lernen fortgeschrittene Sicherheitsverfahren, einschlie\u00dflich Selbstrettungstechniken und Notfallprotokolle.<\/p>\n<p>&nbsp;<\/p>\n<div class=\"elementor-element elementor-element-ce7faa1 elementor-widget elementor-widget-heading\" data-id=\"ce7faa1\" data-element_type=\"widget\" data-widget_type=\"heading.default\">\n<div class=\"elementor-widget-container\">\n<h3 class=\"elementor-heading-title elementor-size-large\">In diesem Kurs behandelte Fertigkeiten:<\/h3>\n<\/div>\n<\/div>\n<div class=\"elementor-element elementor-element-1b38a95 elementor-widget elementor-widget-text-editor\" data-id=\"1b38a95\" data-element_type=\"widget\" data-widget_type=\"text-editor.default\">\n<div class=\"elementor-widget-container\">\n<p>Kontrolle der Geschwindigkeit durch Einfassung.<\/p>\n<p>Fahren Sie gegen den Wind.<\/p>\n<p>Gleitender \u00dcbergang.<\/p>\n<p>Fahren Sie auf der Zehenspitze, Jibe.<\/p>\n<p>Selbststarten, Selbstrettung und Einpacken in tiefem Wasser.<\/p>\n<\/div>\n<\/div>","protected":false},"excerpt":{"rendered":"<p>Dieses Programm ist f\u00fcr Kiteboarder gedacht, die bereits die IKO Intermediate Kiteboarder Level 2 Zertifizierung erreicht haben und bereit sind, ihre F\u00e4higkeiten auf die n\u00e4chste Stufe der Unabh\u00e4ngigkeit zu bringen.<\/p>\n<p>Durchschnittlich 8 Stunden Unterricht. Abh\u00e4ngig von den Kenntnissen des Sch\u00fclers, den Wetterbedingungen w\u00e4hrend des Kurses, der Spotkonfiguration (flach? seicht? Wellen? ...)<\/p>\n<p>Auf dieser Stufe entwickeln Sie die F\u00e4higkeiten und Kenntnisse, die Sie ben\u00f6tigen, um selbstst\u00e4ndig kiten zu k\u00f6nnen, ohne dass Sie einen Lehrer oder Betreuer ben\u00f6tigen.<\/p>\n<p>Sie lernen, die Wetter- und Windbedingungen einzusch\u00e4tzen, eine geeignete Kiteboarding-Ausr\u00fcstung auszuw\u00e4hlen und einen vollst\u00e4ndigen Ausr\u00fcstungscheck vor dem Start durchzuf\u00fchren.<\/p>","protected":false},"featured_media":439,"comment_status":"closed","ping_status":"closed","template":"","meta":{"slim_seo":{"title":"Independent Kiteboarder Level 3 - Dahab Dream Kite","description":"Dieses Programm ist f\u00fcr Kiteboarder gedacht, die bereits die IKO Intermediate Kiteboarder Level 2 Zertifizierung erreicht haben und bereit sind, ihre F\u00e4higkeiten auf die"}},"product_brand":[],"product_cat":[32,33],"product_tag":[],"class_list":{"0":"post-1300","1":"product","2":"type-product","3":"status-publish","4":"has-post-thumbnail","6":"product_cat-courses","7":"product_cat-kitesurfing-courses","9":"first","10":"instock","11":"virtual","12":"purchasable","13":"product-type-simple"},"_links":{"self":[{"href":"https:\/\/dahabkitesurfing.com\/de\/wp-json\/wp\/v2\/product\/1300","targetHints":{"allow":["GET"]}}],"collection":[{"href":"https:\/\/dahabkitesurfing.com\/de\/wp-json\/wp\/v2\/product"}],"about":[{"href":"https:\/\/dahabkitesurfing.com\/de\/wp-json\/wp\/v2\/types\/product"}],"replies":[{"embeddable":true,"href":"https:\/\/dahabkitesurfing.com\/de\/wp-json\/wp\/v2\/comments?post=1300"}],"wp:featuredmedia":[{"embeddable":true,"href":"https:\/\/dahabkitesurfing.com\/de\/wp-json\/wp\/v2\/media\/439"}],"wp:attachment":[{"href":"https:\/\/dahabkitesurfing.com\/de\/wp-json\/wp\/v2\/media?parent=1300"}],"wp:term":[{"taxonomy":"product_brand","embeddable":true,"href":"https:\/\/dahabkitesurfing.com\/de\/wp-json\/wp\/v2\/product_brand?post=1300"},{"taxonomy":"product_cat","embeddable":true,"href":"https:\/\/dahabkitesurfing.com\/de\/wp-json\/wp\/v2\/product_cat?post=1300"},{"taxonomy":"product_tag","embeddable":true,"href":"https:\/\/dahabkitesurfing.com\/de\/wp-json\/wp\/v2\/product_tag?post=1300"}],"curies":[{"name":"wp","href":"https:\/\/api.w.org\/{rel}","templated":true}]}}