{"id":1301,"date":"2025-10-26T08:12:37","date_gmt":"2025-10-26T08:12:37","guid":{"rendered":"https:\/\/dahabkitesurfing.com\/?post_type=product&#038;p=1301"},"modified":"2025-10-26T08:36:13","modified_gmt":"2025-10-26T08:36:13","slug":"fortgeschrittener-kiteboarder-level-4","status":"publish","type":"product","link":"https:\/\/dahabkitesurfing.com\/de\/produkt\/fortgeschrittener-kiteboarder-level-4\/","title":{"rendered":"Fortgeschrittener Kiteboarder Level 4"},"content":{"rendered":"<p>Dieser Kurs wird Ihnen helfen, die notwendigen F\u00e4higkeiten und Kenntnisse zu entwickeln, um ein selbstbewusster und kompetenter Kiteboarder auf fortgeschrittenem Niveau zu werden.<\/p>\n<p>Durchschnittlich 10 Stunden Unterricht. Abh\u00e4ngig von den Kenntnissen des Sch\u00fclers, den Wetterbedingungen w\u00e4hrend des Kurses, der Spotkonfiguration (flach? seicht? Wellen? ...)<\/p>\n<p>W\u00e4hrend dieses Kurses werden Sie sich darauf konzentrieren, Ihre Kitekontrolle, Ihre Boardkontrolle und Ihr Fahrk\u00f6nnen zu verbessern, damit Sie bei verschiedenen Wind- und Wasserbedingungen konstant in den Wind fahren k\u00f6nnen.<\/p>\n<p>Sie werden auch lernen, wie man grundlegende Spr\u00fcnge, Drehungen und Griffe ausf\u00fchrt, was Ihrem Kiteboarding-Repertoire eine neue Ebene der Aufregung und des Stils verleiht.<\/p>\n<p>Au\u00dferdem werden Sie ein solides Verst\u00e4ndnis der Sicherheitsverfahren entwickeln, das es Ihnen erm\u00f6glicht, selbstbewusst auf dem Wasser zu navigieren und anderen Kiteboardern in Not zu helfen.<\/p>\n<p>&nbsp;<\/p>\n<div class=\"elementor-element elementor-element-2070760 elementor-widget elementor-widget-heading\" data-id=\"2070760\" data-element_type=\"widget\" data-widget_type=\"heading.default\">\n<div class=\"elementor-widget-container\">\n<h3 class=\"elementor-heading-title elementor-size-large\">In diesem Kurs behandelte Fertigkeiten:<\/h3>\n<\/div>\n<\/div>\n<div class=\"elementor-element elementor-element-d98b922 elementor-widget elementor-widget-text-editor\" data-id=\"d98b922\" data-element_type=\"widget\" data-widget_type=\"text-editor.default\">\n<div class=\"elementor-widget-container\">\n<p>Grundlegender Sprung.<\/p>\n<p>Power Jibe.<\/p>\n<p>Springen Sie mit einem Griff.<\/p>\n<p>Sprung\u00fcbergang.<\/p>\n<p>Erholung des Reiters.<\/p>\n<p>Erholung vom Brett.<\/p>\n<p>Internationale Kiteboarding-Schilder.<\/p>\n<p>ROW (Right Of Way) Regeln.<\/p>\n<p>Ausr\u00fcstung, Wetter und Gezeiten.<\/p>\n<p>Aerodynamik.<\/p>\n<\/div>\n<\/div>\n<div class=\"elementor-element elementor-element-ecbdd68 elementor-align-center elementor-widget elementor-widget-button\" data-id=\"ecbdd68\" data-element_type=\"widget\" data-widget_type=\"button.default\">\n<div class=\"elementor-widget-container\">\n<div class=\"elementor-button-wrapper\"><\/div>\n<\/div>\n<\/div>","protected":false},"excerpt":{"rendered":"<p>Dieser Kurs wird Ihnen helfen, die notwendigen F\u00e4higkeiten und Kenntnisse zu entwickeln, um ein selbstbewusster und kompetenter Kiteboarder auf fortgeschrittenem Niveau zu werden.<\/p>\n<p>Durchschnittlich 10 Stunden Unterricht. Abh\u00e4ngig von den Kenntnissen des Sch\u00fclers, den Wetterbedingungen w\u00e4hrend des Kurses, der Spotkonfiguration (flach? seicht? Wellen? ...)<\/p>\n<p>W\u00e4hrend dieses Kurses werden Sie sich darauf konzentrieren, Ihre Kitekontrolle, Ihre Boardkontrolle und Ihr Fahrk\u00f6nnen zu verbessern, damit Sie bei verschiedenen Wind- und Wasserbedingungen konstant in den Wind fahren k\u00f6nnen.<\/p>","protected":false},"featured_media":715,"comment_status":"closed","ping_status":"closed","template":"","meta":{"slim_seo":{"title":"Advanced Kiteboarder Level 4 - Dahab Dream Kite","description":"Dieser Kurs wird Ihnen helfen, die notwendigen F\u00e4higkeiten und Kenntnisse zu entwickeln, um ein selbstbewusster und kompetenter Kiteboarder auf fortgeschrittenem Niveau zu werden. 10 Stunden Unterricht"}},"product_brand":[],"product_cat":[32,33],"product_tag":[],"class_list":{"0":"post-1301","1":"product","2":"type-product","3":"status-publish","4":"has-post-thumbnail","6":"product_cat-courses","7":"product_cat-kitesurfing-courses","9":"first","10":"instock","11":"virtual","12":"purchasable","13":"product-type-simple"},"_links":{"self":[{"href":"https:\/\/dahabkitesurfing.com\/de\/wp-json\/wp\/v2\/product\/1301","targetHints":{"allow":["GET"]}}],"collection":[{"href":"https:\/\/dahabkitesurfing.com\/de\/wp-json\/wp\/v2\/product"}],"about":[{"href":"https:\/\/dahabkitesurfing.com\/de\/wp-json\/wp\/v2\/types\/product"}],"replies":[{"embeddable":true,"href":"https:\/\/dahabkitesurfing.com\/de\/wp-json\/wp\/v2\/comments?post=1301"}],"wp:featuredmedia":[{"embeddable":true,"href":"https:\/\/dahabkitesurfing.com\/de\/wp-json\/wp\/v2\/media\/715"}],"wp:attachment":[{"href":"https:\/\/dahabkitesurfing.com\/de\/wp-json\/wp\/v2\/media?parent=1301"}],"wp:term":[{"taxonomy":"product_brand","embeddable":true,"href":"https:\/\/dahabkitesurfing.com\/de\/wp-json\/wp\/v2\/product_brand?post=1301"},{"taxonomy":"product_cat","embeddable":true,"href":"https:\/\/dahabkitesurfing.com\/de\/wp-json\/wp\/v2\/product_cat?post=1301"},{"taxonomy":"product_tag","embeddable":true,"href":"https:\/\/dahabkitesurfing.com\/de\/wp-json\/wp\/v2\/product_tag?post=1301"}],"curies":[{"name":"wp","href":"https:\/\/api.w.org\/{rel}","templated":true}]}}