{"id":1126,"date":"2023-12-05T10:35:52","date_gmt":"2023-12-05T10:35:52","guid":{"rendered":"https:\/\/dahabkitesurfing.com\/?page_id=1126"},"modified":"2024-07-26T15:15:24","modified_gmt":"2024-07-26T15:15:24","slug":"flujos-sociales","status":"publish","type":"page","link":"https:\/\/dahabkitesurfing.com\/es\/flujos-sociales\/","title":{"rendered":"Redes sociales"},"content":{"rendered":"<div data-elementor-type=\"wp-page\" data-elementor-id=\"1126\" class=\"elementor elementor-1126\" data-elementor-post-type=\"page\">\n\t\t\t\t\t\t<section class=\"elementor-section elementor-top-section elementor-element elementor-element-8b756ab elementor-section-boxed elementor-section-height-default elementor-section-height-default\" data-id=\"8b756ab\" data-element_type=\"section\">\n\t\t\t\t\t\t<div class=\"elementor-container elementor-column-gap-default\">\n\t\t\t\t\t<div class=\"elementor-column elementor-col-100 elementor-top-column elementor-element elementor-element-8043a3c\" data-id=\"8043a3c\" data-element_type=\"column\">\n\t\t\t<div class=\"elementor-widget-wrap elementor-element-populated\">\n\t\t\t\t\t\t<div class=\"elementor-element elementor-element-7e89660 elementor-widget elementor-widget-heading\" data-id=\"7e89660\" data-element_type=\"widget\" data-widget_type=\"heading.default\">\n\t\t\t\t<div class=\"elementor-widget-container\">\n\t\t\t\t\t<h1 class=\"elementor-heading-title elementor-size-default\">Nuestros canales de medios sociales<\/h1>\t\t\t\t<\/div>\n\t\t\t\t<\/div>\n\t\t\t\t<div class=\"elementor-element elementor-element-7d8477a elementor-widget elementor-widget-heading\" data-id=\"7d8477a\" data-element_type=\"widget\" data-widget_type=\"heading.default\">\n\t\t\t\t<div class=\"elementor-widget-container\">\n\t\t\t\t\t<h2 class=\"elementor-heading-title elementor-size-default\">\u00a1S\u00edganos!<\/h2>\t\t\t\t<\/div>\n\t\t\t\t<\/div>\n\t\t\t\t<div class=\"elementor-element elementor-element-9d79aa1 elementor-widget__width-initial elementor-widget elementor-widget-text-editor\" data-id=\"9d79aa1\" data-element_type=\"widget\" data-widget_type=\"text-editor.default\">\n\t\t\t\t<div class=\"elementor-widget-container\">\n\t\t\t\t\t\t\t\t\t<p><img decoding=\"async\" class=\"emoji\" role=\"img\" draggable=\"false\" src=\"https:\/\/s.w.org\/images\/core\/emoji\/14.0.0\/svg\/1f30a.svg\" alt=\"\ud83c\udf0a\" \/> Bienvenido al fascinante mundo de Dahab Dream Kite, \u00a1donde el viento se encuentra con las olas y los sue\u00f1os alzan el vuelo! <img decoding=\"async\" class=\"emoji\" role=\"img\" draggable=\"false\" src=\"https:\/\/s.w.org\/images\/core\/emoji\/14.0.0\/svg\/1f3c4-200d-2642-fe0f.svg\" alt=\"\ud83c\udfc4\u200d\u2642\ufe0f\" \/><img decoding=\"async\" class=\"emoji\" role=\"img\" draggable=\"false\" src=\"https:\/\/s.w.org\/images\/core\/emoji\/14.0.0\/svg\/2728.svg\" alt=\"\u2728\" \/> Sum\u00e9rjase en la emoci\u00f3n del viento, el encanto del mar y la euforia del kitesurf mientras le invitamos a unirse a nuestra vibrante comunidad en las redes sociales.<\/p><p><img decoding=\"async\" class=\"emoji\" role=\"img\" draggable=\"false\" src=\"https:\/\/s.w.org\/images\/core\/emoji\/14.0.0\/svg\/1f680.svg\" alt=\"\ud83d\ude80\" \/> En Dahab Dream Kite, no s\u00f3lo perseguimos sue\u00f1os, \u00a1los vivimos! Nuestros canales en las redes sociales son su billete a un para\u00edso virtual, donde cada post es un vistazo a las aventuras llenas de adrenalina, los paisajes impresionantes y la camarader\u00eda que definen el estilo de vida del kitesurf.<\/p><p><img decoding=\"async\" class=\"emoji\" role=\"img\" draggable=\"false\" src=\"https:\/\/s.w.org\/images\/core\/emoji\/14.0.0\/svg\/1f308.svg\" alt=\"\ud83c\udf08\" \/> \u00bfPor qu\u00e9 seguirnos? Porque no somos s\u00f3lo una marca; somos un movimiento. Esto es lo que puede esperar:<\/p><p><img decoding=\"async\" class=\"emoji\" role=\"img\" draggable=\"false\" src=\"https:\/\/s.w.org\/images\/core\/emoji\/14.0.0\/svg\/31-20e3.svg\" alt=\"1\ufe0f\u20e3\" \/> **Impresionantes efectos visuales**: \u00a1Prep\u00e1rese para un fest\u00edn visual! Nuestras redes sociales son un lienzo de cometas vibrantes, aguas turquesas y playas ba\u00f1adas por el sol que le transportar\u00e1n al coraz\u00f3n del para\u00edso del kitesurf de Dahab.<\/p><p><img decoding=\"async\" class=\"emoji\" role=\"img\" draggable=\"false\" src=\"https:\/\/s.w.org\/images\/core\/emoji\/14.0.0\/svg\/32-20e3.svg\" alt=\"2\ufe0f\u20e3\" \/> **Consejos y trucos de expertos**: Tanto si es un profesional experimentado como un principiante curioso, nuestros canales son su fuente de referencia para obtener valiosos conocimientos, consejos profesionales y trucos del oficio. Eleve su nivel de kitesurf con los conocimientos compartidos por nuestros avezados expertos.<\/p><p><img decoding=\"async\" class=\"emoji\" role=\"img\" draggable=\"false\" src=\"https:\/\/s.w.org\/images\/core\/emoji\/14.0.0\/svg\/33-20e3.svg\" alt=\"3\ufe0f\u20e3\" \/> **Conexi\u00f3n con la comunidad**: \u00danase a una comunidad global de entusiastas de las cometas que comparten su pasi\u00f3n. Desde trucos asombrosos hasta historias de \u00e9xito conmovedoras, nuestros canales son un centro para que personas con ideas afines se conecten, se inspiren y se apoyen mutuamente.<\/p><p><img decoding=\"async\" class=\"emoji\" role=\"img\" draggable=\"false\" src=\"https:\/\/s.w.org\/images\/core\/emoji\/14.0.0\/svg\/34-20e3.svg\" alt=\"4\ufe0f\u20e3\" \/> **Ofertas y eventos exclusivos**: Sea el primero en conocer nuestros \u00faltimos lanzamientos de material, promociones exclusivas y emocionantes eventos. Como parte de la familia Dahab Dream Kite, tendr\u00e1 acceso VIP a las tendencias y oportunidades m\u00e1s candentes del mundo del kitesurf.<\/p><p><img decoding=\"async\" class=\"emoji\" role=\"img\" draggable=\"false\" src=\"https:\/\/s.w.org\/images\/core\/emoji\/14.0.0\/svg\/35-20e3.svg\" alt=\"5\ufe0f\u20e3\" \/> **Inspiraci\u00f3n m\u00e1s all\u00e1 de la tabla**: Sum\u00e9rjase en un mundo donde el kitesurf es m\u00e1s que un deporte, es un estilo de vida. Explore la cultura, la mentalidad y las historias que hacen de Dahab Dream Kite un faro para aquellos que buscan aventura, libertad y una conexi\u00f3n con la naturaleza.<\/p><p>Entonces, \u00bfest\u00e1 listo para cabalgar los vientos de la emoci\u00f3n? S\u00edganos en Facebook e Instagram y emb\u00e1rquese en un viaje donde los sue\u00f1os alzan el vuelo y cada d\u00eda es una oportunidad para una nueva aventura. Dahab Dream Kite - \u00a1donde el viento susurra y los sue\u00f1os cobran vida! <img decoding=\"async\" class=\"emoji\" role=\"img\" draggable=\"false\" src=\"https:\/\/s.w.org\/images\/core\/emoji\/14.0.0\/svg\/1f32c.svg\" alt=\"\ud83c\udf2c\ufe0f\" \/><img decoding=\"async\" class=\"emoji\" role=\"img\" draggable=\"false\" src=\"https:\/\/s.w.org\/images\/core\/emoji\/14.0.0\/svg\/1f919.svg\" alt=\"\ud83e\udd19\" \/> #DahabDreamKite #RideTheDream #KiteboardingAdventures<\/p>\t\t\t\t\t\t\t\t<\/div>\n\t\t\t\t<\/div>\n\t\t\t\t\t<\/div>\n\t\t<\/div>\n\t\t\t\t\t<\/div>\n\t\t<\/section>\n\t\t\t\t<\/div>","protected":false},"excerpt":{"rendered":"<p>Nuestros canales en las redes sociales \u00a1Venga y s\u00edganos! Bienvenido al fascinante mundo de Dahab Dream Kite, \u00a1donde el viento se encuentra con las olas y los sue\u00f1os alzan el vuelo! Sum\u00e9rjase en la emoci\u00f3n del viento, el encanto del mar y la euforia del kitesurf mientras le invitamos a unirse a nuestra vibrante comunidad en las redes sociales [...].<\/p>","protected":false},"author":1,"featured_media":0,"parent":0,"menu_order":0,"comment_status":"closed","ping_status":"closed","template":"elementor_header_footer","meta":{"slim_seo":{"title":"Redes sociales - Dahab Dream Kite","description":"Nuestros canales en las redes sociales \u00a1Venga y s\u00edganos! Bienvenido al fascinante mundo de Dahab Dream Kite, \u00a1donde el viento se encuentra con las olas y los sue\u00f1os alzan el vuelo! Sum\u00e9rjase y"},"footnotes":""},"class_list":["post-1126","page","type-page","status-publish","hentry"],"_links":{"self":[{"href":"https:\/\/dahabkitesurfing.com\/es\/wp-json\/wp\/v2\/pages\/1126","targetHints":{"allow":["GET"]}}],"collection":[{"href":"https:\/\/dahabkitesurfing.com\/es\/wp-json\/wp\/v2\/pages"}],"about":[{"href":"https:\/\/dahabkitesurfing.com\/es\/wp-json\/wp\/v2\/types\/page"}],"author":[{"embeddable":true,"href":"https:\/\/dahabkitesurfing.com\/es\/wp-json\/wp\/v2\/users\/1"}],"replies":[{"embeddable":true,"href":"https:\/\/dahabkitesurfing.com\/es\/wp-json\/wp\/v2\/comments?post=1126"}],"version-history":[{"count":17,"href":"https:\/\/dahabkitesurfing.com\/es\/wp-json\/wp\/v2\/pages\/1126\/revisions"}],"predecessor-version":[{"id":1234,"href":"https:\/\/dahabkitesurfing.com\/es\/wp-json\/wp\/v2\/pages\/1126\/revisions\/1234"}],"wp:attachment":[{"href":"https:\/\/dahabkitesurfing.com\/es\/wp-json\/wp\/v2\/media?parent=1126"}],"curies":[{"name":"wp","href":"https:\/\/api.w.org\/{rel}","templated":true}]}}