{"id":147,"date":"2023-04-03T09:02:21","date_gmt":"2023-04-03T09:02:21","guid":{"rendered":"https:\/\/dahabkitesurfing.com\/?page_id=147"},"modified":"2025-10-17T22:10:38","modified_gmt":"2025-10-17T22:10:38","slug":"escuela-kitesurf","status":"publish","type":"page","link":"https:\/\/dahabkitesurfing.com\/es\/escuela-kitesurf\/","title":{"rendered":"Escuela de Kitesurf en Dahab"},"content":{"rendered":"<div data-elementor-type=\"wp-page\" data-elementor-id=\"147\" class=\"elementor elementor-147\" data-elementor-post-type=\"page\">\n\t\t\t\t\t\t<section class=\"elementor-section elementor-top-section elementor-element elementor-element-a7ac824 elementor-section-boxed elementor-section-height-default elementor-section-height-default\" data-id=\"a7ac824\" data-element_type=\"section\">\n\t\t\t\t\t\t<div class=\"elementor-container elementor-column-gap-default\">\n\t\t\t\t\t<div class=\"elementor-column elementor-col-100 elementor-top-column elementor-element elementor-element-b5b331d\" data-id=\"b5b331d\" data-element_type=\"column\">\n\t\t\t<div class=\"elementor-widget-wrap elementor-element-populated\">\n\t\t\t\t\t\t<section class=\"elementor-section elementor-inner-section elementor-element elementor-element-4017c1e elementor-section-boxed elementor-section-height-default elementor-section-height-default\" data-id=\"4017c1e\" data-element_type=\"section\">\n\t\t\t\t\t\t<div class=\"elementor-container elementor-column-gap-default\">\n\t\t\t\t\t<div class=\"elementor-column elementor-col-100 elementor-inner-column elementor-element elementor-element-336b754\" data-id=\"336b754\" data-element_type=\"column\">\n\t\t\t<div class=\"elementor-widget-wrap elementor-element-populated\">\n\t\t\t\t\t\t<div class=\"elementor-element elementor-element-b9397fa elementor-widget elementor-widget-heading\" data-id=\"b9397fa\" data-element_type=\"widget\" data-widget_type=\"heading.default\">\n\t\t\t\t<div class=\"elementor-widget-container\">\n\t\t\t\t\t<h1 class=\"elementor-heading-title elementor-size-default\">Cometa de ensue\u00f1o de Dahab<br>Escuela de Kitesurf en Dahab<\/h1>\t\t\t\t<\/div>\n\t\t\t\t<\/div>\n\t\t\t\t\t<\/div>\n\t\t<\/div>\n\t\t\t\t\t<\/div>\n\t\t<\/section>\n\t\t\t\t\t<\/div>\n\t\t<\/div>\n\t\t\t\t\t<\/div>\n\t\t<\/section>\n\t\t\t\t<section class=\"elementor-section elementor-top-section elementor-element elementor-element-54a0dcc elementor-section-boxed elementor-section-height-default elementor-section-height-default\" data-id=\"54a0dcc\" data-element_type=\"section\">\n\t\t\t\t\t\t<div class=\"elementor-container elementor-column-gap-default\">\n\t\t\t\t\t<div class=\"elementor-column elementor-col-66 elementor-top-column elementor-element elementor-element-9cb5337\" data-id=\"9cb5337\" data-element_type=\"column\">\n\t\t\t<div class=\"elementor-widget-wrap elementor-element-populated\">\n\t\t\t\t\t\t<div class=\"elementor-element elementor-element-694a3d9 elementor-widget__width-initial elementor-widget elementor-widget-text-editor\" data-id=\"694a3d9\" data-element_type=\"widget\" data-widget_type=\"text-editor.default\">\n\t\t\t\t<div class=\"elementor-widget-container\">\n\t\t\t\t\t\t\t\t\t<p>El kitesurf es un deporte acu\u00e1tico emocionante y excitante que consiste en utilizar una cometa para propulsar un kitesurf sobre el agua.<\/p><p>Dahab Dream Kite es un buen punto de partida si est\u00e1 interesado en una escuela de kitesurf en Dahab.<\/p><p>Situada en Dahab, Egipto, Dahab Dream Kite es una escuela de kitesurf que ofrece una gama de clases para todos los niveles de experiencia.<\/p><p>Desde principiantes hasta avanzados, el equipo de Dahab Dream Kite puede ayudarle a aprender a hacer kitesurf en un entorno seguro y agradable.<\/p><p>Las clases de kitesurf en Dahab Dream Kite son impartidas por instructores experimentados y titulados dedicados a ayudarle a tener \u00e9xito.<\/p><p>Las clases son divertidas, informativas y adaptadas a sus necesidades para que pueda progresar a su propio ritmo.<\/p><p>Adem\u00e1s de clases de kitesurf, Dahab Dream Kite tambi\u00e9n ofrece una gama de equipos de kitesurf para alquilar.<\/p><p>Tanto si es usted un kitesurfista experimentado que busca probar material nuevo como si es un principiante que necesita todo lo necesario para empezar, Dahab Dream Kite le tiene cubierto.<\/p><p>Dahab Dream Kite es un <a title=\"Escuela afiliada a la IKO (Organizaci\u00f3n Internacional de Kiteboarding)\" href=\"https:\/\/www.ikointl.com\/\" target=\"_blank\" rel=\"noopener\">Escuela afiliada a la IKO (Organizaci\u00f3n Internacional de Kiteboarding)<\/a>, lo que significa que cumplimos las normas IKO para la ense\u00f1anza del kitesurf.<\/p><p>Nuestros alumnos reciben certificaciones reconocidas internacionalmente al finalizar con \u00e9xito nuestros cursos.<\/p><p>Entonces, \u00bfpor qu\u00e9 esperar? Si est\u00e1 listo para experimentar el apasionante deporte del kitesurf, \u00a1empiece hoy mismo!<\/p>\t\t\t\t\t\t\t\t<\/div>\n\t\t\t\t<\/div>\n\t\t\t\t<div class=\"elementor-element elementor-element-8fd646b elementor-align-center elementor-invisible elementor-widget elementor-widget-button\" data-id=\"8fd646b\" data-element_type=\"widget\" data-settings=\"{&quot;_animation&quot;:&quot;shake&quot;}\" data-widget_type=\"button.default\">\n\t\t\t\t<div class=\"elementor-widget-container\">\n\t\t\t\t\t\t\t\t\t<div class=\"elementor-button-wrapper\">\n\t\t\t\t\t<a class=\"elementor-button elementor-button-link elementor-size-sm\" href=\"https:\/\/dahabkitesurfing.com\/es\/cursos-de-kitesurf\/\">\n\t\t\t\t\t\t<span class=\"elementor-button-content-wrapper\">\n\t\t\t\t\t\t\t\t\t<span class=\"elementor-button-text\">Vea nuestros cursos de Kitesurf en Dahab<\/span>\n\t\t\t\t\t<\/span>\n\t\t\t\t\t<\/a>\n\t\t\t\t<\/div>\n\t\t\t\t\t\t\t\t<\/div>\n\t\t\t\t<\/div>\n\t\t\t\t\t<\/div>\n\t\t<\/div>\n\t\t\t\t<div class=\"elementor-column elementor-col-33 elementor-top-column elementor-element elementor-element-d7dfb4b\" data-id=\"d7dfb4b\" data-element_type=\"column\">\n\t\t\t<div class=\"elementor-widget-wrap elementor-element-populated\">\n\t\t\t\t\t\t<div class=\"elementor-element elementor-element-d05f509 elementor-widget elementor-widget-image\" data-id=\"d05f509\" data-element_type=\"widget\" data-widget_type=\"image.default\">\n\t\t\t\t<div class=\"elementor-widget-container\">\n\t\t\t\t\t\t\t\t\t\t\t\t\t\t\t<img decoding=\"async\" src=\"https:\/\/dahabkitesurfing.com\/wp-content\/uploads\/elementor\/thumbs\/Kitesurf-Instructor-Saleh-with-Student-rdcmcg91saext00m5dzcfbs2namqehtf961x49ibhc.jpg\" title=\"El instructor de kitesurf Saleh con un alumno\" alt=\"El instructor de kitesurf Saleh con un alumno\" loading=\"lazy\" \/>\t\t\t\t\t\t\t\t\t\t\t\t\t\t\t<\/div>\n\t\t\t\t<\/div>\n\t\t\t\t\t<\/div>\n\t\t<\/div>\n\t\t\t\t\t<\/div>\n\t\t<\/section>\n\t\t\t\t<section class=\"elementor-section elementor-top-section elementor-element elementor-element-2bb42a7 elementor-section-boxed elementor-section-height-default elementor-section-height-default\" data-id=\"2bb42a7\" data-element_type=\"section\">\n\t\t\t\t\t\t<div class=\"elementor-container elementor-column-gap-default\">\n\t\t\t\t\t<div class=\"elementor-column elementor-col-100 elementor-top-column elementor-element elementor-element-5df6726\" data-id=\"5df6726\" data-element_type=\"column\">\n\t\t\t<div class=\"elementor-widget-wrap elementor-element-populated\">\n\t\t\t\t\t\t<div class=\"elementor-element elementor-element-4c0abfe elementor-widget elementor-widget-heading\" data-id=\"4c0abfe\" data-element_type=\"widget\" data-widget_type=\"heading.default\">\n\t\t\t\t<div class=\"elementor-widget-container\">\n\t\t\t\t\t<h2 class=\"elementor-heading-title elementor-size-xxl\">Escuela de Kitesurf en Dahab - Blue Lagoon<\/h2>\t\t\t\t<\/div>\n\t\t\t\t<\/div>\n\t\t\t\t<div class=\"elementor-element elementor-element-c2facda elementor-widget elementor-widget-text-editor\" data-id=\"c2facda\" data-element_type=\"widget\" data-widget_type=\"text-editor.default\">\n\t\t\t\t<div class=\"elementor-widget-container\">\n\t\t\t\t\t\t\t\t\t<p>La Laguna Azul de Dahab, en Egipto, es un destino muy conocido para los aficionados al kitesurf.<\/p><p>Se encuentra a unos 10 kil\u00f3metros (6,2 millas) al norte de la ciudad de Dahab, en la costa sureste de la pen\u00ednsula del Sina\u00ed, junto al Mar Rojo.<\/p><p>El kitesurf en la Laguna Azul es muy popular debido a sus condiciones ideales para la pr\u00e1ctica de este deporte.<\/p><p>La laguna es un agua poco profunda y protegida con aguas cristalinas de color azul turquesa.<\/p><p>Est\u00e1 rodeado de un hermoso paisaje des\u00e9rtico, con las monta\u00f1as del Sina\u00ed al fondo.<\/p><p>La combinaci\u00f3n de aguas poco profundas, vientos constantes e impresionantes paisajes hacen de la Laguna Azul un lugar privilegiado para la pr\u00e1ctica del kitesurf.<\/p><p>Una vez que llegue a la Laguna Azul, dispondr\u00e1 de un amplio espacio para despegar y disfrutar de sus sesiones de kitesurf.<\/p><p>La belleza del lugar y sus fiables condiciones de viento lo convierten en un destino de visita obligada para los kitesurfistas en Dahab, y es conocido por ofrecer una experiencia inolvidable de kitesurf en Egipto.<\/p>\t\t\t\t\t\t\t\t<\/div>\n\t\t\t\t<\/div>\n\t\t\t\t<section class=\"elementor-section elementor-inner-section elementor-element elementor-element-4023cd1 elementor-section-boxed elementor-section-height-default elementor-section-height-default\" data-id=\"4023cd1\" data-element_type=\"section\">\n\t\t\t\t\t\t<div class=\"elementor-container elementor-column-gap-default\">\n\t\t\t\t\t<div class=\"elementor-column elementor-col-50 elementor-inner-column elementor-element elementor-element-8ea9150\" data-id=\"8ea9150\" data-element_type=\"column\">\n\t\t\t<div class=\"elementor-widget-wrap elementor-element-populated\">\n\t\t\t\t\t\t<div class=\"elementor-element elementor-element-57d6ec2 elementor-widget elementor-widget-image\" data-id=\"57d6ec2\" data-element_type=\"widget\" data-widget_type=\"image.default\">\n\t\t\t\t<div class=\"elementor-widget-container\">\n\t\t\t\t\t\t\t\t\t\t\t\t\t\t\t<img fetchpriority=\"high\" decoding=\"async\" width=\"768\" height=\"512\" src=\"https:\/\/dahabkitesurfing.com\/wp-content\/uploads\/Kitesurfing-School-Blue-Lagoona-Dahab-Dream-Kite-768x512.jpg\" class=\"attachment-medium_large size-medium_large wp-image-839\" alt=\"Escuela de kitesurf Blue Lagoona Dahab Dream Kite\" srcset=\"https:\/\/dahabkitesurfing.com\/wp-content\/uploads\/Kitesurfing-School-Blue-Lagoona-Dahab-Dream-Kite-768x512.jpg 768w, https:\/\/dahabkitesurfing.com\/wp-content\/uploads\/Kitesurfing-School-Blue-Lagoona-Dahab-Dream-Kite-600x400.jpg 600w, https:\/\/dahabkitesurfing.com\/wp-content\/uploads\/Kitesurfing-School-Blue-Lagoona-Dahab-Dream-Kite-300x200.jpg 300w, https:\/\/dahabkitesurfing.com\/wp-content\/uploads\/Kitesurfing-School-Blue-Lagoona-Dahab-Dream-Kite-1024x683.jpg 1024w, https:\/\/dahabkitesurfing.com\/wp-content\/uploads\/Kitesurfing-School-Blue-Lagoona-Dahab-Dream-Kite-18x12.jpg 18w, https:\/\/dahabkitesurfing.com\/wp-content\/uploads\/Kitesurfing-School-Blue-Lagoona-Dahab-Dream-Kite.jpg 1200w\" sizes=\"(max-width: 768px) 100vw, 768px\" \/>\t\t\t\t\t\t\t\t\t\t\t\t\t\t\t<\/div>\n\t\t\t\t<\/div>\n\t\t\t\t\t<\/div>\n\t\t<\/div>\n\t\t\t\t<div class=\"elementor-column elementor-col-50 elementor-inner-column elementor-element elementor-element-a161107\" data-id=\"a161107\" data-element_type=\"column\">\n\t\t\t<div class=\"elementor-widget-wrap elementor-element-populated\">\n\t\t\t\t\t\t<div class=\"elementor-element elementor-element-6b42236 elementor-widget elementor-widget-image\" data-id=\"6b42236\" data-element_type=\"widget\" data-widget_type=\"image.default\">\n\t\t\t\t<div class=\"elementor-widget-container\">\n\t\t\t\t\t\t\t\t\t\t\t\t\t\t\t<img decoding=\"async\" width=\"768\" height=\"512\" src=\"https:\/\/dahabkitesurfing.com\/wp-content\/uploads\/kitesurfing-safety-boat-blue-lagoon-dahab-768x512.jpg\" class=\"attachment-medium_large size-medium_large wp-image-834\" alt=\"escuela de kitesurf barco de seguridad blue lagoon dahab\" srcset=\"https:\/\/dahabkitesurfing.com\/wp-content\/uploads\/kitesurfing-safety-boat-blue-lagoon-dahab-768x512.jpg 768w, https:\/\/dahabkitesurfing.com\/wp-content\/uploads\/kitesurfing-safety-boat-blue-lagoon-dahab-600x400.jpg 600w, https:\/\/dahabkitesurfing.com\/wp-content\/uploads\/kitesurfing-safety-boat-blue-lagoon-dahab-300x200.jpg 300w, https:\/\/dahabkitesurfing.com\/wp-content\/uploads\/kitesurfing-safety-boat-blue-lagoon-dahab-1024x683.jpg 1024w, https:\/\/dahabkitesurfing.com\/wp-content\/uploads\/kitesurfing-safety-boat-blue-lagoon-dahab-18x12.jpg 18w, https:\/\/dahabkitesurfing.com\/wp-content\/uploads\/kitesurfing-safety-boat-blue-lagoon-dahab.jpg 1200w\" sizes=\"(max-width: 768px) 100vw, 768px\" \/>\t\t\t\t\t\t\t\t\t\t\t\t\t\t\t<\/div>\n\t\t\t\t<\/div>\n\t\t\t\t\t<\/div>\n\t\t<\/div>\n\t\t\t\t\t<\/div>\n\t\t<\/section>\n\t\t\t\t<div class=\"elementor-element elementor-element-6ca9514 elementor-widget elementor-widget-heading\" data-id=\"6ca9514\" data-element_type=\"widget\" data-widget_type=\"heading.default\">\n\t\t\t\t<div class=\"elementor-widget-container\">\n\t\t\t\t\t<h3 class=\"elementor-heading-title elementor-size-xl\">Otras cosas que hacer en la Laguna Azul<\/h3>\t\t\t\t<\/div>\n\t\t\t\t<\/div>\n\t\t\t\t<div class=\"elementor-element elementor-element-e8dede1 elementor-widget elementor-widget-text-editor\" data-id=\"e8dede1\" data-element_type=\"widget\" data-widget_type=\"text-editor.default\">\n\t\t\t\t<div class=\"elementor-widget-container\">\n\t\t\t\t\t\t\t\t\t<div class=\"flex-1 overflow-hidden\"><div class=\"react-scroll-to-bottom--css-gmcoc-79elbk h-full dark:bg-gray-800\"><div class=\"react-scroll-to-bottom--css-gmcoc-1n7m0yu\"><div class=\"flex flex-col text-sm dark:bg-gray-800\"><div class=\"group w-full text-token-text-primary border-b border-black\/10 dark:border-gray-900\/50 bg-gray-50 dark:bg-[#444654]\" data-testid=\"conversation-turn-5\"><div class=\"p-4 justify-center text-base md:gap-6 md:py-6 m-auto\"><div class=\"flex flex-1 gap-4 text-base mx-auto md:gap-6 md:max-w-2xl lg:max-w-[38rem] xl:max-w-3xl }\"><div class=\"relative flex w-[calc(100%-50px)] flex-col gap-1 md:gap-3 lg:w-[calc(100%-115px)]\"><div class=\"flex flex-grow flex-col gap-3 max-w-full\"><div class=\"min-h-[20px] flex flex-col items-start gap-3 overflow-x-auto whitespace-pre-wrap break-words\"><div class=\"markdown prose w-full break-words dark:prose-invert light\"><p>Aunque la Laguna Azul de Dahab, en Egipto, es famosa sobre todo por sus excelentes condiciones para la pr\u00e1ctica del kitesurf, hay otras muchas actividades y atracciones que los visitantes pueden disfrutar en este pintoresco lugar y sus alrededores:<\/p><ol><li><p><strong>Buceo con tubo y submarinismo<\/strong>: La Laguna Azul ofrece fant\u00e1sticas oportunidades para practicar snorkel y submarinismo. Sus aguas claras y tranquilas albergan una variada vida marina y arrecifes de coral, lo que la convierte en un lugar excelente para la exploraci\u00f3n submarina.<\/p><\/li><li><p><strong>Relajaci\u00f3n<\/strong>: El ambiente tranquilo y la impresionante belleza natural de la Laguna Azul la convierten en un lugar ideal para relajarse. Puede tumbarse en la playa, tomar el sol o contemplar las impresionantes vistas del desierto y las monta\u00f1as.<\/p><\/li><li><p><strong>Nataci\u00f3n<\/strong>: Las aguas tranquilas y poco profundas de la laguna son perfectas para nadar, especialmente para aquellos a los que no les guste el kitesurf u otros deportes acu\u00e1ticos. Es un lugar seguro y agradable para darse un refrescante ba\u00f1o.<\/p><\/li><li><p><strong>Paseos en camello y a caballo<\/strong>: Puede dar paseos en camello o a caballo por la playa y el desierto, a\u00f1adiendo un toque de aventura a su visita.<\/p><\/li><li><p><strong>Retiros de yoga y bienestar<\/strong>: Algunos complejos tur\u00edsticos y centros de yoga de la zona ofrecen retiros de yoga y bienestar, que le permitir\u00e1n combinar la relajaci\u00f3n con la forma f\u00edsica y el autocuidado.<\/p><\/li><li><p><strong>Mirando las estrellas<\/strong>: Los despejados cielos nocturnos del desierto que rodea la Laguna Azul son perfectos para observar las estrellas. Podr\u00e1 disfrutar de la belleza de las estrellas y las constelaciones lejos de las luces de la ciudad.<\/p><\/li><li><p><strong>Explorar las atracciones cercanas<\/strong>: Dahab cuenta con varias atracciones, como el famoso punto de inmersi\u00f3n Blue Hole, el arrecife del Faro y el ca\u00f1\u00f3n de Dahab. Puede realizar excursiones o viajes de un d\u00eda para explorar estas maravillas naturales cercanas.<\/p><\/li><\/ol><p>La Laguna Azul no es s\u00f3lo un punto de encuentro para una escuela de kitesurf en Dahab, sino tambi\u00e9n un destino que ofrece diversas actividades y experiencias, por lo que es adecuado tanto para los amantes de la aventura como para los que buscan una escapada tranquila.<\/p><\/div><\/div><\/div><\/div><\/div><\/div><\/div><\/div><\/div><\/div><\/div>\t\t\t\t\t\t\t\t<\/div>\n\t\t\t\t<\/div>\n\t\t\t\t\t<\/div>\n\t\t<\/div>\n\t\t\t\t\t<\/div>\n\t\t<\/section>\n\t\t\t\t<section class=\"elementor-section elementor-top-section elementor-element elementor-element-22fa3782 elementor-section-boxed elementor-section-height-default elementor-section-height-default\" data-id=\"22fa3782\" data-element_type=\"section\">\n\t\t\t\t\t\t<div class=\"elementor-container elementor-column-gap-default\">\n\t\t\t\t\t<div class=\"elementor-column elementor-col-100 elementor-top-column elementor-element elementor-element-2fd311a2\" data-id=\"2fd311a2\" data-element_type=\"column\">\n\t\t\t<div class=\"elementor-widget-wrap elementor-element-populated\">\n\t\t\t\t\t\t<div class=\"elementor-element elementor-element-3bc5acb4 elementor-widget elementor-widget-heading\" data-id=\"3bc5acb4\" data-element_type=\"widget\" data-widget_type=\"heading.default\">\n\t\t\t\t<div class=\"elementor-widget-container\">\n\t\t\t\t\t<h2 class=\"elementor-heading-title elementor-size-default\">La belleza del kitesurf<\/h2>\t\t\t\t<\/div>\n\t\t\t\t<\/div>\n\t\t\t\t<div class=\"elementor-element elementor-element-d0a9d73 elementor-widget elementor-widget-text-editor\" data-id=\"d0a9d73\" data-element_type=\"widget\" data-widget_type=\"text-editor.default\">\n\t\t\t\t<div class=\"elementor-widget-container\">\n\t\t\t\t\t\t\t\t\t<p>La belleza del kitesurf en Dahab es descrita por nuestro instructor de kitesurf, Saleh, en el siguiente v\u00eddeo. El v\u00eddeo contiene escenas de nuestra principal zona de entrenamiento en la Laguna Azul y nuestra escuela de kitesurf en Dahab est\u00e1 cerca.<\/p><p>Nuestra otra zona de entrenamiento de kitesurf es la Lagoona en Dahab. Disfrute del video, y esperamos poder hacer Kitesurf con usted.<\/p>\t\t\t\t\t\t\t\t<\/div>\n\t\t\t\t<\/div>\n\t\t\t\t<section class=\"elementor-section elementor-inner-section elementor-element elementor-element-6e3d7bd2 elementor-section-boxed elementor-section-height-default elementor-section-height-default\" data-id=\"6e3d7bd2\" data-element_type=\"section\">\n\t\t\t\t\t\t<div class=\"elementor-container elementor-column-gap-default\">\n\t\t\t\t\t<div class=\"elementor-column elementor-col-100 elementor-inner-column elementor-element elementor-element-4f6acb70\" data-id=\"4f6acb70\" data-element_type=\"column\">\n\t\t\t<div class=\"elementor-widget-wrap elementor-element-populated\">\n\t\t\t\t\t\t<div class=\"elementor-element elementor-element-6b7cdab0 elementor-widget__width-initial elementor-widget elementor-widget-video\" data-id=\"6b7cdab0\" data-element_type=\"widget\" data-settings=\"{&quot;video_type&quot;:&quot;hosted&quot;,&quot;controls&quot;:&quot;yes&quot;}\" data-widget_type=\"video.default\">\n\t\t\t\t<div class=\"elementor-widget-container\">\n\t\t\t\t\t\t\t<div class=\"e-hosted-video elementor-wrapper elementor-open-inline\">\n\t\t\t\t\t<video class=\"elementor-video\" src=\"https:\/\/dahabkitesurfing.com\/kitesurfing dahab cometa de los sue\u00f1os.mp4\" controls=\"\" preload=\"metadata\" controlslist=\"nodownload\" poster=\"https:\/\/dahabkitesurfing.com\/wp-content\/uploads\/2023\/04\/kitesurfing-dahab-dream-kite.jpg\"><\/video>\n\t\t\t\t<\/div>\n\t\t\t\t\t\t<\/div>\n\t\t\t\t<\/div>\n\t\t\t\t<div class=\"elementor-element elementor-element-ac54e75 elementor-align-center elementor-invisible elementor-widget elementor-widget-button\" data-id=\"ac54e75\" data-element_type=\"widget\" data-settings=\"{&quot;_animation&quot;:&quot;shake&quot;}\" data-widget_type=\"button.default\">\n\t\t\t\t<div class=\"elementor-widget-container\">\n\t\t\t\t\t\t\t\t\t<div class=\"elementor-button-wrapper\">\n\t\t\t\t\t<a class=\"elementor-button elementor-button-link elementor-size-sm\" href=\"https:\/\/dahabkitesurfing.com\/es\/cursos-de-kitesurf\/\">\n\t\t\t\t\t\t<span class=\"elementor-button-content-wrapper\">\n\t\t\t\t\t\t\t\t\t<span class=\"elementor-button-text\">Vea nuestros cursos de Kitesurf en Dahab<\/span>\n\t\t\t\t\t<\/span>\n\t\t\t\t\t<\/a>\n\t\t\t\t<\/div>\n\t\t\t\t\t\t\t\t<\/div>\n\t\t\t\t<\/div>\n\t\t\t\t\t<\/div>\n\t\t<\/div>\n\t\t\t\t\t<\/div>\n\t\t<\/section>\n\t\t\t\t\t<\/div>\n\t\t<\/div>\n\t\t\t\t\t<\/div>\n\t\t<\/section>\n\t\t\t\t<section class=\"elementor-section elementor-top-section elementor-element elementor-element-814fdcd elementor-section-boxed elementor-section-height-default elementor-section-height-default\" data-id=\"814fdcd\" data-element_type=\"section\">\n\t\t\t\t\t\t<div class=\"elementor-container elementor-column-gap-default\">\n\t\t\t\t\t<div class=\"elementor-column elementor-col-100 elementor-top-column elementor-element elementor-element-44760be\" data-id=\"44760be\" data-element_type=\"column\">\n\t\t\t<div class=\"elementor-widget-wrap\">\n\t\t\t\t\t\t\t<\/div>\n\t\t<\/div>\n\t\t\t\t\t<\/div>\n\t\t<\/section>\n\t\t\t\t<\/div>","protected":false},"excerpt":{"rendered":"<p>Dahab Dream Kite Escuela de Kitesurf en Dahab El kitesurf es un emocionante y excitante deporte acu\u00e1tico que consiste en utilizar una cometa para propulsar una tabla de kitesurf a trav\u00e9s del agua. Dahab Dream Kite es un buen punto de partida si est\u00e1 interesado en una escuela de kitesurf en Dahab. Situada en Dahab, Egipto, Dahab Dream Kite es una escuela de kitesurf [...]<\/p>","protected":false},"author":1,"featured_media":186,"parent":0,"menu_order":0,"comment_status":"closed","ping_status":"closed","template":"elementor_header_footer","meta":{"slim_seo":{"title":"Escuela de Kitesurf en Dahab - Dahab Dream Kite","description":"Dahab Dream Kite Escuela de Kitesurf en Dahab El kitesurf es un emocionante y excitante deporte acu\u00e1tico que consiste en utilizar una cometa para propulsar una tabla de kitesurf a trav\u00e9s del agua."},"footnotes":""},"class_list":["post-147","page","type-page","status-publish","has-post-thumbnail","hentry"],"_links":{"self":[{"href":"https:\/\/dahabkitesurfing.com\/es\/wp-json\/wp\/v2\/pages\/147","targetHints":{"allow":["GET"]}}],"collection":[{"href":"https:\/\/dahabkitesurfing.com\/es\/wp-json\/wp\/v2\/pages"}],"about":[{"href":"https:\/\/dahabkitesurfing.com\/es\/wp-json\/wp\/v2\/types\/page"}],"author":[{"embeddable":true,"href":"https:\/\/dahabkitesurfing.com\/es\/wp-json\/wp\/v2\/users\/1"}],"replies":[{"embeddable":true,"href":"https:\/\/dahabkitesurfing.com\/es\/wp-json\/wp\/v2\/comments?post=147"}],"version-history":[{"count":77,"href":"https:\/\/dahabkitesurfing.com\/es\/wp-json\/wp\/v2\/pages\/147\/revisions"}],"predecessor-version":[{"id":1292,"href":"https:\/\/dahabkitesurfing.com\/es\/wp-json\/wp\/v2\/pages\/147\/revisions\/1292"}],"wp:featuredmedia":[{"embeddable":true,"href":"https:\/\/dahabkitesurfing.com\/es\/wp-json\/wp\/v2\/media\/186"}],"wp:attachment":[{"href":"https:\/\/dahabkitesurfing.com\/es\/wp-json\/wp\/v2\/media?parent=147"}],"curies":[{"name":"wp","href":"https:\/\/api.w.org\/{rel}","templated":true}]}}