{"id":153,"date":"2023-04-03T09:21:43","date_gmt":"2023-04-03T09:21:43","guid":{"rendered":"https:\/\/dahabkitesurfing.com\/?page_id=153"},"modified":"2023-05-10T15:35:33","modified_gmt":"2023-05-10T15:35:33","slug":"condiciones-de-uso","status":"publish","type":"page","link":"https:\/\/dahabkitesurfing.com\/es\/condiciones-de-uso\/","title":{"rendered":"Condiciones de uso"},"content":{"rendered":"<div data-elementor-type=\"wp-page\" data-elementor-id=\"153\" class=\"elementor elementor-153\" data-elementor-post-type=\"page\">\n\t\t\t\t\t\t<section class=\"elementor-section elementor-top-section elementor-element elementor-element-0719087 elementor-section-boxed elementor-section-height-default elementor-section-height-default\" data-id=\"0719087\" data-element_type=\"section\">\n\t\t\t\t\t\t<div class=\"elementor-container elementor-column-gap-default\">\n\t\t\t\t\t<div class=\"elementor-column elementor-col-100 elementor-top-column elementor-element elementor-element-fc094f5\" data-id=\"fc094f5\" data-element_type=\"column\">\n\t\t\t<div class=\"elementor-widget-wrap elementor-element-populated\">\n\t\t\t\t\t\t<div class=\"elementor-element elementor-element-a9c0481 elementor-widget elementor-widget-heading\" data-id=\"a9c0481\" data-element_type=\"widget\" data-widget_type=\"heading.default\">\n\t\t\t\t<div class=\"elementor-widget-container\">\n\t\t\t\t\t<h1 class=\"elementor-heading-title elementor-size-default\">T\u00e9rminos y condiciones<\/h1>\t\t\t\t<\/div>\n\t\t\t\t<\/div>\n\t\t\t\t<div class=\"elementor-element elementor-element-a246043 elementor-widget elementor-widget-text-editor\" data-id=\"a246043\" data-element_type=\"widget\" data-widget_type=\"text-editor.default\">\n\t\t\t\t<div class=\"elementor-widget-container\">\n\t\t\t\t\t\t\t\t\t<p>\u00a1Bienvenido a Dahab Dream Kite!<\/p><p>Estos t\u00e9rminos y condiciones describen las normas y reglamentos de uso del sitio web de Dahab Dream Kite, ubicado en https:\/\/dahabkitesurfing.com\/.<\/p><p>Al acceder a esta p\u00e1gina web asumimos que acepta estos t\u00e9rminos y condiciones. No contin\u00fae utilizando Dahab Dream Kite si no est\u00e1 de acuerdo en aceptar todos los t\u00e9rminos y condiciones expuestos en esta p\u00e1gina.<\/p><p>La siguiente terminolog\u00eda se aplica a estos T\u00e9rminos y Condiciones, Declaraci\u00f3n de Privacidad y Aviso de Exenci\u00f3n de Responsabilidad y a todos los Acuerdos: \"Cliente\", \"Usted\" y \"Su\", se refiere a usted, la persona que se registra en este sitio web y cumple con los t\u00e9rminos y condiciones de la Compa\u00f1\u00eda. \"La Empresa\", \"Nosotros\", \"Nuestro\" y \"Nos\", se refiere a nuestra Empresa. \"Parte\", \"Partes\" o \"Nosotros\", se refiere tanto al Cliente como a nosotros mismos. Todos los t\u00e9rminos se refieren a la oferta, aceptaci\u00f3n y contraprestaci\u00f3n de pago necesaria para llevar a cabo el proceso de nuestra asistencia al Cliente de la manera m\u00e1s adecuada con el prop\u00f3sito expreso de satisfacer las necesidades del Cliente con respecto a la prestaci\u00f3n de los servicios indicados de la Empresa, de conformidad con y sujeto a, la legislaci\u00f3n vigente de eg. Cualquier uso de la terminolog\u00eda anterior u otras palabras en singular, plural, may\u00fasculas y\/o \u00e9l\/ella o ellos, se toman como intercambiables y por lo tanto como referidos a lo mismo.<\/p>\t\t\t\t\t\t\t\t<\/div>\n\t\t\t\t<\/div>\n\t\t\t\t<div class=\"elementor-element elementor-element-d595531 elementor-widget elementor-widget-heading\" data-id=\"d595531\" data-element_type=\"widget\" data-widget_type=\"heading.default\">\n\t\t\t\t<div class=\"elementor-widget-container\">\n\t\t\t\t\t<h2 class=\"elementor-heading-title elementor-size-xl\">Cookies<\/h2>\t\t\t\t<\/div>\n\t\t\t\t<\/div>\n\t\t\t\t<div class=\"elementor-element elementor-element-8f5007d elementor-widget elementor-widget-text-editor\" data-id=\"8f5007d\" data-element_type=\"widget\" data-widget_type=\"text-editor.default\">\n\t\t\t\t<div class=\"elementor-widget-container\">\n\t\t\t\t\t\t\t\t\t<p>Empleamos el uso de cookies. Al acceder a Dahab Dream Kite, acepta el uso de cookies de acuerdo con la Pol\u00edtica de privacidad de Dahab Dream Kite.<\/p><p>La mayor\u00eda de los sitios web interactivos utilizan cookies que nos permiten recuperar los datos del usuario en cada visita. Nuestro sitio web utiliza cookies para permitir la funcionalidad de determinadas \u00e1reas y facilitar as\u00ed la visita a nuestro sitio web. Algunos de nuestros socios afiliados\/publicitarios tambi\u00e9n pueden utilizar cookies.<\/p>\t\t\t\t\t\t\t\t<\/div>\n\t\t\t\t<\/div>\n\t\t\t\t<div class=\"elementor-element elementor-element-ac40b91 elementor-widget elementor-widget-heading\" data-id=\"ac40b91\" data-element_type=\"widget\" data-widget_type=\"heading.default\">\n\t\t\t\t<div class=\"elementor-widget-container\">\n\t\t\t\t\t<h2 class=\"elementor-heading-title elementor-size-xl\">Licencia<\/h2>\t\t\t\t<\/div>\n\t\t\t\t<\/div>\n\t\t\t\t<div class=\"elementor-element elementor-element-9f9d18a elementor-widget elementor-widget-text-editor\" data-id=\"9f9d18a\" data-element_type=\"widget\" data-widget_type=\"text-editor.default\">\n\t\t\t\t<div class=\"elementor-widget-container\">\n\t\t\t\t\t\t\t\t\t<p>A menos que se indique lo contrario, Dahab Dream Kite y\/o sus licenciantes poseen los derechos de propiedad intelectual de todo el material de Dahab Dream Kite. Todos los derechos de propiedad intelectual est\u00e1n reservados. Puede acceder a \u00e9l desde Dahab Dream Kite para su uso personal sujeto a las restricciones establecidas en estos t\u00e9rminos y condiciones.<\/p><p>No debe hacerlo:<\/p><ul><li>Volver a publicar material de Dahab Dream Kite<\/li><li>Vender, alquilar o sublicenciar material de Dahab Dream Kite<\/li><li>Reproducir, duplicar o copiar material de Dahab Dream Kite<\/li><li>Redistribuir el contenido de Dahab Dream Kite<\/li><\/ul><p>Algunas partes de este sitio web ofrecen a los usuarios la oportunidad de publicar e intercambiar opiniones e informaci\u00f3n en ciertas \u00e1reas del sitio web. Dahab Dream Kite no filtra, edita, publica o revisa los Comentarios antes de su presencia en la p\u00e1gina web. Los comentarios no reflejan los puntos de vista y opiniones de Dahab Dream Kite,sus agentes y\/o afiliados. Los Comentarios reflejan los puntos de vista y opiniones de la persona que publica sus puntos de vista y opiniones. En la medida permitida por las leyes aplicables, Dahab Dream Kite no ser\u00e1 responsable de los Comentarios o de cualquier responsabilidad, da\u00f1os o gastos causados y\/o sufridos como resultado de cualquier uso de y\/o publicaci\u00f3n de y\/o aparici\u00f3n de los Comentarios en esta p\u00e1gina web.<\/p><p>Dahab Dream Kite se reserva el derecho a supervisar todos los Comentarios y a eliminar cualquier Comentario que pueda considerarse inapropiado, ofensivo o que suponga un incumplimiento de estos T\u00e9rminos y Condiciones.<\/p><p>Usted garantiza y declara que:<\/p><ul><li>Usted tiene derecho a publicar los Comentarios en nuestro sitio web y dispone de todas las licencias y consentimientos necesarios para hacerlo;<\/li><li>Los Comentarios no invaden ning\u00fan derecho de propiedad intelectual, incluyendo sin limitaci\u00f3n los derechos de autor, patentes o marcas registradas de terceros;<\/li><li>Los Comentarios no contienen ning\u00fan material difamatorio, calumnioso, ofensivo, indecente o ilegal que suponga una invasi\u00f3n de la intimidad<\/li><li>Los Comentarios no se utilizar\u00e1n para solicitar o promover negocios o costumbres ni para presentar actividades comerciales o il\u00edcitas.<\/li><\/ul><p>Por la presente concede a Dahab Dream Kite una licencia no exclusiva para utilizar, reproducir, editar y autorizar a otros a utilizar, reproducir y editar cualquiera de sus Comentarios en todas y cada una de las formas, formatos o medios.<\/p>\t\t\t\t\t\t\t\t<\/div>\n\t\t\t\t<\/div>\n\t\t\t\t<div class=\"elementor-element elementor-element-40c8fdf elementor-widget elementor-widget-heading\" data-id=\"40c8fdf\" data-element_type=\"widget\" data-widget_type=\"heading.default\">\n\t\t\t\t<div class=\"elementor-widget-container\">\n\t\t\t\t\t<h2 class=\"elementor-heading-title elementor-size-xl\">Hiperv\u00ednculos a nuestro contenido<\/h2>\t\t\t\t<\/div>\n\t\t\t\t<\/div>\n\t\t\t\t<div class=\"elementor-element elementor-element-7b7c528 elementor-widget elementor-widget-text-editor\" data-id=\"7b7c528\" data-element_type=\"widget\" data-widget_type=\"text-editor.default\">\n\t\t\t\t<div class=\"elementor-widget-container\">\n\t\t\t\t\t\t\t\t\t<p>Las siguientes organizaciones pueden enlazar con nuestro sitio web sin necesidad de aprobaci\u00f3n previa por escrito:<\/p><ul><li>Agencias gubernamentales;<\/li><li>Motores de b\u00fasqueda;<\/li><li>Organizaciones de noticias;<\/li><li>Los distribuidores de directorios en l\u00ednea pueden establecer enlaces con nuestro sitio Web de la misma manera que establecen hiperenlaces con los sitios Web de otras empresas incluidas en la lista; y<\/li><li>Empresas acreditadas en todo el sistema, excepto organizaciones sin \u00e1nimo de lucro solicitantes, centros comerciales ben\u00e9ficos y grupos de recaudaci\u00f3n de fondos ben\u00e9ficos, que no pueden establecer hiperv\u00ednculos con nuestro sitio web.<\/li><\/ul><p>Estas organizaciones pueden enlazar con nuestra p\u00e1gina de inicio, con publicaciones o con otra informaci\u00f3n del sitio Web siempre que el enlace (a) no sea en modo alguno enga\u00f1oso; (b) no implique falsamente el patrocinio, respaldo o aprobaci\u00f3n de la parte que establece el enlace y de sus productos y\/o servicios; y (c) se ajuste al contexto del sitio de la parte que establece el enlace.<\/p><p>Podemos considerar y aprobar otras solicitudes de enlace de los siguientes tipos de organizaciones:<\/p><ul><li>fuentes de informaci\u00f3n com\u00fanmente conocidas de consumidores y\/o empresas;<\/li><li>sitios de la comunidad punto.com;<\/li><li>asociaciones u otros grupos que representen a organizaciones ben\u00e9ficas;<\/li><li>distribuidores de directorios en l\u00ednea;<\/li><li>portales de internet;<\/li><li>empresas de contabilidad, derecho y consultor\u00eda; y<\/li><li>instituciones educativas y asociaciones comerciales.<\/li><\/ul><p>Aprobaremos las solicitudes de enlace de estas organizaciones si decidimos que (a) el enlace no nos har\u00eda quedar mal con nosotros mismos o con nuestras empresas acreditadas; (b) la organizaci\u00f3n no tiene ning\u00fan historial negativo con nosotros; (c) el beneficio para nosotros de la visibilidad del hiperv\u00ednculo compensa la ausencia de Dahab Dream Kite; y (d) el enlace est\u00e1 en el contexto de informaci\u00f3n general sobre recursos.<\/p><p>Estas organizaciones pueden enlazar con nuestra p\u00e1gina de inicio siempre que el enlace (a) no sea en modo alguno enga\u00f1oso; (b) no implique falsamente el patrocinio, respaldo o aprobaci\u00f3n de la parte enlazante y sus productos o servicios; y (c) se ajuste al contexto del sitio de la parte enlazante.<\/p><p>Si usted es una de las organizaciones enumeradas en el apartado 2 anterior y est\u00e1 interesado en establecer un enlace con nuestro sitio Web, debe informarnos enviando un correo electr\u00f3nico a Dahab Dream Kite. Por favor, incluya su nombre, el nombre de su organizaci\u00f3n, informaci\u00f3n de contacto, as\u00ed como la URL de su sitio web, una lista de las URL desde las que pretende enlazar con nuestro sitio web y una lista de las URL de nuestro sitio web a las que le gustar\u00eda enlazar. Espere 2-3 semanas para recibir una respuesta.<\/p><p>Las organizaciones autorizadas podr\u00e1n establecer hiperenlaces con nuestro sitio web de la siguiente manera:<\/p><ul><li>Mediante el uso de nuestro nombre corporativo; o<\/li><li>Mediante el uso del localizador uniforme de recursos al que se enlaza; o<\/li><li>Mediante el uso de cualquier otra descripci\u00f3n de nuestro sitio Web al que se enlaza que tenga sentido dentro del contexto y el formato del contenido del sitio de la parte que realiza el enlace.<\/li><\/ul><p>No se permitir\u00e1 el uso del logotipo u otras ilustraciones de Dahab Dream Kite para establecer enlaces sin un acuerdo de licencia de marca registrada.<\/p>\t\t\t\t\t\t\t\t<\/div>\n\t\t\t\t<\/div>\n\t\t\t\t<div class=\"elementor-element elementor-element-83d869e elementor-widget elementor-widget-heading\" data-id=\"83d869e\" data-element_type=\"widget\" data-widget_type=\"heading.default\">\n\t\t\t\t<div class=\"elementor-widget-container\">\n\t\t\t\t\t<h2 class=\"elementor-heading-title elementor-size-xl\">iFrames<\/h2>\t\t\t\t<\/div>\n\t\t\t\t<\/div>\n\t\t\t\t<div class=\"elementor-element elementor-element-32b1b67 elementor-widget elementor-widget-text-editor\" data-id=\"32b1b67\" data-element_type=\"widget\" data-widget_type=\"text-editor.default\">\n\t\t\t\t<div class=\"elementor-widget-container\">\n\t\t\t\t\t\t\t\t\t<p>Sin aprobaci\u00f3n previa y permiso por escrito, no podr\u00e1 crear marcos alrededor de nuestras P\u00e1ginas Web que alteren de alguna manera la presentaci\u00f3n visual o la apariencia de nuestro Sitio Web.<\/p>\t\t\t\t\t\t\t\t<\/div>\n\t\t\t\t<\/div>\n\t\t\t\t<div class=\"elementor-element elementor-element-a9ce4fc elementor-widget elementor-widget-heading\" data-id=\"a9ce4fc\" data-element_type=\"widget\" data-widget_type=\"heading.default\">\n\t\t\t\t<div class=\"elementor-widget-container\">\n\t\t\t\t\t<h2 class=\"elementor-heading-title elementor-size-xl\">Responsabilidad del contenido<\/h2>\t\t\t\t<\/div>\n\t\t\t\t<\/div>\n\t\t\t\t<div class=\"elementor-element elementor-element-864ada8 elementor-widget elementor-widget-text-editor\" data-id=\"864ada8\" data-element_type=\"widget\" data-widget_type=\"text-editor.default\">\n\t\t\t\t<div class=\"elementor-widget-container\">\n\t\t\t\t\t\t\t\t\t<p>No nos haremos responsables de ning\u00fan contenido que aparezca en su Sitio Web. Usted se compromete a protegernos y defendernos frente a cualquier reclamaci\u00f3n que se plantee en su Sitio Web. No debe aparecer ning\u00fan enlace(s) en ning\u00fan Sitio Web que pueda interpretarse como difamatorio, obsceno o delictivo, o que infrinja, viole de otro modo o propugne la infracci\u00f3n u otra violaci\u00f3n de los derechos de terceros.<\/p>\t\t\t\t\t\t\t\t<\/div>\n\t\t\t\t<\/div>\n\t\t\t\t<div class=\"elementor-element elementor-element-d24da77 elementor-widget elementor-widget-heading\" data-id=\"d24da77\" data-element_type=\"widget\" data-widget_type=\"heading.default\">\n\t\t\t\t<div class=\"elementor-widget-container\">\n\t\t\t\t\t<h2 class=\"elementor-heading-title elementor-size-xl\">Reserva de derechos<\/h2>\t\t\t\t<\/div>\n\t\t\t\t<\/div>\n\t\t\t\t<div class=\"elementor-element elementor-element-e895fec elementor-widget elementor-widget-text-editor\" data-id=\"e895fec\" data-element_type=\"widget\" data-widget_type=\"text-editor.default\">\n\t\t\t\t<div class=\"elementor-widget-container\">\n\t\t\t\t\t\t\t\t\t<p>Nos reservamos el derecho a solicitarle que elimine todos los enlaces o cualquier enlace concreto a nuestro Sitio Web. Usted se compromete a eliminar inmediatamente todos los enlaces a nuestro Sitio Web cuando as\u00ed se le solicite. Tambi\u00e9n nos reservamos el derecho de modificar estos t\u00e9rminos y condiciones y su pol\u00edtica de enlaces en cualquier momento. Al enlazar continuamente a nuestro Sitio Web, usted acepta estar obligado y seguir estos t\u00e9rminos y condiciones de enlace.<\/p>\t\t\t\t\t\t\t\t<\/div>\n\t\t\t\t<\/div>\n\t\t\t\t<div class=\"elementor-element elementor-element-3e26361 elementor-widget elementor-widget-heading\" data-id=\"3e26361\" data-element_type=\"widget\" data-widget_type=\"heading.default\">\n\t\t\t\t<div class=\"elementor-widget-container\">\n\t\t\t\t\t<h2 class=\"elementor-heading-title elementor-size-xl\">Eliminaci\u00f3n de enlaces de nuestro sitio web<\/h2>\t\t\t\t<\/div>\n\t\t\t\t<\/div>\n\t\t\t\t<div class=\"elementor-element elementor-element-a39d591 elementor-widget__width-initial elementor-widget elementor-widget-text-editor\" data-id=\"a39d591\" data-element_type=\"widget\" data-widget_type=\"text-editor.default\">\n\t\t\t\t<div class=\"elementor-widget-container\">\n\t\t\t\t\t\t\t\t\t<p>Si encuentra alg\u00fan enlace en nuestro Sitio Web que le resulte ofensivo por cualquier motivo, puede ponerse en contacto con nosotros e informarnos en cualquier momento. Tendremos en cuenta las solicitudes de eliminaci\u00f3n de enlaces, pero no estamos obligados a ello ni a responderle directamente.<\/p><p>No aseguramos que la informaci\u00f3n contenida en este sitio web sea correcta, no garantizamos que est\u00e9 completa ni que sea exacta; tampoco prometemos que el sitio web siga estando disponible ni que el material que contiene se mantenga actualizado.<\/p>\t\t\t\t\t\t\t\t<\/div>\n\t\t\t\t<\/div>\n\t\t\t\t<div class=\"elementor-element elementor-element-f6b5602 elementor-widget elementor-widget-heading\" data-id=\"f6b5602\" data-element_type=\"widget\" data-widget_type=\"heading.default\">\n\t\t\t\t<div class=\"elementor-widget-container\">\n\t\t\t\t\t<h2 class=\"elementor-heading-title elementor-size-xl\">Descargo de responsabilidad<\/h2>\t\t\t\t<\/div>\n\t\t\t\t<\/div>\n\t\t\t\t<div class=\"elementor-element elementor-element-8165435 elementor-widget elementor-widget-text-editor\" data-id=\"8165435\" data-element_type=\"widget\" data-widget_type=\"text-editor.default\">\n\t\t\t\t<div class=\"elementor-widget-container\">\n\t\t\t\t\t\t\t\t\t<p>En la medida m\u00e1xima permitida por la ley aplicable, excluimos todas las representaciones, garant\u00edas y condiciones relacionadas con nuestro sitio web y el uso de este sitio web. Nada de lo contenido en esta cl\u00e1usula de exenci\u00f3n de responsabilidad:<\/p><ul><li>limitar o excluir nuestra o su responsabilidad por muerte o lesiones personales;<\/li><li>limitar o excluir nuestra o su responsabilidad por fraude o tergiversaci\u00f3n fraudulenta;<\/li><li>limitar cualquiera de nuestras responsabilidades o las suyas de cualquier forma que no est\u00e9 permitida por la legislaci\u00f3n aplicable; o<\/li><li>excluir cualquiera de nuestras responsabilidades o de las suyas que no puedan excluirse en virtud de la legislaci\u00f3n aplicable.<\/li><\/ul><p>Las limitaciones y prohibiciones de responsabilidad establecidas en esta secci\u00f3n y en otras partes de esta cl\u00e1usula de exenci\u00f3n de responsabilidad: (a) est\u00e1n sujetas al p\u00e1rrafo anterior; y (b) rigen todas las responsabilidades derivadas de la cl\u00e1usula de exenci\u00f3n de responsabilidad, incluidas las responsabilidades contractuales, extracontractuales y por incumplimiento de obligaciones legales.<\/p><p>En la medida en que el sitio web y la informaci\u00f3n y los servicios que en \u00e9l se ofrecen son gratuitos, no seremos responsables de ninguna p\u00e9rdida o da\u00f1o de cualquier naturaleza.<\/p>\t\t\t\t\t\t\t\t<\/div>\n\t\t\t\t<\/div>\n\t\t\t\t\t<\/div>\n\t\t<\/div>\n\t\t\t\t\t<\/div>\n\t\t<\/section>\n\t\t\t\t<\/div>","protected":false},"excerpt":{"rendered":"<p>T\u00e9rminos y condiciones \u00a1Bienvenido a Dahab Dream Kite! Estos t\u00e9rminos y condiciones describen las normas y reglamentos de uso de la p\u00e1gina web de Dahab Dream Kite, situada en https:\/\/dahabkitesurfing.com\/. Al acceder a esta p\u00e1gina web asumimos que acepta estos t\u00e9rminos y condiciones. No contin\u00fae utilizando Dahab Dream Kite si no est\u00e1 de acuerdo en aceptar [...]<\/p>","protected":false},"author":1,"featured_media":0,"parent":0,"menu_order":0,"comment_status":"closed","ping_status":"closed","template":"elementor_header_footer","meta":{"slim_seo":{"title":"Condiciones de uso - Dahab Dream Kite","description":"T\u00e9rminos y condiciones \u00a1Bienvenido a Dahab Dream Kite! Estos t\u00e9rminos y condiciones describen las normas y reglamentos para el uso del sitio web de Dahab Dream Kite, localice"},"footnotes":""},"class_list":["post-153","page","type-page","status-publish","hentry"],"_links":{"self":[{"href":"https:\/\/dahabkitesurfing.com\/es\/wp-json\/wp\/v2\/pages\/153","targetHints":{"allow":["GET"]}}],"collection":[{"href":"https:\/\/dahabkitesurfing.com\/es\/wp-json\/wp\/v2\/pages"}],"about":[{"href":"https:\/\/dahabkitesurfing.com\/es\/wp-json\/wp\/v2\/types\/page"}],"author":[{"embeddable":true,"href":"https:\/\/dahabkitesurfing.com\/es\/wp-json\/wp\/v2\/users\/1"}],"replies":[{"embeddable":true,"href":"https:\/\/dahabkitesurfing.com\/es\/wp-json\/wp\/v2\/comments?post=153"}],"version-history":[{"count":7,"href":"https:\/\/dahabkitesurfing.com\/es\/wp-json\/wp\/v2\/pages\/153\/revisions"}],"predecessor-version":[{"id":862,"href":"https:\/\/dahabkitesurfing.com\/es\/wp-json\/wp\/v2\/pages\/153\/revisions\/862"}],"wp:attachment":[{"href":"https:\/\/dahabkitesurfing.com\/es\/wp-json\/wp\/v2\/media?parent=153"}],"curies":[{"name":"wp","href":"https:\/\/api.w.org\/{rel}","templated":true}]}}