{"id":3,"date":"2023-03-31T09:53:20","date_gmt":"2023-03-31T09:53:20","guid":{"rendered":"https:\/\/dahabkitesurfing.com\/?page_id=3"},"modified":"2023-05-10T16:04:05","modified_gmt":"2023-05-10T16:04:05","slug":"politica-de-privacidad","status":"publish","type":"page","link":"https:\/\/dahabkitesurfing.com\/es\/politica-de-privacidad\/","title":{"rendered":"Pol\u00edtica de privacidad"},"content":{"rendered":"<div data-elementor-type=\"wp-page\" data-elementor-id=\"3\" class=\"elementor elementor-3\" data-elementor-post-type=\"page\">\n\t\t\t\t\t\t<section class=\"elementor-section elementor-top-section elementor-element elementor-element-1889ce8 elementor-section-boxed elementor-section-height-default elementor-section-height-default\" data-id=\"1889ce8\" data-element_type=\"section\">\n\t\t\t\t\t\t<div class=\"elementor-container elementor-column-gap-default\">\n\t\t\t\t\t<div class=\"elementor-column elementor-col-100 elementor-top-column elementor-element elementor-element-d6b08d9\" data-id=\"d6b08d9\" data-element_type=\"column\">\n\t\t\t<div class=\"elementor-widget-wrap elementor-element-populated\">\n\t\t\t\t\t\t<div class=\"elementor-element elementor-element-b75b020 elementor-widget elementor-widget-heading\" data-id=\"b75b020\" data-element_type=\"widget\" data-widget_type=\"heading.default\">\n\t\t\t\t<div class=\"elementor-widget-container\">\n\t\t\t\t\t<h1 class=\"elementor-heading-title elementor-size-default\">Pol\u00edtica de privacidad<\/h1>\t\t\t\t<\/div>\n\t\t\t\t<\/div>\n\t\t\t\t<div class=\"elementor-element elementor-element-0d30d05 elementor-widget elementor-widget-text-editor\" data-id=\"0d30d05\" data-element_type=\"widget\" data-widget_type=\"text-editor.default\">\n\t\t\t\t<div class=\"elementor-widget-container\">\n\t\t\t\t\t\t\t\t\t<p>En Dahab Dream Kite, accesible desde https:\/\/dahabkitesurfing.com\/, una de nuestras principales prioridades es la privacidad de nuestros visitantes. Este documento de Pol\u00edtica de Privacidad contiene tipos de informaci\u00f3n que es recogida y registrada por Dahab Dream Kite y c\u00f3mo la utilizamos.<\/p>\n<p>Si tiene alguna pregunta adicional o necesita m\u00e1s informaci\u00f3n sobre nuestra Pol\u00edtica de Privacidad, no dude en ponerse en contacto con nosotros.<\/p>\n<p>Esta pol\u00edtica de privacidad se aplica \u00fanicamente a nuestras actividades en l\u00ednea y es v\u00e1lida para los visitantes de nuestra p\u00e1gina web en lo que respecta a la informaci\u00f3n que compartieron y\/o recogieron en Dahab Dream Kite. Esta pol\u00edtica no es aplicable a ninguna informaci\u00f3n recogida fuera de l\u00ednea o a trav\u00e9s de canales distintos de esta p\u00e1gina web.<\/p>\t\t\t\t\t\t\t\t<\/div>\n\t\t\t\t<\/div>\n\t\t\t\t<div class=\"elementor-element elementor-element-e8dd747 elementor-widget elementor-widget-heading\" data-id=\"e8dd747\" data-element_type=\"widget\" data-widget_type=\"heading.default\">\n\t\t\t\t<div class=\"elementor-widget-container\">\n\t\t\t\t\t<h2 class=\"elementor-heading-title elementor-size-xl\">Consentimiento<\/h2>\t\t\t\t<\/div>\n\t\t\t\t<\/div>\n\t\t\t\t<div class=\"elementor-element elementor-element-c3436c0 elementor-widget elementor-widget-text-editor\" data-id=\"c3436c0\" data-element_type=\"widget\" data-widget_type=\"text-editor.default\">\n\t\t\t\t<div class=\"elementor-widget-container\">\n\t\t\t\t\t\t\t\t\t<p>Al utilizar nuestro sitio web, usted acepta nuestra Pol\u00edtica de Privacidad y est\u00e1 de acuerdo con sus t\u00e9rminos.<\/p>\t\t\t\t\t\t\t\t<\/div>\n\t\t\t\t<\/div>\n\t\t\t\t<div class=\"elementor-element elementor-element-be7d86c elementor-widget elementor-widget-heading\" data-id=\"be7d86c\" data-element_type=\"widget\" data-widget_type=\"heading.default\">\n\t\t\t\t<div class=\"elementor-widget-container\">\n\t\t\t\t\t<h2 class=\"elementor-heading-title elementor-size-xl\">Informaci\u00f3n que recopilamos<\/h2>\t\t\t\t<\/div>\n\t\t\t\t<\/div>\n\t\t\t\t<div class=\"elementor-element elementor-element-0e2b2aa elementor-widget elementor-widget-text-editor\" data-id=\"0e2b2aa\" data-element_type=\"widget\" data-widget_type=\"text-editor.default\">\n\t\t\t\t<div class=\"elementor-widget-container\">\n\t\t\t\t\t\t\t\t\t<p>La informaci\u00f3n personal que se le pide que proporcione, y las razones por las que se le pide que la proporcione, se le aclarar\u00e1n en el momento en que le pidamos que proporcione su informaci\u00f3n personal.<\/p>\n<p>Si se pone en contacto con nosotros directamente, es posible que recibamos informaci\u00f3n adicional sobre usted, como su nombre, direcci\u00f3n de correo electr\u00f3nico, n\u00famero de tel\u00e9fono, el contenido del mensaje y\/o los archivos adjuntos que nos env\u00ede y cualquier otra informaci\u00f3n que decida proporcionarnos.<\/p>\n<p>Cuando se registre en una Cuenta, es posible que le pidamos su informaci\u00f3n de contacto, incluidos datos como el nombre, el nombre de la empresa, la direcci\u00f3n, la direcci\u00f3n de correo electr\u00f3nico y el n\u00famero de tel\u00e9fono.<\/p>\n<p>C\u00f3mo utilizamos su informaci\u00f3n<\/p>\n<p>Utilizamos la informaci\u00f3n que recopilamos de varias maneras, entre ellas para:<\/p>\n<ul>\n<li>Proporcionar, operar y mantener nuestro sitio web<\/li>\n<li>Mejorar, personalizar y ampliar nuestro sitio web<\/li>\n<li>Comprender y analizar c\u00f3mo utiliza nuestro sitio web<\/li>\n<li>Desarrollar nuevos productos, servicios, caracter\u00edsticas y funcionalidades<\/li>\n<li>Comunicarnos con usted, ya sea directamente o a trav\u00e9s de uno de nuestros socios, incluso para el servicio de atenci\u00f3n al cliente, para proporcionarle actualizaciones y otra informaci\u00f3n relacionada con el sitio web, y con fines de marketing y promoci\u00f3n.<\/li>\n<li>Enviarle correos electr\u00f3nicos<\/li>\n<li>Encontrar y prevenir el fraude<\/li>\n<\/ul>\t\t\t\t\t\t\t\t<\/div>\n\t\t\t\t<\/div>\n\t\t\t\t<div class=\"elementor-element elementor-element-c474201 elementor-widget elementor-widget-heading\" data-id=\"c474201\" data-element_type=\"widget\" data-widget_type=\"heading.default\">\n\t\t\t\t<div class=\"elementor-widget-container\">\n\t\t\t\t\t<h2 class=\"elementor-heading-title elementor-size-xl\">Archivos de registro<\/h2>\t\t\t\t<\/div>\n\t\t\t\t<\/div>\n\t\t\t\t<div class=\"elementor-element elementor-element-ba3a984 elementor-widget elementor-widget-text-editor\" data-id=\"ba3a984\" data-element_type=\"widget\" data-widget_type=\"text-editor.default\">\n\t\t\t\t<div class=\"elementor-widget-container\">\n\t\t\t\t\t\t\t\t\t<p>Dahab Dream Kite sigue un procedimiento est\u00e1ndar de utilizaci\u00f3n de archivos de registro. Estos archivos registran a los visitantes cuando visitan las p\u00e1ginas web. Todas las empresas de alojamiento lo hacen y forma parte de la anal\u00edtica de los servicios de alojamiento. La informaci\u00f3n recogida por los archivos de registro incluye direcciones de protocolo de Internet (IP), tipo de navegador, proveedor de servicios de Internet (ISP), sello de fecha y hora, p\u00e1ginas de referencia\/salida y, posiblemente, el n\u00famero de clics. \u00c9stos no est\u00e1n vinculados a ninguna informaci\u00f3n que sea personalmente identificable. El prop\u00f3sito de la informaci\u00f3n es analizar tendencias, administrar el sitio, rastrear el movimiento de los usuarios en el sitio web y recopilar informaci\u00f3n demogr\u00e1fica.<\/p>\t\t\t\t\t\t\t\t<\/div>\n\t\t\t\t<\/div>\n\t\t\t\t<div class=\"elementor-element elementor-element-f89c8bc elementor-widget elementor-widget-heading\" data-id=\"f89c8bc\" data-element_type=\"widget\" data-widget_type=\"heading.default\">\n\t\t\t\t<div class=\"elementor-widget-container\">\n\t\t\t\t\t<h2 class=\"elementor-heading-title elementor-size-xl\">Cookies y balizas web<\/h2>\t\t\t\t<\/div>\n\t\t\t\t<\/div>\n\t\t\t\t<div class=\"elementor-element elementor-element-8dff873 elementor-widget elementor-widget-text-editor\" data-id=\"8dff873\" data-element_type=\"widget\" data-widget_type=\"text-editor.default\">\n\t\t\t\t<div class=\"elementor-widget-container\">\n\t\t\t\t\t\t\t\t\t<p>Como cualquier otra p\u00e1gina web, Dahab Dream Kite utiliza \"cookies\". Estas cookies se utilizan para almacenar informaci\u00f3n que incluye las preferencias de los visitantes y las p\u00e1ginas del sitio web a las que el visitante accedi\u00f3 o visit\u00f3. La informaci\u00f3n se utiliza para optimizar la experiencia de los usuarios personalizando el contenido de nuestra p\u00e1gina web en funci\u00f3n del tipo de navegador de los visitantes y\/u otra informaci\u00f3n.<\/p>\t\t\t\t\t\t\t\t<\/div>\n\t\t\t\t<\/div>\n\t\t\t\t<div class=\"elementor-element elementor-element-6505d21 elementor-widget elementor-widget-heading\" data-id=\"6505d21\" data-element_type=\"widget\" data-widget_type=\"heading.default\">\n\t\t\t\t<div class=\"elementor-widget-container\">\n\t\t\t\t\t<h2 class=\"elementor-heading-title elementor-size-xl\">Socios publicitarios Pol\u00edticas de privacidad<\/h2>\t\t\t\t<\/div>\n\t\t\t\t<\/div>\n\t\t\t\t<div class=\"elementor-element elementor-element-be6c330 elementor-widget elementor-widget-text-editor\" data-id=\"be6c330\" data-element_type=\"widget\" data-widget_type=\"text-editor.default\">\n\t\t\t\t<div class=\"elementor-widget-container\">\n\t\t\t\t\t\t\t\t\t<p>Puede consultar esta lista para encontrar la Pol\u00edtica de Privacidad de cada uno de los socios publicitarios de Dahab Dream Kite.<\/p>\n<p>Los servidores o redes publicitarias de terceros utilizan tecnolog\u00edas como cookies, JavaScript o Web Beacons que se emplean en sus respectivos anuncios y enlaces que aparecen en Dahab Dream Kite y que se env\u00edan directamente al navegador de los usuarios. Reciben autom\u00e1ticamente su direcci\u00f3n IP cuando esto ocurre. Estas tecnolog\u00edas se utilizan para medir la eficacia de sus campa\u00f1as publicitarias y\/o para personalizar el contenido publicitario que usted ve en los sitios web que visita.<\/p>\n<p>Tenga en cuenta que Dahab Dream Kite no tiene acceso ni control sobre estas cookies que son utilizadas por terceros anunciantes.<\/p>\t\t\t\t\t\t\t\t<\/div>\n\t\t\t\t<\/div>\n\t\t\t\t<div class=\"elementor-element elementor-element-7857cef elementor-widget elementor-widget-heading\" data-id=\"7857cef\" data-element_type=\"widget\" data-widget_type=\"heading.default\">\n\t\t\t\t<div class=\"elementor-widget-container\">\n\t\t\t\t\t<h2 class=\"elementor-heading-title elementor-size-xl\">Pol\u00edticas de privacidad de terceros<\/h2>\t\t\t\t<\/div>\n\t\t\t\t<\/div>\n\t\t\t\t<div class=\"elementor-element elementor-element-b31e69f elementor-widget elementor-widget-text-editor\" data-id=\"b31e69f\" data-element_type=\"widget\" data-widget_type=\"text-editor.default\">\n\t\t\t\t<div class=\"elementor-widget-container\">\n\t\t\t\t\t\t\t\t\t<p>La Pol\u00edtica de Privacidad de Dahab Dream Kite no se aplica a otros anunciantes o sitios web. Por ello, le aconsejamos que consulte las respectivas Pol\u00edticas de Privacidad de estos servidores de anuncios de terceros para obtener informaci\u00f3n m\u00e1s detallada. Puede incluir sus pr\u00e1cticas e instrucciones sobre c\u00f3mo optar por no participar en determinadas opciones.<\/p>\n<p>Puede optar por desactivar las cookies a trav\u00e9s de las opciones individuales de su navegador. Para conocer informaci\u00f3n m\u00e1s detallada sobre la gesti\u00f3n de cookies con navegadores web espec\u00edficos, puede encontrarla en las respectivas p\u00e1ginas web de los navegadores.<\/p>\t\t\t\t\t\t\t\t<\/div>\n\t\t\t\t<\/div>\n\t\t\t\t<div class=\"elementor-element elementor-element-a9e0762 elementor-widget elementor-widget-heading\" data-id=\"a9e0762\" data-element_type=\"widget\" data-widget_type=\"heading.default\">\n\t\t\t\t<div class=\"elementor-widget-container\">\n\t\t\t\t\t<h2 class=\"elementor-heading-title elementor-size-xl\">Derechos de privacidad CCPA (No venda mi informaci\u00f3n personal)<\/h2>\t\t\t\t<\/div>\n\t\t\t\t<\/div>\n\t\t\t\t<div class=\"elementor-element elementor-element-0672439 elementor-widget elementor-widget-text-editor\" data-id=\"0672439\" data-element_type=\"widget\" data-widget_type=\"text-editor.default\">\n\t\t\t\t<div class=\"elementor-widget-container\">\n\t\t\t\t\t\t\t\t\t<p>En virtud de la CCPA, entre otros derechos, los consumidores de California tienen derecho a:<\/p>\n<p>Solicitar que una empresa que recopila datos personales de un consumidor revele las categor\u00edas y los datos personales espec\u00edficos que ha recopilado sobre los consumidores.<\/p>\n<p>Solicitar que una empresa elimine cualquier dato personal sobre el consumidor que haya recopilado.<\/p>\n<p>Solicitar que una empresa que venda los datos personales de un consumidor, no venda los datos personales del consumidor.<\/p>\n<p>Si realiza una solicitud, disponemos de un mes para responderle. Si desea ejercer alguno de estos derechos, p\u00f3ngase en contacto con nosotros.<\/p>\t\t\t\t\t\t\t\t<\/div>\n\t\t\t\t<\/div>\n\t\t\t\t<div class=\"elementor-element elementor-element-ef0acef elementor-widget elementor-widget-heading\" data-id=\"ef0acef\" data-element_type=\"widget\" data-widget_type=\"heading.default\">\n\t\t\t\t<div class=\"elementor-widget-container\">\n\t\t\t\t\t<h2 class=\"elementor-heading-title elementor-size-xl\">Derechos de protecci\u00f3n de datos GDPR<\/h2>\t\t\t\t<\/div>\n\t\t\t\t<\/div>\n\t\t\t\t<div class=\"elementor-element elementor-element-97b2b15 elementor-widget elementor-widget-text-editor\" data-id=\"97b2b15\" data-element_type=\"widget\" data-widget_type=\"text-editor.default\">\n\t\t\t\t<div class=\"elementor-widget-container\">\n\t\t\t\t\t\t\t\t\t<p>Nos gustar\u00eda asegurarnos de que es plenamente consciente de todos sus derechos en materia de protecci\u00f3n de datos. Todo usuario tiene derecho a lo siguiente:<\/p>\n<p>Derecho de acceso - Tiene derecho a solicitar copias de sus datos personales. Es posible que le cobremos una peque\u00f1a cantidad por este servicio.<\/p>\n<p>Derecho de rectificaci\u00f3n - Tiene derecho a solicitar que corrijamos cualquier informaci\u00f3n que considere inexacta. Tambi\u00e9n tiene derecho a solicitar que completemos la informaci\u00f3n que considere incompleta.<\/p>\n<p>Derecho de supresi\u00f3n - Tiene derecho a solicitar que borremos sus datos personales, en determinadas condiciones.<\/p>\n<p>Derecho a restringir el tratamiento - Tiene derecho a solicitar que restrinjamos el tratamiento de sus datos personales, en determinadas condiciones.<\/p>\n<p>Derecho a oponerse al tratamiento - Tiene derecho a oponerse a que tratemos sus datos personales, en determinadas condiciones.<\/p>\n<p>Derecho a la portabilidad de los datos - Tiene derecho a solicitar que transfiramos los datos que hemos recopilado a otra organizaci\u00f3n, o directamente a usted, en determinadas condiciones.<\/p>\n<p>Si realiza una solicitud, disponemos de un mes para responderle. Si desea ejercer alguno de estos derechos, p\u00f3ngase en contacto con nosotros.<\/p>\t\t\t\t\t\t\t\t<\/div>\n\t\t\t\t<\/div>\n\t\t\t\t<div class=\"elementor-element elementor-element-3a38bab elementor-widget elementor-widget-heading\" data-id=\"3a38bab\" data-element_type=\"widget\" data-widget_type=\"heading.default\">\n\t\t\t\t<div class=\"elementor-widget-container\">\n\t\t\t\t\t<h2 class=\"elementor-heading-title elementor-size-xl\">Informaci\u00f3n infantil<\/h2>\t\t\t\t<\/div>\n\t\t\t\t<\/div>\n\t\t\t\t<div class=\"elementor-element elementor-element-286a4d3 elementor-widget elementor-widget-text-editor\" data-id=\"286a4d3\" data-element_type=\"widget\" data-widget_type=\"text-editor.default\">\n\t\t\t\t<div class=\"elementor-widget-container\">\n\t\t\t\t\t\t\t\t\t<p>Otra parte de nuestra prioridad es a\u00f1adir protecci\u00f3n para los ni\u00f1os mientras utilizan Internet. Animamos a los padres y tutores a que observen, participen y\/o supervisen y gu\u00eden su actividad en l\u00ednea.<\/p>\n<p>Dahab Dream Kite no recopila a sabiendas ning\u00fan tipo de informaci\u00f3n personal identificable de ni\u00f1os menores de 13 a\u00f1os. Si cree que su hijo proporcion\u00f3 este tipo de informaci\u00f3n en nuestro sitio web, le recomendamos encarecidamente que se ponga en contacto con nosotros inmediatamente y haremos todo lo posible para eliminar r\u00e1pidamente dicha informaci\u00f3n de nuestros registros.<\/p>\t\t\t\t\t\t\t\t<\/div>\n\t\t\t\t<\/div>\n\t\t\t\t<div class=\"elementor-element elementor-element-0856598 elementor-widget elementor-widget-heading\" data-id=\"0856598\" data-element_type=\"widget\" data-widget_type=\"heading.default\">\n\t\t\t\t<div class=\"elementor-widget-container\">\n\t\t\t\t\t<h2 class=\"elementor-heading-title elementor-size-xl\">Cambios en esta pol\u00edtica de privacidad<\/h2>\t\t\t\t<\/div>\n\t\t\t\t<\/div>\n\t\t\t\t<div class=\"elementor-element elementor-element-986a335 elementor-widget elementor-widget-text-editor\" data-id=\"986a335\" data-element_type=\"widget\" data-widget_type=\"text-editor.default\">\n\t\t\t\t<div class=\"elementor-widget-container\">\n\t\t\t\t\t\t\t\t\t<p>Es posible que actualicemos nuestra Pol\u00edtica de Privacidad de vez en cuando. Por ello, le aconsejamos que revise esta p\u00e1gina peri\u00f3dicamente para comprobar si se han producido cambios. Le notificaremos cualquier cambio publicando la nueva Pol\u00edtica de Privacidad en esta p\u00e1gina. Estos cambios son efectivos inmediatamente, despu\u00e9s de ser publicados en esta p\u00e1gina.<\/p>\t\t\t\t\t\t\t\t<\/div>\n\t\t\t\t<\/div>\n\t\t\t\t<div class=\"elementor-element elementor-element-061b445 elementor-widget elementor-widget-heading\" data-id=\"061b445\" data-element_type=\"widget\" data-widget_type=\"heading.default\">\n\t\t\t\t<div class=\"elementor-widget-container\">\n\t\t\t\t\t<h2 class=\"elementor-heading-title elementor-size-xl\">Contacte con nosotros<\/h2>\t\t\t\t<\/div>\n\t\t\t\t<\/div>\n\t\t\t\t<div class=\"elementor-element elementor-element-4ae13d4 elementor-widget elementor-widget-text-editor\" data-id=\"4ae13d4\" data-element_type=\"widget\" data-widget_type=\"text-editor.default\">\n\t\t\t\t<div class=\"elementor-widget-container\">\n\t\t\t\t\t\t\t\t\t<p>Si tiene alguna pregunta o sugerencia sobre nuestra Pol\u00edtica de Privacidad, no dude en ponerse en contacto con nosotros.<\/p>\t\t\t\t\t\t\t\t<\/div>\n\t\t\t\t<\/div>\n\t\t\t\t\t<\/div>\n\t\t<\/div>\n\t\t\t\t\t<\/div>\n\t\t<\/section>\n\t\t\t\t<\/div>","protected":false},"excerpt":{"rendered":"<p>Pol\u00edtica de privacidad En Dahab Dream Kite, accesible desde https:\/\/dahabkitesurfing.com\/, una de nuestras principales prioridades es la privacidad de nuestros visitantes. Este documento de Pol\u00edtica de Privacidad contiene los tipos de informaci\u00f3n que es recogida y registrada por Dahab Dream Kite y c\u00f3mo la utilizamos. Si tiene preguntas adicionales o necesita m\u00e1s informaci\u00f3n sobre nuestra Pol\u00edtica de Privacidad, [...]<\/p>","protected":false},"author":1,"featured_media":0,"parent":0,"menu_order":0,"comment_status":"closed","ping_status":"open","template":"elementor_header_footer","meta":{"slim_seo":{"title":"Pol\u00edtica de privacidad - Dahab Dream Kite","description":"Pol\u00edtica de privacidad En Dahab Dream Kite, accesible desde https:\/\/dahabkitesurfing.com\/, una de nuestras principales prioridades es la privacidad de nuestros visitantes. Esta Pol\u00edtica de privacidad"},"footnotes":""},"class_list":["post-3","page","type-page","status-publish","hentry"],"_links":{"self":[{"href":"https:\/\/dahabkitesurfing.com\/es\/wp-json\/wp\/v2\/pages\/3","targetHints":{"allow":["GET"]}}],"collection":[{"href":"https:\/\/dahabkitesurfing.com\/es\/wp-json\/wp\/v2\/pages"}],"about":[{"href":"https:\/\/dahabkitesurfing.com\/es\/wp-json\/wp\/v2\/types\/page"}],"author":[{"embeddable":true,"href":"https:\/\/dahabkitesurfing.com\/es\/wp-json\/wp\/v2\/users\/1"}],"replies":[{"embeddable":true,"href":"https:\/\/dahabkitesurfing.com\/es\/wp-json\/wp\/v2\/comments?post=3"}],"version-history":[{"count":7,"href":"https:\/\/dahabkitesurfing.com\/es\/wp-json\/wp\/v2\/pages\/3\/revisions"}],"predecessor-version":[{"id":866,"href":"https:\/\/dahabkitesurfing.com\/es\/wp-json\/wp\/v2\/pages\/3\/revisions\/866"}],"wp:attachment":[{"href":"https:\/\/dahabkitesurfing.com\/es\/wp-json\/wp\/v2\/media?parent=3"}],"curies":[{"name":"wp","href":"https:\/\/api.w.org\/{rel}","templated":true}]}}