{"id":683,"date":"2023-04-26T08:35:50","date_gmt":"2023-04-26T08:35:50","guid":{"rendered":"https:\/\/dahabkitesurfing.com\/?page_id=683"},"modified":"2023-09-28T13:35:56","modified_gmt":"2023-09-28T13:35:56","slug":"alojamiento-en-dahab","status":"publish","type":"page","link":"https:\/\/dahabkitesurfing.com\/es\/alojamiento-en-dahab\/","title":{"rendered":"Alojamiento en Dahab"},"content":{"rendered":"<div data-elementor-type=\"wp-page\" data-elementor-id=\"683\" class=\"elementor elementor-683\" data-elementor-post-type=\"page\">\n\t\t\t\t\t\t<section class=\"elementor-section elementor-top-section elementor-element elementor-element-111b17e elementor-section-boxed elementor-section-height-default elementor-section-height-default\" data-id=\"111b17e\" data-element_type=\"section\">\n\t\t\t\t\t\t<div class=\"elementor-container elementor-column-gap-default\">\n\t\t\t\t\t<div class=\"elementor-column elementor-col-100 elementor-top-column elementor-element elementor-element-2309a1f\" data-id=\"2309a1f\" data-element_type=\"column\">\n\t\t\t<div class=\"elementor-widget-wrap elementor-element-populated\">\n\t\t\t\t\t\t<div class=\"elementor-element elementor-element-e339aca elementor-widget elementor-widget-heading\" data-id=\"e339aca\" data-element_type=\"widget\" data-widget_type=\"heading.default\">\n\t\t\t\t<div class=\"elementor-widget-container\">\n\t\t\t\t\t<h1 class=\"elementor-heading-title elementor-size-xl\">Alojamiento recomendado en Dahab<\/h1>\t\t\t\t<\/div>\n\t\t\t\t<\/div>\n\t\t\t\t<div class=\"elementor-element elementor-element-1d758c8 elementor-widget elementor-widget-text-editor\" data-id=\"1d758c8\" data-element_type=\"widget\" data-widget_type=\"text-editor.default\">\n\t\t\t\t<div class=\"elementor-widget-container\">\n\t\t\t\t\t\t\t\t\t<p>Le recomendamos encarecidamente el Campamento Sindbad para su alojamiento en Dahab.<\/p><p>Ofrecen precios muy asequibles que ser\u00e1n dif\u00edciles de superar cuando busque alojarse en Dahab.<\/p><p>Tenemos una estrecha asociaci\u00f3n con ellos por una raz\u00f3n muy sencilla.<\/p><p>Se encuentran entre los mejores lugares para alojarse.<\/p><p>Tienen un ambiente muy agradable y una ubicaci\u00f3n estupenda.<\/p>\t\t\t\t\t\t\t\t<\/div>\n\t\t\t\t<\/div>\n\t\t\t\t\t<\/div>\n\t\t<\/div>\n\t\t\t\t\t<\/div>\n\t\t<\/section>\n\t\t\t\t<section class=\"elementor-section elementor-top-section elementor-element elementor-element-6787392 elementor-section-boxed elementor-section-height-default elementor-section-height-default\" data-id=\"6787392\" data-element_type=\"section\">\n\t\t\t\t\t\t<div class=\"elementor-container elementor-column-gap-default\">\n\t\t\t\t\t<div class=\"elementor-column elementor-col-100 elementor-top-column elementor-element elementor-element-e428a15\" data-id=\"e428a15\" data-element_type=\"column\">\n\t\t\t<div class=\"elementor-widget-wrap elementor-element-populated\">\n\t\t\t\t\t\t<div class=\"elementor-element elementor-element-cd74649 elementor-widget elementor-widget-heading\" data-id=\"cd74649\" data-element_type=\"widget\" data-widget_type=\"heading.default\">\n\t\t\t\t<div class=\"elementor-widget-container\">\n\t\t\t\t\t<h2 class=\"elementor-heading-title elementor-size-xl\">Campamento Sindbad Dahab<\/h2>\t\t\t\t<\/div>\n\t\t\t\t<\/div>\n\t\t\t\t<div class=\"elementor-element elementor-element-2c3cbdb elementor-widget elementor-widget-image\" data-id=\"2c3cbdb\" data-element_type=\"widget\" data-widget_type=\"image.default\">\n\t\t\t\t<div class=\"elementor-widget-container\">\n\t\t\t\t\t\t\t\t\t\t\t\t\t\t\t<img fetchpriority=\"high\" decoding=\"async\" width=\"800\" height=\"450\" src=\"https:\/\/dahabkitesurfing.com\/wp-content\/uploads\/2023\/05\/Sindbad-Camp-Dahab-Eygpt-1024x576.jpg\" class=\"attachment-large size-large wp-image-730\" alt=\"Campamento Sindbad Dahab Eygpt\" srcset=\"https:\/\/dahabkitesurfing.com\/wp-content\/uploads\/2023\/05\/Sindbad-Camp-Dahab-Eygpt-1024x576.jpg 1024w, https:\/\/dahabkitesurfing.com\/wp-content\/uploads\/2023\/05\/Sindbad-Camp-Dahab-Eygpt-600x338.jpg 600w, https:\/\/dahabkitesurfing.com\/wp-content\/uploads\/2023\/05\/Sindbad-Camp-Dahab-Eygpt-300x169.jpg 300w, https:\/\/dahabkitesurfing.com\/wp-content\/uploads\/2023\/05\/Sindbad-Camp-Dahab-Eygpt-768x432.jpg 768w, https:\/\/dahabkitesurfing.com\/wp-content\/uploads\/2023\/05\/Sindbad-Camp-Dahab-Eygpt.jpg 1200w\" sizes=\"(max-width: 800px) 100vw, 800px\" \/>\t\t\t\t\t\t\t\t\t\t\t\t\t\t\t<\/div>\n\t\t\t\t<\/div>\n\t\t\t\t<div class=\"elementor-element elementor-element-4c7efdb elementor-widget-mobile__width-initial elementor-widget elementor-widget-text-editor\" data-id=\"4c7efdb\" data-element_type=\"widget\" data-widget_type=\"text-editor.default\">\n\t\t\t\t<div class=\"elementor-widget-container\">\n\t\t\t\t\t\t\t\t\t<p>Sindbad es el \u00faltimo campamento beduino tradicional de Dahab situado directamente frente al mar, con una playa libre de edificios.<\/p><p>Se encuentra en la zona del Faro de Dahab, un barrio animado con muchos restaurantes de calidad y tiendas encantadoras.<\/p><p>Cerca del campamento, hay un punto de entrada f\u00e1cil al mar, donde podr\u00e1 entrar en el agua para nadar, hacer snorkel, windsurf o bucear.<\/p><p>Un lugar acogedor con un verdadero sentido de comunidad donde podr\u00e1 encontrar amigos y compa\u00f1eros de viaje de todo el mundo, todo ello dentro de un gran ambiente familiar que transmite el esp\u00edritu tradicional de Dahab.<\/p><p>Muchos de sus hu\u00e9spedes pasados y presentes dicen que es el mejor lugar para alojarse en Dahab.<\/p><p>El campamento ofrece varias habitaciones privadas, desde muy sencillas hasta razonablemente lujosas.<\/p><p>Hay un peque\u00f1o restaurante en el campamento donde preparan desayunos y almuerzos sencillos pero sabrosos a precios razonables.<\/p><p>Hay WIFI gratuito en el campamento.<\/p><p>Para reservar este alojamiento en Dahab, visite la p\u00e1gina web del campamento Sindbad y p\u00f3ngase en contacto con Marcel (el director del campamento) a trav\u00e9s de su p\u00e1gina de contacto.<\/p><p>Aqu\u00ed tiene el enlace a su p\u00e1gina web: <strong><a href=\"https:\/\/www.sindbaddahab.com\/\" target=\"_blank\" rel=\"noopener\">Campamento Sindbad Dahab<\/a><\/strong><\/p><p><strong>Informaci\u00f3n muy importante:<\/strong> <br \/>Por favor, mencione a <strong>Marcel<\/strong> (Gerente del Campamento Sindbad) que est\u00e1 intentando reservar desde Dahab Dream Kite ya que el Campamento Sindbad es un lugar muy popular para alojarse, y recibir\u00e1 <strong>una reserva prioritaria<\/strong>. Tambi\u00e9n puede organizar su servicio de Taxi desde y hacia el aeropuerto de Sharm el Sheik.<\/p>\t\t\t\t\t\t\t\t<\/div>\n\t\t\t\t<\/div>\n\t\t\t\t<section class=\"elementor-section elementor-inner-section elementor-element elementor-element-49c9825 elementor-section-boxed elementor-section-height-default elementor-section-height-default\" data-id=\"49c9825\" data-element_type=\"section\">\n\t\t\t\t\t\t<div class=\"elementor-container elementor-column-gap-default\">\n\t\t\t\t\t<div class=\"elementor-column elementor-col-50 elementor-inner-column elementor-element elementor-element-ccffe75\" data-id=\"ccffe75\" data-element_type=\"column\">\n\t\t\t<div class=\"elementor-widget-wrap elementor-element-populated\">\n\t\t\t\t\t\t<div class=\"elementor-element elementor-element-da7cc49 elementor-widget elementor-widget-image\" data-id=\"da7cc49\" data-element_type=\"widget\" data-widget_type=\"image.default\">\n\t\t\t\t<div class=\"elementor-widget-container\">\n\t\t\t\t\t\t\t\t\t\t\t\t\t\t\t<img decoding=\"async\" width=\"800\" height=\"450\" src=\"https:\/\/dahabkitesurfing.com\/wp-content\/uploads\/2023\/05\/Sindbad-Camp-Room-1024x576.jpg\" class=\"attachment-large size-large wp-image-747\" alt=\"Alojamiento en la habitaci\u00f3n del campamento Dahab Sindbad\" srcset=\"https:\/\/dahabkitesurfing.com\/wp-content\/uploads\/2023\/05\/Sindbad-Camp-Room-1024x576.jpg 1024w, https:\/\/dahabkitesurfing.com\/wp-content\/uploads\/2023\/05\/Sindbad-Camp-Room-600x338.jpg 600w, https:\/\/dahabkitesurfing.com\/wp-content\/uploads\/2023\/05\/Sindbad-Camp-Room-300x169.jpg 300w, https:\/\/dahabkitesurfing.com\/wp-content\/uploads\/2023\/05\/Sindbad-Camp-Room-768x432.jpg 768w, https:\/\/dahabkitesurfing.com\/wp-content\/uploads\/2023\/05\/Sindbad-Camp-Room.jpg 1200w\" sizes=\"(max-width: 800px) 100vw, 800px\" \/>\t\t\t\t\t\t\t\t\t\t\t\t\t\t\t<\/div>\n\t\t\t\t<\/div>\n\t\t\t\t\t<\/div>\n\t\t<\/div>\n\t\t\t\t<div class=\"elementor-column elementor-col-50 elementor-inner-column elementor-element elementor-element-5c000bf\" data-id=\"5c000bf\" data-element_type=\"column\">\n\t\t\t<div class=\"elementor-widget-wrap elementor-element-populated\">\n\t\t\t\t\t\t<div class=\"elementor-element elementor-element-3733ec0 elementor-widget elementor-widget-image\" data-id=\"3733ec0\" data-element_type=\"widget\" data-widget_type=\"image.default\">\n\t\t\t\t<div class=\"elementor-widget-container\">\n\t\t\t\t\t\t\t\t\t\t\t\t\t\t\t<img decoding=\"async\" width=\"800\" height=\"450\" src=\"https:\/\/dahabkitesurfing.com\/wp-content\/uploads\/2023\/05\/Sindbad-Camp-Arisha-Area-1024x576.jpg\" class=\"attachment-large size-large wp-image-732\" alt=\"Campamento Sindbad \u00c1rea de Arisha\" srcset=\"https:\/\/dahabkitesurfing.com\/wp-content\/uploads\/2023\/05\/Sindbad-Camp-Arisha-Area-1024x576.jpg 1024w, https:\/\/dahabkitesurfing.com\/wp-content\/uploads\/2023\/05\/Sindbad-Camp-Arisha-Area-600x338.jpg 600w, https:\/\/dahabkitesurfing.com\/wp-content\/uploads\/2023\/05\/Sindbad-Camp-Arisha-Area-300x169.jpg 300w, https:\/\/dahabkitesurfing.com\/wp-content\/uploads\/2023\/05\/Sindbad-Camp-Arisha-Area-768x432.jpg 768w, https:\/\/dahabkitesurfing.com\/wp-content\/uploads\/2023\/05\/Sindbad-Camp-Arisha-Area.jpg 1200w\" sizes=\"(max-width: 800px) 100vw, 800px\" \/>\t\t\t\t\t\t\t\t\t\t\t\t\t\t\t<\/div>\n\t\t\t\t<\/div>\n\t\t\t\t\t<\/div>\n\t\t<\/div>\n\t\t\t\t\t<\/div>\n\t\t<\/section>\n\t\t\t\t\t<\/div>\n\t\t<\/div>\n\t\t\t\t\t<\/div>\n\t\t<\/section>\n\t\t\t\t<section class=\"elementor-section elementor-top-section elementor-element elementor-element-7246210 elementor-section-boxed elementor-section-height-default elementor-section-height-default\" data-id=\"7246210\" data-element_type=\"section\">\n\t\t\t\t\t\t<div class=\"elementor-container elementor-column-gap-default\">\n\t\t\t\t\t<div class=\"elementor-column elementor-col-100 elementor-top-column elementor-element elementor-element-bcc0647\" data-id=\"bcc0647\" data-element_type=\"column\">\n\t\t\t<div class=\"elementor-widget-wrap elementor-element-populated\">\n\t\t\t\t\t\t<div class=\"elementor-element elementor-element-5fe8730 elementor-widget elementor-widget-heading\" data-id=\"5fe8730\" data-element_type=\"widget\" data-widget_type=\"heading.default\">\n\t\t\t\t<div class=\"elementor-widget-container\">\n\t\t\t\t\t<h2 class=\"elementor-heading-title elementor-size-xl\">La estancia perfecta en Dahab: Explorando las mejores opciones de alojamiento<\/h2>\t\t\t\t<\/div>\n\t\t\t\t<\/div>\n\t\t\t\t<div class=\"elementor-element elementor-element-d1fef33 elementor-widget elementor-widget-text-editor\" data-id=\"d1fef33\" data-element_type=\"widget\" data-widget_type=\"text-editor.default\">\n\t\t\t\t<div class=\"elementor-widget-container\">\n\t\t\t\t\t\t\t\t\t<p>Dahab, Egipto, ofrece una gran variedad de opciones de alojamiento para los turistas. Tanto si busca un lujoso complejo tur\u00edstico frente a la playa como un albergue econ\u00f3mico, hay opciones que se adaptan a diferentes preferencias y presupuestos. He aqu\u00ed algunos tipos comunes de alojamiento que puede encontrar en Dahab:<\/p>\t\t\t\t\t\t\t\t<\/div>\n\t\t\t\t<\/div>\n\t\t\t\t\t<\/div>\n\t\t<\/div>\n\t\t\t\t\t<\/div>\n\t\t<\/section>\n\t\t\t\t<section class=\"elementor-section elementor-top-section elementor-element elementor-element-bd23cd0 elementor-section-boxed elementor-section-height-default elementor-section-height-default\" data-id=\"bd23cd0\" data-element_type=\"section\">\n\t\t\t\t\t\t<div class=\"elementor-container elementor-column-gap-default\">\n\t\t\t\t\t<div class=\"elementor-column elementor-col-50 elementor-top-column elementor-element elementor-element-487af59\" data-id=\"487af59\" data-element_type=\"column\">\n\t\t\t<div class=\"elementor-widget-wrap elementor-element-populated\">\n\t\t\t\t\t\t<div class=\"elementor-element elementor-element-9f2d312 elementor-widget elementor-widget-heading\" data-id=\"9f2d312\" data-element_type=\"widget\" data-widget_type=\"heading.default\">\n\t\t\t\t<div class=\"elementor-widget-container\">\n\t\t\t\t\t<h3 class=\"elementor-heading-title elementor-size-large\">Resorts:<\/h3>\t\t\t\t<\/div>\n\t\t\t\t<\/div>\n\t\t\t\t<div class=\"elementor-element elementor-element-1615488 elementor-widget elementor-widget-text-editor\" data-id=\"1615488\" data-element_type=\"widget\" data-widget_type=\"text-editor.default\">\n\t\t\t\t<div class=\"elementor-widget-container\">\n\t\t\t\t\t\t\t\t\t<p>Dahab, Egipto, ofrece una gran variedad de opciones de alojamiento para los turistas. Tanto si busca un lujoso complejo tur\u00edstico frente a la playa como un albergue econ\u00f3mico, hay opciones que se adaptan a diferentes preferencias y presupuestos. He aqu\u00ed algunos tipos comunes de alojamiento que puede encontrar en Dahab:<\/p>\t\t\t\t\t\t\t\t<\/div>\n\t\t\t\t<\/div>\n\t\t\t\t<div class=\"elementor-element elementor-element-34cba3e elementor-widget elementor-widget-heading\" data-id=\"34cba3e\" data-element_type=\"widget\" data-widget_type=\"heading.default\">\n\t\t\t\t<div class=\"elementor-widget-container\">\n\t\t\t\t\t<h3 class=\"elementor-heading-title elementor-size-large\">Hoteles:<\/h3>\t\t\t\t<\/div>\n\t\t\t\t<\/div>\n\t\t\t\t<div class=\"elementor-element elementor-element-fe5addb elementor-widget elementor-widget-text-editor\" data-id=\"fe5addb\" data-element_type=\"widget\" data-widget_type=\"text-editor.default\">\n\t\t\t\t<div class=\"elementor-widget-container\">\n\t\t\t\t\t\t\t\t\t<p>Hay numerosos hoteles en Dahab, desde los m\u00e1s econ\u00f3micos hasta los de gama media y alta. Estos hoteles ofrecen habitaciones confortables, diversas comodidades y servicios como restaurantes, bares y, a veces, piscinas.<\/p>\t\t\t\t\t\t\t\t<\/div>\n\t\t\t\t<\/div>\n\t\t\t\t<div class=\"elementor-element elementor-element-4157ba1 elementor-widget elementor-widget-heading\" data-id=\"4157ba1\" data-element_type=\"widget\" data-widget_type=\"heading.default\">\n\t\t\t\t<div class=\"elementor-widget-container\">\n\t\t\t\t\t<h3 class=\"elementor-heading-title elementor-size-large\">Cama y desayuno (B&amp;B):<\/h3>\t\t\t\t<\/div>\n\t\t\t\t<\/div>\n\t\t\t\t<div class=\"elementor-element elementor-element-6e3250b elementor-widget elementor-widget-text-editor\" data-id=\"6e3250b\" data-element_type=\"widget\" data-widget_type=\"text-editor.default\">\n\t\t\t\t<div class=\"elementor-widget-container\">\n\t\t\t\t\t\t\t\t\t<p>Los B&amp;B son populares entre los viajeros que buscan un ambiente m\u00e1s \u00edntimo y acogedor. Suelen ofrecer habitaciones confortables con desayuno incluido en el precio de la habitaci\u00f3n. Los B&amp;B de Dahab pueden estar situados en el centro de la ciudad o cerca de la playa, proporcionando una experiencia encantadora y personalizada.<\/p>\t\t\t\t\t\t\t\t<\/div>\n\t\t\t\t<\/div>\n\t\t\t\t\t<\/div>\n\t\t<\/div>\n\t\t\t\t<div class=\"elementor-column elementor-col-50 elementor-top-column elementor-element elementor-element-0517695\" data-id=\"0517695\" data-element_type=\"column\">\n\t\t\t<div class=\"elementor-widget-wrap elementor-element-populated\">\n\t\t\t\t\t\t<div class=\"elementor-element elementor-element-dfe47d3 elementor-widget elementor-widget-heading\" data-id=\"dfe47d3\" data-element_type=\"widget\" data-widget_type=\"heading.default\">\n\t\t\t\t<div class=\"elementor-widget-container\">\n\t\t\t\t\t<h3 class=\"elementor-heading-title elementor-size-large\">Pensiones:<\/h3>\t\t\t\t<\/div>\n\t\t\t\t<\/div>\n\t\t\t\t<div class=\"elementor-element elementor-element-6fb6e6b elementor-widget elementor-widget-text-editor\" data-id=\"6fb6e6b\" data-element_type=\"widget\" data-widget_type=\"text-editor.default\">\n\t\t\t\t<div class=\"elementor-widget-container\">\n\t\t\t\t\t\t\t\t\t<p>Las pensiones son establecimientos m\u00e1s peque\u00f1os que ofrecen un ambiente m\u00e1s local e informal. Suelen tener menos habitaciones y est\u00e1n regentadas por anfitriones locales. Las casas de hu\u00e9spedes son una buena opci\u00f3n para los viajeros que buscan una experiencia m\u00e1s aut\u00e9ntica y econ\u00f3mica.<\/p>\t\t\t\t\t\t\t\t<\/div>\n\t\t\t\t<\/div>\n\t\t\t\t<div class=\"elementor-element elementor-element-c44a90c elementor-widget elementor-widget-heading\" data-id=\"c44a90c\" data-element_type=\"widget\" data-widget_type=\"heading.default\">\n\t\t\t\t<div class=\"elementor-widget-container\">\n\t\t\t\t\t<h3 class=\"elementor-heading-title elementor-size-large\">Albergues:<\/h3>\t\t\t\t<\/div>\n\t\t\t\t<\/div>\n\t\t\t\t<div class=\"elementor-element elementor-element-9c71b5f elementor-widget elementor-widget-text-editor\" data-id=\"9c71b5f\" data-element_type=\"widget\" data-widget_type=\"text-editor.default\">\n\t\t\t\t<div class=\"elementor-widget-container\">\n\t\t\t\t\t\t\t\t\t<p>Dahab cuenta con unos cuantos albergues que atienden a viajeros con presupuesto ajustado, aventureros en solitario y mochileros. Los albergues suelen ofrecer alojamiento tipo dormitorio con instalaciones compartidas, como cuartos de ba\u00f1o y zonas comunes. Algunos albergues tambi\u00e9n ofrecen habitaciones privadas.<\/p>\t\t\t\t\t\t\t\t<\/div>\n\t\t\t\t<\/div>\n\t\t\t\t<div class=\"elementor-element elementor-element-8440bb0 elementor-widget elementor-widget-heading\" data-id=\"8440bb0\" data-element_type=\"widget\" data-widget_type=\"heading.default\">\n\t\t\t\t<div class=\"elementor-widget-container\">\n\t\t\t\t\t<h3 class=\"elementor-heading-title elementor-size-large\">Alquileres de vacaciones:<\/h3>\t\t\t\t<\/div>\n\t\t\t\t<\/div>\n\t\t\t\t<div class=\"elementor-element elementor-element-3fad83b elementor-widget elementor-widget-text-editor\" data-id=\"3fad83b\" data-element_type=\"widget\" data-widget_type=\"text-editor.default\">\n\t\t\t\t<div class=\"elementor-widget-container\">\n\t\t\t\t\t\t\t\t\t<p>Las plataformas en l\u00ednea como Airbnb y los alquileres vacacionales se han hecho cada vez m\u00e1s populares. En Dahab, hay apartamentos, villas y casas de campo disponibles para alquiler a corto plazo. Esta opci\u00f3n es ideal para familias o grupos que prefieren una experiencia m\u00e1s independiente y hogare\u00f1a.<\/p><p>\u00a0<\/p>\t\t\t\t\t\t\t\t<\/div>\n\t\t\t\t<\/div>\n\t\t\t\t\t<\/div>\n\t\t<\/div>\n\t\t\t\t\t<\/div>\n\t\t<\/section>\n\t\t\t\t<section class=\"elementor-section elementor-top-section elementor-element elementor-element-ba4bcf9 elementor-section-boxed elementor-section-height-default elementor-section-height-default\" data-id=\"ba4bcf9\" data-element_type=\"section\">\n\t\t\t\t\t\t<div class=\"elementor-container elementor-column-gap-default\">\n\t\t\t\t\t<div class=\"elementor-column elementor-col-100 elementor-top-column elementor-element elementor-element-e276186\" data-id=\"e276186\" data-element_type=\"column\">\n\t\t\t<div class=\"elementor-widget-wrap elementor-element-populated\">\n\t\t\t\t\t\t<div class=\"elementor-element elementor-element-ac481ac elementor-widget elementor-widget-text-editor\" data-id=\"ac481ac\" data-element_type=\"widget\" data-widget_type=\"text-editor.default\">\n\t\t\t\t<div class=\"elementor-widget-container\">\n\t\t\t\t\t\t\t\t\t<p>Investigar y leer las rese\u00f1as de los distintos alojamientos en Dahab es siempre aconsejable para encontrar el que mejor se adapte a sus necesidades y preferencias.<\/p>\t\t\t\t\t\t\t\t<\/div>\n\t\t\t\t<\/div>\n\t\t\t\t\t<\/div>\n\t\t<\/div>\n\t\t\t\t\t<\/div>\n\t\t<\/section>\n\t\t\t\t<\/div>","protected":false},"excerpt":{"rendered":"<p>Alojamiento recomendado en Dahab Le recomendamos encarecidamente el Campamento Sindbad para su alojamiento en Dahab. Ofrecen precios muy asequibles que ser\u00e1n dif\u00edciles de superar cuando busque alojarse en Dahab. Tenemos una estrecha asociaci\u00f3n con ellos por una raz\u00f3n muy sencilla. Se encuentran entre los mejores lugares para alojarse. Tienen un [...]<\/p>","protected":false},"author":1,"featured_media":730,"parent":0,"menu_order":0,"comment_status":"closed","ping_status":"closed","template":"elementor_header_footer","meta":{"slim_seo":{"title":"Alojamiento en Dahab - Dahab Dream Kite","description":"Alojamiento recomendado en Dahab Le recomendamos encarecidamente el Campamento Sindbad para su alojamiento en Dahab. Ofrecen precios muy asequibles que ser\u00e1n dif\u00edciles de"},"footnotes":""},"class_list":["post-683","page","type-page","status-publish","has-post-thumbnail","hentry"],"_links":{"self":[{"href":"https:\/\/dahabkitesurfing.com\/es\/wp-json\/wp\/v2\/pages\/683","targetHints":{"allow":["GET"]}}],"collection":[{"href":"https:\/\/dahabkitesurfing.com\/es\/wp-json\/wp\/v2\/pages"}],"about":[{"href":"https:\/\/dahabkitesurfing.com\/es\/wp-json\/wp\/v2\/types\/page"}],"author":[{"embeddable":true,"href":"https:\/\/dahabkitesurfing.com\/es\/wp-json\/wp\/v2\/users\/1"}],"replies":[{"embeddable":true,"href":"https:\/\/dahabkitesurfing.com\/es\/wp-json\/wp\/v2\/comments?post=683"}],"version-history":[{"count":36,"href":"https:\/\/dahabkitesurfing.com\/es\/wp-json\/wp\/v2\/pages\/683\/revisions"}],"predecessor-version":[{"id":1034,"href":"https:\/\/dahabkitesurfing.com\/es\/wp-json\/wp\/v2\/pages\/683\/revisions\/1034"}],"wp:featuredmedia":[{"embeddable":true,"href":"https:\/\/dahabkitesurfing.com\/es\/wp-json\/wp\/v2\/media\/730"}],"wp:attachment":[{"href":"https:\/\/dahabkitesurfing.com\/es\/wp-json\/wp\/v2\/media?parent=683"}],"curies":[{"name":"wp","href":"https:\/\/api.w.org\/{rel}","templated":true}]}}