{"id":1284,"date":"2025-10-07T16:22:04","date_gmt":"2025-10-07T16:22:04","guid":{"rendered":"https:\/\/dahabkitesurfing.com\/?post_type=product&#038;p=1284"},"modified":"2025-10-26T08:39:12","modified_gmt":"2025-10-26T08:39:12","slug":"discovery-kiteboarder-nivel-1","status":"publish","type":"product","link":"https:\/\/dahabkitesurfing.com\/es\/producto\/discovery-kiteboarder-nivel-1\/","title":{"rendered":"Descubrimiento Kiteboarder Nivel 1"},"content":{"rendered":"<p>El curso IKO Discovery Kiteboarder Nivel 1 es el punto de partida para quienes se inician en el kitesurf y desean aprender los fundamentos de este deporte.<\/p>\n<p>2 horas de instrucci\u00f3n de media. Dependiendo de los conocimientos del alumno, las condiciones meteorol\u00f3gicas durante el curso, la configuraci\u00f3n del spot ( \u00bfplano? \u00bfpoco profundo? \u00bfolas? ...)<\/p>\n<p>En este curso, aprender\u00e1 habilidades b\u00e1sicas de control de la cometa, procedimientos de seguridad y conocimientos esenciales sobre el equipo de kitesurf.<\/p>\n<p>Tambi\u00e9n aprender\u00e1 a despegar y aterrizar la cometa con seguridad, a controlar la potencia y a despotenciarla.<\/p>\n<p>El curso se centrar\u00e1 en la construcci\u00f3n de una base s\u00f3lida de habilidades de control de la cometa y la conciencia de seguridad para garantizar una experiencia de kitesurf segura y agradable.<\/p>\n<p>Al finalizar el curso, recibir\u00e1 la certificaci\u00f3n IKO Discovery Kiteboarder Nivel 1, que indica que ha adquirido las habilidades y conocimientos b\u00e1sicos necesarios para comenzar su viaje en kitesurf con una base s\u00f3lida.<\/p>\n<p>&nbsp;<\/p>\n<div class=\"elementor-element elementor-element-8d8f8b0 elementor-widget elementor-widget-heading\" data-id=\"8d8f8b0\" data-element_type=\"widget\" data-widget_type=\"heading.default\">\n<div class=\"elementor-widget-container\">\n<h3 class=\"elementor-heading-title elementor-size-large\">Habilidades cubiertas en este curso:<\/h3>\n<\/div>\n<\/div>\n<div class=\"elementor-element elementor-element-1e3f6fb elementor-widget elementor-widget-text-editor\" data-id=\"1e3f6fb\" data-element_type=\"widget\" data-widget_type=\"text-editor.default\">\n<div class=\"elementor-widget-container\">\n<p>Evaluaci\u00f3n SEA (Spot, Environment, Activity). Sujetar, transportar y asegurar una cometa en tierra. Montaje de la cometa.<\/p>\n<p>Utilizaci\u00f3n de los sistemas de seguridad, Comprobaci\u00f3n prevuelo, Despegue y aterrizaje como asistente.<\/p>\n<p>Primero pilotee y explore el borde de la ventana de viento, suelte la barra, retuerza y desenrede los cabos.<\/p>\n<p>Volar con una mano, Introducci\u00f3n al trimado, Caminar mientras vuela la cometa, Despegar y aterrizar como un piloto, Teor\u00eda de la ventana de viento.<\/p>\n<p>Activaci\u00f3n r\u00e1pida en vuelo, Autoaterrizaje, Embalaje del equipo.<\/p>\n<\/div>\n<\/div>","protected":false},"excerpt":{"rendered":"<p>El curso IKO Discovery Kiteboarder Nivel 1 es el punto de partida para quienes se inician en el kitesurf y desean aprender los fundamentos de este deporte.<\/p>\n<p>2 horas de instrucci\u00f3n de media. Dependiendo de los conocimientos del alumno, las condiciones meteorol\u00f3gicas durante el curso, la configuraci\u00f3n del spot ( \u00bfplano? \u00bfpoco profundo? \u00bfolas? ...)<\/p>\n<p>En este curso, aprender\u00e1 habilidades b\u00e1sicas de control de la cometa, procedimientos de seguridad y conocimientos esenciales sobre el equipo de kitesurf.<\/p>\n<p>Tambi\u00e9n aprender\u00e1 a despegar y aterrizar la cometa con seguridad, a controlar la potencia y a despotenciarla.<\/p>","protected":false},"featured_media":187,"comment_status":"open","ping_status":"closed","template":"","meta":{"slim_seo":{"title":"Discovery Kiteboarder Level 1 - Dahab Dream Kite","description":"El curso IKO Discovery Kiteboarder Nivel 1 es el punto de partida para aquellos que son nuevos en el kiteboarding y quieren aprender los fundamentos de este deporte. 2 horas"}},"product_brand":[],"product_cat":[32,33],"product_tag":[34],"class_list":{"0":"post-1284","1":"product","2":"type-product","3":"status-publish","4":"has-post-thumbnail","6":"product_cat-courses","7":"product_cat-kitesurfing-courses","8":"product_tag-kitesurfing-course","10":"first","11":"instock","12":"virtual","13":"purchasable","14":"product-type-simple"},"_links":{"self":[{"href":"https:\/\/dahabkitesurfing.com\/es\/wp-json\/wp\/v2\/product\/1284","targetHints":{"allow":["GET"]}}],"collection":[{"href":"https:\/\/dahabkitesurfing.com\/es\/wp-json\/wp\/v2\/product"}],"about":[{"href":"https:\/\/dahabkitesurfing.com\/es\/wp-json\/wp\/v2\/types\/product"}],"replies":[{"embeddable":true,"href":"https:\/\/dahabkitesurfing.com\/es\/wp-json\/wp\/v2\/comments?post=1284"}],"wp:featuredmedia":[{"embeddable":true,"href":"https:\/\/dahabkitesurfing.com\/es\/wp-json\/wp\/v2\/media\/187"}],"wp:attachment":[{"href":"https:\/\/dahabkitesurfing.com\/es\/wp-json\/wp\/v2\/media?parent=1284"}],"wp:term":[{"taxonomy":"product_brand","embeddable":true,"href":"https:\/\/dahabkitesurfing.com\/es\/wp-json\/wp\/v2\/product_brand?post=1284"},{"taxonomy":"product_cat","embeddable":true,"href":"https:\/\/dahabkitesurfing.com\/es\/wp-json\/wp\/v2\/product_cat?post=1284"},{"taxonomy":"product_tag","embeddable":true,"href":"https:\/\/dahabkitesurfing.com\/es\/wp-json\/wp\/v2\/product_tag?post=1284"}],"curies":[{"name":"wp","href":"https:\/\/api.w.org\/{rel}","templated":true}]}}