{"id":1299,"date":"2025-10-26T08:00:48","date_gmt":"2025-10-26T08:00:48","guid":{"rendered":"https:\/\/dahabkitesurfing.com\/?post_type=product&#038;p=1299"},"modified":"2025-10-26T08:37:36","modified_gmt":"2025-10-26T08:37:36","slug":"kitesurfista-intermedio-nivel-2","status":"publish","type":"product","link":"https:\/\/dahabkitesurfing.com\/es\/producto\/kitesurfista-intermedio-nivel-2\/","title":{"rendered":"Kitesurfista intermedio Nivel 2"},"content":{"rendered":"<p>El curso IKO Kiteboarder Intermedio Nivel 2 est\u00e1 dise\u00f1ado para aquellos que ya han completado el curso IKO Discovery Kiteboarder Nivel 1 y tienen habilidades b\u00e1sicas de control de la cometa.<\/p>\n<p>4 horas de instrucci\u00f3n de media. Dependiendo de los conocimientos del alumno, de las condiciones meteorol\u00f3gicas durante el curso, de la configuraci\u00f3n del spot ( \u00bfplano? \u00bfpoco profundo? \u00bfolas? ...)<\/p>\n<p>En este curso, aprender\u00e1 t\u00e9cnicas avanzadas de control de la cometa, perfeccionar\u00e1 sus habilidades de control de la tabla.<\/p>\n<p>Tambi\u00e9n empezar\u00e1 a aprender los arrastres corporales, el autorrescate y la introducci\u00f3n al embalaje.<\/p>\n<p>El curso cubrir\u00e1 los procedimientos de seguridad, como la introducci\u00f3n de las normas ROW (Right Of Way).<\/p>\n<p>Al finalizar el curso, recibir\u00e1 la certificaci\u00f3n IKO de kitesurfista intermedio de nivel 2, que indica que ha alcanzado un s\u00f3lido nivel de destreza en el kitesurf y que est\u00e1 bien encaminado para convertirse en un kitesurfista independiente.<\/p>\n<p>&nbsp;<\/p>\n<h2>Habilidades cubiertas en este curso:<\/h2>\n<div class=\"elementor-element elementor-element-bb8eb8f elementor-widget elementor-widget-text-editor\" data-id=\"bb8eb8f\" data-element_type=\"widget\" data-widget_type=\"text-editor.default\">\n<div class=\"elementor-widget-container\">\n<p>Entre y salga del agua mientras controla la cometa, Relanzamiento acu\u00e1tico.<\/p>\n<p>Body-drag con las dos manos, cometa estable. Body-drag con un golpe de potencia.<\/p>\n<p>Body-drag contra el viento, Body-drag con la tabla, Introducci\u00f3n al auto-rescate y al pack-down. Introducci\u00f3n a las reglas ROW (Right Of Way).<\/p>\n<p>Tracci\u00f3n continua, arranque por agua, parada controlada.<\/p>\n<\/div>\n<\/div>","protected":false},"excerpt":{"rendered":"<p>El curso IKO Kiteboarder Intermedio Nivel 2 est\u00e1 dise\u00f1ado para aquellos que ya han completado el curso IKO Discovery Kiteboarder Nivel 1 y tienen habilidades b\u00e1sicas de control de la cometa.<\/p>\n<p>4 horas de instrucci\u00f3n de media. Dependiendo de los conocimientos del alumno, de las condiciones meteorol\u00f3gicas durante el curso, de la configuraci\u00f3n del spot ( \u00bfplano? \u00bfpoco profundo? \u00bfolas? ...)<\/p>\n<p>En este curso, aprender\u00e1 t\u00e9cnicas avanzadas de control de la cometa, perfeccionar\u00e1 sus habilidades de control de la tabla.<\/p>","protected":false},"featured_media":701,"comment_status":"closed","ping_status":"closed","template":"","meta":{"slim_seo":{"title":"Intermediate Kiteboarder Level 2 - Dahab Dream Kite","description":"El curso IKO Kiteboarder Intermedio Nivel 2 est\u00e1 dise\u00f1ado para aquellos que ya han completado el curso IKO Discovery Kiteboarder Nivel 1 y tienen el kit b\u00e1sico"}},"product_brand":[],"product_cat":[32,33],"product_tag":[],"class_list":{"0":"post-1299","1":"product","2":"type-product","3":"status-publish","4":"has-post-thumbnail","6":"product_cat-courses","7":"product_cat-kitesurfing-courses","9":"first","10":"instock","11":"virtual","12":"purchasable","13":"product-type-simple"},"_links":{"self":[{"href":"https:\/\/dahabkitesurfing.com\/es\/wp-json\/wp\/v2\/product\/1299","targetHints":{"allow":["GET"]}}],"collection":[{"href":"https:\/\/dahabkitesurfing.com\/es\/wp-json\/wp\/v2\/product"}],"about":[{"href":"https:\/\/dahabkitesurfing.com\/es\/wp-json\/wp\/v2\/types\/product"}],"replies":[{"embeddable":true,"href":"https:\/\/dahabkitesurfing.com\/es\/wp-json\/wp\/v2\/comments?post=1299"}],"wp:featuredmedia":[{"embeddable":true,"href":"https:\/\/dahabkitesurfing.com\/es\/wp-json\/wp\/v2\/media\/701"}],"wp:attachment":[{"href":"https:\/\/dahabkitesurfing.com\/es\/wp-json\/wp\/v2\/media?parent=1299"}],"wp:term":[{"taxonomy":"product_brand","embeddable":true,"href":"https:\/\/dahabkitesurfing.com\/es\/wp-json\/wp\/v2\/product_brand?post=1299"},{"taxonomy":"product_cat","embeddable":true,"href":"https:\/\/dahabkitesurfing.com\/es\/wp-json\/wp\/v2\/product_cat?post=1299"},{"taxonomy":"product_tag","embeddable":true,"href":"https:\/\/dahabkitesurfing.com\/es\/wp-json\/wp\/v2\/product_tag?post=1299"}],"curies":[{"name":"wp","href":"https:\/\/api.w.org\/{rel}","templated":true}]}}