{"id":1300,"date":"2025-10-26T08:05:51","date_gmt":"2025-10-26T08:05:51","guid":{"rendered":"https:\/\/dahabkitesurfing.com\/?post_type=product&#038;p=1300"},"modified":"2025-10-26T08:35:20","modified_gmt":"2025-10-26T08:35:20","slug":"kitesurfista-independiente-nivel-3","status":"publish","type":"product","link":"https:\/\/dahabkitesurfing.com\/es\/producto\/kitesurfista-independiente-nivel-3\/","title":{"rendered":"Kitesurfista independiente de nivel 3"},"content":{"rendered":"<p>Este programa est\u00e1 dise\u00f1ado para kitesurfistas que ya han obtenido la certificaci\u00f3n IKO de kitesurfista intermedio de nivel 2 y est\u00e1n listos para llevar sus habilidades al siguiente nivel de independencia.<\/p>\n<p>8 horas de instrucci\u00f3n de media. Dependiendo de los conocimientos del alumno, las condiciones meteorol\u00f3gicas durante el curso, la configuraci\u00f3n del spot ( \u00bfplano? \u00bfpoco profundo? \u00bfolas? ...)<\/p>\n<p>En este nivel, desarrollar\u00e1 las habilidades y conocimientos necesarios para practicar kitesurf de forma independiente, sin necesidad de un instructor o supervisor.<\/p>\n<p>Aprender\u00e1 a evaluar las condiciones meteorol\u00f3gicas y del viento, a seleccionar el equipo de kitesurf adecuado y a realizar una comprobaci\u00f3n completa del equipo antes de despegar.<\/p>\n<p>Tambi\u00e9n se centrar\u00e1 en perfeccionar sus habilidades de control de la cometa, incluyendo el control de la potencia, el control del despotenciamiento y el relanzamiento de la cometa.<\/p>\n<p>Adem\u00e1s, aprender\u00e1 habilidades avanzadas de control de la tabla, como navegar contra el viento de forma consistente en diversas condiciones de viento y agua, hacer transiciones y realizar saltos b\u00e1sicos.<\/p>\n<p>La seguridad es tambi\u00e9n un componente clave de este nivel, y aprender\u00e1 procedimientos de seguridad avanzados, incluyendo t\u00e9cnicas de autorrescate y protocolos de respuesta ante emergencias.<\/p>\n<p>&nbsp;<\/p>\n<div class=\"elementor-element elementor-element-ce7faa1 elementor-widget elementor-widget-heading\" data-id=\"ce7faa1\" data-element_type=\"widget\" data-widget_type=\"heading.default\">\n<div class=\"elementor-widget-container\">\n<h3 class=\"elementor-heading-title elementor-size-large\">Habilidades cubiertas en este curso:<\/h3>\n<\/div>\n<\/div>\n<div class=\"elementor-element elementor-element-1b38a95 elementor-widget elementor-widget-text-editor\" data-id=\"1b38a95\" data-element_type=\"widget\" data-widget_type=\"text-editor.default\">\n<div class=\"elementor-widget-container\">\n<p>Control de la velocidad mediante cantos.<\/p>\n<p>Cabalgue contra el viento.<\/p>\n<p>Transici\u00f3n deslizante.<\/p>\n<p>Monta de puntillas, Jibe.<\/p>\n<p>Autolanzamiento, autorrescate y embalaje en aguas profundas.<\/p>\n<\/div>\n<\/div>","protected":false},"excerpt":{"rendered":"<p>Este programa est\u00e1 dise\u00f1ado para kitesurfistas que ya han obtenido la certificaci\u00f3n IKO de kitesurfista intermedio de nivel 2 y est\u00e1n listos para llevar sus habilidades al siguiente nivel de independencia.<\/p>\n<p>8 horas de instrucci\u00f3n de media. Dependiendo de los conocimientos del alumno, las condiciones meteorol\u00f3gicas durante el curso, la configuraci\u00f3n del spot ( \u00bfplano? \u00bfpoco profundo? \u00bfolas? ...)<\/p>\n<p>En este nivel, desarrollar\u00e1 las habilidades y conocimientos necesarios para practicar kitesurf de forma independiente, sin necesidad de un instructor o supervisor.<\/p>\n<p>Aprender\u00e1 a evaluar las condiciones meteorol\u00f3gicas y del viento, a seleccionar el equipo de kitesurf adecuado y a realizar una comprobaci\u00f3n completa del equipo antes de despegar.<\/p>","protected":false},"featured_media":439,"comment_status":"closed","ping_status":"closed","template":"","meta":{"slim_seo":{"title":"Independent Kiteboarder Level 3 - Dahab Dream Kite","description":"Este programa est\u00e1 dise\u00f1ado para kitesurfistas que ya han conseguido la certificaci\u00f3n IKO de kitesurfista intermedio de nivel 2 y est\u00e1n listos para llevar sus habilidades al"}},"product_brand":[],"product_cat":[32,33],"product_tag":[],"class_list":{"0":"post-1300","1":"product","2":"type-product","3":"status-publish","4":"has-post-thumbnail","6":"product_cat-courses","7":"product_cat-kitesurfing-courses","9":"first","10":"instock","11":"virtual","12":"purchasable","13":"product-type-simple"},"_links":{"self":[{"href":"https:\/\/dahabkitesurfing.com\/es\/wp-json\/wp\/v2\/product\/1300","targetHints":{"allow":["GET"]}}],"collection":[{"href":"https:\/\/dahabkitesurfing.com\/es\/wp-json\/wp\/v2\/product"}],"about":[{"href":"https:\/\/dahabkitesurfing.com\/es\/wp-json\/wp\/v2\/types\/product"}],"replies":[{"embeddable":true,"href":"https:\/\/dahabkitesurfing.com\/es\/wp-json\/wp\/v2\/comments?post=1300"}],"wp:featuredmedia":[{"embeddable":true,"href":"https:\/\/dahabkitesurfing.com\/es\/wp-json\/wp\/v2\/media\/439"}],"wp:attachment":[{"href":"https:\/\/dahabkitesurfing.com\/es\/wp-json\/wp\/v2\/media?parent=1300"}],"wp:term":[{"taxonomy":"product_brand","embeddable":true,"href":"https:\/\/dahabkitesurfing.com\/es\/wp-json\/wp\/v2\/product_brand?post=1300"},{"taxonomy":"product_cat","embeddable":true,"href":"https:\/\/dahabkitesurfing.com\/es\/wp-json\/wp\/v2\/product_cat?post=1300"},{"taxonomy":"product_tag","embeddable":true,"href":"https:\/\/dahabkitesurfing.com\/es\/wp-json\/wp\/v2\/product_tag?post=1300"}],"curies":[{"name":"wp","href":"https:\/\/api.w.org\/{rel}","templated":true}]}}