{"id":1301,"date":"2025-10-26T08:12:37","date_gmt":"2025-10-26T08:12:37","guid":{"rendered":"https:\/\/dahabkitesurfing.com\/?post_type=product&#038;p=1301"},"modified":"2025-10-26T08:36:13","modified_gmt":"2025-10-26T08:36:13","slug":"kitesurfista-avanzado-nivel-4","status":"publish","type":"product","link":"https:\/\/dahabkitesurfing.com\/es\/producto\/kitesurfista-avanzado-nivel-4\/","title":{"rendered":"Kitesurfista Avanzado Nivel 4"},"content":{"rendered":"<p>Este curso le ayudar\u00e1 a desarrollar las habilidades y conocimientos necesarios para convertirse en un kitesurfista seguro y competente a un nivel avanzado.<\/p>\n<p>10 horas de instrucci\u00f3n de media. Dependiendo de los conocimientos del alumno, de las condiciones meteorol\u00f3gicas durante el curso, de la configuraci\u00f3n del spot ( \u00bfplano? \u00bfpoco profundo? \u00bfolas? ...)<\/p>\n<p>A lo largo de este curso, se centrar\u00e1 en mejorar el control de la cometa, el control de la tabla y las habilidades de navegaci\u00f3n, lo que le permitir\u00e1 navegar contra el viento de forma consistente en diversas condiciones de viento y agua.<\/p>\n<p>Tambi\u00e9n aprender\u00e1 a realizar saltos b\u00e1sicos, rotaciones y agarres, a\u00f1adiendo un nuevo nivel de emoci\u00f3n y estilo a su repertorio de kitesurf.<\/p>\n<p>Adem\u00e1s, desarrollar\u00e1 una s\u00f3lida comprensi\u00f3n de los procedimientos de seguridad, lo que le permitir\u00e1 navegar por el agua y ayudar con confianza a otros kitesurfistas que lo necesiten.<\/p>\n<p>&nbsp;<\/p>\n<div class=\"elementor-element elementor-element-2070760 elementor-widget elementor-widget-heading\" data-id=\"2070760\" data-element_type=\"widget\" data-widget_type=\"heading.default\">\n<div class=\"elementor-widget-container\">\n<h3 class=\"elementor-heading-title elementor-size-large\">Habilidades cubiertas en este curso:<\/h3>\n<\/div>\n<\/div>\n<div class=\"elementor-element elementor-element-d98b922 elementor-widget elementor-widget-text-editor\" data-id=\"d98b922\" data-element_type=\"widget\" data-widget_type=\"text-editor.default\">\n<div class=\"elementor-widget-container\">\n<p>Salto b\u00e1sico.<\/p>\n<p>Power jibe.<\/p>\n<p>Salto con agarre.<\/p>\n<p>Salto de transici\u00f3n.<\/p>\n<p>Recuperaci\u00f3n de jinetes.<\/p>\n<p>Recuperaci\u00f3n de la Junta.<\/p>\n<p>Se\u00f1ales internacionales de kitesurf.<\/p>\n<p>Normas ROW (derecho de paso).<\/p>\n<p>Equipamiento, meteorolog\u00eda y mareas.<\/p>\n<p>Aerodin\u00e1mica.<\/p>\n<\/div>\n<\/div>\n<div class=\"elementor-element elementor-element-ecbdd68 elementor-align-center elementor-widget elementor-widget-button\" data-id=\"ecbdd68\" data-element_type=\"widget\" data-widget_type=\"button.default\">\n<div class=\"elementor-widget-container\">\n<div class=\"elementor-button-wrapper\"><\/div>\n<\/div>\n<\/div>","protected":false},"excerpt":{"rendered":"<p>Este curso le ayudar\u00e1 a desarrollar las habilidades y conocimientos necesarios para convertirse en un kitesurfista seguro y competente a un nivel avanzado.<\/p>\n<p>10 horas de instrucci\u00f3n de media. Dependiendo de los conocimientos del alumno, de las condiciones meteorol\u00f3gicas durante el curso, de la configuraci\u00f3n del spot ( \u00bfplano? \u00bfpoco profundo? \u00bfolas? ...)<\/p>\n<p>A lo largo de este curso, se centrar\u00e1 en mejorar el control de la cometa, el control de la tabla y las habilidades de navegaci\u00f3n, lo que le permitir\u00e1 navegar contra el viento de forma consistente en diversas condiciones de viento y agua.<\/p>","protected":false},"featured_media":715,"comment_status":"closed","ping_status":"closed","template":"","meta":{"slim_seo":{"title":"Advanced Kiteboarder Level 4 - Dahab Dream Kite","description":"Este curso le ayudar\u00e1 a desarrollar las habilidades y conocimientos necesarios para convertirse en un kitesurfista confiado y competente a un nivel avanzado. 10 Horas de Instrucci\u00f3n"}},"product_brand":[],"product_cat":[32,33],"product_tag":[],"class_list":{"0":"post-1301","1":"product","2":"type-product","3":"status-publish","4":"has-post-thumbnail","6":"product_cat-courses","7":"product_cat-kitesurfing-courses","9":"first","10":"instock","11":"virtual","12":"purchasable","13":"product-type-simple"},"_links":{"self":[{"href":"https:\/\/dahabkitesurfing.com\/es\/wp-json\/wp\/v2\/product\/1301","targetHints":{"allow":["GET"]}}],"collection":[{"href":"https:\/\/dahabkitesurfing.com\/es\/wp-json\/wp\/v2\/product"}],"about":[{"href":"https:\/\/dahabkitesurfing.com\/es\/wp-json\/wp\/v2\/types\/product"}],"replies":[{"embeddable":true,"href":"https:\/\/dahabkitesurfing.com\/es\/wp-json\/wp\/v2\/comments?post=1301"}],"wp:featuredmedia":[{"embeddable":true,"href":"https:\/\/dahabkitesurfing.com\/es\/wp-json\/wp\/v2\/media\/715"}],"wp:attachment":[{"href":"https:\/\/dahabkitesurfing.com\/es\/wp-json\/wp\/v2\/media?parent=1301"}],"wp:term":[{"taxonomy":"product_brand","embeddable":true,"href":"https:\/\/dahabkitesurfing.com\/es\/wp-json\/wp\/v2\/product_brand?post=1301"},{"taxonomy":"product_cat","embeddable":true,"href":"https:\/\/dahabkitesurfing.com\/es\/wp-json\/wp\/v2\/product_cat?post=1301"},{"taxonomy":"product_tag","embeddable":true,"href":"https:\/\/dahabkitesurfing.com\/es\/wp-json\/wp\/v2\/product_tag?post=1301"}],"curies":[{"name":"wp","href":"https:\/\/api.w.org\/{rel}","templated":true}]}}