{"id":1126,"date":"2023-12-05T10:35:52","date_gmt":"2023-12-05T10:35:52","guid":{"rendered":"https:\/\/dahabkitesurfing.com\/?page_id=1126"},"modified":"2024-07-26T15:15:24","modified_gmt":"2024-07-26T15:15:24","slug":"flux-sociaux","status":"publish","type":"page","link":"https:\/\/dahabkitesurfing.com\/fr\/flux-sociaux\/","title":{"rendered":"M\u00e9dias sociaux"},"content":{"rendered":"<div data-elementor-type=\"wp-page\" data-elementor-id=\"1126\" class=\"elementor elementor-1126\" data-elementor-post-type=\"page\">\n\t\t\t\t\t\t<section class=\"elementor-section elementor-top-section elementor-element elementor-element-8b756ab elementor-section-boxed elementor-section-height-default elementor-section-height-default\" data-id=\"8b756ab\" data-element_type=\"section\">\n\t\t\t\t\t\t<div class=\"elementor-container elementor-column-gap-default\">\n\t\t\t\t\t<div class=\"elementor-column elementor-col-100 elementor-top-column elementor-element elementor-element-8043a3c\" data-id=\"8043a3c\" data-element_type=\"column\">\n\t\t\t<div class=\"elementor-widget-wrap elementor-element-populated\">\n\t\t\t\t\t\t<div class=\"elementor-element elementor-element-7e89660 elementor-widget elementor-widget-heading\" data-id=\"7e89660\" data-element_type=\"widget\" data-widget_type=\"heading.default\">\n\t\t\t\t<div class=\"elementor-widget-container\">\n\t\t\t\t\t<h1 class=\"elementor-heading-title elementor-size-default\">Nos canaux de m\u00e9dias sociaux<\/h1>\t\t\t\t<\/div>\n\t\t\t\t<\/div>\n\t\t\t\t<div class=\"elementor-element elementor-element-7d8477a elementor-widget elementor-widget-heading\" data-id=\"7d8477a\" data-element_type=\"widget\" data-widget_type=\"heading.default\">\n\t\t\t\t<div class=\"elementor-widget-container\">\n\t\t\t\t\t<h2 class=\"elementor-heading-title elementor-size-default\">Suivez-nous !<\/h2>\t\t\t\t<\/div>\n\t\t\t\t<\/div>\n\t\t\t\t<div class=\"elementor-element elementor-element-9d79aa1 elementor-widget__width-initial elementor-widget elementor-widget-text-editor\" data-id=\"9d79aa1\" data-element_type=\"widget\" data-widget_type=\"text-editor.default\">\n\t\t\t\t<div class=\"elementor-widget-container\">\n\t\t\t\t\t\t\t\t\t<p><img decoding=\"async\" class=\"emoji\" role=\"img\" draggable=\"false\" src=\"https:\/\/s.w.org\/images\/core\/emoji\/14.0.0\/svg\/1f30a.svg\" alt=\"\ud83c\udf0a\" \/> Bienvenue dans le monde envo\u00fbtant de Dahab Dream Kite, o\u00f9 le vent rencontre les vagues et o\u00f9 les r\u00eaves s'envolent ! <img decoding=\"async\" class=\"emoji\" role=\"img\" draggable=\"false\" src=\"https:\/\/s.w.org\/images\/core\/emoji\/14.0.0\/svg\/1f3c4-200d-2642-fe0f.svg\" alt=\"\ud83c\udfc4\u200d\u2642\ufe0f\" \/><img decoding=\"async\" class=\"emoji\" role=\"img\" draggable=\"false\" src=\"https:\/\/s.w.org\/images\/core\/emoji\/14.0.0\/svg\/2728.svg\" alt=\"\u2728\" \/> Immergez-vous dans le frisson du vent, l'attrait de la mer et l'exaltation du kitesurf en vous invitant \u00e0 rejoindre notre communaut\u00e9 dynamique sur les m\u00e9dias sociaux.<\/p><p><img decoding=\"async\" class=\"emoji\" role=\"img\" draggable=\"false\" src=\"https:\/\/s.w.org\/images\/core\/emoji\/14.0.0\/svg\/1f680.svg\" alt=\"\ud83d\ude80\" \/> Chez Dahab Dream Kite, nous ne nous contentons pas de poursuivre des r\u00eaves, nous les vivons ! Nos r\u00e9seaux sociaux sont votre ticket pour un paradis virtuel, o\u00f9 chaque post est un aper\u00e7u des aventures pleines d'adr\u00e9naline, des paysages \u00e0 couper le souffle et de la camaraderie qui d\u00e9finit le style de vie du kitesurf.<\/p><p><img decoding=\"async\" class=\"emoji\" role=\"img\" draggable=\"false\" src=\"https:\/\/s.w.org\/images\/core\/emoji\/14.0.0\/svg\/1f308.svg\" alt=\"\ud83c\udf08\" \/> Pourquoi nous suivre ? Parce que nous ne sommes pas seulement une marque, mais un mouvement. Voici ce \u00e0 quoi vous pouvez vous attendre :<\/p><p><img decoding=\"async\" class=\"emoji\" role=\"img\" draggable=\"false\" src=\"https:\/\/s.w.org\/images\/core\/emoji\/14.0.0\/svg\/31-20e3.svg\" alt=\"1\ufe0f\u20e3\" \/> **Des images inoubliables** : Pr\u00e9parez-vous \u00e0 un festin visuel ! Nos m\u00e9dias sociaux sont une toile de kites vibrants, d'eaux turquoises et de plages ensoleill\u00e9es qui vous transporteront au c\u0153ur du paradis du kitesurf de Dahab.<\/p><p><img decoding=\"async\" class=\"emoji\" role=\"img\" draggable=\"false\" src=\"https:\/\/s.w.org\/images\/core\/emoji\/14.0.0\/svg\/32-20e3.svg\" alt=\"2\ufe0f\u20e3\" \/> **Conseils et astuces d'experts** : Que vous soyez un pro chevronn\u00e9 ou un d\u00e9butant curieux, nos cha\u00eenes sont votre source privil\u00e9gi\u00e9e d'informations pr\u00e9cieuses, de conseils de pro et d'astuces. Am\u00e9liorez votre jeu de kitesurf gr\u00e2ce aux connaissances partag\u00e9es par nos experts chevronn\u00e9s.<\/p><p><img decoding=\"async\" class=\"emoji\" role=\"img\" draggable=\"false\" src=\"https:\/\/s.w.org\/images\/core\/emoji\/14.0.0\/svg\/33-20e3.svg\" alt=\"3\ufe0f\u20e3\" \/> **Community Connection** : Rejoignez une communaut\u00e9 mondiale d'amateurs de cerfs-volants qui partagent votre passion. Qu'il s'agisse de figures \u00e9poustouflantes ou d'histoires de r\u00e9ussite r\u00e9confortantes, nos cha\u00eenes sont un carrefour o\u00f9 des personnes partageant les m\u00eames id\u00e9es se connectent, s'inspirent et se soutiennent mutuellement.<\/p><p><img decoding=\"async\" class=\"emoji\" role=\"img\" draggable=\"false\" src=\"https:\/\/s.w.org\/images\/core\/emoji\/14.0.0\/svg\/34-20e3.svg\" alt=\"4\ufe0f\u20e3\" \/> **Offres et \u00e9v\u00e9nements exclusifs** : Soyez le premier \u00e0 \u00eatre inform\u00e9 de nos derni\u00e8res sorties de mat\u00e9riel, de nos promotions exclusives et de nos \u00e9v\u00e9nements passionnants. En tant que membre de la famille Dahab Dream Kite, vous aurez un acc\u00e8s VIP aux derni\u00e8res tendances et opportunit\u00e9s du monde du kitesurf.<\/p><p><img decoding=\"async\" class=\"emoji\" role=\"img\" draggable=\"false\" src=\"https:\/\/s.w.org\/images\/core\/emoji\/14.0.0\/svg\/35-20e3.svg\" alt=\"5\ufe0f\u20e3\" \/> **L'inspiration au-del\u00e0 de la planche** : Plongez dans un monde o\u00f9 le kitesurf est plus qu'un simple sport, c'est un mode de vie. Explorez la culture, l'\u00e9tat d'esprit et les histoires qui font de Dahab Dream Kite un phare pour ceux qui recherchent l'aventure, la libert\u00e9 et une connexion avec la nature.<\/p><p>Alors, \u00eates-vous pr\u00eat \u00e0 vous laisser emporter par le vent de l'enthousiasme ? Suivez-nous sur Facebook et Instagram et embarquez pour un voyage o\u00f9 les r\u00eaves s'envolent et o\u00f9 chaque jour est l'occasion d'une nouvelle aventure. Dahab Dream Kite - l\u00e0 o\u00f9 le vent murmure et o\u00f9 les r\u00eaves prennent vie ! <img decoding=\"async\" class=\"emoji\" role=\"img\" draggable=\"false\" src=\"https:\/\/s.w.org\/images\/core\/emoji\/14.0.0\/svg\/1f32c.svg\" alt=\"\ud83c\udf2c\ufe0f\" \/><img decoding=\"async\" class=\"emoji\" role=\"img\" draggable=\"false\" src=\"https:\/\/s.w.org\/images\/core\/emoji\/14.0.0\/svg\/1f919.svg\" alt=\"\ud83e\udd19\" \/> #DahabDreamKite #RideTheDream #KiteboardingAdventures<\/p>\t\t\t\t\t\t\t\t<\/div>\n\t\t\t\t<\/div>\n\t\t\t\t\t<\/div>\n\t\t<\/div>\n\t\t\t\t\t<\/div>\n\t\t<\/section>\n\t\t\t\t<\/div>","protected":false},"excerpt":{"rendered":"<p>Nos canaux de m\u00e9dias sociaux Suivez-nous ! Bienvenue dans le monde fascinant de Dahab Dream Kite, o\u00f9 le vent rencontre les vagues et o\u00f9 les r\u00eaves s'envolent ! Immergez-vous dans le frisson du vent, l'attrait de la mer et l'exaltation du kitesurf en vous invitant \u00e0 rejoindre notre communaut\u00e9 dynamique sur les r\u00e9seaux sociaux [...].<\/p>","protected":false},"author":1,"featured_media":0,"parent":0,"menu_order":0,"comment_status":"closed","ping_status":"closed","template":"elementor_header_footer","meta":{"slim_seo":{"title":"M\u00e9dias sociaux - Dahab Dream Kite","description":"Nos canaux de m\u00e9dias sociaux Suivez-nous ! Bienvenue dans le monde envo\u00fbtant de Dahab Dream Kite, o\u00f9 le vent rencontre les vagues et o\u00f9 les r\u00eaves s'envolent ! Plongez dans"},"footnotes":""},"class_list":["post-1126","page","type-page","status-publish","hentry"],"_links":{"self":[{"href":"https:\/\/dahabkitesurfing.com\/fr\/wp-json\/wp\/v2\/pages\/1126","targetHints":{"allow":["GET"]}}],"collection":[{"href":"https:\/\/dahabkitesurfing.com\/fr\/wp-json\/wp\/v2\/pages"}],"about":[{"href":"https:\/\/dahabkitesurfing.com\/fr\/wp-json\/wp\/v2\/types\/page"}],"author":[{"embeddable":true,"href":"https:\/\/dahabkitesurfing.com\/fr\/wp-json\/wp\/v2\/users\/1"}],"replies":[{"embeddable":true,"href":"https:\/\/dahabkitesurfing.com\/fr\/wp-json\/wp\/v2\/comments?post=1126"}],"version-history":[{"count":17,"href":"https:\/\/dahabkitesurfing.com\/fr\/wp-json\/wp\/v2\/pages\/1126\/revisions"}],"predecessor-version":[{"id":1234,"href":"https:\/\/dahabkitesurfing.com\/fr\/wp-json\/wp\/v2\/pages\/1126\/revisions\/1234"}],"wp:attachment":[{"href":"https:\/\/dahabkitesurfing.com\/fr\/wp-json\/wp\/v2\/media?parent=1126"}],"curies":[{"name":"wp","href":"https:\/\/api.w.org\/{rel}","templated":true}]}}