{"id":133,"date":"2023-04-03T08:52:47","date_gmt":"2023-04-03T08:52:47","guid":{"rendered":"https:\/\/dahabkitesurfing.com\/?page_id=133"},"modified":"2023-09-28T13:38:24","modified_gmt":"2023-09-28T13:38:24","slug":"galerie","status":"publish","type":"page","link":"https:\/\/dahabkitesurfing.com\/fr\/galerie\/","title":{"rendered":"Galerie"},"content":{"rendered":"<div data-elementor-type=\"wp-page\" data-elementor-id=\"133\" class=\"elementor elementor-133\" data-elementor-post-type=\"page\">\n\t\t\t\t\t\t<section class=\"elementor-section elementor-top-section elementor-element elementor-element-382978fa elementor-section-boxed elementor-section-height-default elementor-section-height-default\" data-id=\"382978fa\" data-element_type=\"section\">\n\t\t\t\t\t\t<div class=\"elementor-container elementor-column-gap-default\">\n\t\t\t\t\t<div class=\"elementor-column elementor-col-100 elementor-top-column elementor-element elementor-element-5230bd7b\" data-id=\"5230bd7b\" data-element_type=\"column\">\n\t\t\t<div class=\"elementor-widget-wrap elementor-element-populated\">\n\t\t\t\t\t\t<div class=\"elementor-element elementor-element-a505176 elementor-widget elementor-widget-heading\" data-id=\"a505176\" data-element_type=\"widget\" data-widget_type=\"heading.default\">\n\t\t\t\t<div class=\"elementor-widget-container\">\n\t\t\t\t\t<h1 class=\"elementor-heading-title elementor-size-default\">Galerie Dahab Dream Kite<\/h1>\t\t\t\t<\/div>\n\t\t\t\t<\/div>\n\t\t\t\t<div class=\"elementor-element elementor-element-3ea156b4 elementor-widget__width-initial elementor-widget elementor-widget-heading\" data-id=\"3ea156b4\" data-element_type=\"widget\" data-widget_type=\"heading.default\">\n\t\t\t\t<div class=\"elementor-widget-container\">\n\t\t\t\t\t<h2 class=\"elementor-heading-title elementor-size-default\">Le kitesurf ! Un style de vie \u00e0 saisir<\/h2>\t\t\t\t<\/div>\n\t\t\t\t<\/div>\n\t\t\t\t<section class=\"elementor-section elementor-inner-section elementor-element elementor-element-fa21e34 elementor-section-boxed elementor-section-height-default elementor-section-height-default\" data-id=\"fa21e34\" data-element_type=\"section\">\n\t\t\t\t\t\t<div class=\"elementor-container elementor-column-gap-default\">\n\t\t\t\t\t<div class=\"elementor-column elementor-col-50 elementor-inner-column elementor-element elementor-element-f2091dd\" data-id=\"f2091dd\" data-element_type=\"column\">\n\t\t\t<div class=\"elementor-widget-wrap elementor-element-populated\">\n\t\t\t\t\t\t<div class=\"elementor-element elementor-element-1155715 elementor-widget elementor-widget-text-editor\" data-id=\"1155715\" data-element_type=\"widget\" data-widget_type=\"text-editor.default\">\n\t\t\t\t<div class=\"elementor-widget-container\">\n\t\t\t\t\t\t\t\t\t<p style=\"text-align: left;\">La galerie d'images de Dahab Dream Kite pr\u00e9sente une s\u00e9rie de magnifiques photos de leurs aventures de kitesurf.<\/p><p>Ces images capturent l'excitation et le frisson du kitesurf ainsi que les paysages \u00e9poustouflants de Dahab et de ses environs.<\/p><p>La galerie pr\u00e9sente des photos de kitesurfers en action, s'\u00e9lan\u00e7ant dans les airs et r\u00e9alisant des figures impressionnantes.<\/p><p>Il y a aussi des images d'eaux cristallines et de plages de sable qui font de Dahab une destination populaire pour le kitesurf.<\/p>\t\t\t\t\t\t\t\t<\/div>\n\t\t\t\t<\/div>\n\t\t\t\t\t<\/div>\n\t\t<\/div>\n\t\t\t\t<div class=\"elementor-column elementor-col-50 elementor-inner-column elementor-element elementor-element-ef1a725\" data-id=\"ef1a725\" data-element_type=\"column\">\n\t\t\t<div class=\"elementor-widget-wrap elementor-element-populated\">\n\t\t\t\t\t\t<div class=\"elementor-element elementor-element-cc893ee elementor-widget elementor-widget-text-editor\" data-id=\"cc893ee\" data-element_type=\"widget\" data-widget_type=\"text-editor.default\">\n\t\t\t\t<div class=\"elementor-widget-container\">\n\t\t\t\t\t\t\t\t\t<p>En plus de ces photos d'action, la galerie d'images de Dahab Dream Kite comprend des photos des installations et de l'\u00e9quipement de l'entreprise.<\/p><p>Vous y trouverez des images de leurs cerfs-volants et de leurs planches, ainsi que des photos de l'\u00e9quipe d'instructeurs exp\u00e9riment\u00e9s qui dirigent les cours de kitesurf.<\/p><p>Dans l'ensemble, la galerie d'images de Dahab Dream Kite t\u00e9moigne de la beaut\u00e9 et de l'enthousiasme du kitesurf \u00e0 Dahab.<\/p><p>Il s'agit d'une excellente ressource pour toute personne int\u00e9ress\u00e9e par ce sport passionnant et donne un aper\u00e7u des exp\u00e9riences incroyables offertes par Dahab Dream Kite.<\/p>\t\t\t\t\t\t\t\t<\/div>\n\t\t\t\t<\/div>\n\t\t\t\t\t<\/div>\n\t\t<\/div>\n\t\t\t\t\t<\/div>\n\t\t<\/section>\n\t\t\t\t<div class=\"elementor-element elementor-element-74a8ce6a elementor-widget elementor-widget-gallery\" data-id=\"74a8ce6a\" data-element_type=\"widget\" data-settings=\"{&quot;columns&quot;:3,&quot;columns_tablet&quot;:3,&quot;columns_mobile&quot;:2,&quot;image_hover_animation&quot;:&quot;grow&quot;,&quot;gallery_layout&quot;:&quot;grid&quot;,&quot;gap&quot;:{&quot;unit&quot;:&quot;px&quot;,&quot;size&quot;:10,&quot;sizes&quot;:[]},&quot;gap_tablet&quot;:{&quot;unit&quot;:&quot;px&quot;,&quot;size&quot;:10,&quot;sizes&quot;:[]},&quot;gap_mobile&quot;:{&quot;unit&quot;:&quot;px&quot;,&quot;size&quot;:10,&quot;sizes&quot;:[]},&quot;link_to&quot;:&quot;file&quot;,&quot;aspect_ratio&quot;:&quot;3:2&quot;,&quot;content_hover_animation&quot;:&quot;fade-in&quot;}\" data-widget_type=\"gallery.default\">\n\t\t\t\t<div class=\"elementor-widget-container\">\n\t\t\t\t\t\t\t<div class=\"elementor-gallery__container\">\n\t\t\t\t\t\t\t<a class=\"e-gallery-item elementor-gallery-item elementor-animated-content\" href=\"https:\/\/dahabkitesurfing.com\/wp-content\/uploads\/2023\/04\/dream-kite-kitesurfers-against-a-wind-window-teaching-aid.jpg\" data-elementor-open-lightbox=\"yes\" data-elementor-lightbox-slideshow=\"74a8ce6a\" data-elementor-lightbox-title=\"Dream Kite Kitesurfers against a wind window teaching aid\" data-elementor-lightbox-description=\"Dream Kite Kitesurfers against a wind window teaching aid\" data-e-action-hash=\"#elementor-action%3Aaction%3Dlightbox%26settings%3DeyJpZCI6MTg4LCJ1cmwiOiJodHRwczpcL1wvZGFoYWJraXRlc3VyZmluZy5jb21cL3dwLWNvbnRlbnRcL3VwbG9hZHNcLzIwMjNcLzA0XC9kcmVhbS1raXRlLWtpdGVzdXJmZXJzLWFnYWluc3QtYS13aW5kLXdpbmRvdy10ZWFjaGluZy1haWQuanBnIiwic2xpZGVzaG93IjoiNzRhOGNlNmEifQ%3D%3D\">\n\t\t\t\t\t<div class=\"e-gallery-image elementor-gallery-item__image\" data-thumbnail=\"https:\/\/dahabkitesurfing.com\/wp-content\/uploads\/2023\/04\/dream-kite-kitesurfers-against-a-wind-window-teaching-aid.jpg\" data-width=\"1080\" data-height=\"720\" aria-label=\"Dream Kite Kitesurfers against a wind window teaching aid (en anglais)\" role=\"img\" ><\/div>\n\t\t\t\t\t\t\t\t\t\t\t\t\t\t<\/a>\n\t\t\t\t\t\t\t<a class=\"e-gallery-item elementor-gallery-item elementor-animated-content\" href=\"https:\/\/dahabkitesurfing.com\/wp-content\/uploads\/2023\/04\/dahab-dream-kite-kitesurfing-instructor-sahleh.jpg\" data-elementor-open-lightbox=\"yes\" data-elementor-lightbox-slideshow=\"74a8ce6a\" data-elementor-lightbox-title=\"Dahab Dream Kite Kitesurfing Instructor Sahleh\" data-elementor-lightbox-description=\"Dahab Dream Kite Kitesurfing Instructor Sahleh\" data-e-action-hash=\"#elementor-action%3Aaction%3Dlightbox%26settings%3DeyJpZCI6MTkwLCJ1cmwiOiJodHRwczpcL1wvZGFoYWJraXRlc3VyZmluZy5jb21cL3dwLWNvbnRlbnRcL3VwbG9hZHNcLzIwMjNcLzA0XC9kYWhhYi1kcmVhbS1raXRlLWtpdGVzdXJmaW5nLWluc3RydWN0b3Itc2FobGVoLmpwZyIsInNsaWRlc2hvdyI6Ijc0YThjZTZhIn0%3D\">\n\t\t\t\t\t<div class=\"e-gallery-image elementor-gallery-item__image\" data-thumbnail=\"https:\/\/dahabkitesurfing.com\/wp-content\/uploads\/2023\/04\/dahab-dream-kite-kitesurfing-instructor-sahleh.jpg\" data-width=\"1080\" data-height=\"720\" aria-label=\"Dahab Dream Kite Moniteur de kitesurf Sahleh\" role=\"img\" ><\/div>\n\t\t\t\t\t\t\t\t\t\t\t\t\t\t<\/a>\n\t\t\t\t\t\t\t<a class=\"e-gallery-item elementor-gallery-item elementor-animated-content\" href=\"https:\/\/dahabkitesurfing.com\/wp-content\/uploads\/2023\/04\/dahab-dream-kite-dahab-lagoon-kitesurfer.jpg\" data-elementor-open-lightbox=\"yes\" data-elementor-lightbox-slideshow=\"74a8ce6a\" data-elementor-lightbox-title=\"Dahab Dream Kite Dahab Lagoon Kite Surfer\" data-elementor-lightbox-description=\"Dahab Dream Kite Dahab Lagoon Kite Surfer\" data-e-action-hash=\"#elementor-action%3Aaction%3Dlightbox%26settings%3DeyJpZCI6MTg1LCJ1cmwiOiJodHRwczpcL1wvZGFoYWJraXRlc3VyZmluZy5jb21cL3dwLWNvbnRlbnRcL3VwbG9hZHNcLzIwMjNcLzA0XC9kYWhhYi1kcmVhbS1raXRlLWRhaGFiLWxhZ29vbi1raXRlc3VyZmVyLmpwZyIsInNsaWRlc2hvdyI6Ijc0YThjZTZhIn0%3D\">\n\t\t\t\t\t<div class=\"e-gallery-image elementor-gallery-item__image\" data-thumbnail=\"https:\/\/dahabkitesurfing.com\/wp-content\/uploads\/2023\/04\/dahab-dream-kite-dahab-lagoon-kitesurfer.jpg\" data-width=\"1080\" data-height=\"720\" aria-label=\"Dahab Dream Kite Dahab Lagoon Kite Surfer\" role=\"img\" ><\/div>\n\t\t\t\t\t\t\t\t\t\t\t\t\t\t<\/a>\n\t\t\t\t\t\t\t<a class=\"e-gallery-item elementor-gallery-item elementor-animated-content\" href=\"https:\/\/dahabkitesurfing.com\/wp-content\/uploads\/2023\/04\/Kite-Boards-and-Dahab-Dog.jpg\" data-elementor-open-lightbox=\"yes\" data-elementor-lightbox-slideshow=\"74a8ce6a\" data-elementor-lightbox-title=\"Kite Boards and Dahab Dog\" data-elementor-lightbox-description=\"Kite Boards and Dahab Dog\" data-e-action-hash=\"#elementor-action%3Aaction%3Dlightbox%26settings%3DeyJpZCI6NTkxLCJ1cmwiOiJodHRwczpcL1wvZGFoYWJraXRlc3VyZmluZy5jb21cL3dwLWNvbnRlbnRcL3VwbG9hZHNcLzIwMjNcLzA0XC9LaXRlLUJvYXJkcy1hbmQtRGFoYWItRG9nLmpwZyIsInNsaWRlc2hvdyI6Ijc0YThjZTZhIn0%3D\">\n\t\t\t\t\t<div class=\"e-gallery-image elementor-gallery-item__image\" data-thumbnail=\"https:\/\/dahabkitesurfing.com\/wp-content\/uploads\/2023\/04\/Kite-Boards-and-Dahab-Dog.jpg\" data-width=\"1200\" data-height=\"800\" aria-label=\"Planches \u00e0 cerf-volant et chien de Dahab\" role=\"img\" ><\/div>\n\t\t\t\t\t\t\t\t\t\t\t\t\t\t<\/a>\n\t\t\t\t\t\t\t<a class=\"e-gallery-item elementor-gallery-item elementor-animated-content\" href=\"https:\/\/dahabkitesurfing.com\/wp-content\/uploads\/2023\/04\/dream-kite-kitesurfing-school-dahab-egypt.jpg\" data-elementor-open-lightbox=\"yes\" data-elementor-lightbox-slideshow=\"74a8ce6a\" data-elementor-lightbox-title=\"Dream Kite Kitesurfing School Dahab Egypt\" data-elementor-lightbox-description=\"Dream Kite Kitesurfing School Dahab Egypt\" data-e-action-hash=\"#elementor-action%3Aaction%3Dlightbox%26settings%3DeyJpZCI6MTg2LCJ1cmwiOiJodHRwczpcL1wvZGFoYWJraXRlc3VyZmluZy5jb21cL3dwLWNvbnRlbnRcL3VwbG9hZHNcLzIwMjNcLzA0XC9kcmVhbS1raXRlLWtpdGVzdXJmaW5nLXNjaG9vbC1kYWhhYi1lZ3lwdC5qcGciLCJzbGlkZXNob3ciOiI3NGE4Y2U2YSJ9\">\n\t\t\t\t\t<div class=\"e-gallery-image elementor-gallery-item__image\" data-thumbnail=\"https:\/\/dahabkitesurfing.com\/wp-content\/uploads\/2023\/04\/dream-kite-kitesurfing-school-dahab-egypt.jpg\" data-width=\"1080\" data-height=\"720\" aria-label=\"Dream Kite \u00c9cole de kitesurf Dahab \u00c9gypte\" role=\"img\" ><\/div>\n\t\t\t\t\t\t\t\t\t\t\t\t\t\t<\/a>\n\t\t\t\t\t\t\t<a class=\"e-gallery-item elementor-gallery-item elementor-animated-content\" href=\"https:\/\/dahabkitesurfing.com\/wp-content\/uploads\/2023\/04\/kite-control-with-students-blue-lagoon-dahab-egypt.jpg\" data-elementor-open-lightbox=\"yes\" data-elementor-lightbox-slideshow=\"74a8ce6a\" data-elementor-lightbox-title=\"Kite Control with Students Blue Lagoon Dahab Egypt\" data-elementor-lightbox-description=\"Kite Control with Students Blue Lagoon Dahab Egypt\" data-e-action-hash=\"#elementor-action%3Aaction%3Dlightbox%26settings%3DeyJpZCI6MTg3LCJ1cmwiOiJodHRwczpcL1wvZGFoYWJraXRlc3VyZmluZy5jb21cL3dwLWNvbnRlbnRcL3VwbG9hZHNcLzIwMjNcLzA0XC9raXRlLWNvbnRyb2wtd2l0aC1zdHVkZW50cy1ibHVlLWxhZ29vbi1kYWhhYi1lZ3lwdC5qcGciLCJzbGlkZXNob3ciOiI3NGE4Y2U2YSJ9\">\n\t\t\t\t\t<div class=\"e-gallery-image elementor-gallery-item__image\" data-thumbnail=\"https:\/\/dahabkitesurfing.com\/wp-content\/uploads\/2023\/04\/kite-control-with-students-blue-lagoon-dahab-egypt.jpg\" data-width=\"1080\" data-height=\"720\" aria-label=\"Contr\u00f4le des cerfs-volants avec les \u00e9tudiants Blue Lagoon Dahab Egypte\" role=\"img\" ><\/div>\n\t\t\t\t\t\t\t\t\t\t\t\t\t\t<\/a>\n\t\t\t\t\t\t\t<a class=\"e-gallery-item elementor-gallery-item elementor-animated-content\" href=\"https:\/\/dahabkitesurfing.com\/wp-content\/uploads\/2023\/04\/Dahab-Dream-Kite-Wooden-Sign.jpg\" data-elementor-open-lightbox=\"yes\" data-elementor-lightbox-slideshow=\"74a8ce6a\" data-elementor-lightbox-title=\"Dahab Dream Kite Wooden Sign\" data-elementor-lightbox-description=\"Dahab Dream Kite Wooden Sign\" data-e-action-hash=\"#elementor-action%3Aaction%3Dlightbox%26settings%3DeyJpZCI6NTkwLCJ1cmwiOiJodHRwczpcL1wvZGFoYWJraXRlc3VyZmluZy5jb21cL3dwLWNvbnRlbnRcL3VwbG9hZHNcLzIwMjNcLzA0XC9EYWhhYi1EcmVhbS1LaXRlLVdvb2Rlbi1TaWduLmpwZyIsInNsaWRlc2hvdyI6Ijc0YThjZTZhIn0%3D\">\n\t\t\t\t\t<div class=\"e-gallery-image elementor-gallery-item__image\" data-thumbnail=\"https:\/\/dahabkitesurfing.com\/wp-content\/uploads\/2023\/04\/Dahab-Dream-Kite-Wooden-Sign.jpg\" data-width=\"1200\" data-height=\"800\" aria-label=\"Panneau en bois Dahab Dream Kite\" role=\"img\" ><\/div>\n\t\t\t\t\t\t\t\t\t\t\t\t\t\t<\/a>\n\t\t\t\t\t\t\t<a class=\"e-gallery-item elementor-gallery-item elementor-animated-content\" href=\"https:\/\/dahabkitesurfing.com\/wp-content\/uploads\/2023\/04\/blue-lagoon-dream-kite-dahab-egypt.jpg\" data-elementor-open-lightbox=\"yes\" data-elementor-lightbox-slideshow=\"74a8ce6a\" data-elementor-lightbox-title=\"Blue Lagoon Dream Kite Dahab Egypt\" data-elementor-lightbox-description=\"Blue Lagoon Dream Kite Dahab Egypt\" data-e-action-hash=\"#elementor-action%3Aaction%3Dlightbox%26settings%3DeyJpZCI6MTg0LCJ1cmwiOiJodHRwczpcL1wvZGFoYWJraXRlc3VyZmluZy5jb21cL3dwLWNvbnRlbnRcL3VwbG9hZHNcLzIwMjNcLzA0XC9ibHVlLWxhZ29vbi1kcmVhbS1raXRlLWRhaGFiLWVneXB0LmpwZyIsInNsaWRlc2hvdyI6Ijc0YThjZTZhIn0%3D\">\n\t\t\t\t\t<div class=\"e-gallery-image elementor-gallery-item__image\" data-thumbnail=\"https:\/\/dahabkitesurfing.com\/wp-content\/uploads\/2023\/04\/blue-lagoon-dream-kite-dahab-egypt.jpg\" data-width=\"1080\" data-height=\"720\" aria-label=\"Blue Lagoon Dream Kite Dahab Egypte\" role=\"img\" ><\/div>\n\t\t\t\t\t\t\t\t\t\t\t\t\t\t<\/a>\n\t\t\t\t\t\t\t<a class=\"e-gallery-item elementor-gallery-item elementor-animated-content\" href=\"https:\/\/dahabkitesurfing.com\/wp-content\/uploads\/2023\/04\/dream-kite-fun-back-flip-camel-in-sea.jpg\" data-elementor-open-lightbox=\"yes\" data-elementor-lightbox-slideshow=\"74a8ce6a\" data-elementor-lightbox-title=\"Dream Kite Fun Back Flip Camel In Sea\" data-elementor-lightbox-description=\"Dream Kite Fun Back Flip Camel In Sea\" data-e-action-hash=\"#elementor-action%3Aaction%3Dlightbox%26settings%3DeyJpZCI6MTgzLCJ1cmwiOiJodHRwczpcL1wvZGFoYWJraXRlc3VyZmluZy5jb21cL3dwLWNvbnRlbnRcL3VwbG9hZHNcLzIwMjNcLzA0XC9kcmVhbS1raXRlLWZ1bi1iYWNrLWZsaXAtY2FtZWwtaW4tc2VhLmpwZyIsInNsaWRlc2hvdyI6Ijc0YThjZTZhIn0%3D\">\n\t\t\t\t\t<div class=\"e-gallery-image elementor-gallery-item__image\" data-thumbnail=\"https:\/\/dahabkitesurfing.com\/wp-content\/uploads\/2023\/04\/dream-kite-fun-back-flip-camel-in-sea.jpg\" data-width=\"1080\" data-height=\"720\" aria-label=\"Dream Kite Fun Back Flip Camel In Sea\" role=\"img\" ><\/div>\n\t\t\t\t\t\t\t\t\t\t\t\t\t\t<\/a>\n\t\t\t\t\t\t\t<a class=\"e-gallery-item elementor-gallery-item elementor-animated-content\" href=\"https:\/\/dahabkitesurfing.com\/wp-content\/uploads\/2023\/04\/kitesurfing-equipement-shop-dahab-dream-kite.jpg\" data-elementor-open-lightbox=\"yes\" data-elementor-lightbox-slideshow=\"74a8ce6a\" data-elementor-lightbox-title=\"Kitesurfing Equipment Shop Dahab Dream Kite\" data-elementor-lightbox-description=\"Kitesurfing Equipment Shop Dahab Dream Kite\" data-e-action-hash=\"#elementor-action%3Aaction%3Dlightbox%26settings%3DeyJpZCI6MTg5LCJ1cmwiOiJodHRwczpcL1wvZGFoYWJraXRlc3VyZmluZy5jb21cL3dwLWNvbnRlbnRcL3VwbG9hZHNcLzIwMjNcLzA0XC9raXRlc3VyZmluZy1lcXVpcGVtZW50LXNob3AtZGFoYWItZHJlYW0ta2l0ZS5qcGciLCJzbGlkZXNob3ciOiI3NGE4Y2U2YSJ9\">\n\t\t\t\t\t<div class=\"e-gallery-image elementor-gallery-item__image\" data-thumbnail=\"https:\/\/dahabkitesurfing.com\/wp-content\/uploads\/2023\/04\/kitesurfing-equipement-shop-dahab-dream-kite.jpg\" data-width=\"1080\" data-height=\"720\" aria-label=\"Kitesurfing Equipment Shop Dahab Dream Kite\" role=\"img\" ><\/div>\n\t\t\t\t\t\t\t\t\t\t\t\t\t\t<\/a>\n\t\t\t\t\t\t\t<a class=\"e-gallery-item elementor-gallery-item elementor-animated-content\" href=\"https:\/\/dahabkitesurfing.com\/wp-content\/uploads\/2023\/04\/sahleh-with-kitesurf-student.jpg\" data-elementor-open-lightbox=\"yes\" data-elementor-lightbox-slideshow=\"74a8ce6a\" data-elementor-lightbox-title=\"Sahleh with Kitesurf Student\" data-elementor-lightbox-description=\"Sahleh with Kitesurf Student\" data-e-action-hash=\"#elementor-action%3Aaction%3Dlightbox%26settings%3DeyJpZCI6MTgyLCJ1cmwiOiJodHRwczpcL1wvZGFoYWJraXRlc3VyZmluZy5jb21cL3dwLWNvbnRlbnRcL3VwbG9hZHNcLzIwMjNcLzA0XC9zYWhsZWgtd2l0aC1raXRlc3VyZi1zdHVkZW50LmpwZyIsInNsaWRlc2hvdyI6Ijc0YThjZTZhIn0%3D\">\n\t\t\t\t\t<div class=\"e-gallery-image elementor-gallery-item__image\" data-thumbnail=\"https:\/\/dahabkitesurfing.com\/wp-content\/uploads\/2023\/04\/sahleh-with-kitesurf-student.jpg\" data-width=\"1080\" data-height=\"720\" aria-label=\"Sahleh avec un \u00e9tudiant en kitesurf\" role=\"img\" ><\/div>\n\t\t\t\t\t\t\t\t\t\t\t\t\t\t<\/a>\n\t\t\t\t\t\t\t<a class=\"e-gallery-item elementor-gallery-item elementor-animated-content\" href=\"https:\/\/dahabkitesurfing.com\/wp-content\/uploads\/2023\/04\/dream-kite-kitesurf-school-dahab-cat.jpg\" data-elementor-open-lightbox=\"yes\" data-elementor-lightbox-slideshow=\"74a8ce6a\" data-elementor-lightbox-title=\"Dream Kite Kitesurf School Dahab Cat\" data-elementor-lightbox-description=\"Dream Kite Kitesurf School Dahab Cat\" data-e-action-hash=\"#elementor-action%3Aaction%3Dlightbox%26settings%3DeyJpZCI6MTkxLCJ1cmwiOiJodHRwczpcL1wvZGFoYWJraXRlc3VyZmluZy5jb21cL3dwLWNvbnRlbnRcL3VwbG9hZHNcLzIwMjNcLzA0XC9kcmVhbS1raXRlLWtpdGVzdXJmLXNjaG9vbC1kYWhhYi1jYXQuanBnIiwic2xpZGVzaG93IjoiNzRhOGNlNmEifQ%3D%3D\">\n\t\t\t\t\t<div class=\"e-gallery-image elementor-gallery-item__image\" data-thumbnail=\"https:\/\/dahabkitesurfing.com\/wp-content\/uploads\/2023\/04\/dream-kite-kitesurf-school-dahab-cat.jpg\" data-width=\"1080\" data-height=\"720\" aria-label=\"Dream Kite Kitesurf School Dahab Cat\" role=\"img\" ><\/div>\n\t\t\t\t\t\t\t\t\t\t\t\t\t\t<\/a>\n\t\t\t\t\t<\/div>\n\t\t\t\t\t<\/div>\n\t\t\t\t<\/div>\n\t\t\t\t\t<\/div>\n\t\t<\/div>\n\t\t\t\t\t<\/div>\n\t\t<\/section>\n\t\t\t\t<\/div>","protected":false},"excerpt":{"rendered":"<p>Galerie Dahab Dream Kite Kitesurfing ! C'est un style de vie \u00e0 capturer La galerie d'images de Dahab Dream Kite pr\u00e9sente une s\u00e9rie de magnifiques photos de leurs aventures de kitesurf. Ces images capturent l'excitation et le frisson du kitesurf ainsi que les magnifiques paysages de Dahab et de ses environs. La galerie comprend des photos de kitesurfeurs en action, s'envolant [...]<\/p>","protected":false},"author":1,"featured_media":190,"parent":0,"menu_order":0,"comment_status":"closed","ping_status":"closed","template":"elementor_header_footer","meta":{"slim_seo":{"title":"Galerie - Dahab Dream Kite","description":"Galerie Dahab Dream Kite Kitesurfing ! C'est un style de vie \u00e0 capturer La galerie d'images de Dahab Dream Kite pr\u00e9sente une s\u00e9rie de magnifiques photos de leurs activit\u00e9s de kitesurf."},"footnotes":""},"class_list":["post-133","page","type-page","status-publish","has-post-thumbnail","hentry"],"_links":{"self":[{"href":"https:\/\/dahabkitesurfing.com\/fr\/wp-json\/wp\/v2\/pages\/133","targetHints":{"allow":["GET"]}}],"collection":[{"href":"https:\/\/dahabkitesurfing.com\/fr\/wp-json\/wp\/v2\/pages"}],"about":[{"href":"https:\/\/dahabkitesurfing.com\/fr\/wp-json\/wp\/v2\/types\/page"}],"author":[{"embeddable":true,"href":"https:\/\/dahabkitesurfing.com\/fr\/wp-json\/wp\/v2\/users\/1"}],"replies":[{"embeddable":true,"href":"https:\/\/dahabkitesurfing.com\/fr\/wp-json\/wp\/v2\/comments?post=133"}],"version-history":[{"count":26,"href":"https:\/\/dahabkitesurfing.com\/fr\/wp-json\/wp\/v2\/pages\/133\/revisions"}],"predecessor-version":[{"id":849,"href":"https:\/\/dahabkitesurfing.com\/fr\/wp-json\/wp\/v2\/pages\/133\/revisions\/849"}],"wp:featuredmedia":[{"embeddable":true,"href":"https:\/\/dahabkitesurfing.com\/fr\/wp-json\/wp\/v2\/media\/190"}],"wp:attachment":[{"href":"https:\/\/dahabkitesurfing.com\/fr\/wp-json\/wp\/v2\/media?parent=133"}],"curies":[{"name":"wp","href":"https:\/\/api.w.org\/{rel}","templated":true}]}}