{"id":147,"date":"2023-04-03T09:02:21","date_gmt":"2023-04-03T09:02:21","guid":{"rendered":"https:\/\/dahabkitesurfing.com\/?page_id=147"},"modified":"2025-10-17T22:10:38","modified_gmt":"2025-10-17T22:10:38","slug":"ecole-kitesurf","status":"publish","type":"page","link":"https:\/\/dahabkitesurfing.com\/fr\/ecole-kitesurf\/","title":{"rendered":"\u00c9cole de kitesurf \u00e0 Dahab"},"content":{"rendered":"<div data-elementor-type=\"wp-page\" data-elementor-id=\"147\" class=\"elementor elementor-147\" data-elementor-post-type=\"page\">\n\t\t\t\t\t\t<section class=\"elementor-section elementor-top-section elementor-element elementor-element-a7ac824 elementor-section-boxed elementor-section-height-default elementor-section-height-default\" data-id=\"a7ac824\" data-element_type=\"section\">\n\t\t\t\t\t\t<div class=\"elementor-container elementor-column-gap-default\">\n\t\t\t\t\t<div class=\"elementor-column elementor-col-100 elementor-top-column elementor-element elementor-element-b5b331d\" data-id=\"b5b331d\" data-element_type=\"column\">\n\t\t\t<div class=\"elementor-widget-wrap elementor-element-populated\">\n\t\t\t\t\t\t<section class=\"elementor-section elementor-inner-section elementor-element elementor-element-4017c1e elementor-section-boxed elementor-section-height-default elementor-section-height-default\" data-id=\"4017c1e\" data-element_type=\"section\">\n\t\t\t\t\t\t<div class=\"elementor-container elementor-column-gap-default\">\n\t\t\t\t\t<div class=\"elementor-column elementor-col-100 elementor-inner-column elementor-element elementor-element-336b754\" data-id=\"336b754\" data-element_type=\"column\">\n\t\t\t<div class=\"elementor-widget-wrap elementor-element-populated\">\n\t\t\t\t\t\t<div class=\"elementor-element elementor-element-b9397fa elementor-widget elementor-widget-heading\" data-id=\"b9397fa\" data-element_type=\"widget\" data-widget_type=\"heading.default\">\n\t\t\t\t<div class=\"elementor-widget-container\">\n\t\t\t\t\t<h1 class=\"elementor-heading-title elementor-size-default\">Cerf-volant de r\u00eave de Dahab<br>\u00c9cole de kitesurf \u00e0 Dahab<\/h1>\t\t\t\t<\/div>\n\t\t\t\t<\/div>\n\t\t\t\t\t<\/div>\n\t\t<\/div>\n\t\t\t\t\t<\/div>\n\t\t<\/section>\n\t\t\t\t\t<\/div>\n\t\t<\/div>\n\t\t\t\t\t<\/div>\n\t\t<\/section>\n\t\t\t\t<section class=\"elementor-section elementor-top-section elementor-element elementor-element-54a0dcc elementor-section-boxed elementor-section-height-default elementor-section-height-default\" data-id=\"54a0dcc\" data-element_type=\"section\">\n\t\t\t\t\t\t<div class=\"elementor-container elementor-column-gap-default\">\n\t\t\t\t\t<div class=\"elementor-column elementor-col-66 elementor-top-column elementor-element elementor-element-9cb5337\" data-id=\"9cb5337\" data-element_type=\"column\">\n\t\t\t<div class=\"elementor-widget-wrap elementor-element-populated\">\n\t\t\t\t\t\t<div class=\"elementor-element elementor-element-694a3d9 elementor-widget__width-initial elementor-widget elementor-widget-text-editor\" data-id=\"694a3d9\" data-element_type=\"widget\" data-widget_type=\"text-editor.default\">\n\t\t\t\t<div class=\"elementor-widget-container\">\n\t\t\t\t\t\t\t\t\t<p>Le kitesurf est un sport nautique passionnant qui consiste \u00e0 utiliser un cerf-volant pour propulser un kitesurf sur l'eau.<\/p><p>Dahab Dream Kite est un excellent point de d\u00e9part si vous \u00eates int\u00e9ress\u00e9 par une \u00e9cole de kitesurf \u00e0 Dahab.<\/p><p>Situ\u00e9e \u00e0 Dahab, en \u00c9gypte, Dahab Dream Kite est une \u00e9cole de kitesurf qui propose un \u00e9ventail de le\u00e7ons pour tous les niveaux d'exp\u00e9rience.<\/p><p>Du d\u00e9butant au confirm\u00e9, l'\u00e9quipe de Dahab Dream Kite peut vous aider \u00e0 apprendre le kitesurf dans un environnement s\u00fbr et agr\u00e9able.<\/p><p>Les le\u00e7ons de kitesurf \u00e0 Dahab Dream Kite sont dispens\u00e9es par des instructeurs exp\u00e9riment\u00e9s et certifi\u00e9s qui ont \u00e0 c\u0153ur de vous aider \u00e0 r\u00e9ussir.<\/p><p>Les le\u00e7ons sont amusantes, instructives et adapt\u00e9es \u00e0 vos besoins afin que vous puissiez progresser \u00e0 votre propre rythme.<\/p><p>Outre les le\u00e7ons de kitesurf, Dahab Dream Kite propose \u00e9galement une gamme d'\u00e9quipements de kitesurf \u00e0 louer.<\/p><p>Que vous soyez un kitesurfeur exp\u00e9riment\u00e9 souhaitant essayer un nouveau mat\u00e9riel ou un d\u00e9butant ayant besoin de tout ce dont il a besoin pour commencer, Dahab Dream Kite vous couvre.<\/p><p>Dahab Dream Kite est un <a title=\"\u00c9cole affili\u00e9e \u00e0 l&#039;IKO (International Kiteboarding Organization)\" href=\"https:\/\/www.ikointl.com\/\" target=\"_blank\" rel=\"noopener\">\u00c9cole affili\u00e9e \u00e0 l'IKO (International Kiteboarding Organization)<\/a>Cela signifie que nous adh\u00e9rons aux normes de l'IKO pour l'enseignement du kitesurf.<\/p><p>Nos \u00e9tudiants re\u00e7oivent des certifications internationalement reconnues \u00e0 l'issue de nos cours.<\/p><p>Alors pourquoi attendre ? Si vous \u00eates pr\u00eat \u00e0 d\u00e9couvrir le sport passionnant qu'est le kitesurf, commencez d\u00e8s aujourd'hui !<\/p>\t\t\t\t\t\t\t\t<\/div>\n\t\t\t\t<\/div>\n\t\t\t\t<div class=\"elementor-element elementor-element-8fd646b elementor-align-center elementor-invisible elementor-widget elementor-widget-button\" data-id=\"8fd646b\" data-element_type=\"widget\" data-settings=\"{&quot;_animation&quot;:&quot;shake&quot;}\" data-widget_type=\"button.default\">\n\t\t\t\t<div class=\"elementor-widget-container\">\n\t\t\t\t\t\t\t\t\t<div class=\"elementor-button-wrapper\">\n\t\t\t\t\t<a class=\"elementor-button elementor-button-link elementor-size-sm\" href=\"https:\/\/dahabkitesurfing.com\/fr\/cours-de-kitesurf\/\">\n\t\t\t\t\t\t<span class=\"elementor-button-content-wrapper\">\n\t\t\t\t\t\t\t\t\t<span class=\"elementor-button-text\">Voir nos cours de Kitesurf \u00e0 Dahab<\/span>\n\t\t\t\t\t<\/span>\n\t\t\t\t\t<\/a>\n\t\t\t\t<\/div>\n\t\t\t\t\t\t\t\t<\/div>\n\t\t\t\t<\/div>\n\t\t\t\t\t<\/div>\n\t\t<\/div>\n\t\t\t\t<div class=\"elementor-column elementor-col-33 elementor-top-column elementor-element elementor-element-d7dfb4b\" data-id=\"d7dfb4b\" data-element_type=\"column\">\n\t\t\t<div class=\"elementor-widget-wrap elementor-element-populated\">\n\t\t\t\t\t\t<div class=\"elementor-element elementor-element-d05f509 elementor-widget elementor-widget-image\" data-id=\"d05f509\" data-element_type=\"widget\" data-widget_type=\"image.default\">\n\t\t\t\t<div class=\"elementor-widget-container\">\n\t\t\t\t\t\t\t\t\t\t\t\t\t\t\t<img decoding=\"async\" src=\"https:\/\/dahabkitesurfing.com\/wp-content\/uploads\/elementor\/thumbs\/Kitesurf-Instructor-Saleh-with-Student-rdcmcg91saext00m5dzcfbs2namqehtf961x49ibhc.jpg\" title=\"Saleh, moniteur de kitesurf, avec un \u00e9l\u00e8ve\" alt=\"Saleh, moniteur de kitesurf, avec un \u00e9l\u00e8ve\" loading=\"lazy\" \/>\t\t\t\t\t\t\t\t\t\t\t\t\t\t\t<\/div>\n\t\t\t\t<\/div>\n\t\t\t\t\t<\/div>\n\t\t<\/div>\n\t\t\t\t\t<\/div>\n\t\t<\/section>\n\t\t\t\t<section class=\"elementor-section elementor-top-section elementor-element elementor-element-2bb42a7 elementor-section-boxed elementor-section-height-default elementor-section-height-default\" data-id=\"2bb42a7\" data-element_type=\"section\">\n\t\t\t\t\t\t<div class=\"elementor-container elementor-column-gap-default\">\n\t\t\t\t\t<div class=\"elementor-column elementor-col-100 elementor-top-column elementor-element elementor-element-5df6726\" data-id=\"5df6726\" data-element_type=\"column\">\n\t\t\t<div class=\"elementor-widget-wrap elementor-element-populated\">\n\t\t\t\t\t\t<div class=\"elementor-element elementor-element-4c0abfe elementor-widget elementor-widget-heading\" data-id=\"4c0abfe\" data-element_type=\"widget\" data-widget_type=\"heading.default\">\n\t\t\t\t<div class=\"elementor-widget-container\">\n\t\t\t\t\t<h2 class=\"elementor-heading-title elementor-size-xxl\">\u00c9cole de kitesurf \u00e0 Dahab - Blue Lagoon<\/h2>\t\t\t\t<\/div>\n\t\t\t\t<\/div>\n\t\t\t\t<div class=\"elementor-element elementor-element-c2facda elementor-widget elementor-widget-text-editor\" data-id=\"c2facda\" data-element_type=\"widget\" data-widget_type=\"text-editor.default\">\n\t\t\t\t<div class=\"elementor-widget-container\">\n\t\t\t\t\t\t\t\t\t<p>Le Blue Lagoon de Dahab, en \u00c9gypte, est une destination bien connue des amateurs de kitesurf.<\/p><p>Il est situ\u00e9 \u00e0 environ 10 kilom\u00e8tres (6,2 miles) au nord de la ville de Dahab, sur la c\u00f4te sud-est de la p\u00e9ninsule du Sina\u00ef, le long de la mer Rouge.<\/p><p>Le kitesurf dans le lagon bleu est tr\u00e8s populaire en raison de ses conditions id\u00e9ales pour la pratique du kitesurf.<\/p><p>Le lagon est un plan d'eau peu profond et prot\u00e9g\u00e9, aux eaux cristallines et bleu turquoise.<\/p><p>Il est entour\u00e9 d'un magnifique paysage d\u00e9sertique, avec les montagnes du Sina\u00ef en arri\u00e8re-plan.<\/p><p>La combinaison d'eaux peu profondes, de vents r\u00e9guliers et de paysages magnifiques fait du Blue Lagoon un lieu privil\u00e9gi\u00e9 pour la pratique du kitesurf.<\/p><p>Une fois arriv\u00e9 au Blue Lagoon, vous disposez d'un vaste espace pour vous lancer et profiter de vos sessions de kitesurf.<\/p><p>La beaut\u00e9 de l'endroit et les conditions de vent fiables en font une destination incontournable pour les kitesurfers \u00e0 Dahab, et il est connu pour offrir une exp\u00e9rience de kitesurf inoubliable en \u00c9gypte.<\/p>\t\t\t\t\t\t\t\t<\/div>\n\t\t\t\t<\/div>\n\t\t\t\t<section class=\"elementor-section elementor-inner-section elementor-element elementor-element-4023cd1 elementor-section-boxed elementor-section-height-default elementor-section-height-default\" data-id=\"4023cd1\" data-element_type=\"section\">\n\t\t\t\t\t\t<div class=\"elementor-container elementor-column-gap-default\">\n\t\t\t\t\t<div class=\"elementor-column elementor-col-50 elementor-inner-column elementor-element elementor-element-8ea9150\" data-id=\"8ea9150\" data-element_type=\"column\">\n\t\t\t<div class=\"elementor-widget-wrap elementor-element-populated\">\n\t\t\t\t\t\t<div class=\"elementor-element elementor-element-57d6ec2 elementor-widget elementor-widget-image\" data-id=\"57d6ec2\" data-element_type=\"widget\" data-widget_type=\"image.default\">\n\t\t\t\t<div class=\"elementor-widget-container\">\n\t\t\t\t\t\t\t\t\t\t\t\t\t\t\t<img fetchpriority=\"high\" decoding=\"async\" width=\"768\" height=\"512\" src=\"https:\/\/dahabkitesurfing.com\/wp-content\/uploads\/Kitesurfing-School-Blue-Lagoona-Dahab-Dream-Kite-768x512.jpg\" class=\"attachment-medium_large size-medium_large wp-image-839\" alt=\"\u00c9cole de kitesurf Blue Lagoona Dahab Dream Kite\" srcset=\"https:\/\/dahabkitesurfing.com\/wp-content\/uploads\/Kitesurfing-School-Blue-Lagoona-Dahab-Dream-Kite-768x512.jpg 768w, https:\/\/dahabkitesurfing.com\/wp-content\/uploads\/Kitesurfing-School-Blue-Lagoona-Dahab-Dream-Kite-600x400.jpg 600w, https:\/\/dahabkitesurfing.com\/wp-content\/uploads\/Kitesurfing-School-Blue-Lagoona-Dahab-Dream-Kite-300x200.jpg 300w, https:\/\/dahabkitesurfing.com\/wp-content\/uploads\/Kitesurfing-School-Blue-Lagoona-Dahab-Dream-Kite-1024x683.jpg 1024w, https:\/\/dahabkitesurfing.com\/wp-content\/uploads\/Kitesurfing-School-Blue-Lagoona-Dahab-Dream-Kite-18x12.jpg 18w, https:\/\/dahabkitesurfing.com\/wp-content\/uploads\/Kitesurfing-School-Blue-Lagoona-Dahab-Dream-Kite.jpg 1200w\" sizes=\"(max-width: 768px) 100vw, 768px\" \/>\t\t\t\t\t\t\t\t\t\t\t\t\t\t\t<\/div>\n\t\t\t\t<\/div>\n\t\t\t\t\t<\/div>\n\t\t<\/div>\n\t\t\t\t<div class=\"elementor-column elementor-col-50 elementor-inner-column elementor-element elementor-element-a161107\" data-id=\"a161107\" data-element_type=\"column\">\n\t\t\t<div class=\"elementor-widget-wrap elementor-element-populated\">\n\t\t\t\t\t\t<div class=\"elementor-element elementor-element-6b42236 elementor-widget elementor-widget-image\" data-id=\"6b42236\" data-element_type=\"widget\" data-widget_type=\"image.default\">\n\t\t\t\t<div class=\"elementor-widget-container\">\n\t\t\t\t\t\t\t\t\t\t\t\t\t\t\t<img decoding=\"async\" width=\"768\" height=\"512\" src=\"https:\/\/dahabkitesurfing.com\/wp-content\/uploads\/kitesurfing-safety-boat-blue-lagoon-dahab-768x512.jpg\" class=\"attachment-medium_large size-medium_large wp-image-834\" alt=\"\u00e9cole de kitesurf bateau de s\u00e9curit\u00e9 lagon bleu dahab\" srcset=\"https:\/\/dahabkitesurfing.com\/wp-content\/uploads\/kitesurfing-safety-boat-blue-lagoon-dahab-768x512.jpg 768w, https:\/\/dahabkitesurfing.com\/wp-content\/uploads\/kitesurfing-safety-boat-blue-lagoon-dahab-600x400.jpg 600w, https:\/\/dahabkitesurfing.com\/wp-content\/uploads\/kitesurfing-safety-boat-blue-lagoon-dahab-300x200.jpg 300w, https:\/\/dahabkitesurfing.com\/wp-content\/uploads\/kitesurfing-safety-boat-blue-lagoon-dahab-1024x683.jpg 1024w, https:\/\/dahabkitesurfing.com\/wp-content\/uploads\/kitesurfing-safety-boat-blue-lagoon-dahab-18x12.jpg 18w, https:\/\/dahabkitesurfing.com\/wp-content\/uploads\/kitesurfing-safety-boat-blue-lagoon-dahab.jpg 1200w\" sizes=\"(max-width: 768px) 100vw, 768px\" \/>\t\t\t\t\t\t\t\t\t\t\t\t\t\t\t<\/div>\n\t\t\t\t<\/div>\n\t\t\t\t\t<\/div>\n\t\t<\/div>\n\t\t\t\t\t<\/div>\n\t\t<\/section>\n\t\t\t\t<div class=\"elementor-element elementor-element-6ca9514 elementor-widget elementor-widget-heading\" data-id=\"6ca9514\" data-element_type=\"widget\" data-widget_type=\"heading.default\">\n\t\t\t\t<div class=\"elementor-widget-container\">\n\t\t\t\t\t<h3 class=\"elementor-heading-title elementor-size-xl\">Autres choses \u00e0 faire au Lagon Bleu<\/h3>\t\t\t\t<\/div>\n\t\t\t\t<\/div>\n\t\t\t\t<div class=\"elementor-element elementor-element-e8dede1 elementor-widget elementor-widget-text-editor\" data-id=\"e8dede1\" data-element_type=\"widget\" data-widget_type=\"text-editor.default\">\n\t\t\t\t<div class=\"elementor-widget-container\">\n\t\t\t\t\t\t\t\t\t<div class=\"flex-1 overflow-hidden\"><div class=\"react-scroll-to-bottom--css-gmcoc-79elbk h-full dark:bg-gray-800\"><div class=\"react-scroll-to-bottom--css-gmcoc-1n7m0yu\"><div class=\"flex flex-col text-sm dark:bg-gray-800\"><div class=\"group w-full text-token-text-primary border-b border-black\/10 dark:border-gray-900\/50 bg-gray-50 dark:bg-[#444654]\" data-testid=\"conversation-turn-5\"><div class=\"p-4 justify-center text-base md:gap-6 md:py-6 m-auto\"><div class=\"flex flex-1 gap-4 text-base mx-auto md:gap-6 md:max-w-2xl lg:max-w-[38rem] xl:max-w-3xl }\"><div class=\"relative flex w-[calc(100%-50px)] flex-col gap-1 md:gap-3 lg:w-[calc(100%-115px)]\"><div class=\"flex flex-grow flex-col gap-3 max-w-full\"><div class=\"min-h-[20px] flex flex-col items-start gap-3 overflow-x-auto whitespace-pre-wrap break-words\"><div class=\"markdown prose w-full break-words dark:prose-invert light\"><p>Si le Blue Lagoon de Dahab, en \u00c9gypte, est surtout r\u00e9put\u00e9 pour ses excellentes conditions de kitesurf, il existe plusieurs autres activit\u00e9s et attractions que les visiteurs peuvent pratiquer dans ce lieu pittoresque et aux alentours :<\/p><ol><li><p><strong>Plong\u00e9e en apn\u00e9e et plong\u00e9e sous-marine<\/strong>: Le Blue Lagoon offre de fantastiques possibilit\u00e9s de plong\u00e9e avec masque et tuba. Ses eaux claires et calmes abritent diverses esp\u00e8ces marines et des r\u00e9cifs coralliens, ce qui en fait un excellent endroit pour l'exploration sous-marine.<\/p><\/li><li><p><strong>D\u00e9tente<\/strong>: L'atmosph\u00e8re tranquille et la beaut\u00e9 naturelle \u00e9poustouflante du Blue Lagoon en font un lieu id\u00e9al pour se d\u00e9tendre. Vous pouvez vous pr\u00e9lasser sur la plage, profiter du soleil ou admirer la vue imprenable sur le d\u00e9sert et les montagnes.<\/p><\/li><li><p><strong>Natation<\/strong>: Les eaux calmes et peu profondes du lagon sont parfaites pour la baignade, en particulier pour ceux qui ne pratiquent pas le kitesurf ou d'autres sports nautiques. C'est un endroit s\u00fbr et agr\u00e9able pour une baignade rafra\u00eechissante.<\/p><\/li><li><p><strong>Randonn\u00e9e \u00e0 dos de chameau et \u00e0 cheval<\/strong>: Vous pouvez faire des promenades \u00e0 dos de chameau ou de cheval le long de la plage et dans le d\u00e9sert, ce qui ajoutera une touche d'aventure \u00e0 votre visite.<\/p><\/li><li><p><strong>Retraites de yoga et de bien-\u00eatre<\/strong>: Certains centres de vill\u00e9giature et de yoga de la r\u00e9gion proposent des retraites de yoga et de bien-\u00eatre, vous permettant de combiner la relaxation avec la remise en forme et le soin de soi.<\/p><\/li><li><p><strong>L'observation des \u00e9toiles<\/strong>: Le ciel nocturne clair du d\u00e9sert entourant le Blue Lagoon est parfait pour l'observation des \u00e9toiles. Vous pouvez appr\u00e9cier la beaut\u00e9 des \u00e9toiles et des constellations loin des lumi\u00e8res de la ville.<\/p><\/li><li><p><strong>Explorer les attractions des environs<\/strong>: Dahab poss\u00e8de plusieurs attractions, dont le c\u00e9l\u00e8bre site de plong\u00e9e Blue Hole, le Lighthouse Reef et le Dahab Canyon. Vous pouvez faire des excursions d'une journ\u00e9e ou des visites guid\u00e9es pour explorer ces merveilles naturelles \u00e0 proximit\u00e9.<\/p><\/li><\/ol><p>Le Blue Lagoon n'est pas seulement un lieu de pr\u00e9dilection pour une \u00e9cole de kitesurf \u00e0 Dahab, c'est aussi une destination qui propose diverses activit\u00e9s et exp\u00e9riences, convenant aussi bien aux amateurs d'aventure qu'\u00e0 ceux qui recherchent une escapade tranquille.<\/p><\/div><\/div><\/div><\/div><\/div><\/div><\/div><\/div><\/div><\/div><\/div>\t\t\t\t\t\t\t\t<\/div>\n\t\t\t\t<\/div>\n\t\t\t\t\t<\/div>\n\t\t<\/div>\n\t\t\t\t\t<\/div>\n\t\t<\/section>\n\t\t\t\t<section class=\"elementor-section elementor-top-section elementor-element elementor-element-22fa3782 elementor-section-boxed elementor-section-height-default elementor-section-height-default\" data-id=\"22fa3782\" data-element_type=\"section\">\n\t\t\t\t\t\t<div class=\"elementor-container elementor-column-gap-default\">\n\t\t\t\t\t<div class=\"elementor-column elementor-col-100 elementor-top-column elementor-element elementor-element-2fd311a2\" data-id=\"2fd311a2\" data-element_type=\"column\">\n\t\t\t<div class=\"elementor-widget-wrap elementor-element-populated\">\n\t\t\t\t\t\t<div class=\"elementor-element elementor-element-3bc5acb4 elementor-widget elementor-widget-heading\" data-id=\"3bc5acb4\" data-element_type=\"widget\" data-widget_type=\"heading.default\">\n\t\t\t\t<div class=\"elementor-widget-container\">\n\t\t\t\t\t<h2 class=\"elementor-heading-title elementor-size-default\">La beaut\u00e9 du kitesurf<\/h2>\t\t\t\t<\/div>\n\t\t\t\t<\/div>\n\t\t\t\t<div class=\"elementor-element elementor-element-d0a9d73 elementor-widget elementor-widget-text-editor\" data-id=\"d0a9d73\" data-element_type=\"widget\" data-widget_type=\"text-editor.default\">\n\t\t\t\t<div class=\"elementor-widget-container\">\n\t\t\t\t\t\t\t\t\t<p>La beaut\u00e9 du kitesurf \u00e0 Dahab est d\u00e9crite par notre moniteur de kitesurf, Saleh, dans la vid\u00e9o ci-dessous. La vid\u00e9o contient des sc\u00e8nes de notre principale zone d'entra\u00eenement dans le Blue Lagoon et notre \u00e9cole de kitesurf \u00e0 Dahab se trouve \u00e0 proximit\u00e9.<\/p><p>Notre autre zone d'entra\u00eenement au kitesurf est le Lagoona \u00e0 Dahab. Appr\u00e9ciez la vid\u00e9o, et nous sommes impatients de faire du kitesurf avec vous.<\/p>\t\t\t\t\t\t\t\t<\/div>\n\t\t\t\t<\/div>\n\t\t\t\t<section class=\"elementor-section elementor-inner-section elementor-element elementor-element-6e3d7bd2 elementor-section-boxed elementor-section-height-default elementor-section-height-default\" data-id=\"6e3d7bd2\" data-element_type=\"section\">\n\t\t\t\t\t\t<div class=\"elementor-container elementor-column-gap-default\">\n\t\t\t\t\t<div class=\"elementor-column elementor-col-100 elementor-inner-column elementor-element elementor-element-4f6acb70\" data-id=\"4f6acb70\" data-element_type=\"column\">\n\t\t\t<div class=\"elementor-widget-wrap elementor-element-populated\">\n\t\t\t\t\t\t<div class=\"elementor-element elementor-element-6b7cdab0 elementor-widget__width-initial elementor-widget elementor-widget-video\" data-id=\"6b7cdab0\" data-element_type=\"widget\" data-settings=\"{&quot;video_type&quot;:&quot;hosted&quot;,&quot;controls&quot;:&quot;yes&quot;}\" data-widget_type=\"video.default\">\n\t\t\t\t<div class=\"elementor-widget-container\">\n\t\t\t\t\t\t\t<div class=\"e-hosted-video elementor-wrapper elementor-open-inline\">\n\t\t\t\t\t<video class=\"elementor-video\" src=\"https:\/\/dahabkitesurfing.com\/kitesurfing dahab dream kite.mp4\" controls=\"\" preload=\"metadata\" controlslist=\"nodownload\" poster=\"https:\/\/dahabkitesurfing.com\/wp-content\/uploads\/2023\/04\/kitesurfing-dahab-dream-kite.jpg\"><\/video>\n\t\t\t\t<\/div>\n\t\t\t\t\t\t<\/div>\n\t\t\t\t<\/div>\n\t\t\t\t<div class=\"elementor-element elementor-element-ac54e75 elementor-align-center elementor-invisible elementor-widget elementor-widget-button\" data-id=\"ac54e75\" data-element_type=\"widget\" data-settings=\"{&quot;_animation&quot;:&quot;shake&quot;}\" data-widget_type=\"button.default\">\n\t\t\t\t<div class=\"elementor-widget-container\">\n\t\t\t\t\t\t\t\t\t<div class=\"elementor-button-wrapper\">\n\t\t\t\t\t<a class=\"elementor-button elementor-button-link elementor-size-sm\" href=\"https:\/\/dahabkitesurfing.com\/fr\/cours-de-kitesurf\/\">\n\t\t\t\t\t\t<span class=\"elementor-button-content-wrapper\">\n\t\t\t\t\t\t\t\t\t<span class=\"elementor-button-text\">Voir nos cours de Kitesurf \u00e0 Dahab<\/span>\n\t\t\t\t\t<\/span>\n\t\t\t\t\t<\/a>\n\t\t\t\t<\/div>\n\t\t\t\t\t\t\t\t<\/div>\n\t\t\t\t<\/div>\n\t\t\t\t\t<\/div>\n\t\t<\/div>\n\t\t\t\t\t<\/div>\n\t\t<\/section>\n\t\t\t\t\t<\/div>\n\t\t<\/div>\n\t\t\t\t\t<\/div>\n\t\t<\/section>\n\t\t\t\t<section class=\"elementor-section elementor-top-section elementor-element elementor-element-814fdcd elementor-section-boxed elementor-section-height-default elementor-section-height-default\" data-id=\"814fdcd\" data-element_type=\"section\">\n\t\t\t\t\t\t<div class=\"elementor-container elementor-column-gap-default\">\n\t\t\t\t\t<div class=\"elementor-column elementor-col-100 elementor-top-column elementor-element elementor-element-44760be\" data-id=\"44760be\" data-element_type=\"column\">\n\t\t\t<div class=\"elementor-widget-wrap\">\n\t\t\t\t\t\t\t<\/div>\n\t\t<\/div>\n\t\t\t\t\t<\/div>\n\t\t<\/section>\n\t\t\t\t<\/div>","protected":false},"excerpt":{"rendered":"<p>Dahab Dream Kite \u00c9cole de kitesurf \u00e0 Dahab Le kitesurf est un sport nautique passionnant qui consiste \u00e0 utiliser un cerf-volant pour propulser un kitesurf sur l'eau. Dahab Dream Kite est un excellent point de d\u00e9part si vous \u00eates int\u00e9ress\u00e9 par une \u00e9cole de kitesurf \u00e0 Dahab. Situ\u00e9 \u00e0 Dahab, en Egypte, Dahab Dream Kite est une \u00e9cole de kitesurf [...]<\/p>","protected":false},"author":1,"featured_media":186,"parent":0,"menu_order":0,"comment_status":"closed","ping_status":"closed","template":"elementor_header_footer","meta":{"slim_seo":{"title":"Kitesurfing School in Dahab - Dahab Dream Kite","description":"Dahab Dream Kite Kitesurfing School in Dahab Le kitesurf est un sport nautique passionnant qui consiste \u00e0 utiliser un cerf-volant pour propulser un kitesurf sur l'eau."},"footnotes":""},"class_list":["post-147","page","type-page","status-publish","has-post-thumbnail","hentry"],"_links":{"self":[{"href":"https:\/\/dahabkitesurfing.com\/fr\/wp-json\/wp\/v2\/pages\/147","targetHints":{"allow":["GET"]}}],"collection":[{"href":"https:\/\/dahabkitesurfing.com\/fr\/wp-json\/wp\/v2\/pages"}],"about":[{"href":"https:\/\/dahabkitesurfing.com\/fr\/wp-json\/wp\/v2\/types\/page"}],"author":[{"embeddable":true,"href":"https:\/\/dahabkitesurfing.com\/fr\/wp-json\/wp\/v2\/users\/1"}],"replies":[{"embeddable":true,"href":"https:\/\/dahabkitesurfing.com\/fr\/wp-json\/wp\/v2\/comments?post=147"}],"version-history":[{"count":77,"href":"https:\/\/dahabkitesurfing.com\/fr\/wp-json\/wp\/v2\/pages\/147\/revisions"}],"predecessor-version":[{"id":1292,"href":"https:\/\/dahabkitesurfing.com\/fr\/wp-json\/wp\/v2\/pages\/147\/revisions\/1292"}],"wp:featuredmedia":[{"embeddable":true,"href":"https:\/\/dahabkitesurfing.com\/fr\/wp-json\/wp\/v2\/media\/186"}],"wp:attachment":[{"href":"https:\/\/dahabkitesurfing.com\/fr\/wp-json\/wp\/v2\/media?parent=147"}],"curies":[{"name":"wp","href":"https:\/\/api.w.org\/{rel}","templated":true}]}}