{"id":153,"date":"2023-04-03T09:21:43","date_gmt":"2023-04-03T09:21:43","guid":{"rendered":"https:\/\/dahabkitesurfing.com\/?page_id=153"},"modified":"2023-05-10T15:35:33","modified_gmt":"2023-05-10T15:35:33","slug":"conditions-dutilisation","status":"publish","type":"page","link":"https:\/\/dahabkitesurfing.com\/fr\/conditions-dutilisation\/","title":{"rendered":"Conditions d'utilisation"},"content":{"rendered":"<div data-elementor-type=\"wp-page\" data-elementor-id=\"153\" class=\"elementor elementor-153\" data-elementor-post-type=\"page\">\n\t\t\t\t\t\t<section class=\"elementor-section elementor-top-section elementor-element elementor-element-0719087 elementor-section-boxed elementor-section-height-default elementor-section-height-default\" data-id=\"0719087\" data-element_type=\"section\">\n\t\t\t\t\t\t<div class=\"elementor-container elementor-column-gap-default\">\n\t\t\t\t\t<div class=\"elementor-column elementor-col-100 elementor-top-column elementor-element elementor-element-fc094f5\" data-id=\"fc094f5\" data-element_type=\"column\">\n\t\t\t<div class=\"elementor-widget-wrap elementor-element-populated\">\n\t\t\t\t\t\t<div class=\"elementor-element elementor-element-a9c0481 elementor-widget elementor-widget-heading\" data-id=\"a9c0481\" data-element_type=\"widget\" data-widget_type=\"heading.default\">\n\t\t\t\t<div class=\"elementor-widget-container\">\n\t\t\t\t\t<h1 class=\"elementor-heading-title elementor-size-default\">Conditions g\u00e9n\u00e9rales d'utilisation<\/h1>\t\t\t\t<\/div>\n\t\t\t\t<\/div>\n\t\t\t\t<div class=\"elementor-element elementor-element-a246043 elementor-widget elementor-widget-text-editor\" data-id=\"a246043\" data-element_type=\"widget\" data-widget_type=\"text-editor.default\">\n\t\t\t\t<div class=\"elementor-widget-container\">\n\t\t\t\t\t\t\t\t\t<p>Bienvenue \u00e0 Dahab Dream Kite !<\/p><p>Ces termes et conditions d\u00e9finissent les r\u00e8gles et r\u00e8glements pour l'utilisation du site Internet de Dahab Dream Kite, situ\u00e9 \u00e0 l'adresse https:\/\/dahabkitesurfing.com\/.<\/p><p>En acc\u00e9dant \u00e0 ce site web, nous supposons que vous acceptez ces termes et conditions. Ne continuez pas \u00e0 utiliser Dahab Dream Kite si vous n'acceptez pas tous les termes et conditions \u00e9nonc\u00e9s sur cette page.<\/p><p>La terminologie suivante s'applique aux pr\u00e9sentes conditions g\u00e9n\u00e9rales, \u00e0 la d\u00e9claration de confidentialit\u00e9, \u00e0 l'avis de non-responsabilit\u00e9 et \u00e0 tous les accords : \"Client\", \"Vous\" et \"Votre\" se r\u00e9f\u00e8rent \u00e0 vous, la personne qui se connecte \u00e0 ce site web et qui se conforme aux conditions g\u00e9n\u00e9rales de la Soci\u00e9t\u00e9. \"La Soci\u00e9t\u00e9\", \"Nous\", \"Nous\", \"Notre\" et \"Nos\", se r\u00e9f\u00e8re \u00e0 notre Soci\u00e9t\u00e9. Les termes \"partie\", \"parties\" ou \"nous\" d\u00e9signent \u00e0 la fois le client et nous-m\u00eames. Tous les termes se r\u00e9f\u00e8rent \u00e0 l'offre, \u00e0 l'acceptation et \u00e0 la consid\u00e9ration du paiement n\u00e9cessaire pour entreprendre le processus de notre assistance au Client de la mani\u00e8re la plus appropri\u00e9e dans le but expr\u00e8s de r\u00e9pondre aux besoins du Client en ce qui concerne la fourniture des services d\u00e9clar\u00e9s de la Soci\u00e9t\u00e9, conform\u00e9ment et sous r\u00e9serve de la loi en vigueur. Toute utilisation de la terminologie ci-dessus ou d'autres mots au singulier, au pluriel, avec une majuscule et\/ou il\/elle ou ils\/elles, est consid\u00e9r\u00e9e comme interchangeable et donc comme se r\u00e9f\u00e9rant \u00e0 la m\u00eame chose.<\/p>\t\t\t\t\t\t\t\t<\/div>\n\t\t\t\t<\/div>\n\t\t\t\t<div class=\"elementor-element elementor-element-d595531 elementor-widget elementor-widget-heading\" data-id=\"d595531\" data-element_type=\"widget\" data-widget_type=\"heading.default\">\n\t\t\t\t<div class=\"elementor-widget-container\">\n\t\t\t\t\t<h2 class=\"elementor-heading-title elementor-size-xl\">Cookies<\/h2>\t\t\t\t<\/div>\n\t\t\t\t<\/div>\n\t\t\t\t<div class=\"elementor-element elementor-element-8f5007d elementor-widget elementor-widget-text-editor\" data-id=\"8f5007d\" data-element_type=\"widget\" data-widget_type=\"text-editor.default\">\n\t\t\t\t<div class=\"elementor-widget-container\">\n\t\t\t\t\t\t\t\t\t<p>Nous utilisons des cookies. En acc\u00e9dant \u00e0 Dahab Dream Kite, vous acceptez d'utiliser les cookies en accord avec la politique de confidentialit\u00e9 de Dahab Dream Kite.<\/p><p>La plupart des sites web interactifs utilisent des cookies pour nous permettre de r\u00e9cup\u00e9rer les d\u00e9tails de l'utilisateur \u00e0 chaque visite. Les cookies sont utilis\u00e9s par notre site web pour permettre la fonctionnalit\u00e9 de certaines zones afin de faciliter la t\u00e2che des personnes qui visitent notre site web. Certains de nos partenaires affili\u00e9s\/publicitaires peuvent \u00e9galement utiliser des cookies.<\/p>\t\t\t\t\t\t\t\t<\/div>\n\t\t\t\t<\/div>\n\t\t\t\t<div class=\"elementor-element elementor-element-ac40b91 elementor-widget elementor-widget-heading\" data-id=\"ac40b91\" data-element_type=\"widget\" data-widget_type=\"heading.default\">\n\t\t\t\t<div class=\"elementor-widget-container\">\n\t\t\t\t\t<h2 class=\"elementor-heading-title elementor-size-xl\">Licence<\/h2>\t\t\t\t<\/div>\n\t\t\t\t<\/div>\n\t\t\t\t<div class=\"elementor-element elementor-element-9f9d18a elementor-widget elementor-widget-text-editor\" data-id=\"9f9d18a\" data-element_type=\"widget\" data-widget_type=\"text-editor.default\">\n\t\t\t\t<div class=\"elementor-widget-container\">\n\t\t\t\t\t\t\t\t\t<p>Sauf indication contraire, Dahab Dream Kite et\/ou ses conc\u00e9dants de licence d\u00e9tiennent les droits de propri\u00e9t\u00e9 intellectuelle pour tout le mat\u00e9riel pr\u00e9sent sur Dahab Dream Kite. Tous les droits de propri\u00e9t\u00e9 intellectuelle sont r\u00e9serv\u00e9s. Vous pouvez acc\u00e9der \u00e0 ce site de Dahab Dream Kite pour votre usage personnel, sous r\u00e9serve des restrictions \u00e9nonc\u00e9es dans les pr\u00e9sentes conditions g\u00e9n\u00e9rales.<\/p><p>Vous ne devez pas :<\/p><ul><li>Reproduire le mat\u00e9riel de Dahab Dream Kite<\/li><li>Vendre, louer ou donner en sous-licence du mat\u00e9riel de Dahab Dream Kite<\/li><li>Reproduire, dupliquer ou copier le mat\u00e9riel de Dahab Dream Kite<\/li><li>Redistribuer le contenu de Dahab Dream Kite<\/li><\/ul><p>Certaines parties de ce site web offrent aux utilisateurs la possibilit\u00e9 de publier et d'\u00e9changer des opinions et des informations dans certaines zones du site. Dahab Dream Kite ne filtre pas, n'\u00e9dite pas, ne publie pas et ne r\u00e9vise pas les commentaires avant qu'ils ne soient publi\u00e9s sur le site. Les commentaires ne refl\u00e8tent pas les points de vue et les opinions de Dahab Dream Kite, de ses agents et\/ou de ses affili\u00e9s. Les commentaires refl\u00e8tent les points de vue et les opinions de la personne qui les a publi\u00e9s. Dans la mesure o\u00f9 les lois applicables le permettent, Dahab Dream Kite ne sera pas responsable des commentaires ou de toute responsabilit\u00e9, dommage ou d\u00e9pense caus\u00e9s et\/ou subis suite \u00e0 l'utilisation et\/ou la publication et\/ou l'apparition des commentaires sur ce site web.<\/p><p>Dahab Dream Kite se r\u00e9serve le droit de contr\u00f4ler tous les commentaires et de supprimer tous les commentaires qui peuvent \u00eatre consid\u00e9r\u00e9s comme inappropri\u00e9s, offensants ou qui constituent une violation des pr\u00e9sentes conditions g\u00e9n\u00e9rales.<\/p><p>Vous garantissez et d\u00e9clarez que<\/p><ul><li>Vous avez le droit de publier les commentaires sur notre site web et disposez de toutes les licences et autorisations n\u00e9cessaires pour ce faire ;<\/li><li>Les commentaires ne portent atteinte \u00e0 aucun droit de propri\u00e9t\u00e9 intellectuelle, y compris, mais sans s'y limiter, les droits d'auteur, les brevets ou les marques d\u00e9pos\u00e9es d'un tiers ;<\/li><li>Les commentaires ne contiennent pas d'\u00e9l\u00e9ments diffamatoires, offensants, ind\u00e9cents ou ill\u00e9gaux portant atteinte \u00e0 la vie priv\u00e9e.<\/li><li>Les commentaires ne seront pas utilis\u00e9s pour solliciter ou promouvoir des affaires ou des coutumes, ni pour pr\u00e9senter des activit\u00e9s commerciales ou des activit\u00e9s ill\u00e9gales.<\/li><\/ul><p>Par la pr\u00e9sente, vous accordez \u00e0 Dahab Dream Kite une licence non exclusive pour utiliser, reproduire, \u00e9diter et autoriser d'autres personnes \u00e0 utiliser, reproduire et \u00e9diter n'importe lequel de vos commentaires sous n'importe quelle forme, format ou m\u00e9dia.<\/p>\t\t\t\t\t\t\t\t<\/div>\n\t\t\t\t<\/div>\n\t\t\t\t<div class=\"elementor-element elementor-element-40c8fdf elementor-widget elementor-widget-heading\" data-id=\"40c8fdf\" data-element_type=\"widget\" data-widget_type=\"heading.default\">\n\t\t\t\t<div class=\"elementor-widget-container\">\n\t\t\t\t\t<h2 class=\"elementor-heading-title elementor-size-xl\">Hyperliens vers notre contenu<\/h2>\t\t\t\t<\/div>\n\t\t\t\t<\/div>\n\t\t\t\t<div class=\"elementor-element elementor-element-7b7c528 elementor-widget elementor-widget-text-editor\" data-id=\"7b7c528\" data-element_type=\"widget\" data-widget_type=\"text-editor.default\">\n\t\t\t\t<div class=\"elementor-widget-container\">\n\t\t\t\t\t\t\t\t\t<p>Les organisations suivantes peuvent \u00e9tablir un lien avec notre site web sans autorisation \u00e9crite pr\u00e9alable :<\/p><ul><li>Agences gouvernementales ;<\/li><li>Moteurs de recherche ;<\/li><li>Organisations de presse ;<\/li><li>Les distributeurs d'annuaires en ligne peuvent \u00e9tablir des liens avec notre site web de la m\u00eame mani\u00e8re qu'ils \u00e9tablissent des liens hypertextes avec les sites web d'autres entreprises r\u00e9pertori\u00e9es ; et<\/li><li>Les entreprises accr\u00e9dit\u00e9es \u00e0 l'\u00e9chelle du syst\u00e8me, \u00e0 l'exception des organisations \u00e0 but non lucratif, des centres commerciaux caritatifs et des groupes de collecte de fonds caritatifs, qui ne peuvent pas cr\u00e9er d'hyperliens vers notre site Web.<\/li><\/ul><p>Ces organisations peuvent \u00e9tablir un lien avec notre page d'accueil, nos publications ou d'autres informations du site web, \u00e0 condition que le lien ne soit pas trompeur : (a) ne soit en aucun cas trompeur ; (b) n'implique pas faussement le parrainage, l'approbation ou le soutien de la partie qui \u00e9tablit le lien et de ses produits et\/ou services ; et (c) s'inscrive dans le contexte du site de la partie qui \u00e9tablit le lien.<\/p><p>Nous pouvons prendre en consid\u00e9ration et approuver d'autres demandes de liens \u00e9manant des types d'organisations suivants :<\/p><ul><li>des sources d'information connues des consommateurs et\/ou des entreprises ;<\/li><li>les sites communautaires dot.com ;<\/li><li>les associations ou autres groupes repr\u00e9sentant les organisations caritatives ;<\/li><li>distributeurs d'annuaires en ligne ;<\/li><li>les portails internet ;<\/li><li>les cabinets d'experts-comptables, d'avocats et de consultants ; et<\/li><li>les \u00e9tablissements d'enseignement et les associations professionnelles.<\/li><\/ul><p>Nous approuverons les demandes de liens \u00e9manant de ces organisations si nous d\u00e9cidons que : (a) le lien ne donnera pas une image d\u00e9favorable de nous-m\u00eames ou de nos entreprises accr\u00e9dit\u00e9es ; (b) l'organisation n'a pas d'ant\u00e9c\u00e9dents n\u00e9gatifs avec nous ; (c) l'avantage que nous tirons de la visibilit\u00e9 du lien hypertexte compense l'absence de Dahab Dream Kite ; et (d) le lien s'inscrit dans le contexte d'informations g\u00e9n\u00e9rales sur les ressources.<\/p><p>Ces organisations peuvent \u00e9tablir un lien avec notre page d'accueil \u00e0 condition que le lien : (a) ne soit en aucun cas trompeur ; (b) n'implique pas faussement le parrainage, l'approbation ou le soutien de la partie qui \u00e9tablit le lien et de ses produits ou services ; et (c) s'inscrive dans le contexte du site de la partie qui \u00e9tablit le lien.<\/p><p>Si vous \u00eates l'une des organisations \u00e9num\u00e9r\u00e9es au paragraphe 2 ci-dessus et que vous souhaitez cr\u00e9er un lien vers notre site web, vous devez nous en informer en envoyant un courrier \u00e9lectronique \u00e0 Dahab Dream Kite. Veuillez inclure votre nom, le nom de votre organisation, vos coordonn\u00e9es ainsi que l'URL de votre site, une liste des URL \u00e0 partir desquels vous avez l'intention de cr\u00e9er un lien vers notre site web, et une liste des URL de notre site vers lesquels vous aimeriez cr\u00e9er un lien. Attendez 2 \u00e0 3 semaines pour obtenir une r\u00e9ponse.<\/p><p>Les organisations agr\u00e9\u00e9es peuvent cr\u00e9er des liens hypertextes vers notre site web de la mani\u00e8re suivante :<\/p><ul><li>par l'utilisation de notre raison sociale ; ou<\/li><li>par l'utilisation du localisateur de ressources uniformes vers lequel le lien est \u00e9tabli ; ou<\/li><li>par l'utilisation de toute autre description de notre site web li\u00e9e au contexte et au format du contenu du site de la partie qui \u00e9tablit le lien.<\/li><\/ul><p>Aucune utilisation du logo de Dahab Dream Kite ou d'autres \u0153uvres d'art ne sera autoris\u00e9e pour la cr\u00e9ation de liens en l'absence d'un accord de licence de marque.<\/p>\t\t\t\t\t\t\t\t<\/div>\n\t\t\t\t<\/div>\n\t\t\t\t<div class=\"elementor-element elementor-element-83d869e elementor-widget elementor-widget-heading\" data-id=\"83d869e\" data-element_type=\"widget\" data-widget_type=\"heading.default\">\n\t\t\t\t<div class=\"elementor-widget-container\">\n\t\t\t\t\t<h2 class=\"elementor-heading-title elementor-size-xl\">iFrames<\/h2>\t\t\t\t<\/div>\n\t\t\t\t<\/div>\n\t\t\t\t<div class=\"elementor-element elementor-element-32b1b67 elementor-widget elementor-widget-text-editor\" data-id=\"32b1b67\" data-element_type=\"widget\" data-widget_type=\"text-editor.default\">\n\t\t\t\t<div class=\"elementor-widget-container\">\n\t\t\t\t\t\t\t\t\t<p>Sans accord pr\u00e9alable et autorisation \u00e9crite, vous ne pouvez pas cr\u00e9er de cadres autour de nos pages web qui modifient de quelque mani\u00e8re que ce soit la pr\u00e9sentation visuelle ou l'apparence de notre site web.<\/p>\t\t\t\t\t\t\t\t<\/div>\n\t\t\t\t<\/div>\n\t\t\t\t<div class=\"elementor-element elementor-element-a9ce4fc elementor-widget elementor-widget-heading\" data-id=\"a9ce4fc\" data-element_type=\"widget\" data-widget_type=\"heading.default\">\n\t\t\t\t<div class=\"elementor-widget-container\">\n\t\t\t\t\t<h2 class=\"elementor-heading-title elementor-size-xl\">Responsabilit\u00e9 du contenu<\/h2>\t\t\t\t<\/div>\n\t\t\t\t<\/div>\n\t\t\t\t<div class=\"elementor-element elementor-element-864ada8 elementor-widget elementor-widget-text-editor\" data-id=\"864ada8\" data-element_type=\"widget\" data-widget_type=\"text-editor.default\">\n\t\t\t\t<div class=\"elementor-widget-container\">\n\t\t\t\t\t\t\t\t\t<p>Nous ne serons pas tenus responsables du contenu qui appara\u00eet sur votre site web. Vous acceptez de nous prot\u00e9ger et de nous d\u00e9fendre contre toute r\u00e9clamation concernant le contenu de votre site web. Aucun lien ne doit appara\u00eetre sur un site web qui pourrait \u00eatre interpr\u00e9t\u00e9 comme diffamatoire, obsc\u00e8ne ou criminel, ou qui enfreint, viole ou pr\u00e9conise l'enfreinte ou la violation des droits d'un tiers.<\/p>\t\t\t\t\t\t\t\t<\/div>\n\t\t\t\t<\/div>\n\t\t\t\t<div class=\"elementor-element elementor-element-d24da77 elementor-widget elementor-widget-heading\" data-id=\"d24da77\" data-element_type=\"widget\" data-widget_type=\"heading.default\">\n\t\t\t\t<div class=\"elementor-widget-container\">\n\t\t\t\t\t<h2 class=\"elementor-heading-title elementor-size-xl\">R\u00e9serve de droits<\/h2>\t\t\t\t<\/div>\n\t\t\t\t<\/div>\n\t\t\t\t<div class=\"elementor-element elementor-element-e895fec elementor-widget elementor-widget-text-editor\" data-id=\"e895fec\" data-element_type=\"widget\" data-widget_type=\"text-editor.default\">\n\t\t\t\t<div class=\"elementor-widget-container\">\n\t\t\t\t\t\t\t\t\t<p>Nous nous r\u00e9servons le droit de vous demander de supprimer tous les liens ou un lien particulier vers notre site web. Vous acceptez de supprimer imm\u00e9diatement tous les liens vers notre site web sur demande. Nous nous r\u00e9servons \u00e9galement le droit de modifier \u00e0 tout moment les pr\u00e9sentes conditions g\u00e9n\u00e9rales et la politique en mati\u00e8re de liens. En continuant \u00e0 \u00e9tablir des liens vers notre site web, vous acceptez d'\u00eatre li\u00e9 par les pr\u00e9sentes conditions g\u00e9n\u00e9rales et de les respecter.<\/p>\t\t\t\t\t\t\t\t<\/div>\n\t\t\t\t<\/div>\n\t\t\t\t<div class=\"elementor-element elementor-element-3e26361 elementor-widget elementor-widget-heading\" data-id=\"3e26361\" data-element_type=\"widget\" data-widget_type=\"heading.default\">\n\t\t\t\t<div class=\"elementor-widget-container\">\n\t\t\t\t\t<h2 class=\"elementor-heading-title elementor-size-xl\">Suppression de liens sur notre site web<\/h2>\t\t\t\t<\/div>\n\t\t\t\t<\/div>\n\t\t\t\t<div class=\"elementor-element elementor-element-a39d591 elementor-widget__width-initial elementor-widget elementor-widget-text-editor\" data-id=\"a39d591\" data-element_type=\"widget\" data-widget_type=\"text-editor.default\">\n\t\t\t\t<div class=\"elementor-widget-container\">\n\t\t\t\t\t\t\t\t\t<p>Si vous trouvez un lien sur notre site web qui est offensant pour quelque raison que ce soit, vous \u00eates libre de nous contacter et de nous en informer \u00e0 tout moment. Nous examinerons les demandes de suppression de liens, mais nous ne sommes pas oblig\u00e9s de le faire ou de vous r\u00e9pondre directement.<\/p><p>Nous ne garantissons pas que les informations contenues dans ce site sont correctes, ni qu'elles sont compl\u00e8tes ou exactes ; nous ne promettons pas non plus de garantir que le site reste disponible ou que le mat\u00e9riel qu'il contient est mis \u00e0 jour.<\/p>\t\t\t\t\t\t\t\t<\/div>\n\t\t\t\t<\/div>\n\t\t\t\t<div class=\"elementor-element elementor-element-f6b5602 elementor-widget elementor-widget-heading\" data-id=\"f6b5602\" data-element_type=\"widget\" data-widget_type=\"heading.default\">\n\t\t\t\t<div class=\"elementor-widget-container\">\n\t\t\t\t\t<h2 class=\"elementor-heading-title elementor-size-xl\">Clause de non-responsabilit\u00e9<\/h2>\t\t\t\t<\/div>\n\t\t\t\t<\/div>\n\t\t\t\t<div class=\"elementor-element elementor-element-8165435 elementor-widget elementor-widget-text-editor\" data-id=\"8165435\" data-element_type=\"widget\" data-widget_type=\"text-editor.default\">\n\t\t\t\t<div class=\"elementor-widget-container\">\n\t\t\t\t\t\t\t\t\t<p>Dans toute la mesure permise par la loi applicable, nous excluons toutes les repr\u00e9sentations, garanties et conditions relatives \u00e0 notre site web et \u00e0 son utilisation. Aucune disposition de la pr\u00e9sente clause de non-responsabilit\u00e9 n'est applicable :<\/p><ul><li>limiter ou exclure notre ou votre responsabilit\u00e9 en cas de d\u00e9c\u00e8s ou de dommages corporels ;<\/li><li>limiter ou exclure notre ou votre responsabilit\u00e9 en cas de fraude ou de d\u00e9claration frauduleuse ;<\/li><li>limiter l'une quelconque de nos ou de vos responsabilit\u00e9s d'une mani\u00e8re qui ne serait pas autoris\u00e9e par le droit applicable ; ou<\/li><li>exclure toute responsabilit\u00e9 de notre ou de votre part qui ne peut \u00eatre exclue en vertu du droit applicable.<\/li><\/ul><p>Les limitations et interdictions de responsabilit\u00e9 \u00e9nonc\u00e9es dans cette section et ailleurs dans la pr\u00e9sente clause de non-responsabilit\u00e9 : (a) sont soumises au paragraphe pr\u00e9c\u00e9dent ; et (b) r\u00e9gissent toutes les responsabilit\u00e9s d\u00e9coulant de la clause de non-responsabilit\u00e9, y compris les responsabilit\u00e9s contractuelles, d\u00e9lictuelles et en cas de violation d'une obligation l\u00e9gale.<\/p><p>Tant que le site web et les informations et services qu'il contient sont fournis gratuitement, nous ne sommes pas responsables des pertes ou dommages de quelque nature que ce soit.<\/p>\t\t\t\t\t\t\t\t<\/div>\n\t\t\t\t<\/div>\n\t\t\t\t\t<\/div>\n\t\t<\/div>\n\t\t\t\t\t<\/div>\n\t\t<\/section>\n\t\t\t\t<\/div>","protected":false},"excerpt":{"rendered":"<p>Termes et conditions Bienvenue \u00e0 Dahab Dream Kite ! Ces termes et conditions d\u00e9finissent les r\u00e8gles et r\u00e8glements pour l'utilisation du site web de Dahab Dream Kite, situ\u00e9 \u00e0 https:\/\/dahabkitesurfing.com\/. En acc\u00e9dant \u00e0 ce site, nous supposons que vous acceptez ces termes et conditions. Ne continuez pas \u00e0 utiliser Dahab Dream Kite si vous n'acceptez pas de prendre [...]<\/p>","protected":false},"author":1,"featured_media":0,"parent":0,"menu_order":0,"comment_status":"closed","ping_status":"closed","template":"elementor_header_footer","meta":{"slim_seo":{"title":"Conditions d'utilisation - Dahab Dream Kite","description":"Termes et conditions Bienvenue \u00e0 Dahab Dream Kite ! Les pr\u00e9sents termes et conditions d\u00e9finissent les r\u00e8gles et r\u00e8glements pour l'utilisation du site web de Dahab Dream Kite, \u00e0 savoir"},"footnotes":""},"class_list":["post-153","page","type-page","status-publish","hentry"],"_links":{"self":[{"href":"https:\/\/dahabkitesurfing.com\/fr\/wp-json\/wp\/v2\/pages\/153","targetHints":{"allow":["GET"]}}],"collection":[{"href":"https:\/\/dahabkitesurfing.com\/fr\/wp-json\/wp\/v2\/pages"}],"about":[{"href":"https:\/\/dahabkitesurfing.com\/fr\/wp-json\/wp\/v2\/types\/page"}],"author":[{"embeddable":true,"href":"https:\/\/dahabkitesurfing.com\/fr\/wp-json\/wp\/v2\/users\/1"}],"replies":[{"embeddable":true,"href":"https:\/\/dahabkitesurfing.com\/fr\/wp-json\/wp\/v2\/comments?post=153"}],"version-history":[{"count":7,"href":"https:\/\/dahabkitesurfing.com\/fr\/wp-json\/wp\/v2\/pages\/153\/revisions"}],"predecessor-version":[{"id":862,"href":"https:\/\/dahabkitesurfing.com\/fr\/wp-json\/wp\/v2\/pages\/153\/revisions\/862"}],"wp:attachment":[{"href":"https:\/\/dahabkitesurfing.com\/fr\/wp-json\/wp\/v2\/media?parent=153"}],"curies":[{"name":"wp","href":"https:\/\/api.w.org\/{rel}","templated":true}]}}