{"id":683,"date":"2023-04-26T08:35:50","date_gmt":"2023-04-26T08:35:50","guid":{"rendered":"https:\/\/dahabkitesurfing.com\/?page_id=683"},"modified":"2023-09-28T13:35:56","modified_gmt":"2023-09-28T13:35:56","slug":"hebergement-en-dahab","status":"publish","type":"page","link":"https:\/\/dahabkitesurfing.com\/fr\/hebergement-en-dahab\/","title":{"rendered":"H\u00e9bergement \u00e0 Dahab"},"content":{"rendered":"<div data-elementor-type=\"wp-page\" data-elementor-id=\"683\" class=\"elementor elementor-683\" data-elementor-post-type=\"page\">\n\t\t\t\t\t\t<section class=\"elementor-section elementor-top-section elementor-element elementor-element-111b17e elementor-section-boxed elementor-section-height-default elementor-section-height-default\" data-id=\"111b17e\" data-element_type=\"section\">\n\t\t\t\t\t\t<div class=\"elementor-container elementor-column-gap-default\">\n\t\t\t\t\t<div class=\"elementor-column elementor-col-100 elementor-top-column elementor-element elementor-element-2309a1f\" data-id=\"2309a1f\" data-element_type=\"column\">\n\t\t\t<div class=\"elementor-widget-wrap elementor-element-populated\">\n\t\t\t\t\t\t<div class=\"elementor-element elementor-element-e339aca elementor-widget elementor-widget-heading\" data-id=\"e339aca\" data-element_type=\"widget\" data-widget_type=\"heading.default\">\n\t\t\t\t<div class=\"elementor-widget-container\">\n\t\t\t\t\t<h1 class=\"elementor-heading-title elementor-size-xl\">H\u00e9bergement recommand\u00e9 \u00e0 Dahab<\/h1>\t\t\t\t<\/div>\n\t\t\t\t<\/div>\n\t\t\t\t<div class=\"elementor-element elementor-element-1d758c8 elementor-widget elementor-widget-text-editor\" data-id=\"1d758c8\" data-element_type=\"widget\" data-widget_type=\"text-editor.default\">\n\t\t\t\t<div class=\"elementor-widget-container\">\n\t\t\t\t\t\t\t\t\t<p>Nous recommandons vivement le Sindbad Camp pour votre h\u00e9bergement \u00e0 Dahab.<\/p><p>Ils proposent des prix tr\u00e8s avantageux qu'il vous sera difficile de battre si vous cherchez \u00e0 s\u00e9journer \u00e0 Dahab.<\/p><p>Nous avons une association \u00e9troite avec eux pour une raison tr\u00e8s simple.<\/p><p>Ils font partie des meilleurs endroits o\u00f9 s\u00e9journer.<\/p><p>L'atmosph\u00e8re y est tr\u00e8s conviviale et l'emplacement id\u00e9al.<\/p>\t\t\t\t\t\t\t\t<\/div>\n\t\t\t\t<\/div>\n\t\t\t\t\t<\/div>\n\t\t<\/div>\n\t\t\t\t\t<\/div>\n\t\t<\/section>\n\t\t\t\t<section class=\"elementor-section elementor-top-section elementor-element elementor-element-6787392 elementor-section-boxed elementor-section-height-default elementor-section-height-default\" data-id=\"6787392\" data-element_type=\"section\">\n\t\t\t\t\t\t<div class=\"elementor-container elementor-column-gap-default\">\n\t\t\t\t\t<div class=\"elementor-column elementor-col-100 elementor-top-column elementor-element elementor-element-e428a15\" data-id=\"e428a15\" data-element_type=\"column\">\n\t\t\t<div class=\"elementor-widget-wrap elementor-element-populated\">\n\t\t\t\t\t\t<div class=\"elementor-element elementor-element-cd74649 elementor-widget elementor-widget-heading\" data-id=\"cd74649\" data-element_type=\"widget\" data-widget_type=\"heading.default\">\n\t\t\t\t<div class=\"elementor-widget-container\">\n\t\t\t\t\t<h2 class=\"elementor-heading-title elementor-size-xl\">Camp Sindbad Dahab<\/h2>\t\t\t\t<\/div>\n\t\t\t\t<\/div>\n\t\t\t\t<div class=\"elementor-element elementor-element-2c3cbdb elementor-widget elementor-widget-image\" data-id=\"2c3cbdb\" data-element_type=\"widget\" data-widget_type=\"image.default\">\n\t\t\t\t<div class=\"elementor-widget-container\">\n\t\t\t\t\t\t\t\t\t\t\t\t\t\t\t<img fetchpriority=\"high\" decoding=\"async\" width=\"800\" height=\"450\" src=\"https:\/\/dahabkitesurfing.com\/wp-content\/uploads\/2023\/05\/Sindbad-Camp-Dahab-Eygpt-1024x576.jpg\" class=\"attachment-large size-large wp-image-730\" alt=\"Sindbad Camp Dahab Eygpt\" srcset=\"https:\/\/dahabkitesurfing.com\/wp-content\/uploads\/2023\/05\/Sindbad-Camp-Dahab-Eygpt-1024x576.jpg.webp 1024w, https:\/\/dahabkitesurfing.com\/wp-content\/uploads\/2023\/05\/Sindbad-Camp-Dahab-Eygpt-600x338.jpg.webp 600w, https:\/\/dahabkitesurfing.com\/wp-content\/uploads\/2023\/05\/Sindbad-Camp-Dahab-Eygpt-300x169.jpg.webp 300w, https:\/\/dahabkitesurfing.com\/wp-content\/uploads\/2023\/05\/Sindbad-Camp-Dahab-Eygpt-768x432.jpg.webp 768w, https:\/\/dahabkitesurfing.com\/wp-content\/uploads\/2023\/05\/Sindbad-Camp-Dahab-Eygpt.jpg.webp 1200w\" sizes=\"(max-width: 800px) 100vw, 800px\" \/>\t\t\t\t\t\t\t\t\t\t\t\t\t\t\t<\/div>\n\t\t\t\t<\/div>\n\t\t\t\t<div class=\"elementor-element elementor-element-4c7efdb elementor-widget-mobile__width-initial elementor-widget elementor-widget-text-editor\" data-id=\"4c7efdb\" data-element_type=\"widget\" data-widget_type=\"text-editor.default\">\n\t\t\t\t<div class=\"elementor-widget-container\">\n\t\t\t\t\t\t\t\t\t<p>Sindbad est le dernier camp b\u00e9douin traditionnel de Dahab situ\u00e9 directement sur le front de mer, avec une plage d\u00e9pourvue de b\u00e2timents.<\/p><p>Il se trouve dans le quartier du Phare de Dahab, un quartier anim\u00e9 qui compte de nombreux restaurants raffin\u00e9s et de jolies boutiques.<\/p><p>\u00c0 proximit\u00e9 du camp, vous trouverez un point d'acc\u00e8s facile \u00e0 la mer, o\u00f9 vous pourrez vous baigner, faire de la plong\u00e9e en apn\u00e9e, de la planche \u00e0 voile ou de la plong\u00e9e sous-marine.<\/p><p>C'est un endroit chaleureux avec un vrai sens de la communaut\u00e9 o\u00f9 vous pouvez trouver des amis et des compagnons de voyage du monde entier, le tout dans une grande atmosph\u00e8re familiale qui transmet l'esprit traditionnel de Dahab.<\/p><p>De nombreux clients, anciens et actuels, disent que c'est le meilleur endroit o\u00f9 s\u00e9journer \u00e0 Dahab.<\/p><p>Le camp propose plusieurs chambres priv\u00e9es, de la plus simple \u00e0 la plus luxueuse.<\/p><p>Le camp dispose d'un petit restaurant o\u00f9 l'on pr\u00e9pare des petits d\u00e9jeuners et des d\u00e9jeuners simples mais savoureux \u00e0 des prix raisonnables.<\/p><p>Le camp est \u00e9quip\u00e9 d'une connexion WIFI gratuite.<\/p><p>Pour r\u00e9server cet h\u00e9bergement \u00e0 Dahab, veuillez visiter le site Internet du Sindbad Camp et contacter Marcel (le directeur du camp) via leur page de contact.<\/p><p>Voici le lien vers leur site web : <strong><a href=\"https:\/\/www.sindbaddahab.com\/\" target=\"_blank\" rel=\"noopener\">Camp Sindbad Dahab<\/a><\/strong><\/p><p><strong>Information tr\u00e8s importante :<\/strong> <br \/>Veuillez mentionner <strong>Marcel<\/strong> (directeur du camp Sindbad) que vous essayez de r\u00e9server aupr\u00e8s de Dahab Dream Kite, car le camp Sindbad est un lieu d'h\u00e9bergement tr\u00e8s populaire, et vous recevrez <strong>une r\u00e9servation prioritaire<\/strong>. Il peut \u00e9galement organiser votre service de taxi depuis et vers l'a\u00e9roport de Sharm el Sheik.<\/p>\t\t\t\t\t\t\t\t<\/div>\n\t\t\t\t<\/div>\n\t\t\t\t<section class=\"elementor-section elementor-inner-section elementor-element elementor-element-49c9825 elementor-section-boxed elementor-section-height-default elementor-section-height-default\" data-id=\"49c9825\" data-element_type=\"section\">\n\t\t\t\t\t\t<div class=\"elementor-container elementor-column-gap-default\">\n\t\t\t\t\t<div class=\"elementor-column elementor-col-50 elementor-inner-column elementor-element elementor-element-ccffe75\" data-id=\"ccffe75\" data-element_type=\"column\">\n\t\t\t<div class=\"elementor-widget-wrap elementor-element-populated\">\n\t\t\t\t\t\t<div class=\"elementor-element elementor-element-da7cc49 elementor-widget elementor-widget-image\" data-id=\"da7cc49\" data-element_type=\"widget\" data-widget_type=\"image.default\">\n\t\t\t\t<div class=\"elementor-widget-container\">\n\t\t\t\t\t\t\t\t\t\t\t\t\t\t\t<img decoding=\"async\" width=\"800\" height=\"450\" src=\"https:\/\/dahabkitesurfing.com\/wp-content\/uploads\/2023\/05\/Sindbad-Camp-Room-1024x576.jpg\" class=\"attachment-large size-large wp-image-747\" alt=\"H\u00e9bergement \u00e0 Dahab Sindbad Camp Room\" srcset=\"https:\/\/dahabkitesurfing.com\/wp-content\/uploads\/2023\/05\/Sindbad-Camp-Room-1024x576.jpg.webp 1024w, https:\/\/dahabkitesurfing.com\/wp-content\/uploads\/2023\/05\/Sindbad-Camp-Room-600x338.jpg.webp 600w, https:\/\/dahabkitesurfing.com\/wp-content\/uploads\/2023\/05\/Sindbad-Camp-Room-300x169.jpg.webp 300w, https:\/\/dahabkitesurfing.com\/wp-content\/uploads\/2023\/05\/Sindbad-Camp-Room-768x432.jpg.webp 768w, https:\/\/dahabkitesurfing.com\/wp-content\/uploads\/2023\/05\/Sindbad-Camp-Room.jpg.webp 1200w\" sizes=\"(max-width: 800px) 100vw, 800px\" \/>\t\t\t\t\t\t\t\t\t\t\t\t\t\t\t<\/div>\n\t\t\t\t<\/div>\n\t\t\t\t\t<\/div>\n\t\t<\/div>\n\t\t\t\t<div class=\"elementor-column elementor-col-50 elementor-inner-column elementor-element elementor-element-5c000bf\" data-id=\"5c000bf\" data-element_type=\"column\">\n\t\t\t<div class=\"elementor-widget-wrap elementor-element-populated\">\n\t\t\t\t\t\t<div class=\"elementor-element elementor-element-3733ec0 elementor-widget elementor-widget-image\" data-id=\"3733ec0\" data-element_type=\"widget\" data-widget_type=\"image.default\">\n\t\t\t\t<div class=\"elementor-widget-container\">\n\t\t\t\t\t\t\t\t\t\t\t\t\t\t\t<img decoding=\"async\" width=\"800\" height=\"450\" src=\"https:\/\/dahabkitesurfing.com\/wp-content\/uploads\/2023\/05\/Sindbad-Camp-Arisha-Area-1024x576.jpg\" class=\"attachment-large size-large wp-image-732\" alt=\"Camp Sindbad Zone Arisha\" srcset=\"https:\/\/dahabkitesurfing.com\/wp-content\/uploads\/2023\/05\/Sindbad-Camp-Arisha-Area-1024x576.jpg.webp 1024w, https:\/\/dahabkitesurfing.com\/wp-content\/uploads\/2023\/05\/Sindbad-Camp-Arisha-Area-600x338.jpg.webp 600w, https:\/\/dahabkitesurfing.com\/wp-content\/uploads\/2023\/05\/Sindbad-Camp-Arisha-Area-300x169.jpg.webp 300w, https:\/\/dahabkitesurfing.com\/wp-content\/uploads\/2023\/05\/Sindbad-Camp-Arisha-Area-768x432.jpg.webp 768w, https:\/\/dahabkitesurfing.com\/wp-content\/uploads\/2023\/05\/Sindbad-Camp-Arisha-Area.jpg.webp 1200w\" sizes=\"(max-width: 800px) 100vw, 800px\" \/>\t\t\t\t\t\t\t\t\t\t\t\t\t\t\t<\/div>\n\t\t\t\t<\/div>\n\t\t\t\t\t<\/div>\n\t\t<\/div>\n\t\t\t\t\t<\/div>\n\t\t<\/section>\n\t\t\t\t\t<\/div>\n\t\t<\/div>\n\t\t\t\t\t<\/div>\n\t\t<\/section>\n\t\t\t\t<section class=\"elementor-section elementor-top-section elementor-element elementor-element-7246210 elementor-section-boxed elementor-section-height-default elementor-section-height-default\" data-id=\"7246210\" data-element_type=\"section\">\n\t\t\t\t\t\t<div class=\"elementor-container elementor-column-gap-default\">\n\t\t\t\t\t<div class=\"elementor-column elementor-col-100 elementor-top-column elementor-element elementor-element-bcc0647\" data-id=\"bcc0647\" data-element_type=\"column\">\n\t\t\t<div class=\"elementor-widget-wrap elementor-element-populated\">\n\t\t\t\t\t\t<div class=\"elementor-element elementor-element-5fe8730 elementor-widget elementor-widget-heading\" data-id=\"5fe8730\" data-element_type=\"widget\" data-widget_type=\"heading.default\">\n\t\t\t\t<div class=\"elementor-widget-container\">\n\t\t\t\t\t<h2 class=\"elementor-heading-title elementor-size-xl\">Le s\u00e9jour parfait \u00e0 Dahab : D\u00e9couvrez les meilleures options d'h\u00e9bergement<\/h2>\t\t\t\t<\/div>\n\t\t\t\t<\/div>\n\t\t\t\t<div class=\"elementor-element elementor-element-d1fef33 elementor-widget elementor-widget-text-editor\" data-id=\"d1fef33\" data-element_type=\"widget\" data-widget_type=\"text-editor.default\">\n\t\t\t\t<div class=\"elementor-widget-container\">\n\t\t\t\t\t\t\t\t\t<p>Dahab, en \u00c9gypte, offre de nombreuses possibilit\u00e9s d'h\u00e9bergement aux touristes. Qu'il s'agisse d'un luxueux complexe h\u00f4telier en bord de mer ou d'une auberge de jeunesse bon march\u00e9, il y a des choix qui conviennent \u00e0 diff\u00e9rentes pr\u00e9f\u00e9rences et \u00e0 diff\u00e9rents budgets. Voici quelques types d'h\u00e9bergement que vous pouvez trouver \u00e0 Dahab :<\/p>\t\t\t\t\t\t\t\t<\/div>\n\t\t\t\t<\/div>\n\t\t\t\t\t<\/div>\n\t\t<\/div>\n\t\t\t\t\t<\/div>\n\t\t<\/section>\n\t\t\t\t<section class=\"elementor-section elementor-top-section elementor-element elementor-element-bd23cd0 elementor-section-boxed elementor-section-height-default elementor-section-height-default\" data-id=\"bd23cd0\" data-element_type=\"section\">\n\t\t\t\t\t\t<div class=\"elementor-container elementor-column-gap-default\">\n\t\t\t\t\t<div class=\"elementor-column elementor-col-50 elementor-top-column elementor-element elementor-element-487af59\" data-id=\"487af59\" data-element_type=\"column\">\n\t\t\t<div class=\"elementor-widget-wrap elementor-element-populated\">\n\t\t\t\t\t\t<div class=\"elementor-element elementor-element-9f2d312 elementor-widget elementor-widget-heading\" data-id=\"9f2d312\" data-element_type=\"widget\" data-widget_type=\"heading.default\">\n\t\t\t\t<div class=\"elementor-widget-container\">\n\t\t\t\t\t<h3 class=\"elementor-heading-title elementor-size-large\">Stations baln\u00e9aires :<\/h3>\t\t\t\t<\/div>\n\t\t\t\t<\/div>\n\t\t\t\t<div class=\"elementor-element elementor-element-1615488 elementor-widget elementor-widget-text-editor\" data-id=\"1615488\" data-element_type=\"widget\" data-widget_type=\"text-editor.default\">\n\t\t\t\t<div class=\"elementor-widget-container\">\n\t\t\t\t\t\t\t\t\t<p>Dahab, en \u00c9gypte, offre de nombreuses possibilit\u00e9s d'h\u00e9bergement aux touristes. Qu'il s'agisse d'un luxueux complexe h\u00f4telier en bord de mer ou d'une auberge de jeunesse bon march\u00e9, il y a des choix qui conviennent \u00e0 diff\u00e9rentes pr\u00e9f\u00e9rences et \u00e0 diff\u00e9rents budgets. Voici quelques types d'h\u00e9bergement que vous pouvez trouver \u00e0 Dahab :<\/p>\t\t\t\t\t\t\t\t<\/div>\n\t\t\t\t<\/div>\n\t\t\t\t<div class=\"elementor-element elementor-element-34cba3e elementor-widget elementor-widget-heading\" data-id=\"34cba3e\" data-element_type=\"widget\" data-widget_type=\"heading.default\">\n\t\t\t\t<div class=\"elementor-widget-container\">\n\t\t\t\t\t<h3 class=\"elementor-heading-title elementor-size-large\">H\u00f4tels :<\/h3>\t\t\t\t<\/div>\n\t\t\t\t<\/div>\n\t\t\t\t<div class=\"elementor-element elementor-element-fe5addb elementor-widget elementor-widget-text-editor\" data-id=\"fe5addb\" data-element_type=\"widget\" data-widget_type=\"text-editor.default\">\n\t\t\t\t<div class=\"elementor-widget-container\">\n\t\t\t\t\t\t\t\t\t<p>Il y a de nombreux h\u00f4tels \u00e0 Dahab, du plus \u00e9conomique au plus haut de gamme en passant par le milieu de gamme. Ces h\u00f4tels proposent des chambres confortables, des \u00e9quipements vari\u00e9s et des services tels que des restaurants, des bars et parfois des piscines.<\/p>\t\t\t\t\t\t\t\t<\/div>\n\t\t\t\t<\/div>\n\t\t\t\t<div class=\"elementor-element elementor-element-4157ba1 elementor-widget elementor-widget-heading\" data-id=\"4157ba1\" data-element_type=\"widget\" data-widget_type=\"heading.default\">\n\t\t\t\t<div class=\"elementor-widget-container\">\n\t\t\t\t\t<h3 class=\"elementor-heading-title elementor-size-large\">Chambres d'h\u00f4tes (B&amp;B) :<\/h3>\t\t\t\t<\/div>\n\t\t\t\t<\/div>\n\t\t\t\t<div class=\"elementor-element elementor-element-6e3250b elementor-widget elementor-widget-text-editor\" data-id=\"6e3250b\" data-element_type=\"widget\" data-widget_type=\"text-editor.default\">\n\t\t\t\t<div class=\"elementor-widget-container\">\n\t\t\t\t\t\t\t\t\t<p>Les chambres d'h\u00f4tes sont appr\u00e9ci\u00e9es des voyageurs qui recherchent une atmosph\u00e8re plus intime et plus chaleureuse. Ils proposent g\u00e9n\u00e9ralement des chambres confortables avec petit-d\u00e9jeuner inclus dans le prix de la chambre. Les B&amp;B de Dahab peuvent \u00eatre situ\u00e9s dans le centre-ville ou pr\u00e8s de la plage, ce qui permet de vivre une exp\u00e9rience charmante et personnalis\u00e9e.<\/p>\t\t\t\t\t\t\t\t<\/div>\n\t\t\t\t<\/div>\n\t\t\t\t\t<\/div>\n\t\t<\/div>\n\t\t\t\t<div class=\"elementor-column elementor-col-50 elementor-top-column elementor-element elementor-element-0517695\" data-id=\"0517695\" data-element_type=\"column\">\n\t\t\t<div class=\"elementor-widget-wrap elementor-element-populated\">\n\t\t\t\t\t\t<div class=\"elementor-element elementor-element-dfe47d3 elementor-widget elementor-widget-heading\" data-id=\"dfe47d3\" data-element_type=\"widget\" data-widget_type=\"heading.default\">\n\t\t\t\t<div class=\"elementor-widget-container\">\n\t\t\t\t\t<h3 class=\"elementor-heading-title elementor-size-large\">Maisons d'h\u00f4tes :<\/h3>\t\t\t\t<\/div>\n\t\t\t\t<\/div>\n\t\t\t\t<div class=\"elementor-element elementor-element-6fb6e6b elementor-widget elementor-widget-text-editor\" data-id=\"6fb6e6b\" data-element_type=\"widget\" data-widget_type=\"text-editor.default\">\n\t\t\t\t<div class=\"elementor-widget-container\">\n\t\t\t\t\t\t\t\t\t<p>Les guesthouses sont des \u00e9tablissements plus petits qui offrent une ambiance plus locale et informelle. Elles comptent souvent moins de chambres et sont g\u00e9r\u00e9es par des h\u00f4tes locaux. Les maisons d'h\u00f4tes sont une bonne option pour les voyageurs \u00e0 la recherche d'une exp\u00e9rience plus authentique et moins co\u00fbteuse.<\/p>\t\t\t\t\t\t\t\t<\/div>\n\t\t\t\t<\/div>\n\t\t\t\t<div class=\"elementor-element elementor-element-c44a90c elementor-widget elementor-widget-heading\" data-id=\"c44a90c\" data-element_type=\"widget\" data-widget_type=\"heading.default\">\n\t\t\t\t<div class=\"elementor-widget-container\">\n\t\t\t\t\t<h3 class=\"elementor-heading-title elementor-size-large\">Auberges :<\/h3>\t\t\t\t<\/div>\n\t\t\t\t<\/div>\n\t\t\t\t<div class=\"elementor-element elementor-element-9c71b5f elementor-widget elementor-widget-text-editor\" data-id=\"9c71b5f\" data-element_type=\"widget\" data-widget_type=\"text-editor.default\">\n\t\t\t\t<div class=\"elementor-widget-container\">\n\t\t\t\t\t\t\t\t\t<p>Dahab compte quelques auberges de jeunesse qui s'adressent aux voyageurs soucieux de leur budget, aux aventuriers solitaires et aux routards. Les auberges proposent g\u00e9n\u00e9ralement un h\u00e9bergement en dortoir avec des installations communes, telles que des salles de bains et des espaces communs. Certaines auberges proposent \u00e9galement des chambres priv\u00e9es.<\/p>\t\t\t\t\t\t\t\t<\/div>\n\t\t\t\t<\/div>\n\t\t\t\t<div class=\"elementor-element elementor-element-8440bb0 elementor-widget elementor-widget-heading\" data-id=\"8440bb0\" data-element_type=\"widget\" data-widget_type=\"heading.default\">\n\t\t\t\t<div class=\"elementor-widget-container\">\n\t\t\t\t\t<h3 class=\"elementor-heading-title elementor-size-large\">Location de vacances :<\/h3>\t\t\t\t<\/div>\n\t\t\t\t<\/div>\n\t\t\t\t<div class=\"elementor-element elementor-element-3fad83b elementor-widget elementor-widget-text-editor\" data-id=\"3fad83b\" data-element_type=\"widget\" data-widget_type=\"text-editor.default\">\n\t\t\t\t<div class=\"elementor-widget-container\">\n\t\t\t\t\t\t\t\t\t<p>Les plateformes en ligne comme Airbnb et les locations de vacances sont de plus en plus populaires. \u00c0 Dahab, des appartements, des villas et des cottages sont disponibles pour une location \u00e0 court terme. Cette option est id\u00e9ale pour les familles ou les groupes qui pr\u00e9f\u00e8rent une exp\u00e9rience plus ind\u00e9pendante et plus familiale.<\/p><p>\u00a0<\/p>\t\t\t\t\t\t\t\t<\/div>\n\t\t\t\t<\/div>\n\t\t\t\t\t<\/div>\n\t\t<\/div>\n\t\t\t\t\t<\/div>\n\t\t<\/section>\n\t\t\t\t<section class=\"elementor-section elementor-top-section elementor-element elementor-element-ba4bcf9 elementor-section-boxed elementor-section-height-default elementor-section-height-default\" data-id=\"ba4bcf9\" data-element_type=\"section\">\n\t\t\t\t\t\t<div class=\"elementor-container elementor-column-gap-default\">\n\t\t\t\t\t<div class=\"elementor-column elementor-col-100 elementor-top-column elementor-element elementor-element-e276186\" data-id=\"e276186\" data-element_type=\"column\">\n\t\t\t<div class=\"elementor-widget-wrap elementor-element-populated\">\n\t\t\t\t\t\t<div class=\"elementor-element elementor-element-ac481ac elementor-widget elementor-widget-text-editor\" data-id=\"ac481ac\" data-element_type=\"widget\" data-widget_type=\"text-editor.default\">\n\t\t\t\t<div class=\"elementor-widget-container\">\n\t\t\t\t\t\t\t\t\t<p>Il est toujours conseill\u00e9 de faire des recherches et de lire des commentaires sur les diff\u00e9rents h\u00e9bergements \u00e0 Dahab pour trouver celui qui r\u00e9pond le mieux \u00e0 vos besoins et \u00e0 vos pr\u00e9f\u00e9rences.<\/p>\t\t\t\t\t\t\t\t<\/div>\n\t\t\t\t<\/div>\n\t\t\t\t\t<\/div>\n\t\t<\/div>\n\t\t\t\t\t<\/div>\n\t\t<\/section>\n\t\t\t\t<\/div>","protected":false},"excerpt":{"rendered":"<p>H\u00e9bergement recommand\u00e9 \u00e0 Dahab Nous recommandons vivement le Sindbad Camp pour votre h\u00e9bergement \u00e0 Dahab. Ils offrent des prix tr\u00e8s abordables qui seront difficiles \u00e0 battre lorsque vous cherchez \u00e0 s\u00e9journer \u00e0 Dahab. Nous avons une association \u00e9troite avec eux pour une raison tr\u00e8s simple. Ils font partie des meilleurs endroits o\u00f9 s\u00e9journer. Ils ont une [...]<\/p>","protected":false},"author":1,"featured_media":730,"parent":0,"menu_order":0,"comment_status":"closed","ping_status":"closed","template":"elementor_header_footer","meta":{"slim_seo":{"title":"H\u00e9bergement \u00e0 Dahab - Dahab Dream Kite","description":"H\u00e9bergement recommand\u00e9 \u00e0 Dahab Nous recommandons vivement Sindbad Camp pour votre h\u00e9bergement \u00e0 Dahab. Ils offrent des prix tr\u00e8s avantageux qui seront difficiles \u00e0 trouver."},"footnotes":""},"class_list":["post-683","page","type-page","status-publish","has-post-thumbnail","hentry"],"_links":{"self":[{"href":"https:\/\/dahabkitesurfing.com\/fr\/wp-json\/wp\/v2\/pages\/683","targetHints":{"allow":["GET"]}}],"collection":[{"href":"https:\/\/dahabkitesurfing.com\/fr\/wp-json\/wp\/v2\/pages"}],"about":[{"href":"https:\/\/dahabkitesurfing.com\/fr\/wp-json\/wp\/v2\/types\/page"}],"author":[{"embeddable":true,"href":"https:\/\/dahabkitesurfing.com\/fr\/wp-json\/wp\/v2\/users\/1"}],"replies":[{"embeddable":true,"href":"https:\/\/dahabkitesurfing.com\/fr\/wp-json\/wp\/v2\/comments?post=683"}],"version-history":[{"count":36,"href":"https:\/\/dahabkitesurfing.com\/fr\/wp-json\/wp\/v2\/pages\/683\/revisions"}],"predecessor-version":[{"id":1034,"href":"https:\/\/dahabkitesurfing.com\/fr\/wp-json\/wp\/v2\/pages\/683\/revisions\/1034"}],"wp:featuredmedia":[{"embeddable":true,"href":"https:\/\/dahabkitesurfing.com\/fr\/wp-json\/wp\/v2\/media\/730"}],"wp:attachment":[{"href":"https:\/\/dahabkitesurfing.com\/fr\/wp-json\/wp\/v2\/media?parent=683"}],"curies":[{"name":"wp","href":"https:\/\/api.w.org\/{rel}","templated":true}]}}