{"id":1284,"date":"2025-10-07T16:22:04","date_gmt":"2025-10-07T16:22:04","guid":{"rendered":"https:\/\/dahabkitesurfing.com\/?post_type=product&#038;p=1284"},"modified":"2025-10-26T08:39:12","modified_gmt":"2025-10-26T08:39:12","slug":"decouverte-du-kitesurf-niveau-1","status":"publish","type":"product","link":"https:\/\/dahabkitesurfing.com\/fr\/produit\/decouverte-du-kitesurf-niveau-1\/","title":{"rendered":"Kiteboarder d\u00e9couverte niveau 1"},"content":{"rendered":"<p>Le cours IKO Discovery Kiteboarder Level 1 est le point de d\u00e9part pour ceux qui d\u00e9couvrent le kitesurf et veulent apprendre les bases de ce sport.<\/p>\n<p>2 heures de cours en moyenne. En fonction des connaissances de l'\u00e9l\u00e8ve, des conditions m\u00e9t\u00e9orologiques pendant le cours, de la configuration du spot (plat ? peu profond ? vagues ? ...).<\/p>\n<p>Dans ce cours, vous apprendrez les techniques de base du contr\u00f4le des cerfs-volants, les proc\u00e9dures de s\u00e9curit\u00e9 et les connaissances essentielles sur l'\u00e9quipement de kitesurf.<\/p>\n<p>Vous apprendrez \u00e9galement \u00e0 lancer et \u00e0 poser l'aile en toute s\u00e9curit\u00e9, \u00e0 contr\u00f4ler la puissance et \u00e0 d\u00e9plier l'aile.<\/p>\n<p>Le cours se concentre sur la construction d'une base solide de comp\u00e9tences de contr\u00f4le de l'aile et de sensibilisation \u00e0 la s\u00e9curit\u00e9 afin de garantir une exp\u00e9rience de kitesurf s\u00fbre et agr\u00e9able.<\/p>\n<p>\u00c0 l'issue de la formation, vous recevrez la certification IKO Discovery Kiteboarder Level 1, indiquant que vous avez acquis les comp\u00e9tences et les connaissances de base n\u00e9cessaires pour commencer votre voyage en kitesurf sur des bases solides.<\/p>\n<p>&nbsp;<\/p>\n<div class=\"elementor-element elementor-element-8d8f8b0 elementor-widget elementor-widget-heading\" data-id=\"8d8f8b0\" data-element_type=\"widget\" data-widget_type=\"heading.default\">\n<div class=\"elementor-widget-container\">\n<h3 class=\"elementor-heading-title elementor-size-large\">Comp\u00e9tences couvertes par ce cours :<\/h3>\n<\/div>\n<\/div>\n<div class=\"elementor-element elementor-element-1e3f6fb elementor-widget elementor-widget-text-editor\" data-id=\"1e3f6fb\" data-element_type=\"widget\" data-widget_type=\"text-editor.default\">\n<div class=\"elementor-widget-container\">\n<p>\u00c9valuation SEA (Spot, Environnement, Activit\u00e9). Tenir, transporter et fixer un cerf-volant sur la terre ferme. Mise en place du cerf-volant.<\/p>\n<p>Utilisation des syst\u00e8mes de s\u00e9curit\u00e9, v\u00e9rification avant le vol, d\u00e9collage et atterrissage en tant qu'assistant.<\/p>\n<p>Premier pilotage et exploration du bord de la fen\u00eatre \u00e0 vent, L\u00e2cher la barre, Tordre et d\u00e9tordre les lignes.<\/p>\n<p>Voler \u00e0 une main, introduction au r\u00e9glage, marcher en faisant voler le cerf-volant, d\u00e9coller et atterrir comme un pilote, th\u00e9orie de la fen\u00eatre de vent.<\/p>\n<p>Activation du largage rapide en vol, atterrissage autonome, emballage de l'\u00e9quipement.<\/p>\n<\/div>\n<\/div>","protected":false},"excerpt":{"rendered":"<p>Le cours IKO Discovery Kiteboarder Level 1 est le point de d\u00e9part pour ceux qui d\u00e9couvrent le kitesurf et veulent apprendre les bases de ce sport.<\/p>\n<p>2 heures de cours en moyenne. En fonction des connaissances de l'\u00e9l\u00e8ve, des conditions m\u00e9t\u00e9orologiques pendant le cours, de la configuration du spot (plat ? peu profond ? vagues ? ...).<\/p>\n<p>Dans ce cours, vous apprendrez les techniques de base du contr\u00f4le des cerfs-volants, les proc\u00e9dures de s\u00e9curit\u00e9 et les connaissances essentielles sur l'\u00e9quipement de kitesurf.<\/p>\n<p>Vous apprendrez \u00e9galement \u00e0 lancer et \u00e0 poser l'aile en toute s\u00e9curit\u00e9, \u00e0 contr\u00f4ler la puissance et \u00e0 d\u00e9plier l'aile.<\/p>","protected":false},"featured_media":187,"comment_status":"open","ping_status":"closed","template":"","meta":{"slim_seo":{"title":"Discovery Kiteboarder Level 1 - Dahab Dream Kite","description":"Le cours IKO Discovery Kiteboarder Level 1 est le point de d\u00e9part pour ceux qui d\u00e9couvrent le kitesurf et veulent apprendre les bases de ce sport. 2 heures"}},"product_brand":[],"product_cat":[32,33],"product_tag":[34],"class_list":{"0":"post-1284","1":"product","2":"type-product","3":"status-publish","4":"has-post-thumbnail","6":"product_cat-courses","7":"product_cat-kitesurfing-courses","8":"product_tag-kitesurfing-course","10":"first","11":"instock","12":"virtual","13":"purchasable","14":"product-type-simple"},"_links":{"self":[{"href":"https:\/\/dahabkitesurfing.com\/fr\/wp-json\/wp\/v2\/product\/1284","targetHints":{"allow":["GET"]}}],"collection":[{"href":"https:\/\/dahabkitesurfing.com\/fr\/wp-json\/wp\/v2\/product"}],"about":[{"href":"https:\/\/dahabkitesurfing.com\/fr\/wp-json\/wp\/v2\/types\/product"}],"replies":[{"embeddable":true,"href":"https:\/\/dahabkitesurfing.com\/fr\/wp-json\/wp\/v2\/comments?post=1284"}],"wp:featuredmedia":[{"embeddable":true,"href":"https:\/\/dahabkitesurfing.com\/fr\/wp-json\/wp\/v2\/media\/187"}],"wp:attachment":[{"href":"https:\/\/dahabkitesurfing.com\/fr\/wp-json\/wp\/v2\/media?parent=1284"}],"wp:term":[{"taxonomy":"product_brand","embeddable":true,"href":"https:\/\/dahabkitesurfing.com\/fr\/wp-json\/wp\/v2\/product_brand?post=1284"},{"taxonomy":"product_cat","embeddable":true,"href":"https:\/\/dahabkitesurfing.com\/fr\/wp-json\/wp\/v2\/product_cat?post=1284"},{"taxonomy":"product_tag","embeddable":true,"href":"https:\/\/dahabkitesurfing.com\/fr\/wp-json\/wp\/v2\/product_tag?post=1284"}],"curies":[{"name":"wp","href":"https:\/\/api.w.org\/{rel}","templated":true}]}}