{"id":1299,"date":"2025-10-26T08:00:48","date_gmt":"2025-10-26T08:00:48","guid":{"rendered":"https:\/\/dahabkitesurfing.com\/?post_type=product&#038;p=1299"},"modified":"2025-10-26T08:37:36","modified_gmt":"2025-10-26T08:37:36","slug":"kitesurfeur-intermediaire-niveau-2","status":"publish","type":"product","link":"https:\/\/dahabkitesurfing.com\/fr\/produit\/kitesurfeur-intermediaire-niveau-2\/","title":{"rendered":"Kiteboarder interm\u00e9diaire niveau 2"},"content":{"rendered":"<p>Le cours IKO Intermediate Kiteboarder Level 2 est con\u00e7u pour ceux qui ont d\u00e9j\u00e0 suivi le cours IKO Discovery Kiteboarder Level 1 et qui ont des comp\u00e9tences de base en mati\u00e8re de contr\u00f4le de l'aile.<\/p>\n<p>4 heures de cours en moyenne. En fonction des connaissances de l'\u00e9l\u00e8ve, des conditions m\u00e9t\u00e9orologiques pendant le cours, de la configuration du spot (plat ? peu profond ? vagues ? ...).<\/p>\n<p>Dans ce cours, vous apprendrez les techniques avanc\u00e9es de contr\u00f4le des cerfs-volants et vous affinerez vos comp\u00e9tences en mati\u00e8re de contr\u00f4le de la planche.<\/p>\n<p>Vous commencerez \u00e9galement \u00e0 apprendre les tra\u00een\u00e9es de corps, l'autosauvetage et l'introduction au pliage.<\/p>\n<p>Le cours couvrira les proc\u00e9dures de s\u00e9curit\u00e9, telles que l'introduction des r\u00e8gles ROW (Right Of Way).<\/p>\n<p>\u00c0 l'issue du cours, vous recevrez la certification IKO Intermediate Kiteboarder Level 2, indiquant que vous avez atteint un solide niveau de comp\u00e9tence en kitesurf et que vous \u00eates en bonne voie pour devenir un kitesurfeur ind\u00e9pendant.<\/p>\n<p>&nbsp;<\/p>\n<h2>Comp\u00e9tences couvertes par ce cours :<\/h2>\n<div class=\"elementor-element elementor-element-bb8eb8f elementor-widget elementor-widget-text-editor\" data-id=\"bb8eb8f\" data-element_type=\"widget\" data-widget_type=\"text-editor.default\">\n<div class=\"elementor-widget-container\">\n<p>Entrez et sortez de l'eau tout en contr\u00f4lant le cerf-volant, red\u00e9collage de l'eau.<\/p>\n<p>Body-drag avec deux mains, aile stable. Tra\u00een\u00e9e de corps avec un coup de force.<\/p>\n<p>Tra\u00een\u00e9e de corps au vent, Tra\u00een\u00e9e de corps avec la planche, Introduction \u00e0 l'autosauvetage et au pliage. Introduction aux r\u00e8gles ROW (Right Of Way).<\/p>\n<p>Steady-pull, Waterstart, Controlled stop.<\/p>\n<\/div>\n<\/div>","protected":false},"excerpt":{"rendered":"<p>Le cours IKO Intermediate Kiteboarder Level 2 est con\u00e7u pour ceux qui ont d\u00e9j\u00e0 suivi le cours IKO Discovery Kiteboarder Level 1 et qui ont des comp\u00e9tences de base en mati\u00e8re de contr\u00f4le de l'aile.<\/p>\n<p>4 heures de cours en moyenne. En fonction des connaissances de l'\u00e9l\u00e8ve, des conditions m\u00e9t\u00e9orologiques pendant le cours, de la configuration du spot (plat ? peu profond ? vagues ? ...).<\/p>\n<p>Dans ce cours, vous apprendrez les techniques avanc\u00e9es de contr\u00f4le des cerfs-volants et vous affinerez vos comp\u00e9tences en mati\u00e8re de contr\u00f4le de la planche.<\/p>","protected":false},"featured_media":701,"comment_status":"closed","ping_status":"closed","template":"","meta":{"slim_seo":{"title":"Intermediate Kiteboarder Level 2 - Dahab Dream Kite","description":"Le cours IKO Intermediate Kiteboarder Level 2 est con\u00e7u pour les personnes qui ont d\u00e9j\u00e0 suivi le cours IKO Discovery Kiteboarder Level 1 et qui disposent d'un kit de base."}},"product_brand":[],"product_cat":[32,33],"product_tag":[],"class_list":{"0":"post-1299","1":"product","2":"type-product","3":"status-publish","4":"has-post-thumbnail","6":"product_cat-courses","7":"product_cat-kitesurfing-courses","9":"first","10":"instock","11":"virtual","12":"purchasable","13":"product-type-simple"},"_links":{"self":[{"href":"https:\/\/dahabkitesurfing.com\/fr\/wp-json\/wp\/v2\/product\/1299","targetHints":{"allow":["GET"]}}],"collection":[{"href":"https:\/\/dahabkitesurfing.com\/fr\/wp-json\/wp\/v2\/product"}],"about":[{"href":"https:\/\/dahabkitesurfing.com\/fr\/wp-json\/wp\/v2\/types\/product"}],"replies":[{"embeddable":true,"href":"https:\/\/dahabkitesurfing.com\/fr\/wp-json\/wp\/v2\/comments?post=1299"}],"wp:featuredmedia":[{"embeddable":true,"href":"https:\/\/dahabkitesurfing.com\/fr\/wp-json\/wp\/v2\/media\/701"}],"wp:attachment":[{"href":"https:\/\/dahabkitesurfing.com\/fr\/wp-json\/wp\/v2\/media?parent=1299"}],"wp:term":[{"taxonomy":"product_brand","embeddable":true,"href":"https:\/\/dahabkitesurfing.com\/fr\/wp-json\/wp\/v2\/product_brand?post=1299"},{"taxonomy":"product_cat","embeddable":true,"href":"https:\/\/dahabkitesurfing.com\/fr\/wp-json\/wp\/v2\/product_cat?post=1299"},{"taxonomy":"product_tag","embeddable":true,"href":"https:\/\/dahabkitesurfing.com\/fr\/wp-json\/wp\/v2\/product_tag?post=1299"}],"curies":[{"name":"wp","href":"https:\/\/api.w.org\/{rel}","templated":true}]}}