{"id":1300,"date":"2025-10-26T08:05:51","date_gmt":"2025-10-26T08:05:51","guid":{"rendered":"https:\/\/dahabkitesurfing.com\/?post_type=product&#038;p=1300"},"modified":"2025-10-26T08:35:20","modified_gmt":"2025-10-26T08:35:20","slug":"kitesurfeur-independant-niveau-3","status":"publish","type":"product","link":"https:\/\/dahabkitesurfing.com\/fr\/produit\/kitesurfeur-independant-niveau-3\/","title":{"rendered":"Kiteboarder ind\u00e9pendant niveau 3"},"content":{"rendered":"<p>Ce programme est con\u00e7u pour les kitesurfeurs qui ont d\u00e9j\u00e0 obtenu la certification IKO Intermediate Kiteboarder Level 2 et qui sont pr\u00eats \u00e0 passer \u00e0 un niveau sup\u00e9rieur d'ind\u00e9pendance.<\/p>\n<p>8 heures de cours en moyenne. En fonction des connaissances de l'\u00e9l\u00e8ve, des conditions m\u00e9t\u00e9orologiques pendant le cours, de la configuration du spot (plat ? peu profond ? vagues ? ...).<\/p>\n<p>\u00c0 ce niveau, vous d\u00e9velopperez les comp\u00e9tences et les connaissances n\u00e9cessaires pour pratiquer le kitesurf de mani\u00e8re autonome, sans avoir besoin d'un instructeur ou d'un superviseur.<\/p>\n<p>Vous apprendrez \u00e0 \u00e9valuer les conditions m\u00e9t\u00e9orologiques et le vent, \u00e0 choisir l'\u00e9quipement de kitesurf appropri\u00e9 et \u00e0 effectuer une v\u00e9rification compl\u00e8te de l'\u00e9quipement avant le d\u00e9part.<\/p>\n<p>Vous vous concentrerez \u00e9galement sur l'am\u00e9lioration de vos comp\u00e9tences en mati\u00e8re de contr\u00f4le de l'aile, y compris le contr\u00f4le de la puissance, le contr\u00f4le de la puissance et le red\u00e9collage de l'aile.<\/p>\n<p>En outre, vous apprendrez des techniques avanc\u00e9es de contr\u00f4le de la planche, telles que la remont\u00e9e constante au vent dans diff\u00e9rentes conditions de vent et d'eau, la transition et l'ex\u00e9cution de sauts de base.<\/p>\n<p>La s\u00e9curit\u00e9 est \u00e9galement un \u00e9l\u00e9ment cl\u00e9 de ce niveau, et vous apprendrez des proc\u00e9dures de s\u00e9curit\u00e9 avanc\u00e9es, y compris des techniques d'autosauvetage et des protocoles d'intervention en cas d'urgence.<\/p>\n<p>&nbsp;<\/p>\n<div class=\"elementor-element elementor-element-ce7faa1 elementor-widget elementor-widget-heading\" data-id=\"ce7faa1\" data-element_type=\"widget\" data-widget_type=\"heading.default\">\n<div class=\"elementor-widget-container\">\n<h3 class=\"elementor-heading-title elementor-size-large\">Comp\u00e9tences couvertes par ce cours :<\/h3>\n<\/div>\n<\/div>\n<div class=\"elementor-element elementor-element-1b38a95 elementor-widget elementor-widget-text-editor\" data-id=\"1b38a95\" data-element_type=\"widget\" data-widget_type=\"text-editor.default\">\n<div class=\"elementor-widget-container\">\n<p>Contr\u00f4le de la vitesse par la mise en place de bordures.<\/p>\n<p>Roulez face au vent.<\/p>\n<p>Transition glissante.<\/p>\n<p>Monter sur la pointe des pieds, Jibe.<\/p>\n<p>Autod\u00e9collage, autosauvetage et pliage en eau profonde.<\/p>\n<\/div>\n<\/div>","protected":false},"excerpt":{"rendered":"<p>Ce programme est con\u00e7u pour les kitesurfeurs qui ont d\u00e9j\u00e0 obtenu la certification IKO Intermediate Kiteboarder Level 2 et qui sont pr\u00eats \u00e0 passer \u00e0 un niveau sup\u00e9rieur d'ind\u00e9pendance.<\/p>\n<p>8 heures de cours en moyenne. En fonction des connaissances de l'\u00e9l\u00e8ve, des conditions m\u00e9t\u00e9orologiques pendant le cours, de la configuration du spot (plat ? peu profond ? vagues ? ...).<\/p>\n<p>\u00c0 ce niveau, vous d\u00e9velopperez les comp\u00e9tences et les connaissances n\u00e9cessaires pour pratiquer le kitesurf de mani\u00e8re autonome, sans avoir besoin d'un instructeur ou d'un superviseur.<\/p>\n<p>Vous apprendrez \u00e0 \u00e9valuer les conditions m\u00e9t\u00e9orologiques et le vent, \u00e0 choisir l'\u00e9quipement de kitesurf appropri\u00e9 et \u00e0 effectuer une v\u00e9rification compl\u00e8te de l'\u00e9quipement avant le d\u00e9part.<\/p>","protected":false},"featured_media":439,"comment_status":"closed","ping_status":"closed","template":"","meta":{"slim_seo":{"title":"Independent Kiteboarder Level 3 - Dahab Dream Kite","description":"Ce programme est con\u00e7u pour les kitesurfeurs qui ont d\u00e9j\u00e0 obtenu la certification IKO Intermediate Kiteboarder Level 2 et qui sont pr\u00eats \u00e0 passer au niveau sup\u00e9rieur."}},"product_brand":[],"product_cat":[32,33],"product_tag":[],"class_list":{"0":"post-1300","1":"product","2":"type-product","3":"status-publish","4":"has-post-thumbnail","6":"product_cat-courses","7":"product_cat-kitesurfing-courses","9":"first","10":"instock","11":"virtual","12":"purchasable","13":"product-type-simple"},"_links":{"self":[{"href":"https:\/\/dahabkitesurfing.com\/fr\/wp-json\/wp\/v2\/product\/1300","targetHints":{"allow":["GET"]}}],"collection":[{"href":"https:\/\/dahabkitesurfing.com\/fr\/wp-json\/wp\/v2\/product"}],"about":[{"href":"https:\/\/dahabkitesurfing.com\/fr\/wp-json\/wp\/v2\/types\/product"}],"replies":[{"embeddable":true,"href":"https:\/\/dahabkitesurfing.com\/fr\/wp-json\/wp\/v2\/comments?post=1300"}],"wp:featuredmedia":[{"embeddable":true,"href":"https:\/\/dahabkitesurfing.com\/fr\/wp-json\/wp\/v2\/media\/439"}],"wp:attachment":[{"href":"https:\/\/dahabkitesurfing.com\/fr\/wp-json\/wp\/v2\/media?parent=1300"}],"wp:term":[{"taxonomy":"product_brand","embeddable":true,"href":"https:\/\/dahabkitesurfing.com\/fr\/wp-json\/wp\/v2\/product_brand?post=1300"},{"taxonomy":"product_cat","embeddable":true,"href":"https:\/\/dahabkitesurfing.com\/fr\/wp-json\/wp\/v2\/product_cat?post=1300"},{"taxonomy":"product_tag","embeddable":true,"href":"https:\/\/dahabkitesurfing.com\/fr\/wp-json\/wp\/v2\/product_tag?post=1300"}],"curies":[{"name":"wp","href":"https:\/\/api.w.org\/{rel}","templated":true}]}}