{"id":1301,"date":"2025-10-26T08:12:37","date_gmt":"2025-10-26T08:12:37","guid":{"rendered":"https:\/\/dahabkitesurfing.com\/?post_type=product&#038;p=1301"},"modified":"2025-10-26T08:36:13","modified_gmt":"2025-10-26T08:36:13","slug":"kitesurfeur-avance-niveau-4","status":"publish","type":"product","link":"https:\/\/dahabkitesurfing.com\/fr\/produit\/kitesurfeur-avance-niveau-4\/","title":{"rendered":"Kiteboarder avanc\u00e9 niveau 4"},"content":{"rendered":"<p>Ce cours vous aidera \u00e0 d\u00e9velopper les comp\u00e9tences et les connaissances n\u00e9cessaires pour devenir un kitesurfeur confiant et comp\u00e9tent \u00e0 un niveau avanc\u00e9.<\/p>\n<p>10 heures de cours en moyenne. En fonction des connaissances de l'\u00e9l\u00e8ve, des conditions m\u00e9t\u00e9orologiques pendant le cours, de la configuration du spot (plat ? peu profond ? vagues ? ...).<\/p>\n<p>Tout au long de ce cours, vous vous concentrerez sur l'am\u00e9lioration du contr\u00f4le de l'aile, du contr\u00f4le de la planche et des comp\u00e9tences de pilotage, ce qui vous permettra de remonter au vent de fa\u00e7on constante dans diff\u00e9rentes conditions de vent et d'eau.<\/p>\n<p>Vous apprendrez \u00e9galement \u00e0 effectuer des sauts, des rotations et des prises de base, ce qui ajoutera un nouveau niveau d'excitation et de style \u00e0 votre r\u00e9pertoire de kitesurf.<\/p>\n<p>En outre, vous d\u00e9velopperez une solide compr\u00e9hension des proc\u00e9dures de s\u00e9curit\u00e9, ce qui vous permettra de naviguer sur l'eau et d'aider d'autres kitesurfeurs en cas de besoin en toute confiance.<\/p>\n<p>&nbsp;<\/p>\n<div class=\"elementor-element elementor-element-2070760 elementor-widget elementor-widget-heading\" data-id=\"2070760\" data-element_type=\"widget\" data-widget_type=\"heading.default\">\n<div class=\"elementor-widget-container\">\n<h3 class=\"elementor-heading-title elementor-size-large\">Comp\u00e9tences couvertes par ce cours :<\/h3>\n<\/div>\n<\/div>\n<div class=\"elementor-element elementor-element-d98b922 elementor-widget elementor-widget-text-editor\" data-id=\"d98b922\" data-element_type=\"widget\" data-widget_type=\"text-editor.default\">\n<div class=\"elementor-widget-container\">\n<p>Saut de base.<\/p>\n<p>Coup de pouce de la puissance.<\/p>\n<p>Sauter avec une prise.<\/p>\n<p>Saut de transition.<\/p>\n<p>R\u00e9cup\u00e9ration du cavalier.<\/p>\n<p>Recouvrement du conseil d'administration.<\/p>\n<p>Signes internationaux de kitesurf.<\/p>\n<p>R\u00e8gles ROW (Right Of Way).<\/p>\n<p>\u00c9quipement, m\u00e9t\u00e9o et mar\u00e9es.<\/p>\n<p>A\u00e9rodynamique.<\/p>\n<\/div>\n<\/div>\n<div class=\"elementor-element elementor-element-ecbdd68 elementor-align-center elementor-widget elementor-widget-button\" data-id=\"ecbdd68\" data-element_type=\"widget\" data-widget_type=\"button.default\">\n<div class=\"elementor-widget-container\">\n<div class=\"elementor-button-wrapper\"><\/div>\n<\/div>\n<\/div>","protected":false},"excerpt":{"rendered":"<p>Ce cours vous aidera \u00e0 d\u00e9velopper les comp\u00e9tences et les connaissances n\u00e9cessaires pour devenir un kitesurfeur confiant et comp\u00e9tent \u00e0 un niveau avanc\u00e9.<\/p>\n<p>10 heures de cours en moyenne. En fonction des connaissances de l'\u00e9l\u00e8ve, des conditions m\u00e9t\u00e9orologiques pendant le cours, de la configuration du spot (plat ? peu profond ? vagues ? ...).<\/p>\n<p>Tout au long de ce cours, vous vous concentrerez sur l'am\u00e9lioration du contr\u00f4le de l'aile, du contr\u00f4le de la planche et des comp\u00e9tences de pilotage, ce qui vous permettra de remonter au vent de fa\u00e7on constante dans diff\u00e9rentes conditions de vent et d'eau.<\/p>","protected":false},"featured_media":715,"comment_status":"closed","ping_status":"closed","template":"","meta":{"slim_seo":{"title":"Advanced Kiteboarder Level 4 - Dahab Dream Kite","description":"Ce cours vous aidera \u00e0 d\u00e9velopper les comp\u00e9tences et les connaissances n\u00e9cessaires pour devenir un kitesurfeur confiant et comp\u00e9tent \u00e0 un niveau avanc\u00e9. 10 heures de cours"}},"product_brand":[],"product_cat":[32,33],"product_tag":[],"class_list":{"0":"post-1301","1":"product","2":"type-product","3":"status-publish","4":"has-post-thumbnail","6":"product_cat-courses","7":"product_cat-kitesurfing-courses","9":"first","10":"instock","11":"virtual","12":"purchasable","13":"product-type-simple"},"_links":{"self":[{"href":"https:\/\/dahabkitesurfing.com\/fr\/wp-json\/wp\/v2\/product\/1301","targetHints":{"allow":["GET"]}}],"collection":[{"href":"https:\/\/dahabkitesurfing.com\/fr\/wp-json\/wp\/v2\/product"}],"about":[{"href":"https:\/\/dahabkitesurfing.com\/fr\/wp-json\/wp\/v2\/types\/product"}],"replies":[{"embeddable":true,"href":"https:\/\/dahabkitesurfing.com\/fr\/wp-json\/wp\/v2\/comments?post=1301"}],"wp:featuredmedia":[{"embeddable":true,"href":"https:\/\/dahabkitesurfing.com\/fr\/wp-json\/wp\/v2\/media\/715"}],"wp:attachment":[{"href":"https:\/\/dahabkitesurfing.com\/fr\/wp-json\/wp\/v2\/media?parent=1301"}],"wp:term":[{"taxonomy":"product_brand","embeddable":true,"href":"https:\/\/dahabkitesurfing.com\/fr\/wp-json\/wp\/v2\/product_brand?post=1301"},{"taxonomy":"product_cat","embeddable":true,"href":"https:\/\/dahabkitesurfing.com\/fr\/wp-json\/wp\/v2\/product_cat?post=1301"},{"taxonomy":"product_tag","embeddable":true,"href":"https:\/\/dahabkitesurfing.com\/fr\/wp-json\/wp\/v2\/product_tag?post=1301"}],"curies":[{"name":"wp","href":"https:\/\/api.w.org\/{rel}","templated":true}]}}