{"id":1126,"date":"2023-12-05T10:35:52","date_gmt":"2023-12-05T10:35:52","guid":{"rendered":"https:\/\/dahabkitesurfing.com\/?page_id=1126"},"modified":"2024-07-26T15:15:24","modified_gmt":"2024-07-26T15:15:24","slug":"flussi-sociali","status":"publish","type":"page","link":"https:\/\/dahabkitesurfing.com\/it\/flussi-sociali\/","title":{"rendered":"I social media"},"content":{"rendered":"<div data-elementor-type=\"wp-page\" data-elementor-id=\"1126\" class=\"elementor elementor-1126\" data-elementor-post-type=\"page\">\n\t\t\t\t\t\t<section class=\"elementor-section elementor-top-section elementor-element elementor-element-8b756ab elementor-section-boxed elementor-section-height-default elementor-section-height-default\" data-id=\"8b756ab\" data-element_type=\"section\">\n\t\t\t\t\t\t<div class=\"elementor-container elementor-column-gap-default\">\n\t\t\t\t\t<div class=\"elementor-column elementor-col-100 elementor-top-column elementor-element elementor-element-8043a3c\" data-id=\"8043a3c\" data-element_type=\"column\">\n\t\t\t<div class=\"elementor-widget-wrap elementor-element-populated\">\n\t\t\t\t\t\t<div class=\"elementor-element elementor-element-7e89660 elementor-widget elementor-widget-heading\" data-id=\"7e89660\" data-element_type=\"widget\" data-widget_type=\"heading.default\">\n\t\t\t\t<div class=\"elementor-widget-container\">\n\t\t\t\t\t<h1 class=\"elementor-heading-title elementor-size-default\">I nostri canali di social media<\/h1>\t\t\t\t<\/div>\n\t\t\t\t<\/div>\n\t\t\t\t<div class=\"elementor-element elementor-element-7d8477a elementor-widget elementor-widget-heading\" data-id=\"7d8477a\" data-element_type=\"widget\" data-widget_type=\"heading.default\">\n\t\t\t\t<div class=\"elementor-widget-container\">\n\t\t\t\t\t<h2 class=\"elementor-heading-title elementor-size-default\">Venga a seguirci!<\/h2>\t\t\t\t<\/div>\n\t\t\t\t<\/div>\n\t\t\t\t<div class=\"elementor-element elementor-element-9d79aa1 elementor-widget__width-initial elementor-widget elementor-widget-text-editor\" data-id=\"9d79aa1\" data-element_type=\"widget\" data-widget_type=\"text-editor.default\">\n\t\t\t\t<div class=\"elementor-widget-container\">\n\t\t\t\t\t\t\t\t\t<p><img decoding=\"async\" class=\"emoji\" role=\"img\" draggable=\"false\" src=\"https:\/\/s.w.org\/images\/core\/emoji\/14.0.0\/svg\/1f30a.svg\" alt=\"\ud83c\udf0a\" \/> Benvenuto nel mondo ipnotico di Dahab Dream Kite, dove il vento incontra le onde e i sogni prendono il volo! <img decoding=\"async\" class=\"emoji\" role=\"img\" draggable=\"false\" src=\"https:\/\/s.w.org\/images\/core\/emoji\/14.0.0\/svg\/1f3c4-200d-2642-fe0f.svg\" alt=\"\ud83c\udfc4\u200d\u2642\ufe0f\" \/><img decoding=\"async\" class=\"emoji\" role=\"img\" draggable=\"false\" src=\"https:\/\/s.w.org\/images\/core\/emoji\/14.0.0\/svg\/2728.svg\" alt=\"\u2728\" \/> Si immerga nel brivido del vento, nel fascino del mare e nell'euforia del kiteboarding e la invitiamo a unirsi alla nostra vivace comunit\u00e0 sui social media.<\/p><p><img decoding=\"async\" class=\"emoji\" role=\"img\" draggable=\"false\" src=\"https:\/\/s.w.org\/images\/core\/emoji\/14.0.0\/svg\/1f680.svg\" alt=\"\ud83d\ude80\" \/> Noi di Dahab Dream Kite non ci limitiamo a inseguire i sogni, ma li viviamo! I nostri canali di social media sono il suo biglietto per un paradiso virtuale, dove ogni post \u00e8 uno sguardo alle avventure adrenaliniche, ai paesaggi mozzafiato e al cameratismo che definisce lo stile di vita del kiteboarding.<\/p><p><img decoding=\"async\" class=\"emoji\" role=\"img\" draggable=\"false\" src=\"https:\/\/s.w.org\/images\/core\/emoji\/14.0.0\/svg\/1f308.svg\" alt=\"\ud83c\udf08\" \/> Perch\u00e9 seguirci? Perch\u00e9 non siamo solo un marchio, siamo un movimento. Ecco cosa pu\u00f2 aspettarsi:<\/p><p><img decoding=\"async\" class=\"emoji\" role=\"img\" draggable=\"false\" src=\"https:\/\/s.w.org\/images\/core\/emoji\/14.0.0\/svg\/31-20e3.svg\" alt=\"1\ufe0f\u20e3\" \/> **Visualizzazioni indimenticabili**: Si tenga pronto per una festa visiva! I nostri social media sono una tela di kites vibranti, acque turchesi e spiagge baciate dal sole che la trasporteranno nel cuore del paradiso del kiteboarding di Dahab.<\/p><p><img decoding=\"async\" class=\"emoji\" role=\"img\" draggable=\"false\" src=\"https:\/\/s.w.org\/images\/core\/emoji\/14.0.0\/svg\/32-20e3.svg\" alt=\"2\ufe0f\u20e3\" \/> **Consigli e trucchi degli esperti**: Che sia un professionista esperto o un principiante curioso, i nostri canali sono la sua fonte privilegiata per ottenere preziose intuizioni, consigli professionali e trucchi del mestiere. Migliori il suo gioco nel kiteboarding con le conoscenze condivise dai nostri esperti.<\/p><p><img decoding=\"async\" class=\"emoji\" role=\"img\" draggable=\"false\" src=\"https:\/\/s.w.org\/images\/core\/emoji\/14.0.0\/svg\/33-20e3.svg\" alt=\"3\ufe0f\u20e3\" \/> **Community Connection**: Si unisca ad una comunit\u00e0 globale di appassionati di kite che condividono la sua passione. Da trucchi sbalorditivi a storie di successo commoventi, i nostri canali sono un punto di incontro per persone che la pensano allo stesso modo, per connettersi, ispirarsi e sostenersi a vicenda.<\/p><p><img decoding=\"async\" class=\"emoji\" role=\"img\" draggable=\"false\" src=\"https:\/\/s.w.org\/images\/core\/emoji\/14.0.0\/svg\/34-20e3.svg\" alt=\"4\ufe0f\u20e3\" \/> **Offerte ed eventi esclusivi**: Sia il primo a conoscere le nostre ultime uscite di attrezzatura, le promozioni esclusive e gli eventi emozionanti. Come parte della famiglia di Dahab Dream Kite, avr\u00e0 accesso VIP alle tendenze e alle opportunit\u00e0 pi\u00f9 calde del mondo del kiteboarding.<\/p><p><img decoding=\"async\" class=\"emoji\" role=\"img\" draggable=\"false\" src=\"https:\/\/s.w.org\/images\/core\/emoji\/14.0.0\/svg\/35-20e3.svg\" alt=\"5\ufe0f\u20e3\" \/> **Ispirazione oltre la tavola**: Si immerga in un mondo in cui il kiteboarding \u00e8 pi\u00f9 di un semplice sport; \u00e8 uno stile di vita. Esplori la cultura, la mentalit\u00e0 e le storie che rendono Dahab Dream Kite un faro per coloro che cercano l'avventura, la libert\u00e0 e la connessione con la natura.<\/p><p>Allora, \u00e8 pronto a cavalcare i venti dell'eccitazione? Ci segua su Facebook e Instagram e si imbarchi in un viaggio dove i sogni prendono il volo e ogni giorno \u00e8 un'opportunit\u00e0 per una nuova avventura. Dahab Dream Kite - dove il vento sussurra e i sogni prendono vita! <img decoding=\"async\" class=\"emoji\" role=\"img\" draggable=\"false\" src=\"https:\/\/s.w.org\/images\/core\/emoji\/14.0.0\/svg\/1f32c.svg\" alt=\"\ud83c\udf2c\ufe0f\" \/><img decoding=\"async\" class=\"emoji\" role=\"img\" draggable=\"false\" src=\"https:\/\/s.w.org\/images\/core\/emoji\/14.0.0\/svg\/1f919.svg\" alt=\"\ud83e\udd19\" \/> #DahabDreamKite #RideTheDream #KiteboardingAdventures<\/p>\t\t\t\t\t\t\t\t<\/div>\n\t\t\t\t<\/div>\n\t\t\t\t\t<\/div>\n\t\t<\/div>\n\t\t\t\t\t<\/div>\n\t\t<\/section>\n\t\t\t\t<\/div>","protected":false},"excerpt":{"rendered":"<p>I nostri canali di social media Venga a seguirci! Benvenuto nel mondo ipnotico di Dahab Dream Kite, dove il vento incontra le onde e i sogni prendono il volo! Si immerga nel brivido del vento, nel fascino del mare e nell'euforia del kiteboarding: la invitiamo a unirsi alla nostra vivace comunit\u00e0 sui social [...]<\/p>","protected":false},"author":1,"featured_media":0,"parent":0,"menu_order":0,"comment_status":"closed","ping_status":"closed","template":"elementor_header_footer","meta":{"slim_seo":{"title":"Social Media - Dahab Dream Kite","description":"I nostri canali di social media Venga a seguirci! Benvenuto nel mondo ipnotico di Dahab Dream Kite, dove il vento incontra le onde e i sogni prendono il volo! Si immerga nel"},"footnotes":""},"class_list":["post-1126","page","type-page","status-publish","hentry"],"_links":{"self":[{"href":"https:\/\/dahabkitesurfing.com\/it\/wp-json\/wp\/v2\/pages\/1126","targetHints":{"allow":["GET"]}}],"collection":[{"href":"https:\/\/dahabkitesurfing.com\/it\/wp-json\/wp\/v2\/pages"}],"about":[{"href":"https:\/\/dahabkitesurfing.com\/it\/wp-json\/wp\/v2\/types\/page"}],"author":[{"embeddable":true,"href":"https:\/\/dahabkitesurfing.com\/it\/wp-json\/wp\/v2\/users\/1"}],"replies":[{"embeddable":true,"href":"https:\/\/dahabkitesurfing.com\/it\/wp-json\/wp\/v2\/comments?post=1126"}],"version-history":[{"count":17,"href":"https:\/\/dahabkitesurfing.com\/it\/wp-json\/wp\/v2\/pages\/1126\/revisions"}],"predecessor-version":[{"id":1234,"href":"https:\/\/dahabkitesurfing.com\/it\/wp-json\/wp\/v2\/pages\/1126\/revisions\/1234"}],"wp:attachment":[{"href":"https:\/\/dahabkitesurfing.com\/it\/wp-json\/wp\/v2\/media?parent=1126"}],"curies":[{"name":"wp","href":"https:\/\/api.w.org\/{rel}","templated":true}]}}