{"id":147,"date":"2023-04-03T09:02:21","date_gmt":"2023-04-03T09:02:21","guid":{"rendered":"https:\/\/dahabkitesurfing.com\/?page_id=147"},"modified":"2025-10-17T22:10:38","modified_gmt":"2025-10-17T22:10:38","slug":"scuola-kitesurf","status":"publish","type":"page","link":"https:\/\/dahabkitesurfing.com\/it\/scuola-kitesurf\/","title":{"rendered":"Scuola di kitesurf a Dahab"},"content":{"rendered":"<div data-elementor-type=\"wp-page\" data-elementor-id=\"147\" class=\"elementor elementor-147\" data-elementor-post-type=\"page\">\n\t\t\t\t\t\t<section class=\"elementor-section elementor-top-section elementor-element elementor-element-a7ac824 elementor-section-boxed elementor-section-height-default elementor-section-height-default\" data-id=\"a7ac824\" data-element_type=\"section\">\n\t\t\t\t\t\t<div class=\"elementor-container elementor-column-gap-default\">\n\t\t\t\t\t<div class=\"elementor-column elementor-col-100 elementor-top-column elementor-element elementor-element-b5b331d\" data-id=\"b5b331d\" data-element_type=\"column\">\n\t\t\t<div class=\"elementor-widget-wrap elementor-element-populated\">\n\t\t\t\t\t\t<section class=\"elementor-section elementor-inner-section elementor-element elementor-element-4017c1e elementor-section-boxed elementor-section-height-default elementor-section-height-default\" data-id=\"4017c1e\" data-element_type=\"section\">\n\t\t\t\t\t\t<div class=\"elementor-container elementor-column-gap-default\">\n\t\t\t\t\t<div class=\"elementor-column elementor-col-100 elementor-inner-column elementor-element elementor-element-336b754\" data-id=\"336b754\" data-element_type=\"column\">\n\t\t\t<div class=\"elementor-widget-wrap elementor-element-populated\">\n\t\t\t\t\t\t<div class=\"elementor-element elementor-element-b9397fa elementor-widget elementor-widget-heading\" data-id=\"b9397fa\" data-element_type=\"widget\" data-widget_type=\"heading.default\">\n\t\t\t\t<div class=\"elementor-widget-container\">\n\t\t\t\t\t<h1 class=\"elementor-heading-title elementor-size-default\">L'aquilone dei sogni di Dahab<br>Scuola di kitesurf a Dahab<\/h1>\t\t\t\t<\/div>\n\t\t\t\t<\/div>\n\t\t\t\t\t<\/div>\n\t\t<\/div>\n\t\t\t\t\t<\/div>\n\t\t<\/section>\n\t\t\t\t\t<\/div>\n\t\t<\/div>\n\t\t\t\t\t<\/div>\n\t\t<\/section>\n\t\t\t\t<section class=\"elementor-section elementor-top-section elementor-element elementor-element-54a0dcc elementor-section-boxed elementor-section-height-default elementor-section-height-default\" data-id=\"54a0dcc\" data-element_type=\"section\">\n\t\t\t\t\t\t<div class=\"elementor-container elementor-column-gap-default\">\n\t\t\t\t\t<div class=\"elementor-column elementor-col-66 elementor-top-column elementor-element elementor-element-9cb5337\" data-id=\"9cb5337\" data-element_type=\"column\">\n\t\t\t<div class=\"elementor-widget-wrap elementor-element-populated\">\n\t\t\t\t\t\t<div class=\"elementor-element elementor-element-694a3d9 elementor-widget__width-initial elementor-widget elementor-widget-text-editor\" data-id=\"694a3d9\" data-element_type=\"widget\" data-widget_type=\"text-editor.default\">\n\t\t\t\t<div class=\"elementor-widget-container\">\n\t\t\t\t\t\t\t\t\t<p>Il kitesurf \u00e8 uno sport acquatico emozionante e coinvolgente che prevede l'utilizzo di un aquilone per spingere un kiteboard sull'acqua.<\/p><p>Dahab Dream Kite \u00e8 un ottimo punto di partenza se \u00e8 interessato a una scuola di kitesurf a Dahab.<\/p><p>Situata a Dahab, in Egitto, Dahab Dream Kite \u00e8 una scuola di kitesurf che offre una serie di lezioni per tutti i livelli di esperienza.<\/p><p>Dal principiante all'avanzato, il team di Dahab Dream Kite pu\u00f2 aiutarla a imparare il kitesurf in un ambiente sicuro e divertente.<\/p><p>Le lezioni di kitesurf a Dahab Dream Kite sono tenute da istruttori esperti e certificati che si impegnano ad aiutarla ad avere successo.<\/p><p>Le lezioni sono divertenti, informative e personalizzate in base alle sue esigenze, in modo che possa progredire al suo ritmo.<\/p><p>Oltre alle lezioni di kitesurf, Dahab Dream Kite offre anche una gamma di attrezzature per il kitesurf a noleggio.<\/p><p>Che sia un kitesurfer esperto che vuole provare una nuova attrezzatura o un principiante che ha bisogno di tutto ci\u00f2 che serve per iniziare, Dahab Dream Kite la copre.<\/p><p>Dahab Dream Kite \u00e8 un <a title=\"Scuola affiliata IKO (International Kiteboarding Organization)\" href=\"https:\/\/www.ikointl.com\/\" target=\"_blank\" rel=\"noopener\">Scuola affiliata IKO (International Kiteboarding Organization)<\/a>Ci\u00f2 significa che aderiamo agli standard IKO per l'insegnamento del kitesurf.<\/p><p>I nostri studenti ricevono certificazioni riconosciute a livello internazionale al termine dei nostri corsi.<\/p><p>Quindi perch\u00e9 aspettare? Se \u00e8 pronto a sperimentare l'emozionante sport del kitesurf, inizi oggi stesso!<\/p>\t\t\t\t\t\t\t\t<\/div>\n\t\t\t\t<\/div>\n\t\t\t\t<div class=\"elementor-element elementor-element-8fd646b elementor-align-center elementor-invisible elementor-widget elementor-widget-button\" data-id=\"8fd646b\" data-element_type=\"widget\" data-settings=\"{&quot;_animation&quot;:&quot;shake&quot;}\" data-widget_type=\"button.default\">\n\t\t\t\t<div class=\"elementor-widget-container\">\n\t\t\t\t\t\t\t\t\t<div class=\"elementor-button-wrapper\">\n\t\t\t\t\t<a class=\"elementor-button elementor-button-link elementor-size-sm\" href=\"https:\/\/dahabkitesurfing.com\/it\/corsi-di-kitesurf\/\">\n\t\t\t\t\t\t<span class=\"elementor-button-content-wrapper\">\n\t\t\t\t\t\t\t\t\t<span class=\"elementor-button-text\">Veda i nostri corsi di Kitesurf a Dahab<\/span>\n\t\t\t\t\t<\/span>\n\t\t\t\t\t<\/a>\n\t\t\t\t<\/div>\n\t\t\t\t\t\t\t\t<\/div>\n\t\t\t\t<\/div>\n\t\t\t\t\t<\/div>\n\t\t<\/div>\n\t\t\t\t<div class=\"elementor-column elementor-col-33 elementor-top-column elementor-element elementor-element-d7dfb4b\" data-id=\"d7dfb4b\" data-element_type=\"column\">\n\t\t\t<div class=\"elementor-widget-wrap elementor-element-populated\">\n\t\t\t\t\t\t<div class=\"elementor-element elementor-element-d05f509 elementor-widget elementor-widget-image\" data-id=\"d05f509\" data-element_type=\"widget\" data-widget_type=\"image.default\">\n\t\t\t\t<div class=\"elementor-widget-container\">\n\t\t\t\t\t\t\t\t\t\t\t\t\t\t\t<img decoding=\"async\" src=\"https:\/\/dahabkitesurfing.com\/wp-content\/uploads\/elementor\/thumbs\/Kitesurf-Instructor-Saleh-with-Student-rdcmcg91saext00m5dzcfbs2namqehtf961x49ibhc.jpg\" title=\"L&#039;istruttore di kitesurf Saleh con lo studente\" alt=\"L&#039;istruttore di kitesurf Saleh con lo studente\" loading=\"lazy\" \/>\t\t\t\t\t\t\t\t\t\t\t\t\t\t\t<\/div>\n\t\t\t\t<\/div>\n\t\t\t\t\t<\/div>\n\t\t<\/div>\n\t\t\t\t\t<\/div>\n\t\t<\/section>\n\t\t\t\t<section class=\"elementor-section elementor-top-section elementor-element elementor-element-2bb42a7 elementor-section-boxed elementor-section-height-default elementor-section-height-default\" data-id=\"2bb42a7\" data-element_type=\"section\">\n\t\t\t\t\t\t<div class=\"elementor-container elementor-column-gap-default\">\n\t\t\t\t\t<div class=\"elementor-column elementor-col-100 elementor-top-column elementor-element elementor-element-5df6726\" data-id=\"5df6726\" data-element_type=\"column\">\n\t\t\t<div class=\"elementor-widget-wrap elementor-element-populated\">\n\t\t\t\t\t\t<div class=\"elementor-element elementor-element-4c0abfe elementor-widget elementor-widget-heading\" data-id=\"4c0abfe\" data-element_type=\"widget\" data-widget_type=\"heading.default\">\n\t\t\t\t<div class=\"elementor-widget-container\">\n\t\t\t\t\t<h2 class=\"elementor-heading-title elementor-size-xxl\">Scuola di kitesurf a Dahab - Blue Lagoon<\/h2>\t\t\t\t<\/div>\n\t\t\t\t<\/div>\n\t\t\t\t<div class=\"elementor-element elementor-element-c2facda elementor-widget elementor-widget-text-editor\" data-id=\"c2facda\" data-element_type=\"widget\" data-widget_type=\"text-editor.default\">\n\t\t\t\t<div class=\"elementor-widget-container\">\n\t\t\t\t\t\t\t\t\t<p>La Laguna Blu di Dahab, in Egitto, \u00e8 una destinazione molto conosciuta dagli appassionati di kitesurf.<\/p><p>Si trova a circa 10 chilometri (6,2 miglia) a nord della citt\u00e0 di Dahab, sulla costa sud-orientale della Penisola del Sinai, lungo il Mar Rosso.<\/p><p>Il kitesurf nella Laguna Blu \u00e8 molto popolare grazie alle sue condizioni ideali per il kitesurf.<\/p><p>La laguna \u00e8 un'acqua poco profonda e protetta, con acque cristalline di colore blu turchese.<\/p><p>\u00c8 circondata da un bellissimo paesaggio desertico, con le Montagne del Sinai sullo sfondo.<\/p><p>La combinazione di acque poco profonde, venti costanti e paesaggi mozzafiato rendono la Laguna Blu un luogo privilegiato per il kitesurf.<\/p><p>Una volta arrivati alla Laguna Blu, c'\u00e8 un ampio spazio per lanciare e godersi le sessioni di kitesurf.<\/p><p>La bellezza della localit\u00e0 e le condizioni affidabili del vento la rendono una destinazione imperdibile per i kitesurfer a Dahab, ed \u00e8 nota per offrire un'esperienza indimenticabile di kitesurf in Egitto.<\/p>\t\t\t\t\t\t\t\t<\/div>\n\t\t\t\t<\/div>\n\t\t\t\t<section class=\"elementor-section elementor-inner-section elementor-element elementor-element-4023cd1 elementor-section-boxed elementor-section-height-default elementor-section-height-default\" data-id=\"4023cd1\" data-element_type=\"section\">\n\t\t\t\t\t\t<div class=\"elementor-container elementor-column-gap-default\">\n\t\t\t\t\t<div class=\"elementor-column elementor-col-50 elementor-inner-column elementor-element elementor-element-8ea9150\" data-id=\"8ea9150\" data-element_type=\"column\">\n\t\t\t<div class=\"elementor-widget-wrap elementor-element-populated\">\n\t\t\t\t\t\t<div class=\"elementor-element elementor-element-57d6ec2 elementor-widget elementor-widget-image\" data-id=\"57d6ec2\" data-element_type=\"widget\" data-widget_type=\"image.default\">\n\t\t\t\t<div class=\"elementor-widget-container\">\n\t\t\t\t\t\t\t\t\t\t\t\t\t\t\t<img fetchpriority=\"high\" decoding=\"async\" width=\"768\" height=\"512\" src=\"https:\/\/dahabkitesurfing.com\/wp-content\/uploads\/Kitesurfing-School-Blue-Lagoona-Dahab-Dream-Kite-768x512.jpg\" class=\"attachment-medium_large size-medium_large wp-image-839\" alt=\"Scuola di Kitesurf Blue Lagoona Dahab Dream Kite\" srcset=\"https:\/\/dahabkitesurfing.com\/wp-content\/uploads\/Kitesurfing-School-Blue-Lagoona-Dahab-Dream-Kite-768x512.jpg 768w, https:\/\/dahabkitesurfing.com\/wp-content\/uploads\/Kitesurfing-School-Blue-Lagoona-Dahab-Dream-Kite-600x400.jpg 600w, https:\/\/dahabkitesurfing.com\/wp-content\/uploads\/Kitesurfing-School-Blue-Lagoona-Dahab-Dream-Kite-300x200.jpg 300w, https:\/\/dahabkitesurfing.com\/wp-content\/uploads\/Kitesurfing-School-Blue-Lagoona-Dahab-Dream-Kite-1024x683.jpg 1024w, https:\/\/dahabkitesurfing.com\/wp-content\/uploads\/Kitesurfing-School-Blue-Lagoona-Dahab-Dream-Kite-18x12.jpg 18w, https:\/\/dahabkitesurfing.com\/wp-content\/uploads\/Kitesurfing-School-Blue-Lagoona-Dahab-Dream-Kite.jpg 1200w\" sizes=\"(max-width: 768px) 100vw, 768px\" \/>\t\t\t\t\t\t\t\t\t\t\t\t\t\t\t<\/div>\n\t\t\t\t<\/div>\n\t\t\t\t\t<\/div>\n\t\t<\/div>\n\t\t\t\t<div class=\"elementor-column elementor-col-50 elementor-inner-column elementor-element elementor-element-a161107\" data-id=\"a161107\" data-element_type=\"column\">\n\t\t\t<div class=\"elementor-widget-wrap elementor-element-populated\">\n\t\t\t\t\t\t<div class=\"elementor-element elementor-element-6b42236 elementor-widget elementor-widget-image\" data-id=\"6b42236\" data-element_type=\"widget\" data-widget_type=\"image.default\">\n\t\t\t\t<div class=\"elementor-widget-container\">\n\t\t\t\t\t\t\t\t\t\t\t\t\t\t\t<img decoding=\"async\" width=\"768\" height=\"512\" src=\"https:\/\/dahabkitesurfing.com\/wp-content\/uploads\/kitesurfing-safety-boat-blue-lagoon-dahab-768x512.jpg\" class=\"attachment-medium_large size-medium_large wp-image-834\" alt=\"scuola di kitesurf barca di sicurezza laguna blu dahab\" srcset=\"https:\/\/dahabkitesurfing.com\/wp-content\/uploads\/kitesurfing-safety-boat-blue-lagoon-dahab-768x512.jpg 768w, https:\/\/dahabkitesurfing.com\/wp-content\/uploads\/kitesurfing-safety-boat-blue-lagoon-dahab-600x400.jpg 600w, https:\/\/dahabkitesurfing.com\/wp-content\/uploads\/kitesurfing-safety-boat-blue-lagoon-dahab-300x200.jpg 300w, https:\/\/dahabkitesurfing.com\/wp-content\/uploads\/kitesurfing-safety-boat-blue-lagoon-dahab-1024x683.jpg 1024w, https:\/\/dahabkitesurfing.com\/wp-content\/uploads\/kitesurfing-safety-boat-blue-lagoon-dahab-18x12.jpg 18w, https:\/\/dahabkitesurfing.com\/wp-content\/uploads\/kitesurfing-safety-boat-blue-lagoon-dahab.jpg 1200w\" sizes=\"(max-width: 768px) 100vw, 768px\" \/>\t\t\t\t\t\t\t\t\t\t\t\t\t\t\t<\/div>\n\t\t\t\t<\/div>\n\t\t\t\t\t<\/div>\n\t\t<\/div>\n\t\t\t\t\t<\/div>\n\t\t<\/section>\n\t\t\t\t<div class=\"elementor-element elementor-element-6ca9514 elementor-widget elementor-widget-heading\" data-id=\"6ca9514\" data-element_type=\"widget\" data-widget_type=\"heading.default\">\n\t\t\t\t<div class=\"elementor-widget-container\">\n\t\t\t\t\t<h3 class=\"elementor-heading-title elementor-size-xl\">Altre cose da fare alla Laguna Blu<\/h3>\t\t\t\t<\/div>\n\t\t\t\t<\/div>\n\t\t\t\t<div class=\"elementor-element elementor-element-e8dede1 elementor-widget elementor-widget-text-editor\" data-id=\"e8dede1\" data-element_type=\"widget\" data-widget_type=\"text-editor.default\">\n\t\t\t\t<div class=\"elementor-widget-container\">\n\t\t\t\t\t\t\t\t\t<div class=\"flex-1 overflow-hidden\"><div class=\"react-scroll-to-bottom--css-gmcoc-79elbk h-full dark:bg-gray-800\"><div class=\"react-scroll-to-bottom--css-gmcoc-1n7m0yu\"><div class=\"flex flex-col text-sm dark:bg-gray-800\"><div class=\"group w-full text-token-text-primary border-b border-black\/10 dark:border-gray-900\/50 bg-gray-50 dark:bg-[#444654]\" data-testid=\"conversation-turn-5\"><div class=\"p-4 justify-center text-base md:gap-6 md:py-6 m-auto\"><div class=\"flex flex-1 gap-4 text-base mx-auto md:gap-6 md:max-w-2xl lg:max-w-[38rem] xl:max-w-3xl }\"><div class=\"relative flex w-[calc(100%-50px)] flex-col gap-1 md:gap-3 lg:w-[calc(100%-115px)]\"><div class=\"flex flex-grow flex-col gap-3 max-w-full\"><div class=\"min-h-[20px] flex flex-col items-start gap-3 overflow-x-auto whitespace-pre-wrap break-words\"><div class=\"markdown prose w-full break-words dark:prose-invert light\"><p>Sebbene la Laguna Blu di Dahab, in Egitto, sia rinomata soprattutto per le sue eccellenti condizioni di kitesurf, ci sono molte altre attivit\u00e0 e attrazioni che i visitatori possono praticare in questa pittoresca localit\u00e0 e nei dintorni:<\/p><ol><li><p><strong>Snorkeling e immersioni<\/strong>: La Laguna Blu offre fantastiche opportunit\u00e0 per lo snorkeling e le immersioni. Le sue acque limpide e tranquille ospitano varie forme di vita marina e barriere coralline, il che la rende un luogo eccellente per l'esplorazione subacquea.<\/p><\/li><li><p><strong>Rilassamento<\/strong>: L'atmosfera tranquilla e la splendida bellezza naturale della Laguna Blu la rendono un luogo ideale per il relax. Pu\u00f2 oziare sulla spiaggia, prendere il sole o ammirare le viste mozzafiato del deserto e delle montagne.<\/p><\/li><li><p><strong>Nuoto<\/strong>: Le acque calme e poco profonde della laguna sono perfette per nuotare, soprattutto per coloro che non amano il kitesurf o altri sport acquatici. \u00c8 un luogo sicuro e piacevole per una nuotata rinfrescante.<\/p><\/li><li><p><strong>Cammello e equitazione<\/strong>: Pu\u00f2 fare passeggiate in cammello o a cavallo lungo la spiaggia e il deserto, aggiungendo un tocco di avventura alla sua visita.<\/p><\/li><li><p><strong>Ritiri di yoga e benessere<\/strong>: Alcuni resort e centri yoga della zona offrono ritiri di yoga e benessere, consentendole di combinare il relax con il fitness e la cura di s\u00e9.<\/p><\/li><li><p><strong>Guardare le stelle<\/strong>: Il cielo notturno limpido nel deserto che circonda la Laguna Blu \u00e8 perfetto per osservare le stelle. Pu\u00f2 ammirare la bellezza delle stelle e delle costellazioni lontano dalle luci della citt\u00e0.<\/p><\/li><li><p><strong>Esplorare le attrazioni vicine<\/strong>: Dahab offre diverse attrazioni, tra cui il famoso sito di immersione Blue Hole, la Barriera Corallina del Faro e il Canyon di Dahab. Pu\u00f2 fare gite di un giorno o tour per esplorare queste meraviglie naturali vicine.<\/p><\/li><\/ol><p>La Laguna Blu non \u00e8 solo un punto caldo per una scuola di kitesurf a Dahab, ma anche una destinazione che offre diverse attivit\u00e0 ed esperienze, rendendola adatta sia agli amanti dell'avventura che a coloro che cercano una fuga tranquilla.<\/p><\/div><\/div><\/div><\/div><\/div><\/div><\/div><\/div><\/div><\/div><\/div>\t\t\t\t\t\t\t\t<\/div>\n\t\t\t\t<\/div>\n\t\t\t\t\t<\/div>\n\t\t<\/div>\n\t\t\t\t\t<\/div>\n\t\t<\/section>\n\t\t\t\t<section class=\"elementor-section elementor-top-section elementor-element elementor-element-22fa3782 elementor-section-boxed elementor-section-height-default elementor-section-height-default\" data-id=\"22fa3782\" data-element_type=\"section\">\n\t\t\t\t\t\t<div class=\"elementor-container elementor-column-gap-default\">\n\t\t\t\t\t<div class=\"elementor-column elementor-col-100 elementor-top-column elementor-element elementor-element-2fd311a2\" data-id=\"2fd311a2\" data-element_type=\"column\">\n\t\t\t<div class=\"elementor-widget-wrap elementor-element-populated\">\n\t\t\t\t\t\t<div class=\"elementor-element elementor-element-3bc5acb4 elementor-widget elementor-widget-heading\" data-id=\"3bc5acb4\" data-element_type=\"widget\" data-widget_type=\"heading.default\">\n\t\t\t\t<div class=\"elementor-widget-container\">\n\t\t\t\t\t<h2 class=\"elementor-heading-title elementor-size-default\">La bellezza del Kitesurf<\/h2>\t\t\t\t<\/div>\n\t\t\t\t<\/div>\n\t\t\t\t<div class=\"elementor-element elementor-element-d0a9d73 elementor-widget elementor-widget-text-editor\" data-id=\"d0a9d73\" data-element_type=\"widget\" data-widget_type=\"text-editor.default\">\n\t\t\t\t<div class=\"elementor-widget-container\">\n\t\t\t\t\t\t\t\t\t<p>La bellezza del Kitesurf a Dahab \u00e8 descritta dal nostro Istruttore di Kite, Saleh, nel video qui sotto. Il video contiene scene della nostra area di allenamento principale nella Laguna Blu e la nostra scuola di kitesurf a Dahab \u00e8 vicina.<\/p><p>L'altra nostra area di allenamento per il kitesurf \u00e8 la Lagoona a Dahab. Si goda il video e non vediamo l'ora di fare kitesurf con lei.<\/p>\t\t\t\t\t\t\t\t<\/div>\n\t\t\t\t<\/div>\n\t\t\t\t<section class=\"elementor-section elementor-inner-section elementor-element elementor-element-6e3d7bd2 elementor-section-boxed elementor-section-height-default elementor-section-height-default\" data-id=\"6e3d7bd2\" data-element_type=\"section\">\n\t\t\t\t\t\t<div class=\"elementor-container elementor-column-gap-default\">\n\t\t\t\t\t<div class=\"elementor-column elementor-col-100 elementor-inner-column elementor-element elementor-element-4f6acb70\" data-id=\"4f6acb70\" data-element_type=\"column\">\n\t\t\t<div class=\"elementor-widget-wrap elementor-element-populated\">\n\t\t\t\t\t\t<div class=\"elementor-element elementor-element-6b7cdab0 elementor-widget__width-initial elementor-widget elementor-widget-video\" data-id=\"6b7cdab0\" data-element_type=\"widget\" data-settings=\"{&quot;video_type&quot;:&quot;hosted&quot;,&quot;controls&quot;:&quot;yes&quot;}\" data-widget_type=\"video.default\">\n\t\t\t\t<div class=\"elementor-widget-container\">\n\t\t\t\t\t\t\t<div class=\"e-hosted-video elementor-wrapper elementor-open-inline\">\n\t\t\t\t\t<video class=\"elementor-video\" src=\"https:\/\/dahabkitesurfing.com\/kitesurfing dahab dream kite.mp4\" controls=\"\" preload=\"metadata\" controlslist=\"nodownload\" poster=\"https:\/\/dahabkitesurfing.com\/wp-content\/uploads\/2023\/04\/kitesurfing-dahab-dream-kite.jpg\"><\/video>\n\t\t\t\t<\/div>\n\t\t\t\t\t\t<\/div>\n\t\t\t\t<\/div>\n\t\t\t\t<div class=\"elementor-element elementor-element-ac54e75 elementor-align-center elementor-invisible elementor-widget elementor-widget-button\" data-id=\"ac54e75\" data-element_type=\"widget\" data-settings=\"{&quot;_animation&quot;:&quot;shake&quot;}\" data-widget_type=\"button.default\">\n\t\t\t\t<div class=\"elementor-widget-container\">\n\t\t\t\t\t\t\t\t\t<div class=\"elementor-button-wrapper\">\n\t\t\t\t\t<a class=\"elementor-button elementor-button-link elementor-size-sm\" href=\"https:\/\/dahabkitesurfing.com\/it\/corsi-di-kitesurf\/\">\n\t\t\t\t\t\t<span class=\"elementor-button-content-wrapper\">\n\t\t\t\t\t\t\t\t\t<span class=\"elementor-button-text\">Veda i nostri Corsi di Kitesurf a Dahab<\/span>\n\t\t\t\t\t<\/span>\n\t\t\t\t\t<\/a>\n\t\t\t\t<\/div>\n\t\t\t\t\t\t\t\t<\/div>\n\t\t\t\t<\/div>\n\t\t\t\t\t<\/div>\n\t\t<\/div>\n\t\t\t\t\t<\/div>\n\t\t<\/section>\n\t\t\t\t\t<\/div>\n\t\t<\/div>\n\t\t\t\t\t<\/div>\n\t\t<\/section>\n\t\t\t\t<section class=\"elementor-section elementor-top-section elementor-element elementor-element-814fdcd elementor-section-boxed elementor-section-height-default elementor-section-height-default\" data-id=\"814fdcd\" data-element_type=\"section\">\n\t\t\t\t\t\t<div class=\"elementor-container elementor-column-gap-default\">\n\t\t\t\t\t<div class=\"elementor-column elementor-col-100 elementor-top-column elementor-element elementor-element-44760be\" data-id=\"44760be\" data-element_type=\"column\">\n\t\t\t<div class=\"elementor-widget-wrap\">\n\t\t\t\t\t\t\t<\/div>\n\t\t<\/div>\n\t\t\t\t\t<\/div>\n\t\t<\/section>\n\t\t\t\t<\/div>","protected":false},"excerpt":{"rendered":"<p>Dahab Dream Kite Scuola di Kitesurf a Dahab Il kitesurf \u00e8 uno sport acquatico emozionante e coinvolgente che prevede l'utilizzo di un aquilone per spingere un kiteboard sull'acqua. Dahab Dream Kite \u00e8 un ottimo punto di partenza se \u00e8 interessato ad una scuola di kitesurf a Dahab. Situato a Dahab, in Egitto, Dahab Dream Kite \u00e8 una scuola di kitesurf [...]<\/p>","protected":false},"author":1,"featured_media":186,"parent":0,"menu_order":0,"comment_status":"closed","ping_status":"closed","template":"elementor_header_footer","meta":{"slim_seo":{"title":"Kitesurfing School in Dahab - Dahab Dream Kite","description":"Dahab Dream Kite Kitesurfing School a Dahab Il kitesurf \u00e8 uno sport acquatico emozionante e coinvolgente che prevede l'utilizzo di un aquilone per spingere un kiteboard attraverso l'acqua."},"footnotes":""},"class_list":["post-147","page","type-page","status-publish","has-post-thumbnail","hentry"],"_links":{"self":[{"href":"https:\/\/dahabkitesurfing.com\/it\/wp-json\/wp\/v2\/pages\/147","targetHints":{"allow":["GET"]}}],"collection":[{"href":"https:\/\/dahabkitesurfing.com\/it\/wp-json\/wp\/v2\/pages"}],"about":[{"href":"https:\/\/dahabkitesurfing.com\/it\/wp-json\/wp\/v2\/types\/page"}],"author":[{"embeddable":true,"href":"https:\/\/dahabkitesurfing.com\/it\/wp-json\/wp\/v2\/users\/1"}],"replies":[{"embeddable":true,"href":"https:\/\/dahabkitesurfing.com\/it\/wp-json\/wp\/v2\/comments?post=147"}],"version-history":[{"count":77,"href":"https:\/\/dahabkitesurfing.com\/it\/wp-json\/wp\/v2\/pages\/147\/revisions"}],"predecessor-version":[{"id":1292,"href":"https:\/\/dahabkitesurfing.com\/it\/wp-json\/wp\/v2\/pages\/147\/revisions\/1292"}],"wp:featuredmedia":[{"embeddable":true,"href":"https:\/\/dahabkitesurfing.com\/it\/wp-json\/wp\/v2\/media\/186"}],"wp:attachment":[{"href":"https:\/\/dahabkitesurfing.com\/it\/wp-json\/wp\/v2\/media?parent=147"}],"curies":[{"name":"wp","href":"https:\/\/api.w.org\/{rel}","templated":true}]}}