{"id":153,"date":"2023-04-03T09:21:43","date_gmt":"2023-04-03T09:21:43","guid":{"rendered":"https:\/\/dahabkitesurfing.com\/?page_id=153"},"modified":"2023-05-10T15:35:33","modified_gmt":"2023-05-10T15:35:33","slug":"termini-duso","status":"publish","type":"page","link":"https:\/\/dahabkitesurfing.com\/it\/termini-duso\/","title":{"rendered":"Condizioni d'uso"},"content":{"rendered":"<div data-elementor-type=\"wp-page\" data-elementor-id=\"153\" class=\"elementor elementor-153\" data-elementor-post-type=\"page\">\n\t\t\t\t\t\t<section class=\"elementor-section elementor-top-section elementor-element elementor-element-0719087 elementor-section-boxed elementor-section-height-default elementor-section-height-default\" data-id=\"0719087\" data-element_type=\"section\">\n\t\t\t\t\t\t<div class=\"elementor-container elementor-column-gap-default\">\n\t\t\t\t\t<div class=\"elementor-column elementor-col-100 elementor-top-column elementor-element elementor-element-fc094f5\" data-id=\"fc094f5\" data-element_type=\"column\">\n\t\t\t<div class=\"elementor-widget-wrap elementor-element-populated\">\n\t\t\t\t\t\t<div class=\"elementor-element elementor-element-a9c0481 elementor-widget elementor-widget-heading\" data-id=\"a9c0481\" data-element_type=\"widget\" data-widget_type=\"heading.default\">\n\t\t\t\t<div class=\"elementor-widget-container\">\n\t\t\t\t\t<h1 class=\"elementor-heading-title elementor-size-default\">Termini e condizioni<\/h1>\t\t\t\t<\/div>\n\t\t\t\t<\/div>\n\t\t\t\t<div class=\"elementor-element elementor-element-a246043 elementor-widget elementor-widget-text-editor\" data-id=\"a246043\" data-element_type=\"widget\" data-widget_type=\"text-editor.default\">\n\t\t\t\t<div class=\"elementor-widget-container\">\n\t\t\t\t\t\t\t\t\t<p>Benvenuti a Dahab Dream Kite!<\/p><p>Questi termini e condizioni delineano le norme e i regolamenti per l'utilizzo del Sito Web di Dahab Dream Kite, situato all'indirizzo https:\/\/dahabkitesurfing.com\/.<\/p><p>Accedendo a questo sito web si presume che lei accetti questi termini e condizioni. Non continui ad utilizzare Dahab Dream Kite se non accetta tutti i termini e le condizioni indicati in questa pagina.<\/p><p>La seguente terminologia si applica ai presenti Termini e condizioni, alla Dichiarazione sulla privacy e all'Avviso di esclusione di responsabilit\u00e0 e a tutti i contratti: \"Cliente\", \"Lei\" e \"Suo\" si riferisce a Lei, la persona che accede a questo sito web e che \u00e8 conforme ai termini e alle condizioni dell'Azienda. \"La Societ\u00e0\", \"Noi\", \"Noi\", \"Nostro\" e \"Noi\", si riferisce alla nostra Societ\u00e0. \"Parte\", \"Parti\" o \"Noi\" si riferisce sia al Cliente che a noi. Tutti i termini si riferiscono all'offerta, all'accettazione e al corrispettivo del pagamento necessario per intraprendere il processo di assistenza da parte nostra al Cliente nel modo pi\u00f9 appropriato per l'espresso scopo di soddisfare le esigenze del Cliente in relazione alla fornitura dei servizi dichiarati dall'Azienda, in conformit\u00e0 e nel rispetto della legge vigente in materia. Qualsiasi uso della terminologia di cui sopra o di altre parole al singolare, al plurale, con la maiuscola e\/o lui\/lei o loro, sono considerati intercambiabili e quindi riferiti allo stesso.<\/p>\t\t\t\t\t\t\t\t<\/div>\n\t\t\t\t<\/div>\n\t\t\t\t<div class=\"elementor-element elementor-element-d595531 elementor-widget elementor-widget-heading\" data-id=\"d595531\" data-element_type=\"widget\" data-widget_type=\"heading.default\">\n\t\t\t\t<div class=\"elementor-widget-container\">\n\t\t\t\t\t<h2 class=\"elementor-heading-title elementor-size-xl\">I biscotti<\/h2>\t\t\t\t<\/div>\n\t\t\t\t<\/div>\n\t\t\t\t<div class=\"elementor-element elementor-element-8f5007d elementor-widget elementor-widget-text-editor\" data-id=\"8f5007d\" data-element_type=\"widget\" data-widget_type=\"text-editor.default\">\n\t\t\t\t<div class=\"elementor-widget-container\">\n\t\t\t\t\t\t\t\t\t<p>Utilizziamo i cookie. Accedendo a Dahab Dream Kite, accetta di utilizzare i cookie in accordo con la Politica sulla privacy di Dahab Dream Kite.<\/p><p>La maggior parte dei siti web interattivi utilizza i cookie per consentirci di recuperare i dati dell'utente ad ogni visita. I cookie sono utilizzati dal nostro sito web per consentire la funzionalit\u00e0 di alcune aree, in modo da facilitare le persone che visitano il nostro sito. Anche alcuni dei nostri partner affiliati\/pubblicitari possono utilizzare i cookie.<\/p>\t\t\t\t\t\t\t\t<\/div>\n\t\t\t\t<\/div>\n\t\t\t\t<div class=\"elementor-element elementor-element-ac40b91 elementor-widget elementor-widget-heading\" data-id=\"ac40b91\" data-element_type=\"widget\" data-widget_type=\"heading.default\">\n\t\t\t\t<div class=\"elementor-widget-container\">\n\t\t\t\t\t<h2 class=\"elementor-heading-title elementor-size-xl\">Licenza<\/h2>\t\t\t\t<\/div>\n\t\t\t\t<\/div>\n\t\t\t\t<div class=\"elementor-element elementor-element-9f9d18a elementor-widget elementor-widget-text-editor\" data-id=\"9f9d18a\" data-element_type=\"widget\" data-widget_type=\"text-editor.default\">\n\t\t\t\t<div class=\"elementor-widget-container\">\n\t\t\t\t\t\t\t\t\t<p>Se non diversamente indicato, Dahab Dream Kite e\/o i suoi licenziatari detengono i diritti di propriet\u00e0 intellettuale per tutto il materiale presente su Dahab Dream Kite. Tutti i diritti di propriet\u00e0 intellettuale sono riservati. Pu\u00f2 accedere a questo materiale da Dahab Dream Kite per uso personale, nel rispetto delle restrizioni stabilite in questi termini e condizioni.<\/p><p>Non deve:<\/p><ul><li>Ripubblicare materiale da Dahab Dream Kite<\/li><li>Vendere, affittare o concedere in sub-licenza materiale di Dahab Dream Kite<\/li><li>Riprodurre, duplicare o copiare il materiale di Dahab Dream Kite<\/li><li>Ridistribuire contenuti di Dahab Dream Kite<\/li><\/ul><p>Alcune parti di questo sito web offrono agli utenti l'opportunit\u00e0 di pubblicare e scambiare opinioni e informazioni in determinate aree del sito. Dahab Dream Kite non filtra, modifica, pubblica o rivede i Commenti prima della loro presenza sul sito web. I Commenti non riflettono i punti di vista e le opinioni di Dahab Dream Kite, dei suoi agenti e\/o affiliati. I Commenti riflettono i punti di vista e le opinioni della persona che li pubblica. Nella misura consentita dalle leggi vigenti, Dahab Dream Kite non sar\u00e0 responsabile per i Commenti o per qualsiasi responsabilit\u00e0, danno o spesa causati e\/o subiti in seguito all'uso e\/o alla pubblicazione e\/o alla comparsa dei Commenti su questo sito web.<\/p><p>Dahab Dream Kite si riserva il diritto di monitorare tutti i Commenti e di rimuovere qualsiasi Commento che possa essere considerato inappropriato, offensivo o che provochi una violazione dei presenti Termini e Condizioni.<\/p><p>Lei garantisce e dichiara che:<\/p><ul><li>Lei ha il diritto di pubblicare i Commenti sul nostro sito web e dispone di tutte le licenze e i consensi necessari per farlo;<\/li><li>I Commenti non violano alcun diritto di propriet\u00e0 intellettuale, inclusi, senza limitazioni, copyright, brevetti o marchi di terzi;<\/li><li>I Commenti non contengono materiale diffamatorio, calunnioso, offensivo, indecente o altrimenti illegale che costituisca una violazione della privacy.<\/li><li>I Commenti non saranno utilizzati per sollecitare o promuovere attivit\u00e0 commerciali o consuetudini o presentare attivit\u00e0 commerciali o attivit\u00e0 illegali.<\/li><\/ul><p>Lei concede a Dahab Dream Kite una licenza non esclusiva per utilizzare, riprodurre, modificare e autorizzare altri a utilizzare, riprodurre e modificare qualsiasi suo Commento in qualsiasi forma, formato o media.<\/p>\t\t\t\t\t\t\t\t<\/div>\n\t\t\t\t<\/div>\n\t\t\t\t<div class=\"elementor-element elementor-element-40c8fdf elementor-widget elementor-widget-heading\" data-id=\"40c8fdf\" data-element_type=\"widget\" data-widget_type=\"heading.default\">\n\t\t\t\t<div class=\"elementor-widget-container\">\n\t\t\t\t\t<h2 class=\"elementor-heading-title elementor-size-xl\">Collegamento ipertestuale al nostro Contenuto<\/h2>\t\t\t\t<\/div>\n\t\t\t\t<\/div>\n\t\t\t\t<div class=\"elementor-element elementor-element-7b7c528 elementor-widget elementor-widget-text-editor\" data-id=\"7b7c528\" data-element_type=\"widget\" data-widget_type=\"text-editor.default\">\n\t\t\t\t<div class=\"elementor-widget-container\">\n\t\t\t\t\t\t\t\t\t<p>Le seguenti organizzazioni possono collegarsi al nostro Sito web senza previa autorizzazione scritta:<\/p><ul><li>Agenzie governative;<\/li><li>Motori di ricerca;<\/li><li>Organizzazioni giornalistiche;<\/li><li>I distributori di elenchi online possono collegarsi al nostro Sito web nello stesso modo in cui si collegano ai siti web di altre aziende elencate; e<\/li><li>Le aziende accreditate a livello di sistema, ad eccezione delle organizzazioni no-profit di sollecitazione, dei centri commerciali di beneficenza e dei gruppi di raccolta fondi di beneficenza, che non possono collegarsi al nostro sito web.<\/li><\/ul><p>Queste organizzazioni possono collegarsi alla nostra home page, alle pubblicazioni o ad altre informazioni del Sito web, a condizione che il collegamento: (a) non sia in alcun modo ingannevole; (b) non implichi falsamente la sponsorizzazione, l'avallo o l'approvazione della parte linkante e dei suoi prodotti e\/o servizi; e (c) si inserisca nel contesto del sito della parte linkante.<\/p><p>Possiamo prendere in considerazione e approvare altre richieste di link da parte dei seguenti tipi di organizzazioni:<\/p><ul><li>fonti di informazione comunemente conosciute dai consumatori e\/o dalle aziende;<\/li><li>siti di comunit\u00e0 dot.com;<\/li><li>associazioni o altri gruppi che rappresentano enti di beneficenza;<\/li><li>distributori di elenchi online;<\/li><li>portali internet;<\/li><li>societ\u00e0 di consulenza legale e contabile; e<\/li><li>istituzioni educative e associazioni di categoria.<\/li><\/ul><p>Approveremo le richieste di link da parte di queste organizzazioni se decideremo che: (a) il link non ci far\u00e0 apparire in modo sfavorevole a noi stessi o alle nostre aziende accreditate; (b) l'organizzazione non ha precedenti negativi con noi; (c) il beneficio per noi derivante dalla visibilit\u00e0 del collegamento ipertestuale compensa l'assenza di Dahab Dream Kite; e (d) il link si inserisce nel contesto delle informazioni generali sulle risorse.<\/p><p>Queste organizzazioni possono collegarsi alla nostra home page a condizione che il link: (a) non sia in alcun modo ingannevole; (b) non implichi falsamente la sponsorizzazione, l'avallo o l'approvazione della parte linkante e dei suoi prodotti o servizi; e (c) si inserisca nel contesto del sito della parte linkante.<\/p><p>Se lei \u00e8 una delle organizzazioni elencate nel paragrafo 2 di cui sopra ed \u00e8 interessata a collegarsi al nostro sito web, deve informarci inviando un'e-mail a Dahab Dream Kite. La preghiamo di includere il suo nome, il nome della sua organizzazione, le informazioni di contatto e l'URL del suo sito, un elenco di tutti gli URL da cui intende collegarsi al nostro sito web e un elenco degli URL del nostro sito a cui desidera collegarsi. Attenda 2-3 settimane per ricevere una risposta.<\/p><p>Le organizzazioni approvate possono collegarsi al nostro Sito web come segue:<\/p><ul><li>Utilizzando il nostro nome aziendale; oppure<\/li><li>Utilizzando il localizzatore uniforme di risorse a cui \u00e8 collegato; oppure<\/li><li>Utilizzando qualsiasi altra descrizione del nostro Sito web oggetto del link che abbia senso nel contesto e nel formato del contenuto del sito della parte linkante.<\/li><\/ul><p>Non sar\u00e0 consentito l'uso del logo di Dahab Dream Kite o di altre opere d'arte per il collegamento, in assenza di un accordo di licenza sul marchio.<\/p>\t\t\t\t\t\t\t\t<\/div>\n\t\t\t\t<\/div>\n\t\t\t\t<div class=\"elementor-element elementor-element-83d869e elementor-widget elementor-widget-heading\" data-id=\"83d869e\" data-element_type=\"widget\" data-widget_type=\"heading.default\">\n\t\t\t\t<div class=\"elementor-widget-container\">\n\t\t\t\t\t<h2 class=\"elementor-heading-title elementor-size-xl\">iFrames<\/h2>\t\t\t\t<\/div>\n\t\t\t\t<\/div>\n\t\t\t\t<div class=\"elementor-element elementor-element-32b1b67 elementor-widget elementor-widget-text-editor\" data-id=\"32b1b67\" data-element_type=\"widget\" data-widget_type=\"text-editor.default\">\n\t\t\t\t<div class=\"elementor-widget-container\">\n\t\t\t\t\t\t\t\t\t<p>Senza previa approvazione e autorizzazione scritta, non pu\u00f2 creare cornici intorno alle nostre pagine web che alterino in qualsiasi modo la presentazione visiva o l'aspetto del nostro Sito web.<\/p>\t\t\t\t\t\t\t\t<\/div>\n\t\t\t\t<\/div>\n\t\t\t\t<div class=\"elementor-element elementor-element-a9ce4fc elementor-widget elementor-widget-heading\" data-id=\"a9ce4fc\" data-element_type=\"widget\" data-widget_type=\"heading.default\">\n\t\t\t\t<div class=\"elementor-widget-container\">\n\t\t\t\t\t<h2 class=\"elementor-heading-title elementor-size-xl\">Responsabilit\u00e0 del contenuto<\/h2>\t\t\t\t<\/div>\n\t\t\t\t<\/div>\n\t\t\t\t<div class=\"elementor-element elementor-element-864ada8 elementor-widget elementor-widget-text-editor\" data-id=\"864ada8\" data-element_type=\"widget\" data-widget_type=\"text-editor.default\">\n\t\t\t\t<div class=\"elementor-widget-container\">\n\t\t\t\t\t\t\t\t\t<p>Non saremo responsabili di alcun contenuto che appaia sul suo Sito web. Lei si impegna a proteggerci e a difenderci da tutte le rivendicazioni che si sollevano sul suo Sito web. Nessun link deve apparire su alcun Sito web che possa essere interpretato come diffamatorio, osceno o criminale, o che infranga, violi in altro modo, o sostenga l'infrazione o altra violazione di diritti di terzi.<\/p>\t\t\t\t\t\t\t\t<\/div>\n\t\t\t\t<\/div>\n\t\t\t\t<div class=\"elementor-element elementor-element-d24da77 elementor-widget elementor-widget-heading\" data-id=\"d24da77\" data-element_type=\"widget\" data-widget_type=\"heading.default\">\n\t\t\t\t<div class=\"elementor-widget-container\">\n\t\t\t\t\t<h2 class=\"elementor-heading-title elementor-size-xl\">Riserva di diritti<\/h2>\t\t\t\t<\/div>\n\t\t\t\t<\/div>\n\t\t\t\t<div class=\"elementor-element elementor-element-e895fec elementor-widget elementor-widget-text-editor\" data-id=\"e895fec\" data-element_type=\"widget\" data-widget_type=\"text-editor.default\">\n\t\t\t\t<div class=\"elementor-widget-container\">\n\t\t\t\t\t\t\t\t\t<p>Ci riserviamo il diritto di chiederle di rimuovere tutti i link o un particolare link al nostro Sito web. Lei accetta di rimuovere immediatamente tutti i link al nostro Sito web su richiesta. Ci riserviamo inoltre il diritto di modificare questi termini e condizioni e la relativa politica di collegamento in qualsiasi momento. Collegandosi continuamente al nostro Sito web, accetta di essere vincolato e di seguire questi termini e condizioni di collegamento.<\/p>\t\t\t\t\t\t\t\t<\/div>\n\t\t\t\t<\/div>\n\t\t\t\t<div class=\"elementor-element elementor-element-3e26361 elementor-widget elementor-widget-heading\" data-id=\"3e26361\" data-element_type=\"widget\" data-widget_type=\"heading.default\">\n\t\t\t\t<div class=\"elementor-widget-container\">\n\t\t\t\t\t<h2 class=\"elementor-heading-title elementor-size-xl\">Rimozione di link dal nostro sito web<\/h2>\t\t\t\t<\/div>\n\t\t\t\t<\/div>\n\t\t\t\t<div class=\"elementor-element elementor-element-a39d591 elementor-widget__width-initial elementor-widget elementor-widget-text-editor\" data-id=\"a39d591\" data-element_type=\"widget\" data-widget_type=\"text-editor.default\">\n\t\t\t\t<div class=\"elementor-widget-container\">\n\t\t\t\t\t\t\t\t\t<p>Se trova sul nostro Sito web un link offensivo per qualsiasi motivo, \u00e8 libero di contattarci e informarci in qualsiasi momento. Prenderemo in considerazione le richieste di rimozione dei link, ma non siamo obbligati a farlo o a rispondere direttamente a lei.<\/p><p>Non assicuriamo che le informazioni contenute in questo sito web siano corrette, non ne garantiamo la completezza o l'accuratezza; n\u00e9 promettiamo di garantire che il sito web rimanga disponibile o che il materiale sul sito web sia aggiornato.<\/p>\t\t\t\t\t\t\t\t<\/div>\n\t\t\t\t<\/div>\n\t\t\t\t<div class=\"elementor-element elementor-element-f6b5602 elementor-widget elementor-widget-heading\" data-id=\"f6b5602\" data-element_type=\"widget\" data-widget_type=\"heading.default\">\n\t\t\t\t<div class=\"elementor-widget-container\">\n\t\t\t\t\t<h2 class=\"elementor-heading-title elementor-size-xl\">Esclusione di responsabilit\u00e0<\/h2>\t\t\t\t<\/div>\n\t\t\t\t<\/div>\n\t\t\t\t<div class=\"elementor-element elementor-element-8165435 elementor-widget elementor-widget-text-editor\" data-id=\"8165435\" data-element_type=\"widget\" data-widget_type=\"text-editor.default\">\n\t\t\t\t<div class=\"elementor-widget-container\">\n\t\t\t\t\t\t\t\t\t<p>Nella misura massima consentita dalla legge applicabile, escludiamo tutte le dichiarazioni, garanzie e condizioni relative al nostro sito web e all'uso di questo sito web. Nulla di quanto contenuto in questo disclaimer:<\/p><ul><li>limitare o escludere la nostra o la vostra responsabilit\u00e0 per morte o lesioni personali;<\/li><li>limitare o escludere la nostra o la vostra responsabilit\u00e0 per frode o falsa dichiarazione fraudolenta;<\/li><li>limitare una qualsiasi delle nostre o sue responsabilit\u00e0 in qualsiasi modo che non sia consentito dalla legge applicabile; oppure<\/li><li>escludere qualsiasi nostra o vostra responsabilit\u00e0 che non possa essere esclusa ai sensi della legge applicabile.<\/li><\/ul><p>Le limitazioni e i divieti di responsabilit\u00e0 stabiliti in questa Sezione e in altre parti del presente disclaimer: (a) sono soggetti al paragrafo precedente; e (b) disciplinano tutte le responsabilit\u00e0 derivanti dal disclaimer, comprese le responsabilit\u00e0 derivanti da contratto, da illecito civile e da violazione di obblighi di legge.<\/p><p>Finch\u00e9 il sito web e le informazioni e i servizi presenti sul sito web sono forniti gratuitamente, non saremo responsabili di eventuali perdite o danni di qualsiasi natura.<\/p>\t\t\t\t\t\t\t\t<\/div>\n\t\t\t\t<\/div>\n\t\t\t\t\t<\/div>\n\t\t<\/div>\n\t\t\t\t\t<\/div>\n\t\t<\/section>\n\t\t\t\t<\/div>","protected":false},"excerpt":{"rendered":"<p>Termini e condizioni Benvenuti a Dahab Dream Kite! Questi termini e condizioni delineano le regole e le norme per l'utilizzo del Sito web di Dahab Dream Kite, situato all'indirizzo https:\/\/dahabkitesurfing.com\/. Accedendo a questo sito web si presume che lei accetti questi termini e condizioni. Non continui ad utilizzare Dahab Dream Kite se non accetta di accettare [...]<\/p>","protected":false},"author":1,"featured_media":0,"parent":0,"menu_order":0,"comment_status":"closed","ping_status":"closed","template":"elementor_header_footer","meta":{"slim_seo":{"title":"Condizioni d'uso - Dahab Dream Kite","description":"Termini e condizioni Benvenuti a Dahab Dream Kite! I presenti termini e condizioni delineano le norme e i regolamenti per l'utilizzo del Sito web di Dahab Dream Kite, situato"},"footnotes":""},"class_list":["post-153","page","type-page","status-publish","hentry"],"_links":{"self":[{"href":"https:\/\/dahabkitesurfing.com\/it\/wp-json\/wp\/v2\/pages\/153","targetHints":{"allow":["GET"]}}],"collection":[{"href":"https:\/\/dahabkitesurfing.com\/it\/wp-json\/wp\/v2\/pages"}],"about":[{"href":"https:\/\/dahabkitesurfing.com\/it\/wp-json\/wp\/v2\/types\/page"}],"author":[{"embeddable":true,"href":"https:\/\/dahabkitesurfing.com\/it\/wp-json\/wp\/v2\/users\/1"}],"replies":[{"embeddable":true,"href":"https:\/\/dahabkitesurfing.com\/it\/wp-json\/wp\/v2\/comments?post=153"}],"version-history":[{"count":7,"href":"https:\/\/dahabkitesurfing.com\/it\/wp-json\/wp\/v2\/pages\/153\/revisions"}],"predecessor-version":[{"id":862,"href":"https:\/\/dahabkitesurfing.com\/it\/wp-json\/wp\/v2\/pages\/153\/revisions\/862"}],"wp:attachment":[{"href":"https:\/\/dahabkitesurfing.com\/it\/wp-json\/wp\/v2\/media?parent=153"}],"curies":[{"name":"wp","href":"https:\/\/api.w.org\/{rel}","templated":true}]}}