{"id":3,"date":"2023-03-31T09:53:20","date_gmt":"2023-03-31T09:53:20","guid":{"rendered":"https:\/\/dahabkitesurfing.com\/?page_id=3"},"modified":"2023-05-10T16:04:05","modified_gmt":"2023-05-10T16:04:05","slug":"politica-sulla-privacy","status":"publish","type":"page","link":"https:\/\/dahabkitesurfing.com\/it\/politica-sulla-privacy\/","title":{"rendered":"Informativa sulla privacy"},"content":{"rendered":"<div data-elementor-type=\"wp-page\" data-elementor-id=\"3\" class=\"elementor elementor-3\" data-elementor-post-type=\"page\">\n\t\t\t\t\t\t<section class=\"elementor-section elementor-top-section elementor-element elementor-element-1889ce8 elementor-section-boxed elementor-section-height-default elementor-section-height-default\" data-id=\"1889ce8\" data-element_type=\"section\">\n\t\t\t\t\t\t<div class=\"elementor-container elementor-column-gap-default\">\n\t\t\t\t\t<div class=\"elementor-column elementor-col-100 elementor-top-column elementor-element elementor-element-d6b08d9\" data-id=\"d6b08d9\" data-element_type=\"column\">\n\t\t\t<div class=\"elementor-widget-wrap elementor-element-populated\">\n\t\t\t\t\t\t<div class=\"elementor-element elementor-element-b75b020 elementor-widget elementor-widget-heading\" data-id=\"b75b020\" data-element_type=\"widget\" data-widget_type=\"heading.default\">\n\t\t\t\t<div class=\"elementor-widget-container\">\n\t\t\t\t\t<h1 class=\"elementor-heading-title elementor-size-default\">Informativa sulla privacy<\/h1>\t\t\t\t<\/div>\n\t\t\t\t<\/div>\n\t\t\t\t<div class=\"elementor-element elementor-element-0d30d05 elementor-widget elementor-widget-text-editor\" data-id=\"0d30d05\" data-element_type=\"widget\" data-widget_type=\"text-editor.default\">\n\t\t\t\t<div class=\"elementor-widget-container\">\n\t\t\t\t\t\t\t\t\t<p>In Dahab Dream Kite, accessibile da https:\/\/dahabkitesurfing.com\/, una delle nostre principali priorit\u00e0 \u00e8 la privacy dei nostri visitatori. Questo documento sulla Privacy contiene i tipi di informazioni che vengono raccolte e registrate da Dahab Dream Kite e il modo in cui le utilizziamo.<\/p>\n<p>Se ha ulteriori domande o desidera maggiori informazioni sulla nostra Informativa sulla privacy, non esiti a contattarci.<\/p>\n<p>La presente Informativa sulla privacy si applica esclusivamente alle nostre attivit\u00e0 online ed \u00e8 valida per i visitatori del nostro sito web per quanto riguarda le informazioni che hanno condiviso e\/o raccolto su Dahab Dream Kite. Questa politica non \u00e8 applicabile alle informazioni raccolte offline o tramite canali diversi da questo sito web.<\/p>\t\t\t\t\t\t\t\t<\/div>\n\t\t\t\t<\/div>\n\t\t\t\t<div class=\"elementor-element elementor-element-e8dd747 elementor-widget elementor-widget-heading\" data-id=\"e8dd747\" data-element_type=\"widget\" data-widget_type=\"heading.default\">\n\t\t\t\t<div class=\"elementor-widget-container\">\n\t\t\t\t\t<h2 class=\"elementor-heading-title elementor-size-xl\">Consenso<\/h2>\t\t\t\t<\/div>\n\t\t\t\t<\/div>\n\t\t\t\t<div class=\"elementor-element elementor-element-c3436c0 elementor-widget elementor-widget-text-editor\" data-id=\"c3436c0\" data-element_type=\"widget\" data-widget_type=\"text-editor.default\">\n\t\t\t\t<div class=\"elementor-widget-container\">\n\t\t\t\t\t\t\t\t\t<p>Utilizzando il nostro sito web, lei acconsente alla nostra Informativa sulla privacy e ne accetta i termini.<\/p>\t\t\t\t\t\t\t\t<\/div>\n\t\t\t\t<\/div>\n\t\t\t\t<div class=\"elementor-element elementor-element-be7d86c elementor-widget elementor-widget-heading\" data-id=\"be7d86c\" data-element_type=\"widget\" data-widget_type=\"heading.default\">\n\t\t\t\t<div class=\"elementor-widget-container\">\n\t\t\t\t\t<h2 class=\"elementor-heading-title elementor-size-xl\">Informazioni che raccogliamo<\/h2>\t\t\t\t<\/div>\n\t\t\t\t<\/div>\n\t\t\t\t<div class=\"elementor-element elementor-element-0e2b2aa elementor-widget elementor-widget-text-editor\" data-id=\"0e2b2aa\" data-element_type=\"widget\" data-widget_type=\"text-editor.default\">\n\t\t\t\t<div class=\"elementor-widget-container\">\n\t\t\t\t\t\t\t\t\t<p>I dati personali che le vengono chiesti e le ragioni per cui le vengono chiesti, le saranno chiariti nel momento in cui le chiediamo di fornire i suoi dati personali.<\/p>\n<p>Se ci contatta direttamente, potremmo ricevere ulteriori informazioni su di lei, come il suo nome, l'indirizzo e-mail, il numero di telefono, il contenuto del messaggio e\/o degli allegati che ci invia e qualsiasi altra informazione che lei decida di fornire.<\/p>\n<p>Quando si registra per un Account, potremmo richiedere le sue informazioni di contatto, inclusi elementi quali nome, nome dell'azienda, indirizzo, indirizzo e-mail e numero di telefono.<\/p>\n<p>Come utilizziamo le sue informazioni<\/p>\n<p>Utilizziamo le informazioni che raccogliamo in vari modi, tra cui per:<\/p>\n<ul>\n<li>Fornire, gestire e mantenere il nostro sito web<\/li>\n<li>Migliorare, personalizzare ed espandere il nostro sito web<\/li>\n<li>Capire e analizzare come utilizza il nostro sito web<\/li>\n<li>Sviluppare nuovi prodotti, servizi, caratteristiche e funzionalit\u00e0.<\/li>\n<li>Comunicare con lei, direttamente o tramite uno dei nostri partner, anche per il servizio clienti, per fornirle aggiornamenti e altre informazioni relative al sito web e per scopi promozionali e di marketing.<\/li>\n<li>Inviarle delle e-mail<\/li>\n<li>Trovare e prevenire le frodi<\/li>\n<\/ul>\t\t\t\t\t\t\t\t<\/div>\n\t\t\t\t<\/div>\n\t\t\t\t<div class=\"elementor-element elementor-element-c474201 elementor-widget elementor-widget-heading\" data-id=\"c474201\" data-element_type=\"widget\" data-widget_type=\"heading.default\">\n\t\t\t\t<div class=\"elementor-widget-container\">\n\t\t\t\t\t<h2 class=\"elementor-heading-title elementor-size-xl\">File di registro<\/h2>\t\t\t\t<\/div>\n\t\t\t\t<\/div>\n\t\t\t\t<div class=\"elementor-element elementor-element-ba3a984 elementor-widget elementor-widget-text-editor\" data-id=\"ba3a984\" data-element_type=\"widget\" data-widget_type=\"text-editor.default\">\n\t\t\t\t<div class=\"elementor-widget-container\">\n\t\t\t\t\t\t\t\t\t<p>Dahab Dream Kite segue una procedura standard di utilizzo dei file di log. Questi file registrano i visitatori quando visitano i siti web. Tutte le societ\u00e0 di hosting lo fanno e fanno parte dell'analisi dei servizi di hosting. Le informazioni raccolte dai file di log includono gli indirizzi di protocollo internet (IP), il tipo di browser, l'Internet Service Provider (ISP), la data e l'ora, le pagine di riferimento\/uscita ed eventualmente il numero di clic. Queste non sono collegate ad alcuna informazione di identificazione personale. Lo scopo delle informazioni \u00e8 l'analisi delle tendenze, l'amministrazione del sito, il monitoraggio dei movimenti degli utenti sul sito web e la raccolta di informazioni demografiche.<\/p>\t\t\t\t\t\t\t\t<\/div>\n\t\t\t\t<\/div>\n\t\t\t\t<div class=\"elementor-element elementor-element-f89c8bc elementor-widget elementor-widget-heading\" data-id=\"f89c8bc\" data-element_type=\"widget\" data-widget_type=\"heading.default\">\n\t\t\t\t<div class=\"elementor-widget-container\">\n\t\t\t\t\t<h2 class=\"elementor-heading-title elementor-size-xl\">Cookie e Web Beacon<\/h2>\t\t\t\t<\/div>\n\t\t\t\t<\/div>\n\t\t\t\t<div class=\"elementor-element elementor-element-8dff873 elementor-widget elementor-widget-text-editor\" data-id=\"8dff873\" data-element_type=\"widget\" data-widget_type=\"text-editor.default\">\n\t\t\t\t<div class=\"elementor-widget-container\">\n\t\t\t\t\t\t\t\t\t<p>Come qualsiasi altro sito web, Dahab Dream Kite utilizza i \"cookie\". Questi cookie vengono utilizzati per memorizzare informazioni che includono le preferenze dei visitatori e le pagine del sito web a cui il visitatore ha avuto accesso o che ha visitato. Le informazioni vengono utilizzate per ottimizzare l'esperienza degli utenti, personalizzando il contenuto delle nostre pagine web in base al tipo di browser dei visitatori e\/o ad altre informazioni.<\/p>\t\t\t\t\t\t\t\t<\/div>\n\t\t\t\t<\/div>\n\t\t\t\t<div class=\"elementor-element elementor-element-6505d21 elementor-widget elementor-widget-heading\" data-id=\"6505d21\" data-element_type=\"widget\" data-widget_type=\"heading.default\">\n\t\t\t\t<div class=\"elementor-widget-container\">\n\t\t\t\t\t<h2 class=\"elementor-heading-title elementor-size-xl\">Partner pubblicitari Politiche sulla privacy<\/h2>\t\t\t\t<\/div>\n\t\t\t\t<\/div>\n\t\t\t\t<div class=\"elementor-element elementor-element-be6c330 elementor-widget elementor-widget-text-editor\" data-id=\"be6c330\" data-element_type=\"widget\" data-widget_type=\"text-editor.default\">\n\t\t\t\t<div class=\"elementor-widget-container\">\n\t\t\t\t\t\t\t\t\t<p>Pu\u00f2 consultare questo elenco per trovare l'Informativa sulla privacy di ciascuno dei partner pubblicitari di Dahab Dream Kite.<\/p>\n<p>I server pubblicitari di terze parti o le reti pubblicitarie utilizzano tecnologie come cookie, JavaScript o Web Beacon che vengono utilizzati nei rispettivi annunci e link che appaiono su Dahab Dream Kite e che vengono inviati direttamente al browser degli utenti. Quando ci\u00f2 avviene, ricevono automaticamente il suo indirizzo IP. Queste tecnologie vengono utilizzate per misurare l'efficacia delle loro campagne pubblicitarie e\/o per personalizzare i contenuti pubblicitari che lei vede sui siti web che visita.<\/p>\n<p>Si noti che Dahab Dream Kite non ha accesso o controllo su questi cookie utilizzati da inserzionisti terzi.<\/p>\t\t\t\t\t\t\t\t<\/div>\n\t\t\t\t<\/div>\n\t\t\t\t<div class=\"elementor-element elementor-element-7857cef elementor-widget elementor-widget-heading\" data-id=\"7857cef\" data-element_type=\"widget\" data-widget_type=\"heading.default\">\n\t\t\t\t<div class=\"elementor-widget-container\">\n\t\t\t\t\t<h2 class=\"elementor-heading-title elementor-size-xl\">Politiche sulla privacy di terzi<\/h2>\t\t\t\t<\/div>\n\t\t\t\t<\/div>\n\t\t\t\t<div class=\"elementor-element elementor-element-b31e69f elementor-widget elementor-widget-text-editor\" data-id=\"b31e69f\" data-element_type=\"widget\" data-widget_type=\"text-editor.default\">\n\t\t\t\t<div class=\"elementor-widget-container\">\n\t\t\t\t\t\t\t\t\t<p>La politica sulla privacy di Dahab Dream Kite non si applica ad altri inserzionisti o siti web. Pertanto, le consigliamo di consultare le rispettive Politiche sulla privacy di questi server pubblicitari di terze parti per informazioni pi\u00f9 dettagliate. Queste possono includere le loro pratiche e le istruzioni su come rinunciare a determinate opzioni.<\/p>\n<p>Pu\u00f2 scegliere di disabilitare i cookie attraverso le opzioni del suo browser. Per conoscere informazioni pi\u00f9 dettagliate sulla gestione dei cookie con specifici browser web, \u00e8 possibile consultare i rispettivi siti web dei browser.<\/p>\t\t\t\t\t\t\t\t<\/div>\n\t\t\t\t<\/div>\n\t\t\t\t<div class=\"elementor-element elementor-element-a9e0762 elementor-widget elementor-widget-heading\" data-id=\"a9e0762\" data-element_type=\"widget\" data-widget_type=\"heading.default\">\n\t\t\t\t<div class=\"elementor-widget-container\">\n\t\t\t\t\t<h2 class=\"elementor-heading-title elementor-size-xl\">Diritti sulla privacy CCPA (Non venda le mie informazioni personali)<\/h2>\t\t\t\t<\/div>\n\t\t\t\t<\/div>\n\t\t\t\t<div class=\"elementor-element elementor-element-0672439 elementor-widget elementor-widget-text-editor\" data-id=\"0672439\" data-element_type=\"widget\" data-widget_type=\"text-editor.default\">\n\t\t\t\t<div class=\"elementor-widget-container\">\n\t\t\t\t\t\t\t\t\t<p>Ai sensi del CCPA, tra gli altri diritti, i consumatori californiani hanno il diritto di:<\/p>\n<p>Richiedere che un'azienda che raccoglie i dati personali di un consumatore riveli le categorie e i dati personali specifici che l'azienda ha raccolto sui consumatori.<\/p>\n<p>Richiedere che un'azienda cancelli tutti i dati personali del consumatore che l'azienda ha raccolto.<\/p>\n<p>Richiedere che un'azienda che vende i dati personali di un consumatore non venda i dati personali del consumatore.<\/p>\n<p>Se fa una richiesta, abbiamo un mese di tempo per risponderle. Se desidera esercitare uno di questi diritti, ci contatti.<\/p>\t\t\t\t\t\t\t\t<\/div>\n\t\t\t\t<\/div>\n\t\t\t\t<div class=\"elementor-element elementor-element-ef0acef elementor-widget elementor-widget-heading\" data-id=\"ef0acef\" data-element_type=\"widget\" data-widget_type=\"heading.default\">\n\t\t\t\t<div class=\"elementor-widget-container\">\n\t\t\t\t\t<h2 class=\"elementor-heading-title elementor-size-xl\">Diritti di protezione dei dati GDPR<\/h2>\t\t\t\t<\/div>\n\t\t\t\t<\/div>\n\t\t\t\t<div class=\"elementor-element elementor-element-97b2b15 elementor-widget elementor-widget-text-editor\" data-id=\"97b2b15\" data-element_type=\"widget\" data-widget_type=\"text-editor.default\">\n\t\t\t\t<div class=\"elementor-widget-container\">\n\t\t\t\t\t\t\t\t\t<p>Desideriamo assicurarci che lei sia pienamente consapevole di tutti i suoi diritti in materia di protezione dei dati. Ogni utente ha diritto a quanto segue:<\/p>\n<p>Diritto di accesso - Ha il diritto di richiedere copie dei suoi dati personali. Potremmo addebitarle un piccolo costo per questo servizio.<\/p>\n<p>Diritto di rettifica - Ha il diritto di richiedere la rettifica di qualsiasi informazione che ritiene inesatta. Ha anche il diritto di chiedere di completare le informazioni che ritiene incomplete.<\/p>\n<p>Il diritto alla cancellazione - Lei ha il diritto di richiedere la cancellazione dei suoi dati personali, a determinate condizioni.<\/p>\n<p>Il diritto di limitare l'elaborazione - Lei ha il diritto di richiedere che limitiamo l'elaborazione dei suoi dati personali, a determinate condizioni.<\/p>\n<p>Il diritto di opporsi al trattamento - Lei ha il diritto di opporsi al nostro trattamento dei suoi dati personali, a determinate condizioni.<\/p>\n<p>Il diritto alla portabilit\u00e0 dei dati - Lei ha il diritto di richiedere il trasferimento dei dati da noi raccolti a un'altra organizzazione, o direttamente a lei, a determinate condizioni.<\/p>\n<p>Se fa una richiesta, abbiamo un mese di tempo per risponderle. Se desidera esercitare uno di questi diritti, ci contatti.<\/p>\t\t\t\t\t\t\t\t<\/div>\n\t\t\t\t<\/div>\n\t\t\t\t<div class=\"elementor-element elementor-element-3a38bab elementor-widget elementor-widget-heading\" data-id=\"3a38bab\" data-element_type=\"widget\" data-widget_type=\"heading.default\">\n\t\t\t\t<div class=\"elementor-widget-container\">\n\t\t\t\t\t<h2 class=\"elementor-heading-title elementor-size-xl\">Informazioni sui bambini<\/h2>\t\t\t\t<\/div>\n\t\t\t\t<\/div>\n\t\t\t\t<div class=\"elementor-element elementor-element-286a4d3 elementor-widget elementor-widget-text-editor\" data-id=\"286a4d3\" data-element_type=\"widget\" data-widget_type=\"text-editor.default\">\n\t\t\t\t<div class=\"elementor-widget-container\">\n\t\t\t\t\t\t\t\t\t<p>Un'altra parte della nostra priorit\u00e0 \u00e8 l'aggiunta della protezione per i bambini durante l'utilizzo di Internet. Incoraggiamo i genitori e i tutori a osservare, partecipare e\/o monitorare e guidare la loro attivit\u00e0 online.<\/p>\n<p>Dahab Dream Kite non raccoglie consapevolmente alcuna Informazione Personale Identificabile da bambini di et\u00e0 inferiore ai 13 anni. Se pensa che suo figlio abbia fornito questo tipo di informazioni sul nostro sito web, la invitiamo a contattarci immediatamente e faremo del nostro meglio per rimuovere prontamente tali informazioni dai nostri registri.<\/p>\t\t\t\t\t\t\t\t<\/div>\n\t\t\t\t<\/div>\n\t\t\t\t<div class=\"elementor-element elementor-element-0856598 elementor-widget elementor-widget-heading\" data-id=\"0856598\" data-element_type=\"widget\" data-widget_type=\"heading.default\">\n\t\t\t\t<div class=\"elementor-widget-container\">\n\t\t\t\t\t<h2 class=\"elementor-heading-title elementor-size-xl\">Modifiche alla presente Informativa sulla privacy<\/h2>\t\t\t\t<\/div>\n\t\t\t\t<\/div>\n\t\t\t\t<div class=\"elementor-element elementor-element-986a335 elementor-widget elementor-widget-text-editor\" data-id=\"986a335\" data-element_type=\"widget\" data-widget_type=\"text-editor.default\">\n\t\t\t\t<div class=\"elementor-widget-container\">\n\t\t\t\t\t\t\t\t\t<p>Possiamo aggiornare la nostra Informativa sulla privacy di tanto in tanto. Pertanto, le consigliamo di rivedere periodicamente questa pagina per verificare eventuali modifiche. La informeremo di eventuali modifiche pubblicando la nuova Informativa sulla privacy su questa pagina. Tali modifiche hanno effetto immediato, dopo la loro pubblicazione su questa pagina.<\/p>\t\t\t\t\t\t\t\t<\/div>\n\t\t\t\t<\/div>\n\t\t\t\t<div class=\"elementor-element elementor-element-061b445 elementor-widget elementor-widget-heading\" data-id=\"061b445\" data-element_type=\"widget\" data-widget_type=\"heading.default\">\n\t\t\t\t<div class=\"elementor-widget-container\">\n\t\t\t\t\t<h2 class=\"elementor-heading-title elementor-size-xl\">Contatti<\/h2>\t\t\t\t<\/div>\n\t\t\t\t<\/div>\n\t\t\t\t<div class=\"elementor-element elementor-element-4ae13d4 elementor-widget elementor-widget-text-editor\" data-id=\"4ae13d4\" data-element_type=\"widget\" data-widget_type=\"text-editor.default\">\n\t\t\t\t<div class=\"elementor-widget-container\">\n\t\t\t\t\t\t\t\t\t<p>Se ha domande o suggerimenti sulla nostra Informativa sulla privacy, non esiti a contattarci.<\/p>\t\t\t\t\t\t\t\t<\/div>\n\t\t\t\t<\/div>\n\t\t\t\t\t<\/div>\n\t\t<\/div>\n\t\t\t\t\t<\/div>\n\t\t<\/section>\n\t\t\t\t<\/div>","protected":false},"excerpt":{"rendered":"<p>Informativa sulla privacy A Dahab Dream Kite, accessibile da https:\/\/dahabkitesurfing.com\/, una delle nostre principali priorit\u00e0 \u00e8 la privacy dei nostri visitatori. Questo documento sulla Privacy contiene i tipi di informazioni che vengono raccolte e registrate da Dahab Dream Kite e il modo in cui le utilizziamo. Se ha ulteriori domande o desidera maggiori informazioni sulla nostra Informativa sulla Privacy, [...]<\/p>","protected":false},"author":1,"featured_media":0,"parent":0,"menu_order":0,"comment_status":"closed","ping_status":"open","template":"elementor_header_footer","meta":{"slim_seo":{"title":"Informativa sulla privacy - Dahab Dream Kite","description":"Informativa sulla privacy A Dahab Dream Kite, accessibile da https:\/\/dahabkitesurfing.com\/, una delle nostre principali priorit\u00e0 \u00e8 la privacy dei nostri visitatori. La presente Politica sulla Privacy"},"footnotes":""},"class_list":["post-3","page","type-page","status-publish","hentry"],"_links":{"self":[{"href":"https:\/\/dahabkitesurfing.com\/it\/wp-json\/wp\/v2\/pages\/3","targetHints":{"allow":["GET"]}}],"collection":[{"href":"https:\/\/dahabkitesurfing.com\/it\/wp-json\/wp\/v2\/pages"}],"about":[{"href":"https:\/\/dahabkitesurfing.com\/it\/wp-json\/wp\/v2\/types\/page"}],"author":[{"embeddable":true,"href":"https:\/\/dahabkitesurfing.com\/it\/wp-json\/wp\/v2\/users\/1"}],"replies":[{"embeddable":true,"href":"https:\/\/dahabkitesurfing.com\/it\/wp-json\/wp\/v2\/comments?post=3"}],"version-history":[{"count":7,"href":"https:\/\/dahabkitesurfing.com\/it\/wp-json\/wp\/v2\/pages\/3\/revisions"}],"predecessor-version":[{"id":866,"href":"https:\/\/dahabkitesurfing.com\/it\/wp-json\/wp\/v2\/pages\/3\/revisions\/866"}],"wp:attachment":[{"href":"https:\/\/dahabkitesurfing.com\/it\/wp-json\/wp\/v2\/media?parent=3"}],"curies":[{"name":"wp","href":"https:\/\/api.w.org\/{rel}","templated":true}]}}