{"id":683,"date":"2023-04-26T08:35:50","date_gmt":"2023-04-26T08:35:50","guid":{"rendered":"https:\/\/dahabkitesurfing.com\/?page_id=683"},"modified":"2023-09-28T13:35:56","modified_gmt":"2023-09-28T13:35:56","slug":"alloggio-a-dahab","status":"publish","type":"page","link":"https:\/\/dahabkitesurfing.com\/it\/alloggio-a-dahab\/","title":{"rendered":"Alloggio a Dahab"},"content":{"rendered":"<div data-elementor-type=\"wp-page\" data-elementor-id=\"683\" class=\"elementor elementor-683\" data-elementor-post-type=\"page\">\n\t\t\t\t\t\t<section class=\"elementor-section elementor-top-section elementor-element elementor-element-111b17e elementor-section-boxed elementor-section-height-default elementor-section-height-default\" data-id=\"111b17e\" data-element_type=\"section\">\n\t\t\t\t\t\t<div class=\"elementor-container elementor-column-gap-default\">\n\t\t\t\t\t<div class=\"elementor-column elementor-col-100 elementor-top-column elementor-element elementor-element-2309a1f\" data-id=\"2309a1f\" data-element_type=\"column\">\n\t\t\t<div class=\"elementor-widget-wrap elementor-element-populated\">\n\t\t\t\t\t\t<div class=\"elementor-element elementor-element-e339aca elementor-widget elementor-widget-heading\" data-id=\"e339aca\" data-element_type=\"widget\" data-widget_type=\"heading.default\">\n\t\t\t\t<div class=\"elementor-widget-container\">\n\t\t\t\t\t<h1 class=\"elementor-heading-title elementor-size-xl\">Sistemazioni consigliate a Dahab<\/h1>\t\t\t\t<\/div>\n\t\t\t\t<\/div>\n\t\t\t\t<div class=\"elementor-element elementor-element-1d758c8 elementor-widget elementor-widget-text-editor\" data-id=\"1d758c8\" data-element_type=\"widget\" data-widget_type=\"text-editor.default\">\n\t\t\t\t<div class=\"elementor-widget-container\">\n\t\t\t\t\t\t\t\t\t<p>Raccomandiamo vivamente il Sindbad Camp per la sua sistemazione a Dahab.<\/p><p>Offrono prezzi molto convenienti che saranno difficili da battere quando vorr\u00e0 soggiornare a Dahab.<\/p><p>Abbiamo una stretta collaborazione con loro per un motivo molto semplice.<\/p><p>Sono tra i migliori posti in cui soggiornare.<\/p><p>L'atmosfera \u00e8 molto amichevole e la posizione \u00e8 ottima.<\/p>\t\t\t\t\t\t\t\t<\/div>\n\t\t\t\t<\/div>\n\t\t\t\t\t<\/div>\n\t\t<\/div>\n\t\t\t\t\t<\/div>\n\t\t<\/section>\n\t\t\t\t<section class=\"elementor-section elementor-top-section elementor-element elementor-element-6787392 elementor-section-boxed elementor-section-height-default elementor-section-height-default\" data-id=\"6787392\" data-element_type=\"section\">\n\t\t\t\t\t\t<div class=\"elementor-container elementor-column-gap-default\">\n\t\t\t\t\t<div class=\"elementor-column elementor-col-100 elementor-top-column elementor-element elementor-element-e428a15\" data-id=\"e428a15\" data-element_type=\"column\">\n\t\t\t<div class=\"elementor-widget-wrap elementor-element-populated\">\n\t\t\t\t\t\t<div class=\"elementor-element elementor-element-cd74649 elementor-widget elementor-widget-heading\" data-id=\"cd74649\" data-element_type=\"widget\" data-widget_type=\"heading.default\">\n\t\t\t\t<div class=\"elementor-widget-container\">\n\t\t\t\t\t<h2 class=\"elementor-heading-title elementor-size-xl\">Campeggio Sindbad a Dahab<\/h2>\t\t\t\t<\/div>\n\t\t\t\t<\/div>\n\t\t\t\t<div class=\"elementor-element elementor-element-2c3cbdb elementor-widget elementor-widget-image\" data-id=\"2c3cbdb\" data-element_type=\"widget\" data-widget_type=\"image.default\">\n\t\t\t\t<div class=\"elementor-widget-container\">\n\t\t\t\t\t\t\t\t\t\t\t\t\t\t\t<img fetchpriority=\"high\" decoding=\"async\" width=\"800\" height=\"450\" src=\"https:\/\/dahabkitesurfing.com\/wp-content\/uploads\/2023\/05\/Sindbad-Camp-Dahab-Eygpt-1024x576.jpg\" class=\"attachment-large size-large wp-image-730\" alt=\"Campeggio Sindbad Dahab Eygpt\" srcset=\"https:\/\/dahabkitesurfing.com\/wp-content\/uploads\/2023\/05\/Sindbad-Camp-Dahab-Eygpt-1024x576.jpg 1024w, https:\/\/dahabkitesurfing.com\/wp-content\/uploads\/2023\/05\/Sindbad-Camp-Dahab-Eygpt-600x338.jpg 600w, https:\/\/dahabkitesurfing.com\/wp-content\/uploads\/2023\/05\/Sindbad-Camp-Dahab-Eygpt-300x169.jpg 300w, https:\/\/dahabkitesurfing.com\/wp-content\/uploads\/2023\/05\/Sindbad-Camp-Dahab-Eygpt-768x432.jpg 768w, https:\/\/dahabkitesurfing.com\/wp-content\/uploads\/2023\/05\/Sindbad-Camp-Dahab-Eygpt.jpg 1200w\" sizes=\"(max-width: 800px) 100vw, 800px\" \/>\t\t\t\t\t\t\t\t\t\t\t\t\t\t\t<\/div>\n\t\t\t\t<\/div>\n\t\t\t\t<div class=\"elementor-element elementor-element-4c7efdb elementor-widget-mobile__width-initial elementor-widget elementor-widget-text-editor\" data-id=\"4c7efdb\" data-element_type=\"widget\" data-widget_type=\"text-editor.default\">\n\t\t\t\t<div class=\"elementor-widget-container\">\n\t\t\t\t\t\t\t\t\t<p>Sindbad \u00e8 l'ultimo campo beduino tradizionale di Dahab che si trova direttamente sul mare con una spiaggia libera da edifici.<\/p><p>Si trova nella zona del Faro di Dahab, un quartiere vivace con molti ristoranti raffinati e bei negozi.<\/p><p>Vicino al Campo, c'\u00e8 un facile punto di accesso al mare, dove pu\u00f2 entrare in acqua per nuotare, fare snorkeling, windsurf o immersioni.<\/p><p>Un luogo accogliente con un vero senso di comunit\u00e0 dove pu\u00f2 trovare amici e compagni di viaggio provenienti da tutto il mondo, il tutto in un'atmosfera di grande famiglia che trasmette lo spirito tradizionale di Dahab.<\/p><p>Molti dei suoi ospiti passati e presenti dicono che \u00e8 il miglior posto dove soggiornare a Dahab.<\/p><p>Il campo offre diverse camere private, da molto semplici a ragionevolmente lussuose.<\/p><p>Nel campo c'\u00e8 un piccolo ristorante dove si preparano colazioni e pranzi semplici ma gustosi a prezzi ragionevoli.<\/p><p>Nel campo c'\u00e8 il WIFI gratuito.<\/p><p>Per prenotare questo alloggio a Dahab, visiti il sito web del Sindbad Camp e contatti Marcel (il direttore del campo) tramite la pagina dei contatti.<\/p><p>Ecco il link al loro sito web: <strong><a href=\"https:\/\/www.sindbaddahab.com\/\" target=\"_blank\" rel=\"noopener\">Campeggio Sindbad a Dahab<\/a><\/strong><\/p><p><strong>Informazioni molto importanti:<\/strong> <br \/>Si prega di menzionare a <strong>Marcel<\/strong> (Manager di Sindbad Camp) che sta cercando di prenotare da Dahab Dream Kite, in quanto Sindbad Camp \u00e8 un luogo di soggiorno molto popolare, e ricever\u00e0 <strong>una prenotazione prioritaria<\/strong>. Pu\u00f2 anche organizzare il servizio taxi da e per l'aeroporto di Sharm el Sheik.<\/p>\t\t\t\t\t\t\t\t<\/div>\n\t\t\t\t<\/div>\n\t\t\t\t<section class=\"elementor-section elementor-inner-section elementor-element elementor-element-49c9825 elementor-section-boxed elementor-section-height-default elementor-section-height-default\" data-id=\"49c9825\" data-element_type=\"section\">\n\t\t\t\t\t\t<div class=\"elementor-container elementor-column-gap-default\">\n\t\t\t\t\t<div class=\"elementor-column elementor-col-50 elementor-inner-column elementor-element elementor-element-ccffe75\" data-id=\"ccffe75\" data-element_type=\"column\">\n\t\t\t<div class=\"elementor-widget-wrap elementor-element-populated\">\n\t\t\t\t\t\t<div class=\"elementor-element elementor-element-da7cc49 elementor-widget elementor-widget-image\" data-id=\"da7cc49\" data-element_type=\"widget\" data-widget_type=\"image.default\">\n\t\t\t\t<div class=\"elementor-widget-container\">\n\t\t\t\t\t\t\t\t\t\t\t\t\t\t\t<img decoding=\"async\" width=\"800\" height=\"450\" src=\"https:\/\/dahabkitesurfing.com\/wp-content\/uploads\/2023\/05\/Sindbad-Camp-Room-1024x576.jpg\" class=\"attachment-large size-large wp-image-747\" alt=\"Sistemazione in camera del campeggio Dahab Sindbad\" srcset=\"https:\/\/dahabkitesurfing.com\/wp-content\/uploads\/2023\/05\/Sindbad-Camp-Room-1024x576.jpg 1024w, https:\/\/dahabkitesurfing.com\/wp-content\/uploads\/2023\/05\/Sindbad-Camp-Room-600x338.jpg 600w, https:\/\/dahabkitesurfing.com\/wp-content\/uploads\/2023\/05\/Sindbad-Camp-Room-300x169.jpg 300w, https:\/\/dahabkitesurfing.com\/wp-content\/uploads\/2023\/05\/Sindbad-Camp-Room-768x432.jpg 768w, https:\/\/dahabkitesurfing.com\/wp-content\/uploads\/2023\/05\/Sindbad-Camp-Room.jpg 1200w\" sizes=\"(max-width: 800px) 100vw, 800px\" \/>\t\t\t\t\t\t\t\t\t\t\t\t\t\t\t<\/div>\n\t\t\t\t<\/div>\n\t\t\t\t\t<\/div>\n\t\t<\/div>\n\t\t\t\t<div class=\"elementor-column elementor-col-50 elementor-inner-column elementor-element elementor-element-5c000bf\" data-id=\"5c000bf\" data-element_type=\"column\">\n\t\t\t<div class=\"elementor-widget-wrap elementor-element-populated\">\n\t\t\t\t\t\t<div class=\"elementor-element elementor-element-3733ec0 elementor-widget elementor-widget-image\" data-id=\"3733ec0\" data-element_type=\"widget\" data-widget_type=\"image.default\">\n\t\t\t\t<div class=\"elementor-widget-container\">\n\t\t\t\t\t\t\t\t\t\t\t\t\t\t\t<img decoding=\"async\" width=\"800\" height=\"450\" src=\"https:\/\/dahabkitesurfing.com\/wp-content\/uploads\/2023\/05\/Sindbad-Camp-Arisha-Area-1024x576.jpg\" class=\"attachment-large size-large wp-image-732\" alt=\"Campo Sindbad Area Arisha\" srcset=\"https:\/\/dahabkitesurfing.com\/wp-content\/uploads\/2023\/05\/Sindbad-Camp-Arisha-Area-1024x576.jpg 1024w, https:\/\/dahabkitesurfing.com\/wp-content\/uploads\/2023\/05\/Sindbad-Camp-Arisha-Area-600x338.jpg 600w, https:\/\/dahabkitesurfing.com\/wp-content\/uploads\/2023\/05\/Sindbad-Camp-Arisha-Area-300x169.jpg 300w, https:\/\/dahabkitesurfing.com\/wp-content\/uploads\/2023\/05\/Sindbad-Camp-Arisha-Area-768x432.jpg 768w, https:\/\/dahabkitesurfing.com\/wp-content\/uploads\/2023\/05\/Sindbad-Camp-Arisha-Area.jpg 1200w\" sizes=\"(max-width: 800px) 100vw, 800px\" \/>\t\t\t\t\t\t\t\t\t\t\t\t\t\t\t<\/div>\n\t\t\t\t<\/div>\n\t\t\t\t\t<\/div>\n\t\t<\/div>\n\t\t\t\t\t<\/div>\n\t\t<\/section>\n\t\t\t\t\t<\/div>\n\t\t<\/div>\n\t\t\t\t\t<\/div>\n\t\t<\/section>\n\t\t\t\t<section class=\"elementor-section elementor-top-section elementor-element elementor-element-7246210 elementor-section-boxed elementor-section-height-default elementor-section-height-default\" data-id=\"7246210\" data-element_type=\"section\">\n\t\t\t\t\t\t<div class=\"elementor-container elementor-column-gap-default\">\n\t\t\t\t\t<div class=\"elementor-column elementor-col-100 elementor-top-column elementor-element elementor-element-bcc0647\" data-id=\"bcc0647\" data-element_type=\"column\">\n\t\t\t<div class=\"elementor-widget-wrap elementor-element-populated\">\n\t\t\t\t\t\t<div class=\"elementor-element elementor-element-5fe8730 elementor-widget elementor-widget-heading\" data-id=\"5fe8730\" data-element_type=\"widget\" data-widget_type=\"heading.default\">\n\t\t\t\t<div class=\"elementor-widget-container\">\n\t\t\t\t\t<h2 class=\"elementor-heading-title elementor-size-xl\">Il soggiorno perfetto a Dahab: Esplorando le migliori opzioni di alloggio<\/h2>\t\t\t\t<\/div>\n\t\t\t\t<\/div>\n\t\t\t\t<div class=\"elementor-element elementor-element-d1fef33 elementor-widget elementor-widget-text-editor\" data-id=\"d1fef33\" data-element_type=\"widget\" data-widget_type=\"text-editor.default\">\n\t\t\t\t<div class=\"elementor-widget-container\">\n\t\t\t\t\t\t\t\t\t<p>Dahab, in Egitto, offre una variet\u00e0 di opzioni di alloggio per i turisti. Sia che cerchi un lussuoso resort sulla spiaggia o un ostello economico, ci sono scelte che si adattano a preferenze e budget diversi. Ecco alcuni tipi di alloggio comuni che pu\u00f2 trovare a Dahab:<\/p>\t\t\t\t\t\t\t\t<\/div>\n\t\t\t\t<\/div>\n\t\t\t\t\t<\/div>\n\t\t<\/div>\n\t\t\t\t\t<\/div>\n\t\t<\/section>\n\t\t\t\t<section class=\"elementor-section elementor-top-section elementor-element elementor-element-bd23cd0 elementor-section-boxed elementor-section-height-default elementor-section-height-default\" data-id=\"bd23cd0\" data-element_type=\"section\">\n\t\t\t\t\t\t<div class=\"elementor-container elementor-column-gap-default\">\n\t\t\t\t\t<div class=\"elementor-column elementor-col-50 elementor-top-column elementor-element elementor-element-487af59\" data-id=\"487af59\" data-element_type=\"column\">\n\t\t\t<div class=\"elementor-widget-wrap elementor-element-populated\">\n\t\t\t\t\t\t<div class=\"elementor-element elementor-element-9f2d312 elementor-widget elementor-widget-heading\" data-id=\"9f2d312\" data-element_type=\"widget\" data-widget_type=\"heading.default\">\n\t\t\t\t<div class=\"elementor-widget-container\">\n\t\t\t\t\t<h3 class=\"elementor-heading-title elementor-size-large\">Villaggi turistici:<\/h3>\t\t\t\t<\/div>\n\t\t\t\t<\/div>\n\t\t\t\t<div class=\"elementor-element elementor-element-1615488 elementor-widget elementor-widget-text-editor\" data-id=\"1615488\" data-element_type=\"widget\" data-widget_type=\"text-editor.default\">\n\t\t\t\t<div class=\"elementor-widget-container\">\n\t\t\t\t\t\t\t\t\t<p>Dahab, in Egitto, offre una variet\u00e0 di opzioni di alloggio per i turisti. Sia che cerchi un lussuoso resort sulla spiaggia o un ostello economico, ci sono scelte che si adattano a preferenze e budget diversi. Ecco alcuni tipi di alloggio comuni che pu\u00f2 trovare a Dahab:<\/p>\t\t\t\t\t\t\t\t<\/div>\n\t\t\t\t<\/div>\n\t\t\t\t<div class=\"elementor-element elementor-element-34cba3e elementor-widget elementor-widget-heading\" data-id=\"34cba3e\" data-element_type=\"widget\" data-widget_type=\"heading.default\">\n\t\t\t\t<div class=\"elementor-widget-container\">\n\t\t\t\t\t<h3 class=\"elementor-heading-title elementor-size-large\">Hotel:<\/h3>\t\t\t\t<\/div>\n\t\t\t\t<\/div>\n\t\t\t\t<div class=\"elementor-element elementor-element-fe5addb elementor-widget elementor-widget-text-editor\" data-id=\"fe5addb\" data-element_type=\"widget\" data-widget_type=\"text-editor.default\">\n\t\t\t\t<div class=\"elementor-widget-container\">\n\t\t\t\t\t\t\t\t\t<p>Ci sono numerosi hotel a Dahab, che vanno dalle opzioni economiche a quelle di fascia media e alta. Questi hotel offrono camere confortevoli, vari comfort e servizi come ristoranti, bar e talvolta piscine.<\/p>\t\t\t\t\t\t\t\t<\/div>\n\t\t\t\t<\/div>\n\t\t\t\t<div class=\"elementor-element elementor-element-4157ba1 elementor-widget elementor-widget-heading\" data-id=\"4157ba1\" data-element_type=\"widget\" data-widget_type=\"heading.default\">\n\t\t\t\t<div class=\"elementor-widget-container\">\n\t\t\t\t\t<h3 class=\"elementor-heading-title elementor-size-large\">Bed and Breakfast (B&amp;B):<\/h3>\t\t\t\t<\/div>\n\t\t\t\t<\/div>\n\t\t\t\t<div class=\"elementor-element elementor-element-6e3250b elementor-widget elementor-widget-text-editor\" data-id=\"6e3250b\" data-element_type=\"widget\" data-widget_type=\"text-editor.default\">\n\t\t\t\t<div class=\"elementor-widget-container\">\n\t\t\t\t\t\t\t\t\t<p>I B&amp;B sono popolari per i viaggiatori che cercano un'atmosfera pi\u00f9 intima e accogliente. Di solito offrono camere confortevoli con colazione inclusa nel prezzo della camera. I B&amp;B a Dahab possono essere situati nel centro citt\u00e0 o vicino alla spiaggia, offrendo un'esperienza affascinante e personalizzata.<\/p>\t\t\t\t\t\t\t\t<\/div>\n\t\t\t\t<\/div>\n\t\t\t\t\t<\/div>\n\t\t<\/div>\n\t\t\t\t<div class=\"elementor-column elementor-col-50 elementor-top-column elementor-element elementor-element-0517695\" data-id=\"0517695\" data-element_type=\"column\">\n\t\t\t<div class=\"elementor-widget-wrap elementor-element-populated\">\n\t\t\t\t\t\t<div class=\"elementor-element elementor-element-dfe47d3 elementor-widget elementor-widget-heading\" data-id=\"dfe47d3\" data-element_type=\"widget\" data-widget_type=\"heading.default\">\n\t\t\t\t<div class=\"elementor-widget-container\">\n\t\t\t\t\t<h3 class=\"elementor-heading-title elementor-size-large\">Pensioni:<\/h3>\t\t\t\t<\/div>\n\t\t\t\t<\/div>\n\t\t\t\t<div class=\"elementor-element elementor-element-6fb6e6b elementor-widget elementor-widget-text-editor\" data-id=\"6fb6e6b\" data-element_type=\"widget\" data-widget_type=\"text-editor.default\">\n\t\t\t\t<div class=\"elementor-widget-container\">\n\t\t\t\t\t\t\t\t\t<p>Le pensioni sono strutture pi\u00f9 piccole che offrono un ambiente pi\u00f9 locale e informale. Spesso dispongono di un numero inferiore di camere e sono gestite da padroni di casa locali. Le pensioni sono una buona opzione per i viaggiatori che cercano un'esperienza pi\u00f9 autentica ed economica.<\/p>\t\t\t\t\t\t\t\t<\/div>\n\t\t\t\t<\/div>\n\t\t\t\t<div class=\"elementor-element elementor-element-c44a90c elementor-widget elementor-widget-heading\" data-id=\"c44a90c\" data-element_type=\"widget\" data-widget_type=\"heading.default\">\n\t\t\t\t<div class=\"elementor-widget-container\">\n\t\t\t\t\t<h3 class=\"elementor-heading-title elementor-size-large\">Ostelli:<\/h3>\t\t\t\t<\/div>\n\t\t\t\t<\/div>\n\t\t\t\t<div class=\"elementor-element elementor-element-9c71b5f elementor-widget elementor-widget-text-editor\" data-id=\"9c71b5f\" data-element_type=\"widget\" data-widget_type=\"text-editor.default\">\n\t\t\t\t<div class=\"elementor-widget-container\">\n\t\t\t\t\t\t\t\t\t<p>A Dahab ci sono alcuni ostelli che si rivolgono a viaggiatori attenti al budget, avventurieri solitari e backpacker. Gli ostelli offrono tipicamente alloggi in stile dormitorio con servizi condivisi, come bagni e aree comuni. Alcuni ostelli offrono anche camere private.<\/p>\t\t\t\t\t\t\t\t<\/div>\n\t\t\t\t<\/div>\n\t\t\t\t<div class=\"elementor-element elementor-element-8440bb0 elementor-widget elementor-widget-heading\" data-id=\"8440bb0\" data-element_type=\"widget\" data-widget_type=\"heading.default\">\n\t\t\t\t<div class=\"elementor-widget-container\">\n\t\t\t\t\t<h3 class=\"elementor-heading-title elementor-size-large\">Case vacanza:<\/h3>\t\t\t\t<\/div>\n\t\t\t\t<\/div>\n\t\t\t\t<div class=\"elementor-element elementor-element-3fad83b elementor-widget elementor-widget-text-editor\" data-id=\"3fad83b\" data-element_type=\"widget\" data-widget_type=\"text-editor.default\">\n\t\t\t\t<div class=\"elementor-widget-container\">\n\t\t\t\t\t\t\t\t\t<p>Le piattaforme online come Airbnb e le case vacanza sono diventate sempre pi\u00f9 popolari. A Dahab, sono disponibili appartamenti, ville e cottage in affitto a breve termine. Questa opzione \u00e8 ideale per le famiglie o i gruppi che preferiscono un'esperienza pi\u00f9 indipendente e casalinga.<\/p><p>\u00a0<\/p>\t\t\t\t\t\t\t\t<\/div>\n\t\t\t\t<\/div>\n\t\t\t\t\t<\/div>\n\t\t<\/div>\n\t\t\t\t\t<\/div>\n\t\t<\/section>\n\t\t\t\t<section class=\"elementor-section elementor-top-section elementor-element elementor-element-ba4bcf9 elementor-section-boxed elementor-section-height-default elementor-section-height-default\" data-id=\"ba4bcf9\" data-element_type=\"section\">\n\t\t\t\t\t\t<div class=\"elementor-container elementor-column-gap-default\">\n\t\t\t\t\t<div class=\"elementor-column elementor-col-100 elementor-top-column elementor-element elementor-element-e276186\" data-id=\"e276186\" data-element_type=\"column\">\n\t\t\t<div class=\"elementor-widget-wrap elementor-element-populated\">\n\t\t\t\t\t\t<div class=\"elementor-element elementor-element-ac481ac elementor-widget elementor-widget-text-editor\" data-id=\"ac481ac\" data-element_type=\"widget\" data-widget_type=\"text-editor.default\">\n\t\t\t\t<div class=\"elementor-widget-container\">\n\t\t\t\t\t\t\t\t\t<p>Ricercare e leggere le recensioni delle diverse sistemazioni a Dahab \u00e8 sempre consigliabile per trovare l'alloggio pi\u00f9 adatto alle sue esigenze e preferenze.<\/p>\t\t\t\t\t\t\t\t<\/div>\n\t\t\t\t<\/div>\n\t\t\t\t\t<\/div>\n\t\t<\/div>\n\t\t\t\t\t<\/div>\n\t\t<\/section>\n\t\t\t\t<\/div>","protected":false},"excerpt":{"rendered":"<p>Sistemazione consigliata a Dahab Le consigliamo vivamente il Sindbad Camp per la sua sistemazione a Dahab. Offre prezzi molto convenienti che saranno difficili da battere quando vorr\u00e0 soggiornare a Dahab. Abbiamo una stretta collaborazione con loro per un motivo molto semplice. Sono tra i migliori luoghi di soggiorno. Hanno una struttura molto [...]<\/p>","protected":false},"author":1,"featured_media":730,"parent":0,"menu_order":0,"comment_status":"closed","ping_status":"closed","template":"elementor_header_footer","meta":{"slim_seo":{"title":"Alloggio a Dahab - Dahab Dream Kite","description":"Sistemazione consigliata a Dahab Le consigliamo vivamente il Sindbad Camp per la sua sistemazione a Dahab. Offrono prezzi molto convenienti che saranno difficili da"},"footnotes":""},"class_list":["post-683","page","type-page","status-publish","has-post-thumbnail","hentry"],"_links":{"self":[{"href":"https:\/\/dahabkitesurfing.com\/it\/wp-json\/wp\/v2\/pages\/683","targetHints":{"allow":["GET"]}}],"collection":[{"href":"https:\/\/dahabkitesurfing.com\/it\/wp-json\/wp\/v2\/pages"}],"about":[{"href":"https:\/\/dahabkitesurfing.com\/it\/wp-json\/wp\/v2\/types\/page"}],"author":[{"embeddable":true,"href":"https:\/\/dahabkitesurfing.com\/it\/wp-json\/wp\/v2\/users\/1"}],"replies":[{"embeddable":true,"href":"https:\/\/dahabkitesurfing.com\/it\/wp-json\/wp\/v2\/comments?post=683"}],"version-history":[{"count":36,"href":"https:\/\/dahabkitesurfing.com\/it\/wp-json\/wp\/v2\/pages\/683\/revisions"}],"predecessor-version":[{"id":1034,"href":"https:\/\/dahabkitesurfing.com\/it\/wp-json\/wp\/v2\/pages\/683\/revisions\/1034"}],"wp:featuredmedia":[{"embeddable":true,"href":"https:\/\/dahabkitesurfing.com\/it\/wp-json\/wp\/v2\/media\/730"}],"wp:attachment":[{"href":"https:\/\/dahabkitesurfing.com\/it\/wp-json\/wp\/v2\/media?parent=683"}],"curies":[{"name":"wp","href":"https:\/\/api.w.org\/{rel}","templated":true}]}}