{"id":1299,"date":"2025-10-26T08:00:48","date_gmt":"2025-10-26T08:00:48","guid":{"rendered":"https:\/\/dahabkitesurfing.com\/?post_type=product&#038;p=1299"},"modified":"2025-10-26T08:37:36","modified_gmt":"2025-10-26T08:37:36","slug":"kiteboarder-intermedio-livello-2","status":"publish","type":"product","link":"https:\/\/dahabkitesurfing.com\/it\/prodotto\/kiteboarder-intermedio-livello-2\/","title":{"rendered":"Kiteboarder intermedio Livello 2"},"content":{"rendered":"<p>Il corso IKO Intermediate Kiteboarder Livello 2 \u00e8 pensato per coloro che hanno gi\u00e0 completato il corso IKO Discovery Kiteboarder Livello 1 e possiedono le abilit\u00e0 di base nel controllo del kite.<\/p>\n<p>4 ore di lezione in media. A seconda delle conoscenze dello studente, delle condizioni meteorologiche durante il corso, della configurazione dello spot ( piatto? poco profondo? onde? ...)<\/p>\n<p>In questo corso, imparer\u00e0 tecniche avanzate di controllo del kite, affinando le sue capacit\u00e0 di controllo della tavola.<\/p>\n<p>Inizier\u00e0 anche a imparare i body-drag, l'autosalvataggio e l'introduzione al pack-down.<\/p>\n<p>Il corso tratter\u00e0 le procedure di sicurezza, come l'introduzione delle regole ROW (Right Of Way).<\/p>\n<p>Al termine del corso, ricever\u00e0 la certificazione IKO Intermediate Kiteboarder Livello 2, che indica che ha raggiunto un solido livello di competenza nel kiteboarding e che \u00e8 sulla buona strada per diventare un kiteboarder indipendente.<\/p>\n<p>&nbsp;<\/p>\n<h2>Competenze coperte in questo corso:<\/h2>\n<div class=\"elementor-element elementor-element-bb8eb8f elementor-widget elementor-widget-text-editor\" data-id=\"bb8eb8f\" data-element_type=\"widget\" data-widget_type=\"text-editor.default\">\n<div class=\"elementor-widget-container\">\n<p>Entrare e uscire dall'acqua controllando l'aquilone, Rilancio in acqua.<\/p>\n<p>Trascinamento del corpo con due mani, kite stabile. Trascinamento del corpo con una corsa di potenza.<\/p>\n<p>Body-drag controvento, Body-drag con la tavola, Introduzione all'autosoccorso e al pack-down. Introduzione alle regole ROW (Right Of Way).<\/p>\n<p>Tiro costante, avviamento ad acqua, arresto controllato.<\/p>\n<\/div>\n<\/div>","protected":false},"excerpt":{"rendered":"<p>Il corso IKO Intermediate Kiteboarder Livello 2 \u00e8 pensato per coloro che hanno gi\u00e0 completato il corso IKO Discovery Kiteboarder Livello 1 e possiedono le abilit\u00e0 di base nel controllo del kite.<\/p>\n<p>4 ore di lezione in media. A seconda delle conoscenze dello studente, delle condizioni meteorologiche durante il corso, della configurazione dello spot ( piatto? poco profondo? onde? ...)<\/p>\n<p>In questo corso, imparer\u00e0 tecniche avanzate di controllo del kite, affinando le sue capacit\u00e0 di controllo della tavola.<\/p>","protected":false},"featured_media":701,"comment_status":"closed","ping_status":"closed","template":"","meta":{"slim_seo":{"title":"Intermediate Kiteboarder Level 2 - Dahab Dream Kite","description":"Il corso IKO Intermediate Kiteboarder Livello 2 \u00e8 pensato per chi ha gi\u00e0 completato il corso IKO Discovery Kiteboarder Livello 1 e possiede un kit di base."}},"product_brand":[],"product_cat":[32,33],"product_tag":[],"class_list":{"0":"post-1299","1":"product","2":"type-product","3":"status-publish","4":"has-post-thumbnail","6":"product_cat-courses","7":"product_cat-kitesurfing-courses","9":"first","10":"instock","11":"virtual","12":"purchasable","13":"product-type-simple"},"_links":{"self":[{"href":"https:\/\/dahabkitesurfing.com\/it\/wp-json\/wp\/v2\/product\/1299","targetHints":{"allow":["GET"]}}],"collection":[{"href":"https:\/\/dahabkitesurfing.com\/it\/wp-json\/wp\/v2\/product"}],"about":[{"href":"https:\/\/dahabkitesurfing.com\/it\/wp-json\/wp\/v2\/types\/product"}],"replies":[{"embeddable":true,"href":"https:\/\/dahabkitesurfing.com\/it\/wp-json\/wp\/v2\/comments?post=1299"}],"wp:featuredmedia":[{"embeddable":true,"href":"https:\/\/dahabkitesurfing.com\/it\/wp-json\/wp\/v2\/media\/701"}],"wp:attachment":[{"href":"https:\/\/dahabkitesurfing.com\/it\/wp-json\/wp\/v2\/media?parent=1299"}],"wp:term":[{"taxonomy":"product_brand","embeddable":true,"href":"https:\/\/dahabkitesurfing.com\/it\/wp-json\/wp\/v2\/product_brand?post=1299"},{"taxonomy":"product_cat","embeddable":true,"href":"https:\/\/dahabkitesurfing.com\/it\/wp-json\/wp\/v2\/product_cat?post=1299"},{"taxonomy":"product_tag","embeddable":true,"href":"https:\/\/dahabkitesurfing.com\/it\/wp-json\/wp\/v2\/product_tag?post=1299"}],"curies":[{"name":"wp","href":"https:\/\/api.w.org\/{rel}","templated":true}]}}