{"id":1300,"date":"2025-10-26T08:05:51","date_gmt":"2025-10-26T08:05:51","guid":{"rendered":"https:\/\/dahabkitesurfing.com\/?post_type=product&#038;p=1300"},"modified":"2025-10-26T08:35:20","modified_gmt":"2025-10-26T08:35:20","slug":"kiteboarder-indipendente-livello-3","status":"publish","type":"product","link":"https:\/\/dahabkitesurfing.com\/it\/prodotto\/kiteboarder-indipendente-livello-3\/","title":{"rendered":"Kiteboarder indipendente livello 3"},"content":{"rendered":"<p>Questo programma \u00e8 pensato per i kiteboarder che hanno gi\u00e0 ottenuto la certificazione IKO Intermediate Kiteboarder Livello 2 e sono pronti a portare le loro abilit\u00e0 al livello successivo di indipendenza.<\/p>\n<p>8 ore di lezione in media. A seconda delle conoscenze dello studente, delle condizioni meteorologiche durante il corso, della configurazione dello spot ( piatto? poco profondo? onde? ...)<\/p>\n<p>A questo livello, svilupper\u00e0 le competenze e le conoscenze necessarie per praticare il kiteboard in modo indipendente, senza bisogno di un istruttore o di un supervisore.<\/p>\n<p>Imparer\u00e0 a valutare le condizioni meteorologiche e di vento, a selezionare l'attrezzatura da kite appropriata e a eseguire un controllo completo dell'equipaggiamento prima del lancio.<\/p>\n<p>Si concentrer\u00e0 anche sull'affinamento delle abilit\u00e0 di controllo del kite, tra cui il controllo della potenza, il controllo del depotenziamento e il rilancio del kite.<\/p>\n<p>Inoltre, imparer\u00e0 le abilit\u00e0 avanzate di controllo della tavola, come andare di bolina in modo coerente in varie condizioni di vento e acqua, fare transizioni ed eseguire salti di base.<\/p>\n<p>Anche la sicurezza \u00e8 una componente fondamentale di questo livello e lei imparer\u00e0 procedure di sicurezza avanzate, comprese le tecniche di autosalvataggio e i protocolli di risposta alle emergenze.<\/p>\n<p>&nbsp;<\/p>\n<div class=\"elementor-element elementor-element-ce7faa1 elementor-widget elementor-widget-heading\" data-id=\"ce7faa1\" data-element_type=\"widget\" data-widget_type=\"heading.default\">\n<div class=\"elementor-widget-container\">\n<h3 class=\"elementor-heading-title elementor-size-large\">Competenze coperte in questo corso:<\/h3>\n<\/div>\n<\/div>\n<div class=\"elementor-element elementor-element-1b38a95 elementor-widget elementor-widget-text-editor\" data-id=\"1b38a95\" data-element_type=\"widget\" data-widget_type=\"text-editor.default\">\n<div class=\"elementor-widget-container\">\n<p>Controllo della velocit\u00e0 tramite bordatura.<\/p>\n<p>Pedala controvento.<\/p>\n<p>Transizione scorrevole.<\/p>\n<p>Cavalcare in punta di piedi, strambare.<\/p>\n<p>Auto-lanciarsi, auto-salvarsi e fare i bagagli in acque profonde.<\/p>\n<\/div>\n<\/div>","protected":false},"excerpt":{"rendered":"<p>Questo programma \u00e8 pensato per i kiteboarder che hanno gi\u00e0 ottenuto la certificazione IKO Intermediate Kiteboarder Livello 2 e sono pronti a portare le loro abilit\u00e0 al livello successivo di indipendenza.<\/p>\n<p>8 ore di lezione in media. A seconda delle conoscenze dello studente, delle condizioni meteorologiche durante il corso, della configurazione dello spot ( piatto? poco profondo? onde? ...)<\/p>\n<p>A questo livello, svilupper\u00e0 le competenze e le conoscenze necessarie per praticare il kiteboard in modo indipendente, senza bisogno di un istruttore o di un supervisore.<\/p>\n<p>Imparer\u00e0 a valutare le condizioni meteorologiche e di vento, a selezionare l'attrezzatura da kite appropriata e a eseguire un controllo completo dell'equipaggiamento prima del lancio.<\/p>","protected":false},"featured_media":439,"comment_status":"closed","ping_status":"closed","template":"","meta":{"slim_seo":{"title":"Independent Kiteboarder Level 3 - Dahab Dream Kite","description":"Questo programma \u00e8 pensato per i kiteboarder che hanno gi\u00e0 ottenuto la certificazione IKO Intermediate Kiteboarder Livello 2 e sono pronti a portare le loro abilit\u00e0 al livello superiore."}},"product_brand":[],"product_cat":[32,33],"product_tag":[],"class_list":{"0":"post-1300","1":"product","2":"type-product","3":"status-publish","4":"has-post-thumbnail","6":"product_cat-courses","7":"product_cat-kitesurfing-courses","9":"first","10":"instock","11":"virtual","12":"purchasable","13":"product-type-simple"},"_links":{"self":[{"href":"https:\/\/dahabkitesurfing.com\/it\/wp-json\/wp\/v2\/product\/1300","targetHints":{"allow":["GET"]}}],"collection":[{"href":"https:\/\/dahabkitesurfing.com\/it\/wp-json\/wp\/v2\/product"}],"about":[{"href":"https:\/\/dahabkitesurfing.com\/it\/wp-json\/wp\/v2\/types\/product"}],"replies":[{"embeddable":true,"href":"https:\/\/dahabkitesurfing.com\/it\/wp-json\/wp\/v2\/comments?post=1300"}],"wp:featuredmedia":[{"embeddable":true,"href":"https:\/\/dahabkitesurfing.com\/it\/wp-json\/wp\/v2\/media\/439"}],"wp:attachment":[{"href":"https:\/\/dahabkitesurfing.com\/it\/wp-json\/wp\/v2\/media?parent=1300"}],"wp:term":[{"taxonomy":"product_brand","embeddable":true,"href":"https:\/\/dahabkitesurfing.com\/it\/wp-json\/wp\/v2\/product_brand?post=1300"},{"taxonomy":"product_cat","embeddable":true,"href":"https:\/\/dahabkitesurfing.com\/it\/wp-json\/wp\/v2\/product_cat?post=1300"},{"taxonomy":"product_tag","embeddable":true,"href":"https:\/\/dahabkitesurfing.com\/it\/wp-json\/wp\/v2\/product_tag?post=1300"}],"curies":[{"name":"wp","href":"https:\/\/api.w.org\/{rel}","templated":true}]}}